
{"id":28,"date":"2020-01-27T13:50:16","date_gmt":"2020-01-27T12:50:16","guid":{"rendered":"https:\/\/odra.dracosk.pl\/blog-podrozniczy\/?page_id=28"},"modified":"2020-03-04T10:29:58","modified_gmt":"2020-03-04T09:29:58","slug":"sybiracy-i-lagiernicy","status":"publish","type":"page","link":"https:\/\/odraniemen.org\/blog-podrozniczy\/?page_id=28","title":{"rendered":"Sybiracy i \u0141agiernicy"},"content":{"rendered":"\t\t<div data-elementor-type=\"wp-page\" data-elementor-id=\"28\" class=\"elementor elementor-28\">\n\t\t\t\t\t\t\t\t\t<section class=\"has_eae_slider elementor-section elementor-top-section elementor-element elementor-element-831f64d elementor-section-boxed elementor-section-height-default elementor-section-height-default\" data-id=\"831f64d\" data-element_type=\"section\">\n\t\t\t\t\t\t<div class=\"elementor-container elementor-column-gap-default\">\n\t\t\t\t\t<div class=\"has_eae_slider elementor-column elementor-col-100 elementor-top-column elementor-element elementor-element-e615c3c\" data-id=\"e615c3c\" data-element_type=\"column\">\n\t\t\t<div class=\"elementor-widget-wrap elementor-element-populated\">\n\t\t\t\t\t\t\t\t<div class=\"elementor-element elementor-element-d940d9e elementor-widget elementor-widget-heading\" data-id=\"d940d9e\" data-element_type=\"widget\" data-widget_type=\"heading.default\">\n\t\t\t\t<div class=\"elementor-widget-container\">\n\t\t\t<h2 class=\"elementor-heading-title elementor-size-default\">Sybiracy i \u0141agiernicy<\/h2>\t\t<\/div>\n\t\t\t\t<\/div>\n\t\t\t\t<div class=\"elementor-element elementor-element-d10e4ae elementor-widget elementor-widget-text-editor\" data-id=\"d10e4ae\" data-element_type=\"widget\" data-widget_type=\"text-editor.default\">\n\t\t\t\t<div class=\"elementor-widget-container\">\n\t\t\t\t\t\t\t<p>Naszym najm\u0142odszym dzia\u0142aniem s\u0105 podr\u00f3\u017ce \u015bladami polskich zes\u0142a\u0144c\u00f3w, sybirak\u00f3w, \u0142agiernik\u00f3w, wi\u0119\u017ani\u00f3w gu\u0142ag\u00f3w. Odwiedzili\u015bmy miejsca zes\u0142a\u0144 z lat 1937-38, 1940-41, ale te\u017c tych z XIX w., jeszcze z czas\u00f3w carskiej Rosji.\u00a0Podr\u00f3\u017ce do oddalonych o tysi\u0105ce kilometr\u00f3w wiosek, ma\u0142ych mie\u015bcin, gdzie polski j\u0119zyk jest dalej \u017cywy, s\u0105 niezwyk\u0142ym i niezapomnianym prze\u017cyciem.<\/p>\t\t\t\t\t\t<\/div>\n\t\t\t\t<\/div>\n\t\t\t\t\t<\/div>\n\t\t<\/div>\n\t\t\t\t\t\t\t<\/div>\n\t\t<\/section>\n\t\t\t\t<section class=\"has_eae_slider elementor-section elementor-top-section elementor-element elementor-element-e8700d3 elementor-section-boxed elementor-section-height-default elementor-section-height-default\" data-id=\"e8700d3\" data-element_type=\"section\">\n\t\t\t\t\t\t<div class=\"elementor-container elementor-column-gap-default\">\n\t\t\t\t\t<div class=\"has_eae_slider elementor-column elementor-col-100 elementor-top-column elementor-element elementor-element-69ae0d4\" data-id=\"69ae0d4\" data-element_type=\"column\">\n\t\t\t<div class=\"elementor-widget-wrap elementor-element-populated\">\n\t\t\t\t\t\t\t\t<section class=\"has_eae_slider elementor-section elementor-inner-section elementor-element elementor-element-74f6dde elementor-section-boxed elementor-section-height-default elementor-section-height-default\" data-id=\"74f6dde\" data-element_type=\"section\">\n\t\t\t\t\t\t<div class=\"elementor-container elementor-column-gap-default\">\n\t\t\t\t\t<div class=\"has_eae_slider elementor-column elementor-col-50 elementor-inner-column elementor-element elementor-element-34a14e5\" data-id=\"34a14e5\" data-element_type=\"column\">\n\t\t\t<div class=\"elementor-widget-wrap\">\n\t\t\t\t\t\t\t\t\t<\/div>\n\t\t<\/div>\n\t\t\t\t<div class=\"has_eae_slider elementor-column elementor-col-50 elementor-inner-column elementor-element elementor-element-9e67777\" data-id=\"9e67777\" data-element_type=\"column\">\n\t\t\t<div class=\"elementor-widget-wrap elementor-element-populated\">\n\t\t\t\t\t\t\t\t<div class=\"elementor-element elementor-element-782fc1e elementor-widget elementor-widget-shortcode\" data-id=\"782fc1e\" data-element_type=\"widget\" data-widget_type=\"shortcode.default\">\n\t\t\t\t<div class=\"elementor-widget-container\">\n\t\t\t\n\n\t\t<div class=\"elementor-shortcode\">\n\n\t\t\t\t<div id=\"map_ol3js_1\" class=\"map undefined\" data-map_name=\"undefined\" data-map=\"map_ol3js_1\" style=\"width:100%; max-width:100%; height:350px; display:block; overflow:hidden;border:none;\" >\n\t\t\t\t  <div id=\"map_ol3js_1_popup\" class=\"ol-popup\" >\n\t\t\t\t\t<a href=\"#\" id=\"map_ol3js_1_popup-closer\" class=\"ol-popup-closer\"><\/a>\n\t\t\t\t\t<div id=\"map_ol3js_1_popup-content\" ><\/div>\n\t\t\t\t  <\/div>\n\t\t\t\t<\/div>\n\t\t\t\n\t\t\t\t<link rel=\"stylesheet\" href=\"https:\/\/odraniemen.org\/blog-podrozniczy\/wp-content\/plugins\/osm\/js\/OL\/7.1.0\/ol.css?ver=7.1.0\" type=\"text\/css\">\n\t\t\t\t<link rel=\"stylesheet\" href=\"https:\/\/odraniemen.org\/blog-podrozniczy\/wp-content\/plugins\/osm\/css\/osm_map_v3.css?ver=1.0.0\" type=\"text\/css\">\n\t\t\t\t<link rel=\"stylesheet\" href=\"https:\/\/odraniemen.org\/blog-podrozniczy\/wp-content\/plugins\/osm\/css\/osm_map.css?ver=1.0.0\" type=\"text\/css\">\n\t\t\t\t<!-- The line below is only needed for old environments like Internet Explorer and Android 4.x -->\n                                <script src=\"https:\/\/odraniemen.org\/blog-podrozniczy\/wp-content\/plugins\/osm\/js\/polyfill\/v2\/polyfill.min.js?features=requestAnimationFrame,Element.prototype.classList,URL\"><\/script>\n\n\t\t\t\t<script src=\"https:\/\/odraniemen.org\/blog-podrozniczy\/wp-content\/plugins\/osm\/js\/OL\/7.1.0\/ol.js?ver=7.1.0\" type=\"text\/javascript\"><\/script>\n\t\t\t\t<script src=\"https:\/\/odraniemen.org\/blog-podrozniczy\/wp-content\/plugins\/osm\/js\/osm-v3-plugin-lib.js?ver=1.0.0\" type=\"text\/javascript\"><\/script>\n\t\t\t\t<script src=\"https:\/\/odraniemen.org\/blog-podrozniczy\/wp-content\/plugins\/osm\/js\/osm-metabox-events.js?ver=1.0.0\" type=\"text\/javascript\"><\/script>\n\t\t\t\t<script src=\"https:\/\/odraniemen.org\/blog-podrozniczy\/wp-content\/plugins\/osm\/js\/osm-startup-lib.js\" type=\"text\/javascript\"><\/script>\n\t\t\t\t<script type=\"text\/javascript\">\n\t\t\t\t\ttranslations['openlayer'] = \"open layer\";\n\t\t\t\t\ttranslations['openlayerAtStartup'] = \"open layer at startup\";\n\t\t\t\t\ttranslations['generateLink'] = \"link to this map with opened layers\";\n\t\t\t\t\ttranslations['shortDescription'] = \"short description\";\n\t\t\t\t\ttranslations['generatedShortCode'] = \"to get a text control link paste this code in your wordpress editor\";\n\t\t\t\t\ttranslations['closeLayer'] = \"close layer\";\n\t\t\t\t\ttranslations['cantGenerateLink'] = \"put this string in the existing map short code to control this map\";\n\t\t\t  <\/script>\n\n\n\t\t\t  <script type=\"text\/javascript\">\n\t\t\t  vectorM['map_ol3js_1'] = [];\n\t        \n        var raster = getTileLayer(\"osm\",\"NoKey\");\t\t\t\n\n\t\t\t  var map_ol3js_1 = new ol.Map({\n\t\t\t\tinteractions: ol.interaction.defaults.defaults({mouseWheelZoom:false}),\n\t\t\t\tlayers: [raster],\n\t\t\t\ttarget: \"map_ol3js_1\",\n\t\t\t\tview: new ol.View({\n\t\t\t\t  center: ol.proj.transform([35,0], \"EPSG:4326\", \"EPSG:3857\"),\n\t\t\t\t  zoom: 0\n\t\t\t\t})\n\t\t\t  });\n\t\t\t  var vectorMarkerSource = new ol.source.Vector({});\n\t\t\t\t  var iconFeature0 = new ol.Feature({\n\t\t\t\t    geometry: new ol.geom.Point(\n\t\t\t\t    ol.proj.transform([102.5499,51.7410], \"EPSG:4326\", \"EPSG:3857\")),\n\t\t\t\t    name: \"<a href=\\\"https:\/\/odraniemen.org\/blog-podrozniczy\/?p=226\\\">Wyprawa nad Bajka\u0142 &#8211; \u015bladami polskich zes\u0142a\u0144c\u00f3w na Syberii (cz\u0119\u015b\u0107 1 &#8211; droga z Irkucka do Arszan i Tunka)  <\/a><br>\"\n\t\t\t\t  });\n\t\t\t\t  vectorMarkerSource.addFeature(iconFeature0);\n\t\t\t   \n\t\t\t\t  var iconFeature1 = new ol.Feature({\n\t\t\t\t    geometry: new ol.geom.Point(\n\t\t\t\t    ol.proj.transform([68.2738,55.0908], \"EPSG:4326\", \"EPSG:3857\")),\n\t\t\t\t    name: \"<a href=\\\"https:\/\/odraniemen.org\/blog-podrozniczy\/?p=322\\\">Syberiada, czyli wyprawa \u015bladami Polak\u00f3w do Rosji i Kazachstanu (cz\u0119\u015b\u0107 1 &#8211; droga do Tajynszy)  <\/a><br>\"\n\t\t\t\t  });\n\t\t\t\t  vectorMarkerSource.addFeature(iconFeature1);\n\t\t\t   \n\t\t\t\t  var iconFeature2 = new ol.Feature({\n\t\t\t\t    geometry: new ol.geom.Point(\n\t\t\t\t    ol.proj.transform([102.4287,51.9144], \"EPSG:4326\", \"EPSG:3857\")),\n\t\t\t\t    name: \"<a href=\\\"https:\/\/odraniemen.org\/blog-podrozniczy\/?p=456\\\">Wyprawa nad Bajka\u0142 &#8211; \u015bladami polskich zes\u0142a\u0144c\u00f3w na Syberii &#8211; (cz\u0119\u015b\u0107 2 &#8211; Arszan, Tunki\u0144skie Golce i \u017bemczug)  <\/a><br>\"\n\t\t\t\t  });\n\t\t\t\t  vectorMarkerSource.addFeature(iconFeature2);\n\t\t\t   \n\t\t\t\t  var iconFeature3 = new ol.Feature({\n\t\t\t\t    geometry: new ol.geom.Point(\n\t\t\t\t    ol.proj.transform([69.7558,53.8450], \"EPSG:4326\", \"EPSG:3857\")),\n\t\t\t\t    name: \"<a href=\\\"https:\/\/odraniemen.org\/blog-podrozniczy\/?p=820\\\">Syberiada, czyli wyprawa \u015bladami Polak\u00f3w do Rosji i Kazachstanu (cz\u0119\u015b\u0107 2 &#8211; p\u00f3\u0142nocna cz\u0119\u015b\u0107 kraju)  <\/a><br>\"\n\t\t\t\t  });\n\t\t\t\t  vectorMarkerSource.addFeature(iconFeature3);\n\t\t\t   \n\t\t\t\t  var iconFeature4 = new ol.Feature({\n\t\t\t\t    geometry: new ol.geom.Point(\n\t\t\t\t    ol.proj.transform([103.7101,51.7241], \"EPSG:4326\", \"EPSG:3857\")),\n\t\t\t\t    name: \"<a href=\\\"https:\/\/odraniemen.org\/blog-podrozniczy\/?p=1013\\\">Wyprawa nad Bajka\u0142 &#8211; \u015bladami polskich zes\u0142a\u0144c\u00f3w na Syberii (cz\u0119\u015b\u0107 3 &#8211; Ku\u0142tuk)  <\/a><br>\"\n\t\t\t\t  });\n\t\t\t\t  vectorMarkerSource.addFeature(iconFeature4);\n\t\t\t   vectorMarkerLayer = getVectorClusterLayer(\n                                            vectorMarkerSource,\n                                            [255,0,0, 0.5],\n                                            [255,0,0, 0.85],\n                                            \"https:\/\/odraniemen.org\/blog-podrozniczy\/wp-content\/plugins\/osm\/icons\/mic_red_pinother_02.png\",\n                                            -16,\n                                            -41);map_ol3js_1.addLayer(vectorMarkerLayer);addControls2Map(map_ol3js_1,0,0,3,0,5,6,7,0,1);\nosm_addClusterPopupClickhandler(map_ol3js_1,  \"map_ol3js_1\"); \nosm_addMouseHover(map_ol3js_1); <\/script><\/div>\n\t\t\t\t<\/div>\n\t\t\t\t<\/div>\n\t\t\t\t\t<\/div>\n\t\t<\/div>\n\t\t\t\t\t\t\t<\/div>\n\t\t<\/section>\n\t\t\t\t\t<\/div>\n\t\t<\/div>\n\t\t\t\t\t\t\t<\/div>\n\t\t<\/section>\n\t\t\t\t\t\t\t<\/div>\n\t\t","protected":false},"excerpt":{"rendered":"<p>Sybiracy i \u0141agiernicy Naszym najm\u0142odszym dzia\u0142aniem s\u0105 podr\u00f3\u017ce \u015bladami polskich zes\u0142a\u0144c\u00f3w, sybirak\u00f3w, \u0142agiernik\u00f3w, wi\u0119\u017ani\u00f3w gu\u0142ag\u00f3w. Odwiedzili\u015bmy miejsca zes\u0142a\u0144 z lat 1937-38, 1940-41, ale te\u017c tych z XIX w., jeszcze z czas\u00f3w carskiej Rosji.\u00a0Podr\u00f3\u017ce do oddalonych o tysi\u0105ce kilometr\u00f3w wiosek, ma\u0142ych mie\u015bcin, gdzie polski j\u0119zyk jest dalej \u017cywy, s\u0105 niezwyk\u0142ym i niezapomnianym prze\u017cyciem. Syberiada, czyli wyprawa &hellip;<\/p>\n<p class=\"read-more\"> <a class=\"\" href=\"https:\/\/odraniemen.org\/blog-podrozniczy\/?page_id=28\"> <span class=\"screen-reader-text\">Sybiracy i \u0141agiernicy<\/span> Read More &raquo;<\/a><\/p>\n","protected":false},"author":166,"featured_media":0,"parent":0,"menu_order":0,"comment_status":"closed","ping_status":"closed","template":"","meta":{"site-sidebar-layout":"no-sidebar","site-content-layout":"page-builder","ast-site-content-layout":"","site-content-style":"default","site-sidebar-style":"default","ast-global-header-display":"","ast-banner-title-visibility":"","ast-main-header-display":"","ast-hfb-above-header-display":"","ast-hfb-below-header-display":"","ast-hfb-mobile-header-display":"","site-post-title":"disabled","ast-breadcrumbs-content":"","ast-featured-img":"disabled","footer-sml-layout":"","theme-transparent-header-meta":"default","adv-header-id-meta":"","stick-header-meta":"","header-above-stick-meta":"","header-main-stick-meta":"","header-below-stick-meta":"","astra-migrate-meta-layouts":"","ast-page-background-enabled":"default","ast-page-background-meta":{"desktop":{"background-color":"","background-image":"","background-repeat":"repeat","background-position":"center center","background-size":"auto","background-attachment":"scroll","background-type":"","background-media":"","overlay-type":"","overlay-color":"","overlay-gradient":""},"tablet":{"background-color":"","background-image":"","background-repeat":"repeat","background-position":"center center","background-size":"auto","background-attachment":"scroll","background-type":"","background-media":"","overlay-type":"","overlay-color":"","overlay-gradient":""},"mobile":{"background-color":"","background-image":"","background-repeat":"repeat","background-position":"center center","background-size":"auto","background-attachment":"scroll","background-type":"","background-media":"","overlay-type":"","overlay-color":"","overlay-gradient":""}},"ast-content-background-meta":{"desktop":{"background-color":"var(--ast-global-color-5)","background-image":"","background-repeat":"repeat","background-position":"center center","background-size":"auto","background-attachment":"scroll","background-type":"","background-media":"","overlay-type":"","overlay-color":"","overlay-gradient":""},"tablet":{"background-color":"var(--ast-global-color-5)","background-image":"","background-repeat":"repeat","background-position":"center center","background-size":"auto","background-attachment":"scroll","background-type":"","background-media":"","overlay-type":"","overlay-color":"","overlay-gradient":""},"mobile":{"background-color":"var(--ast-global-color-5)","background-image":"","background-repeat":"repeat","background-position":"center center","background-size":"auto","background-attachment":"scroll","background-type":"","background-media":"","overlay-type":"","overlay-color":"","overlay-gradient":""}},"footnotes":""},"yoast_head":"<!-- This site is optimized with the Yoast SEO plugin v21.6 - https:\/\/yoast.com\/wordpress\/plugins\/seo\/ -->\n<title>Sybiracy i \u0141agiernicy - Blog podr\u00f3\u017cniczy<\/title>\n<meta name=\"robots\" content=\"index, follow, max-snippet:-1, max-image-preview:large, max-video-preview:-1\" \/>\n<link rel=\"canonical\" href=\"https:\/\/odraniemen.org\/blog-podrozniczy\/?page_id=28\" \/>\n<meta property=\"og:locale\" content=\"pl_PL\" \/>\n<meta property=\"og:type\" content=\"article\" \/>\n<meta property=\"og:title\" content=\"Sybiracy i \u0141agiernicy - Blog podr\u00f3\u017cniczy\" \/>\n<meta property=\"og:description\" content=\"Sybiracy i \u0141agiernicy Naszym najm\u0142odszym dzia\u0142aniem s\u0105 podr\u00f3\u017ce \u015bladami polskich zes\u0142a\u0144c\u00f3w, sybirak\u00f3w, \u0142agiernik\u00f3w, wi\u0119\u017ani\u00f3w gu\u0142ag\u00f3w. Odwiedzili\u015bmy miejsca zes\u0142a\u0144 z lat 1937-38, 1940-41, ale te\u017c tych z XIX w., jeszcze z czas\u00f3w carskiej Rosji.\u00a0Podr\u00f3\u017ce do oddalonych o tysi\u0105ce kilometr\u00f3w wiosek, ma\u0142ych mie\u015bcin, gdzie polski j\u0119zyk jest dalej \u017cywy, s\u0105 niezwyk\u0142ym i niezapomnianym prze\u017cyciem. Syberiada, czyli wyprawa &hellip; Sybiracy i \u0141agiernicy Read More &raquo;\" \/>\n<meta property=\"og:url\" content=\"https:\/\/odraniemen.org\/blog-podrozniczy\/?page_id=28\" \/>\n<meta property=\"og:site_name\" content=\"Blog podr\u00f3\u017cniczy\" \/>\n<meta property=\"article:modified_time\" content=\"2020-03-04T09:29:58+00:00\" \/>\n<meta property=\"og:image\" content=\"https:\/\/odraniemen.org\/blog-podrozniczy\/wp-content\/uploads\/sites\/12\/2020\/01\/34494748_1820865691285427_685378979741302784_o.jpg\" \/>\n<meta name=\"twitter:card\" content=\"summary_large_image\" \/>\n<meta name=\"twitter:label1\" content=\"Szacowany czas czytania\" \/>\n\t<meta name=\"twitter:data1\" content=\"1 minuta\" \/>\n<script type=\"application\/ld+json\" class=\"yoast-schema-graph\">{\"@context\":\"https:\/\/schema.org\",\"@graph\":[{\"@type\":\"WebPage\",\"@id\":\"https:\/\/odraniemen.org\/blog-podrozniczy\/?page_id=28\",\"url\":\"https:\/\/odraniemen.org\/blog-podrozniczy\/?page_id=28\",\"name\":\"Sybiracy i \u0141agiernicy - Blog podr\u00f3\u017cniczy\",\"isPartOf\":{\"@id\":\"https:\/\/odraniemen.org\/blog-podrozniczy\/#website\"},\"datePublished\":\"2020-01-27T12:50:16+00:00\",\"dateModified\":\"2020-03-04T09:29:58+00:00\",\"breadcrumb\":{\"@id\":\"https:\/\/odraniemen.org\/blog-podrozniczy\/?page_id=28#breadcrumb\"},\"inLanguage\":\"pl-PL\",\"potentialAction\":[{\"@type\":\"ReadAction\",\"target\":[\"https:\/\/odraniemen.org\/blog-podrozniczy\/?page_id=28\"]}]},{\"@type\":\"BreadcrumbList\",\"@id\":\"https:\/\/odraniemen.org\/blog-podrozniczy\/?page_id=28#breadcrumb\",\"itemListElement\":[{\"@type\":\"ListItem\",\"position\":1,\"name\":\"Strona g\u0142\u00f3wna\",\"item\":\"https:\/\/odraniemen.org\/blog-podrozniczy\/\"},{\"@type\":\"ListItem\",\"position\":2,\"name\":\"Sybiracy i \u0141agiernicy\"}]},{\"@type\":\"WebSite\",\"@id\":\"https:\/\/odraniemen.org\/blog-podrozniczy\/#website\",\"url\":\"https:\/\/odraniemen.org\/blog-podrozniczy\/\",\"name\":\"Blog podr\u00f3\u017cniczy\",\"description\":\"Kolejna witryna sieci \u201eOdra-Niemen Witryny\u201d\",\"potentialAction\":[{\"@type\":\"SearchAction\",\"target\":{\"@type\":\"EntryPoint\",\"urlTemplate\":\"https:\/\/odraniemen.org\/blog-podrozniczy\/?s={search_term_string}\"},\"query-input\":\"required name=search_term_string\"}],\"inLanguage\":\"pl-PL\"}]}<\/script>\n<!-- \/ Yoast SEO plugin. -->","yoast_head_json":{"title":"Sybiracy i \u0141agiernicy - Blog podr\u00f3\u017cniczy","robots":{"index":"index","follow":"follow","max-snippet":"max-snippet:-1","max-image-preview":"max-image-preview:large","max-video-preview":"max-video-preview:-1"},"canonical":"https:\/\/odraniemen.org\/blog-podrozniczy\/?page_id=28","og_locale":"pl_PL","og_type":"article","og_title":"Sybiracy i \u0141agiernicy - Blog podr\u00f3\u017cniczy","og_description":"Sybiracy i \u0141agiernicy Naszym najm\u0142odszym dzia\u0142aniem s\u0105 podr\u00f3\u017ce \u015bladami polskich zes\u0142a\u0144c\u00f3w, sybirak\u00f3w, \u0142agiernik\u00f3w, wi\u0119\u017ani\u00f3w gu\u0142ag\u00f3w. Odwiedzili\u015bmy miejsca zes\u0142a\u0144 z lat 1937-38, 1940-41, ale te\u017c tych z XIX w., jeszcze z czas\u00f3w carskiej Rosji.\u00a0Podr\u00f3\u017ce do oddalonych o tysi\u0105ce kilometr\u00f3w wiosek, ma\u0142ych mie\u015bcin, gdzie polski j\u0119zyk jest dalej \u017cywy, s\u0105 niezwyk\u0142ym i niezapomnianym prze\u017cyciem. Syberiada, czyli wyprawa &hellip; Sybiracy i \u0141agiernicy Read More &raquo;","og_url":"https:\/\/odraniemen.org\/blog-podrozniczy\/?page_id=28","og_site_name":"Blog podr\u00f3\u017cniczy","article_modified_time":"2020-03-04T09:29:58+00:00","og_image":[{"url":"https:\/\/odraniemen.org\/blog-podrozniczy\/wp-content\/uploads\/sites\/12\/2020\/01\/34494748_1820865691285427_685378979741302784_o.jpg"}],"twitter_card":"summary_large_image","twitter_misc":{"Szacowany czas czytania":"1 minuta"},"schema":{"@context":"https:\/\/schema.org","@graph":[{"@type":"WebPage","@id":"https:\/\/odraniemen.org\/blog-podrozniczy\/?page_id=28","url":"https:\/\/odraniemen.org\/blog-podrozniczy\/?page_id=28","name":"Sybiracy i \u0141agiernicy - Blog podr\u00f3\u017cniczy","isPartOf":{"@id":"https:\/\/odraniemen.org\/blog-podrozniczy\/#website"},"datePublished":"2020-01-27T12:50:16+00:00","dateModified":"2020-03-04T09:29:58+00:00","breadcrumb":{"@id":"https:\/\/odraniemen.org\/blog-podrozniczy\/?page_id=28#breadcrumb"},"inLanguage":"pl-PL","potentialAction":[{"@type":"ReadAction","target":["https:\/\/odraniemen.org\/blog-podrozniczy\/?page_id=28"]}]},{"@type":"BreadcrumbList","@id":"https:\/\/odraniemen.org\/blog-podrozniczy\/?page_id=28#breadcrumb","itemListElement":[{"@type":"ListItem","position":1,"name":"Strona g\u0142\u00f3wna","item":"https:\/\/odraniemen.org\/blog-podrozniczy\/"},{"@type":"ListItem","position":2,"name":"Sybiracy i \u0141agiernicy"}]},{"@type":"WebSite","@id":"https:\/\/odraniemen.org\/blog-podrozniczy\/#website","url":"https:\/\/odraniemen.org\/blog-podrozniczy\/","name":"Blog podr\u00f3\u017cniczy","description":"Kolejna witryna sieci \u201eOdra-Niemen Witryny\u201d","potentialAction":[{"@type":"SearchAction","target":{"@type":"EntryPoint","urlTemplate":"https:\/\/odraniemen.org\/blog-podrozniczy\/?s={search_term_string}"},"query-input":"required name=search_term_string"}],"inLanguage":"pl-PL"}]}},"_links":{"self":[{"href":"https:\/\/odraniemen.org\/blog-podrozniczy\/index.php?rest_route=\/wp\/v2\/pages\/28"}],"collection":[{"href":"https:\/\/odraniemen.org\/blog-podrozniczy\/index.php?rest_route=\/wp\/v2\/pages"}],"about":[{"href":"https:\/\/odraniemen.org\/blog-podrozniczy\/index.php?rest_route=\/wp\/v2\/types\/page"}],"author":[{"embeddable":true,"href":"https:\/\/odraniemen.org\/blog-podrozniczy\/index.php?rest_route=\/wp\/v2\/users\/166"}],"replies":[{"embeddable":true,"href":"https:\/\/odraniemen.org\/blog-podrozniczy\/index.php?rest_route=%2Fwp%2Fv2%2Fcomments&post=28"}],"version-history":[{"count":8,"href":"https:\/\/odraniemen.org\/blog-podrozniczy\/index.php?rest_route=\/wp\/v2\/pages\/28\/revisions"}],"predecessor-version":[{"id":391,"href":"https:\/\/odraniemen.org\/blog-podrozniczy\/index.php?rest_route=\/wp\/v2\/pages\/28\/revisions\/391"}],"wp:attachment":[{"href":"https:\/\/odraniemen.org\/blog-podrozniczy\/index.php?rest_route=%2Fwp%2Fv2%2Fmedia&parent=28"}],"curies":[{"name":"wp","href":"https:\/\/api.w.org\/{rel}","templated":true}]}}