
{"id":37,"date":"2020-01-27T14:08:02","date_gmt":"2020-01-27T13:08:02","guid":{"rendered":"https:\/\/odra.dracosk.pl\/blog-podrozniczy\/?page_id=37"},"modified":"2020-03-04T10:28:21","modified_gmt":"2020-03-04T09:28:21","slug":"kresowiacy","status":"publish","type":"page","link":"https:\/\/odraniemen.org\/blog-podrozniczy\/?page_id=37","title":{"rendered":"Kresowiacy"},"content":{"rendered":"\t\t<div data-elementor-type=\"wp-page\" data-elementor-id=\"37\" class=\"elementor elementor-37\">\n\t\t\t\t\t\t\t\t\t<section class=\"has_eae_slider elementor-section elementor-top-section elementor-element elementor-element-831f64d elementor-section-boxed elementor-section-height-default elementor-section-height-default\" data-id=\"831f64d\" data-element_type=\"section\">\n\t\t\t\t\t\t<div class=\"elementor-container elementor-column-gap-default\">\n\t\t\t\t\t<div class=\"has_eae_slider elementor-column elementor-col-100 elementor-top-column elementor-element elementor-element-e615c3c\" data-id=\"e615c3c\" data-element_type=\"column\">\n\t\t\t<div class=\"elementor-widget-wrap elementor-element-populated\">\n\t\t\t\t\t\t\t\t<div class=\"elementor-element elementor-element-d940d9e elementor-widget elementor-widget-heading\" data-id=\"d940d9e\" data-element_type=\"widget\" data-widget_type=\"heading.default\">\n\t\t\t\t<div class=\"elementor-widget-container\">\n\t\t\t<h2 class=\"elementor-heading-title elementor-size-default\">Kresowiacy<\/h2>\t\t<\/div>\n\t\t\t\t<\/div>\n\t\t\t\t<div class=\"elementor-element elementor-element-d10e4ae elementor-widget elementor-widget-text-editor\" data-id=\"d10e4ae\" data-element_type=\"widget\" data-widget_type=\"text-editor.default\">\n\t\t\t\t<div class=\"elementor-widget-container\">\n\t\t\t\t\t\t\t<p>Podr\u00f3\u017ce na dawne Kresy Wschodnie (cz\u0119\u015b\u0107 dzisiejszej Litwy, Ukrainy, Bia\u0142orusi i \u0141otwy) s\u0105 dla nas szczeg\u00f3lnie wa\u017cne &#8211; to od nich zacz\u0119\u0142a si\u0119 dzia\u0142alno\u015b\u0107 Stowarzyszenia.<\/p><p>W 1939 roku na Kresach \u017cy\u0142o ponad 5,5 mln Polak\u00f3w, w wyniku ustale\u0144 w Teheranie i Ja\u0142cie, po zako\u0144czeniu II Wony \u015awiatowej tereny te znalaz\u0142y si\u0119 pod jurysdykcj\u0105 Zwi\u0105zku Radzieckiego. Ka\u017cda podr\u00f3\u017c w tamte strony jest dla nas pe\u0142na wzrusze\u0144, od 10 lat staramy si\u0119 wspiera\u0107 polskich weteran\u00f3w, Sybirak\u00f3w, \u015brodowiska polskie, by mieli pewno\u015b\u0107, \u017ce Polska o nich nie zapomnia\u0142a.<\/p>\t\t\t\t\t\t<\/div>\n\t\t\t\t<\/div>\n\t\t\t\t\t<\/div>\n\t\t<\/div>\n\t\t\t\t\t\t\t<\/div>\n\t\t<\/section>\n\t\t\t\t<section class=\"has_eae_slider elementor-section elementor-top-section elementor-element elementor-element-74ee91c elementor-section-boxed elementor-section-height-default elementor-section-height-default\" data-id=\"74ee91c\" data-element_type=\"section\">\n\t\t\t\t\t\t<div class=\"elementor-container elementor-column-gap-default\">\n\t\t\t\t\t<div class=\"has_eae_slider elementor-column elementor-col-100 elementor-top-column elementor-element elementor-element-b420e04\" data-id=\"b420e04\" data-element_type=\"column\">\n\t\t\t<div class=\"elementor-widget-wrap elementor-element-populated\">\n\t\t\t\t\t\t\t\t<section class=\"has_eae_slider elementor-section elementor-inner-section elementor-element elementor-element-1887bdb elementor-section-boxed elementor-section-height-default elementor-section-height-default\" data-id=\"1887bdb\" data-element_type=\"section\">\n\t\t\t\t\t\t<div class=\"elementor-container elementor-column-gap-default\">\n\t\t\t\t\t<div class=\"has_eae_slider elementor-column elementor-col-50 elementor-inner-column elementor-element elementor-element-c08954d\" data-id=\"c08954d\" data-element_type=\"column\">\n\t\t\t<div class=\"elementor-widget-wrap\">\n\t\t\t\t\t\t\t\t\t<\/div>\n\t\t<\/div>\n\t\t\t\t<div class=\"has_eae_slider elementor-column elementor-col-50 elementor-inner-column elementor-element elementor-element-18d4ab2\" data-id=\"18d4ab2\" data-element_type=\"column\">\n\t\t\t<div class=\"elementor-widget-wrap elementor-element-populated\">\n\t\t\t\t\t\t\t\t<div class=\"elementor-element elementor-element-9abeeb9 elementor-widget elementor-widget-shortcode\" data-id=\"9abeeb9\" data-element_type=\"widget\" data-widget_type=\"shortcode.default\">\n\t\t\t\t<div class=\"elementor-widget-container\">\n\t\t\t\n\n\t\t<div class=\"elementor-shortcode\">\n\n\t\t\t\t<div id=\"map_ol3js_1\" class=\"map undefined\" data-map_name=\"undefined\" data-map=\"map_ol3js_1\" style=\"width:100%; max-width:100%; height:350px; display:block; overflow:hidden;border:none;\" >\n\t\t\t\t  <div id=\"map_ol3js_1_popup\" class=\"ol-popup\" >\n\t\t\t\t\t<a href=\"#\" id=\"map_ol3js_1_popup-closer\" class=\"ol-popup-closer\"><\/a>\n\t\t\t\t\t<div id=\"map_ol3js_1_popup-content\" ><\/div>\n\t\t\t\t  <\/div>\n\t\t\t\t<\/div>\n\t\t\t\n\t\t\t\t<link rel=\"stylesheet\" href=\"https:\/\/odraniemen.org\/blog-podrozniczy\/wp-content\/plugins\/osm\/js\/OL\/7.1.0\/ol.css?ver=7.1.0\" type=\"text\/css\">\n\t\t\t\t<link rel=\"stylesheet\" href=\"https:\/\/odraniemen.org\/blog-podrozniczy\/wp-content\/plugins\/osm\/css\/osm_map_v3.css?ver=1.0.0\" type=\"text\/css\">\n\t\t\t\t<link rel=\"stylesheet\" href=\"https:\/\/odraniemen.org\/blog-podrozniczy\/wp-content\/plugins\/osm\/css\/osm_map.css?ver=1.0.0\" type=\"text\/css\">\n\t\t\t\t<!-- The line below is only needed for old environments like Internet Explorer and Android 4.x -->\n                                <script src=\"https:\/\/odraniemen.org\/blog-podrozniczy\/wp-content\/plugins\/osm\/js\/polyfill\/v2\/polyfill.min.js?features=requestAnimationFrame,Element.prototype.classList,URL\"><\/script>\n\n\t\t\t\t<script src=\"https:\/\/odraniemen.org\/blog-podrozniczy\/wp-content\/plugins\/osm\/js\/OL\/7.1.0\/ol.js?ver=7.1.0\" type=\"text\/javascript\"><\/script>\n\t\t\t\t<script src=\"https:\/\/odraniemen.org\/blog-podrozniczy\/wp-content\/plugins\/osm\/js\/osm-v3-plugin-lib.js?ver=1.0.0\" type=\"text\/javascript\"><\/script>\n\t\t\t\t<script src=\"https:\/\/odraniemen.org\/blog-podrozniczy\/wp-content\/plugins\/osm\/js\/osm-metabox-events.js?ver=1.0.0\" type=\"text\/javascript\"><\/script>\n\t\t\t\t<script src=\"https:\/\/odraniemen.org\/blog-podrozniczy\/wp-content\/plugins\/osm\/js\/osm-startup-lib.js\" type=\"text\/javascript\"><\/script>\n\t\t\t\t<script type=\"text\/javascript\">\n\t\t\t\t\ttranslations['openlayer'] = \"open layer\";\n\t\t\t\t\ttranslations['openlayerAtStartup'] = \"open layer at startup\";\n\t\t\t\t\ttranslations['generateLink'] = \"link to this map with opened layers\";\n\t\t\t\t\ttranslations['shortDescription'] = \"short description\";\n\t\t\t\t\ttranslations['generatedShortCode'] = \"to get a text control link paste this code in your wordpress editor\";\n\t\t\t\t\ttranslations['closeLayer'] = \"close layer\";\n\t\t\t\t\ttranslations['cantGenerateLink'] = \"put this string in the existing map short code to control this map\";\n\t\t\t  <\/script>\n\n\n\t\t\t  <script type=\"text\/javascript\">\n\t\t\t  vectorM['map_ol3js_1'] = [];\n\t        \n        var raster = getTileLayer(\"osm\",\"NoKey\");\t\t\t\n\n\t\t\t  var map_ol3js_1 = new ol.Map({\n\t\t\t\tinteractions: ol.interaction.defaults.defaults({mouseWheelZoom:false}),\n\t\t\t\tlayers: [raster],\n\t\t\t\ttarget: \"map_ol3js_1\",\n\t\t\t\tview: new ol.View({\n\t\t\t\t  center: ol.proj.transform([35,0], \"EPSG:4326\", \"EPSG:3857\"),\n\t\t\t\t  zoom: 0\n\t\t\t\t})\n\t\t\t  });\n\t\t\t  var vectorMarkerSource = new ol.source.Vector({});\n\t\t\t\t  var iconFeature0 = new ol.Feature({\n\t\t\t\t    geometry: new ol.geom.Point(\n\t\t\t\t    ol.proj.transform([26.4467,53.9278], \"EPSG:4326\", \"EPSG:3857\")),\n\t\t\t\t    name: \"<a href=\\\"https:\/\/odraniemen.org\/blog-podrozniczy\/?p=853\\\">Iwieniec &#8211; na skraju Puszczy Nalibockiej (cz\u0119\u015b\u0107 1, Puszcza Nalibocka)  <\/a><br>\"\n\t\t\t\t  });\n\t\t\t\t  vectorMarkerSource.addFeature(iconFeature0);\n\t\t\t   \n\t\t\t\t  var iconFeature1 = new ol.Feature({\n\t\t\t\t    geometry: new ol.geom.Point(\n\t\t\t\t    ol.proj.transform([26.4595,55.6912], \"EPSG:4326\", \"EPSG:3857\")),\n\t\t\t\t    name: \"<a href=\\\"https:\/\/odraniemen.org\/blog-podrozniczy\/?p=1091\\\">Moje wyjazdy na litewsk\u0105 cz\u0119\u015b\u0107 Pojezierza Bras\u0142awskiego (cz\u0119\u015b\u0107 1)  <\/a><br>\"\n\t\t\t\t  });\n\t\t\t\t  vectorMarkerSource.addFeature(iconFeature1);\n\t\t\t   \n\t\t\t\t  var iconFeature2 = new ol.Feature({\n\t\t\t\t    geometry: new ol.geom.Point(\n\t\t\t\t    ol.proj.transform([26.0114,52.1600], \"EPSG:4326\", \"EPSG:3857\")),\n\t\t\t\t    name: \"<a href=\\\"https:\/\/odraniemen.org\/blog-podrozniczy\/?p=1136\\\">Polesie, pi\u0119kne Polesie&#8230; Pierwsza wyprawa na Bia\u0142oru\u015b (cz\u0119\u015b\u0107 1)  <\/a><br>\"\n\t\t\t\t  });\n\t\t\t\t  vectorMarkerSource.addFeature(iconFeature2);\n\t\t\t   \n\t\t\t\t  var iconFeature3 = new ol.Feature({\n\t\t\t\t    geometry: new ol.geom.Point(\n\t\t\t\t    ol.proj.transform([26.0960,52.1174], \"EPSG:4326\", \"EPSG:3857\")),\n\t\t\t\t    name: \"<a href=\\\"https:\/\/odraniemen.org\/blog-podrozniczy\/?p=1152\\\">Polesie, pi\u0119kne Polesie\u2026 Pierwsza wyprawa na Bia\u0142oru\u015b (cz\u0119\u015b\u0107 2)  <\/a><br>\"\n\t\t\t\t  });\n\t\t\t\t  vectorMarkerSource.addFeature(iconFeature3);\n\t\t\t   \n\t\t\t\t  var iconFeature4 = new ol.Feature({\n\t\t\t\t    geometry: new ol.geom.Point(\n\t\t\t\t    ol.proj.transform([26.0492,52.1056], \"EPSG:4326\", \"EPSG:3857\")),\n\t\t\t\t    name: \"<a href=\\\"https:\/\/odraniemen.org\/blog-podrozniczy\/?p=1168\\\">Polesie, pi\u0119kne Polesie\u2026 Pierwsza wyprawa na Bia\u0142oru\u015b (cz\u0119\u015b\u0107 3)  <\/a><br>\"\n\t\t\t\t  });\n\t\t\t\t  vectorMarkerSource.addFeature(iconFeature4);\n\t\t\t   \n\t\t\t\t  var iconFeature5 = new ol.Feature({\n\t\t\t\t    geometry: new ol.geom.Point(\n\t\t\t\t    ol.proj.transform([25.5357,52.1478], \"EPSG:4326\", \"EPSG:3857\")),\n\t\t\t\t    name: \"<a href=\\\"https:\/\/odraniemen.org\/blog-podrozniczy\/?p=1180\\\">Polesie, pi\u0119kne Polesie\u2026 Pierwsza wyprawa na Bia\u0142oru\u015b (cz\u0119\u015b\u0107 4 &#8211; ostatnia)  <\/a><br>\"\n\t\t\t\t  });\n\t\t\t\t  vectorMarkerSource.addFeature(iconFeature5);\n\t\t\t   \n\t\t\t\t  var iconFeature6 = new ol.Feature({\n\t\t\t\t    geometry: new ol.geom.Point(\n\t\t\t\t    ol.proj.transform([26.4936,55.7491], \"EPSG:4326\", \"EPSG:3857\")),\n\t\t\t\t    name: \"<a href=\\\"https:\/\/odraniemen.org\/blog-podrozniczy\/?p=1199\\\">Poznajemy polskie \u015blady na \u0141otwie (cz\u0119\u015b\u0107 1 &#8211; \u0141awkiesy i Twierdza Dyneburg)  <\/a><br>\"\n\t\t\t\t  });\n\t\t\t\t  vectorMarkerSource.addFeature(iconFeature6);\n\t\t\t   \n\t\t\t\t  var iconFeature7 = new ol.Feature({\n\t\t\t\t    geometry: new ol.geom.Point(\n\t\t\t\t    ol.proj.transform([27.6835,55.1369], \"EPSG:4326\", \"EPSG:3857\")),\n\t\t\t\t    name: \"<a href=\\\"https:\/\/odraniemen.org\/blog-podrozniczy\/?p=1315\\\">Podr\u00f3\u017c do korzeni \u2013 Bia\u0142oru\u015b (Zadro\u017ce &#8211; G\u0142\u0119bokie &#8211; Plisa)  <\/a><br>\"\n\t\t\t\t  });\n\t\t\t\t  vectorMarkerSource.addFeature(iconFeature7);\n\t\t\t   \n\t\t\t\t  var iconFeature8 = new ol.Feature({\n\t\t\t\t    geometry: new ol.geom.Point(\n\t\t\t\t    ol.proj.transform([27.1602,55.9002], \"EPSG:4326\", \"EPSG:3857\")),\n\t\t\t\t    name: \"<a href=\\\"https:\/\/odraniemen.org\/blog-podrozniczy\/?p=1330\\\">Poznajemy polskie \u015blady na \u0141otwie (cz\u0119\u015b\u0107 3 &#8211; Kras\u0142aw)  <\/a><br>\"\n\t\t\t\t  });\n\t\t\t\t  vectorMarkerSource.addFeature(iconFeature8);\n\t\t\t   \n\t\t\t\t  var iconFeature9 = new ol.Feature({\n\t\t\t\t    geometry: new ol.geom.Point(\n\t\t\t\t    ol.proj.transform([26.5704,55.6604], \"EPSG:4326\", \"EPSG:3857\")),\n\t\t\t\t    name: \"<a href=\\\"https:\/\/odraniemen.org\/blog-podrozniczy\/?p=1610\\\">Moje wyjazdy na litewsk\u0105 cz\u0119\u015b\u0107 Pojezierza Bras\u0142awskiego (cz\u0119\u015b\u0107 2)  <\/a><br>\"\n\t\t\t\t  });\n\t\t\t\t  vectorMarkerSource.addFeature(iconFeature9);\n\t\t\t   \n\t\t\t\t  var iconFeature10 = new ol.Feature({\n\t\t\t\t    geometry: new ol.geom.Point(\n\t\t\t\t    ol.proj.transform([25.3688,54.3946], \"EPSG:4326\", \"EPSG:3857\")),\n\t\t\t\t    name: \"<a href=\\\"https:\/\/odraniemen.org\/blog-podrozniczy\/?p=1629\\\">Litwa w trakcie pandemii (cz\u0119\u015b\u0107 1)  <\/a><br>\"\n\t\t\t\t  });\n\t\t\t\t  vectorMarkerSource.addFeature(iconFeature10);\n\t\t\t   \n\t\t\t\t  var iconFeature11 = new ol.Feature({\n\t\t\t\t    geometry: new ol.geom.Point(\n\t\t\t\t    ol.proj.transform([26.3119,55.5232], \"EPSG:4326\", \"EPSG:3857\")),\n\t\t\t\t    name: \"<a href=\\\"https:\/\/odraniemen.org\/blog-podrozniczy\/?p=1676\\\">Litwa w trakcie pandemii (cz\u0119\u015b\u0107 2)  <\/a><br>\"\n\t\t\t\t  });\n\t\t\t\t  vectorMarkerSource.addFeature(iconFeature11);\n\t\t\t   \n\t\t\t\t  var iconFeature12 = new ol.Feature({\n\t\t\t\t    geometry: new ol.geom.Point(\n\t\t\t\t    ol.proj.transform([23.8817,51.2616], \"EPSG:4326\", \"EPSG:3857\")),\n\t\t\t\t    name: \"<a href=\\\"https:\/\/odraniemen.org\/blog-podrozniczy\/?p=1711\\\">Pogrzeb po 70 latach &#8211; ekshumacje na Wo\u0142yniu  <\/a><br>\"\n\t\t\t\t  });\n\t\t\t\t  vectorMarkerSource.addFeature(iconFeature12);\n\t\t\t   \n\t\t\t\t  var iconFeature13 = new ol.Feature({\n\t\t\t\t    geometry: new ol.geom.Point(\n\t\t\t\t    ol.proj.transform([25.7197,50.1033], \"EPSG:4326\", \"EPSG:3857\")),\n\t\t\t\t    name: \"<a href=\\\"https:\/\/odraniemen.org\/blog-podrozniczy\/?p=1773\\\">Zawstydzi\u0107 krzemienieck\u0105 kniej\u0119  <\/a><br>\"\n\t\t\t\t  });\n\t\t\t\t  vectorMarkerSource.addFeature(iconFeature13);\n\t\t\t   vectorMarkerLayer = getVectorClusterLayer(\n                                            vectorMarkerSource,\n                                            [255,0,0, 0.5],\n                                            [255,0,0, 0.85],\n                                            \"https:\/\/odraniemen.org\/blog-podrozniczy\/wp-content\/plugins\/osm\/icons\/mic_red_pinother_02.png\",\n                                            -16,\n                                            -41);map_ol3js_1.addLayer(vectorMarkerLayer);addControls2Map(map_ol3js_1,0,0,3,0,5,6,7,0,1);\nosm_addClusterPopupClickhandler(map_ol3js_1,  \"map_ol3js_1\"); \nosm_addMouseHover(map_ol3js_1); <\/script><\/div>\n\t\t\t\t<\/div>\n\t\t\t\t<\/div>\n\t\t\t\t\t<\/div>\n\t\t<\/div>\n\t\t\t\t\t\t\t<\/div>\n\t\t<\/section>\n\t\t\t\t\t<\/div>\n\t\t<\/div>\n\t\t\t\t\t\t\t<\/div>\n\t\t<\/section>\n\t\t\t\t\t\t\t<\/div>\n\t\t","protected":false},"excerpt":{"rendered":"<p>Kresowiacy Podr\u00f3\u017ce na dawne Kresy Wschodnie (cz\u0119\u015b\u0107 dzisiejszej Litwy, Ukrainy, Bia\u0142orusi i \u0141otwy) s\u0105 dla nas szczeg\u00f3lnie wa\u017cne &#8211; to od nich zacz\u0119\u0142a si\u0119 dzia\u0142alno\u015b\u0107 Stowarzyszenia. W 1939 roku na Kresach \u017cy\u0142o ponad 5,5 mln Polak\u00f3w, w wyniku ustale\u0144 w Teheranie i Ja\u0142cie, po zako\u0144czeniu II Wony \u015awiatowej tereny te znalaz\u0142y si\u0119 pod jurysdykcj\u0105 Zwi\u0105zku &hellip;<\/p>\n<p class=\"read-more\"> <a class=\"\" href=\"https:\/\/odraniemen.org\/blog-podrozniczy\/?page_id=37\"> <span class=\"screen-reader-text\">Kresowiacy<\/span> Read More &raquo;<\/a><\/p>\n","protected":false},"author":166,"featured_media":0,"parent":0,"menu_order":0,"comment_status":"closed","ping_status":"closed","template":"","meta":{"site-sidebar-layout":"no-sidebar","site-content-layout":"page-builder","ast-site-content-layout":"","site-content-style":"default","site-sidebar-style":"default","ast-global-header-display":"","ast-banner-title-visibility":"","ast-main-header-display":"","ast-hfb-above-header-display":"","ast-hfb-below-header-display":"","ast-hfb-mobile-header-display":"","site-post-title":"disabled","ast-breadcrumbs-content":"","ast-featured-img":"disabled","footer-sml-layout":"","theme-transparent-header-meta":"default","adv-header-id-meta":"","stick-header-meta":"","header-above-stick-meta":"","header-main-stick-meta":"","header-below-stick-meta":"","astra-migrate-meta-layouts":"","ast-page-background-enabled":"default","ast-page-background-meta":{"desktop":{"background-color":"","background-image":"","background-repeat":"repeat","background-position":"center center","background-size":"auto","background-attachment":"scroll","background-type":"","background-media":"","overlay-type":"","overlay-color":"","overlay-gradient":""},"tablet":{"background-color":"","background-image":"","background-repeat":"repeat","background-position":"center center","background-size":"auto","background-attachment":"scroll","background-type":"","background-media":"","overlay-type":"","overlay-color":"","overlay-gradient":""},"mobile":{"background-color":"","background-image":"","background-repeat":"repeat","background-position":"center center","background-size":"auto","background-attachment":"scroll","background-type":"","background-media":"","overlay-type":"","overlay-color":"","overlay-gradient":""}},"ast-content-background-meta":{"desktop":{"background-color":"var(--ast-global-color-5)","background-image":"","background-repeat":"repeat","background-position":"center center","background-size":"auto","background-attachment":"scroll","background-type":"","background-media":"","overlay-type":"","overlay-color":"","overlay-gradient":""},"tablet":{"background-color":"var(--ast-global-color-5)","background-image":"","background-repeat":"repeat","background-position":"center center","background-size":"auto","background-attachment":"scroll","background-type":"","background-media":"","overlay-type":"","overlay-color":"","overlay-gradient":""},"mobile":{"background-color":"var(--ast-global-color-5)","background-image":"","background-repeat":"repeat","background-position":"center center","background-size":"auto","background-attachment":"scroll","background-type":"","background-media":"","overlay-type":"","overlay-color":"","overlay-gradient":""}},"footnotes":""},"yoast_head":"<!-- This site is optimized with the Yoast SEO plugin v21.6 - https:\/\/yoast.com\/wordpress\/plugins\/seo\/ -->\n<title>Kresowiacy - Blog podr\u00f3\u017cniczy<\/title>\n<meta name=\"robots\" content=\"index, follow, max-snippet:-1, max-image-preview:large, max-video-preview:-1\" \/>\n<link rel=\"canonical\" href=\"https:\/\/odraniemen.org\/blog-podrozniczy\/?page_id=37\" \/>\n<meta property=\"og:locale\" content=\"pl_PL\" \/>\n<meta property=\"og:type\" content=\"article\" \/>\n<meta property=\"og:title\" content=\"Kresowiacy - Blog podr\u00f3\u017cniczy\" \/>\n<meta property=\"og:description\" content=\"Kresowiacy Podr\u00f3\u017ce na dawne Kresy Wschodnie (cz\u0119\u015b\u0107 dzisiejszej Litwy, Ukrainy, Bia\u0142orusi i \u0141otwy) s\u0105 dla nas szczeg\u00f3lnie wa\u017cne &#8211; to od nich zacz\u0119\u0142a si\u0119 dzia\u0142alno\u015b\u0107 Stowarzyszenia. W 1939 roku na Kresach \u017cy\u0142o ponad 5,5 mln Polak\u00f3w, w wyniku ustale\u0144 w Teheranie i Ja\u0142cie, po zako\u0144czeniu II Wony \u015awiatowej tereny te znalaz\u0142y si\u0119 pod jurysdykcj\u0105 Zwi\u0105zku &hellip; Kresowiacy Read More &raquo;\" \/>\n<meta property=\"og:url\" content=\"https:\/\/odraniemen.org\/blog-podrozniczy\/?page_id=37\" \/>\n<meta property=\"og:site_name\" content=\"Blog podr\u00f3\u017cniczy\" \/>\n<meta property=\"article:modified_time\" content=\"2020-03-04T09:28:21+00:00\" \/>\n<meta property=\"og:image\" content=\"https:\/\/odraniemen.org\/blog-podrozniczy\/wp-content\/uploads\/sites\/12\/2020\/01\/IMG_20200221_144712-scaled.jpg\" \/>\n<meta name=\"twitter:card\" content=\"summary_large_image\" \/>\n<meta name=\"twitter:label1\" content=\"Szacowany czas czytania\" \/>\n\t<meta name=\"twitter:data1\" content=\"1 minuta\" \/>\n<script type=\"application\/ld+json\" class=\"yoast-schema-graph\">{\"@context\":\"https:\/\/schema.org\",\"@graph\":[{\"@type\":\"WebPage\",\"@id\":\"https:\/\/odraniemen.org\/blog-podrozniczy\/?page_id=37\",\"url\":\"https:\/\/odraniemen.org\/blog-podrozniczy\/?page_id=37\",\"name\":\"Kresowiacy - Blog podr\u00f3\u017cniczy\",\"isPartOf\":{\"@id\":\"https:\/\/odraniemen.org\/blog-podrozniczy\/#website\"},\"datePublished\":\"2020-01-27T13:08:02+00:00\",\"dateModified\":\"2020-03-04T09:28:21+00:00\",\"breadcrumb\":{\"@id\":\"https:\/\/odraniemen.org\/blog-podrozniczy\/?page_id=37#breadcrumb\"},\"inLanguage\":\"pl-PL\",\"potentialAction\":[{\"@type\":\"ReadAction\",\"target\":[\"https:\/\/odraniemen.org\/blog-podrozniczy\/?page_id=37\"]}]},{\"@type\":\"BreadcrumbList\",\"@id\":\"https:\/\/odraniemen.org\/blog-podrozniczy\/?page_id=37#breadcrumb\",\"itemListElement\":[{\"@type\":\"ListItem\",\"position\":1,\"name\":\"Strona g\u0142\u00f3wna\",\"item\":\"https:\/\/odraniemen.org\/blog-podrozniczy\/\"},{\"@type\":\"ListItem\",\"position\":2,\"name\":\"Kresowiacy\"}]},{\"@type\":\"WebSite\",\"@id\":\"https:\/\/odraniemen.org\/blog-podrozniczy\/#website\",\"url\":\"https:\/\/odraniemen.org\/blog-podrozniczy\/\",\"name\":\"Blog podr\u00f3\u017cniczy\",\"description\":\"Kolejna witryna sieci \u201eOdra-Niemen Witryny\u201d\",\"potentialAction\":[{\"@type\":\"SearchAction\",\"target\":{\"@type\":\"EntryPoint\",\"urlTemplate\":\"https:\/\/odraniemen.org\/blog-podrozniczy\/?s={search_term_string}\"},\"query-input\":\"required name=search_term_string\"}],\"inLanguage\":\"pl-PL\"}]}<\/script>\n<!-- \/ Yoast SEO plugin. -->","yoast_head_json":{"title":"Kresowiacy - Blog podr\u00f3\u017cniczy","robots":{"index":"index","follow":"follow","max-snippet":"max-snippet:-1","max-image-preview":"max-image-preview:large","max-video-preview":"max-video-preview:-1"},"canonical":"https:\/\/odraniemen.org\/blog-podrozniczy\/?page_id=37","og_locale":"pl_PL","og_type":"article","og_title":"Kresowiacy - Blog podr\u00f3\u017cniczy","og_description":"Kresowiacy Podr\u00f3\u017ce na dawne Kresy Wschodnie (cz\u0119\u015b\u0107 dzisiejszej Litwy, Ukrainy, Bia\u0142orusi i \u0141otwy) s\u0105 dla nas szczeg\u00f3lnie wa\u017cne &#8211; to od nich zacz\u0119\u0142a si\u0119 dzia\u0142alno\u015b\u0107 Stowarzyszenia. W 1939 roku na Kresach \u017cy\u0142o ponad 5,5 mln Polak\u00f3w, w wyniku ustale\u0144 w Teheranie i Ja\u0142cie, po zako\u0144czeniu II Wony \u015awiatowej tereny te znalaz\u0142y si\u0119 pod jurysdykcj\u0105 Zwi\u0105zku &hellip; Kresowiacy Read More &raquo;","og_url":"https:\/\/odraniemen.org\/blog-podrozniczy\/?page_id=37","og_site_name":"Blog podr\u00f3\u017cniczy","article_modified_time":"2020-03-04T09:28:21+00:00","og_image":[{"url":"https:\/\/odraniemen.org\/blog-podrozniczy\/wp-content\/uploads\/sites\/12\/2020\/01\/IMG_20200221_144712-scaled.jpg"}],"twitter_card":"summary_large_image","twitter_misc":{"Szacowany czas czytania":"1 minuta"},"schema":{"@context":"https:\/\/schema.org","@graph":[{"@type":"WebPage","@id":"https:\/\/odraniemen.org\/blog-podrozniczy\/?page_id=37","url":"https:\/\/odraniemen.org\/blog-podrozniczy\/?page_id=37","name":"Kresowiacy - Blog podr\u00f3\u017cniczy","isPartOf":{"@id":"https:\/\/odraniemen.org\/blog-podrozniczy\/#website"},"datePublished":"2020-01-27T13:08:02+00:00","dateModified":"2020-03-04T09:28:21+00:00","breadcrumb":{"@id":"https:\/\/odraniemen.org\/blog-podrozniczy\/?page_id=37#breadcrumb"},"inLanguage":"pl-PL","potentialAction":[{"@type":"ReadAction","target":["https:\/\/odraniemen.org\/blog-podrozniczy\/?page_id=37"]}]},{"@type":"BreadcrumbList","@id":"https:\/\/odraniemen.org\/blog-podrozniczy\/?page_id=37#breadcrumb","itemListElement":[{"@type":"ListItem","position":1,"name":"Strona g\u0142\u00f3wna","item":"https:\/\/odraniemen.org\/blog-podrozniczy\/"},{"@type":"ListItem","position":2,"name":"Kresowiacy"}]},{"@type":"WebSite","@id":"https:\/\/odraniemen.org\/blog-podrozniczy\/#website","url":"https:\/\/odraniemen.org\/blog-podrozniczy\/","name":"Blog podr\u00f3\u017cniczy","description":"Kolejna witryna sieci \u201eOdra-Niemen Witryny\u201d","potentialAction":[{"@type":"SearchAction","target":{"@type":"EntryPoint","urlTemplate":"https:\/\/odraniemen.org\/blog-podrozniczy\/?s={search_term_string}"},"query-input":"required name=search_term_string"}],"inLanguage":"pl-PL"}]}},"_links":{"self":[{"href":"https:\/\/odraniemen.org\/blog-podrozniczy\/index.php?rest_route=\/wp\/v2\/pages\/37"}],"collection":[{"href":"https:\/\/odraniemen.org\/blog-podrozniczy\/index.php?rest_route=\/wp\/v2\/pages"}],"about":[{"href":"https:\/\/odraniemen.org\/blog-podrozniczy\/index.php?rest_route=\/wp\/v2\/types\/page"}],"author":[{"embeddable":true,"href":"https:\/\/odraniemen.org\/blog-podrozniczy\/index.php?rest_route=\/wp\/v2\/users\/166"}],"replies":[{"embeddable":true,"href":"https:\/\/odraniemen.org\/blog-podrozniczy\/index.php?rest_route=%2Fwp%2Fv2%2Fcomments&post=37"}],"version-history":[{"count":8,"href":"https:\/\/odraniemen.org\/blog-podrozniczy\/index.php?rest_route=\/wp\/v2\/pages\/37\/revisions"}],"predecessor-version":[{"id":387,"href":"https:\/\/odraniemen.org\/blog-podrozniczy\/index.php?rest_route=\/wp\/v2\/pages\/37\/revisions\/387"}],"wp:attachment":[{"href":"https:\/\/odraniemen.org\/blog-podrozniczy\/index.php?rest_route=%2Fwp%2Fv2%2Fmedia&parent=37"}],"curies":[{"name":"wp","href":"https:\/\/api.w.org\/{rel}","templated":true}]}}