
{"id":733,"date":"2021-04-15T08:36:51","date_gmt":"2021-04-15T06:36:51","guid":{"rendered":"https:\/\/odraniemen.org\/sklep\/?page_id=733"},"modified":"2021-04-20T10:34:22","modified_gmt":"2021-04-20T08:34:22","slug":"formularz-reklamacji-towaru","status":"publish","type":"page","link":"https:\/\/odraniemen.org\/sklep\/formularz-reklamacji-towaru\/","title":{"rendered":"Formularz reklamacji towaru"},"content":{"rendered":"\n<div class=\"wpcf7 no-js\" id=\"wpcf7-f4157-o1\" lang=\"pl-PL\" dir=\"ltr\">\n<div class=\"screen-reader-response\"><p role=\"status\" aria-live=\"polite\" aria-atomic=\"true\"><\/p> <ul><\/ul><\/div>\n<form action=\"\/sklep\/wp-json\/wp\/v2\/pages\/733#wpcf7-f4157-o1\" method=\"post\" class=\"wpcf7-form init\" aria-label=\"Formularz kontaktowy\" novalidate=\"novalidate\" data-status=\"init\">\n<div style=\"display: none;\">\n<input type=\"hidden\" name=\"_wpcf7\" value=\"4157\" \/>\n<input type=\"hidden\" name=\"_wpcf7_version\" value=\"5.8.4\" \/>\n<input type=\"hidden\" name=\"_wpcf7_locale\" value=\"pl_PL\" \/>\n<input type=\"hidden\" name=\"_wpcf7_unit_tag\" value=\"wpcf7-f4157-o1\" \/>\n<input type=\"hidden\" name=\"_wpcf7_container_post\" value=\"0\" \/>\n<input type=\"hidden\" name=\"_wpcf7_posted_data_hash\" value=\"\" \/>\n<\/div>\n<p><label> Imi\u0119 *<br \/>\n<span class=\"wpcf7-form-control-wrap\" data-name=\"imie\"><input size=\"40\" class=\"wpcf7-form-control wpcf7-text wpcf7-validates-as-required\" aria-required=\"true\" aria-invalid=\"false\" value=\"\" type=\"text\" name=\"imie\" \/><\/span> <\/label>\n<\/p>\n<p><label> Nazwisko *<br \/>\n<span class=\"wpcf7-form-control-wrap\" data-name=\"nazwisko\"><input size=\"40\" class=\"wpcf7-form-control wpcf7-text wpcf7-validates-as-required\" aria-required=\"true\" aria-invalid=\"false\" value=\"\" type=\"text\" name=\"nazwisko\" \/><\/span> <\/label>\n<\/p>\n<p><label> Numer telefonu kom\u00f3rkowego<br \/>\n<span class=\"wpcf7-form-control-wrap\" data-name=\"tel-142\"><input size=\"40\" class=\"wpcf7-form-control wpcf7-tel wpcf7-text wpcf7-validates-as-tel\" aria-invalid=\"false\" value=\"\" type=\"tel\" name=\"tel-142\" \/><\/span> <\/label>\n<\/p>\n<p><label> Adres e-mail *<br \/>\n<span class=\"wpcf7-form-control-wrap\" data-name=\"email-718\"><input size=\"40\" class=\"wpcf7-form-control wpcf7-email wpcf7-validates-as-required wpcf7-text wpcf7-validates-as-email\" aria-required=\"true\" aria-invalid=\"false\" value=\"\" type=\"email\" name=\"email-718\" \/><\/span> <\/label>\n<\/p>\n<p><label> Ulica<br \/>\n<span class=\"wpcf7-form-control-wrap\" data-name=\"ulica\"><input size=\"40\" class=\"wpcf7-form-control wpcf7-text\" aria-invalid=\"false\" value=\"\" type=\"text\" name=\"ulica\" \/><\/span> <\/label>\n<\/p>\n<p><label> Numer Budynku *<br \/>\n<span class=\"wpcf7-form-control-wrap\" data-name=\"numerbudynku\"><input size=\"40\" class=\"wpcf7-form-control wpcf7-text wpcf7-validates-as-required\" aria-required=\"true\" aria-invalid=\"false\" value=\"\" type=\"text\" name=\"numerbudynku\" \/><\/span> <\/label>\n<\/p>\n<p><label> Numer mieszkania<br \/>\n<span class=\"wpcf7-form-control-wrap\" data-name=\"numermieszkania\"><input size=\"40\" class=\"wpcf7-form-control wpcf7-text wpcf7-validates-as-required\" aria-required=\"true\" aria-invalid=\"false\" value=\"\" type=\"text\" name=\"numermieszkania\" \/><\/span> <\/label>\n<\/p>\n<p><label> Kod pocztowy *<br \/>\n<span class=\"wpcf7-form-control-wrap\" data-name=\"kodpocztowy\"><input size=\"40\" class=\"wpcf7-form-control wpcf7-text wpcf7-validates-as-required\" aria-required=\"true\" aria-invalid=\"false\" value=\"\" type=\"text\" name=\"kodpocztowy\" \/><\/span> <\/label>\n<\/p>\n<p><label> Miejscowo\u015b\u0107 *<br \/>\n<span class=\"wpcf7-form-control-wrap\" data-name=\"miejscowo\"><input size=\"40\" class=\"wpcf7-form-control wpcf7-text wpcf7-validates-as-required\" aria-required=\"true\" aria-invalid=\"false\" value=\"\" type=\"text\" name=\"miejscowo\" \/><\/span> <\/label>\n<\/p>\n<p>Reklamowany towar nale\u017cy odes\u0142a\u0107 zwyk\u0142\u0105 przesy\u0142k\u0105 pocztow\u0105 wraz z formularzem reklamacji na adres:<br \/>\nStowarzyszenie Odra-Niemen, ul. Zelwerowicza 16\/3, 53-676 Wroc\u0142aw\n<\/p>\n<p><label> Data zakupu towaru *<br \/>\n<span class=\"wpcf7-form-control-wrap\" data-name=\"datazakupu\"><input size=\"40\" class=\"wpcf7-form-control wpcf7-text walcf7-datepicker\" aria-invalid=\"false\" value=\"\" type=\"text\" name=\"datazakupu\" \/><\/span> <\/label>\n<\/p>\n<p><label> Nazwa towaru *<br \/>\n<span class=\"wpcf7-form-control-wrap\" data-name=\"nazwatowaru\"><input size=\"40\" class=\"wpcf7-form-control wpcf7-text wpcf7-validates-as-required\" aria-required=\"true\" aria-invalid=\"false\" value=\"\" type=\"text\" name=\"nazwatowaru\" \/><\/span> <\/label>\n<\/p>\n<p><label> Opis wady *<br \/>\n<span class=\"wpcf7-form-control-wrap\" data-name=\"opiswady\"><textarea cols=\"40\" rows=\"10\" class=\"wpcf7-form-control wpcf7-textarea\" aria-invalid=\"false\" name=\"opiswady\"><\/textarea><\/span> <\/label>\n<\/p>\n<p><span class=\"wpcf7-form-control-wrap\" data-name=\"acceptance-23\"><span class=\"wpcf7-form-control wpcf7-acceptance\"><span class=\"wpcf7-list-item\"><input type=\"checkbox\" name=\"acceptance-23\" value=\"1\" aria-invalid=\"false\" \/><\/span><\/span><\/span> Na podstawie niniejszego formularza reklamacji towaru, oczekuj\u0119 wymiany towaru na egzemplarz pozbawiony zg\u0142oszonych wad.\n<\/p>\n<p>Reklamacja zostanie rozpatrzona na podstawie Ustawy z dnia 27 lipca 2002 roku, o szczeg\u00f3\u0142owych warunkach sprzeda\u017cy konsumenckiej Kodeksu Cywilnego (Dz.U. z dnia 5 wrze\u015bnia 2002 roku).<br \/>\nOdpowied\u017a Stowarzyszenia Odra-Niemen w sprawie reklamacji jest wysy\u0142ana na adres e-mail Klienta, podany w formularzu reklamacyjnym lub telefonicznie w terminie 14 dni od daty otrzymania przesy\u0142ki.\n<\/p>\n<p>* pola obowi\u0105zkowe\n<\/p>\n<p><input class=\"wpcf7-form-control wpcf7-submit has-spinner\" type=\"submit\" value=\"Wy\u015blij\" \/>\n<\/p><div class=\"wpcf7-response-output\" aria-hidden=\"true\"><\/div>\n<\/form>\n<\/div>\n\n\n\n\n<p><\/p>\n\n\n\n<div class=\"wp-block-file\"><a href=\"https:\/\/odraniemen.org\/sklep\/wp-content\/uploads\/sites\/8\/2021\/04\/Formularz-reklamacji-towaru-1.docx\">Formularz reklamacji towaru<\/a><a href=\"https:\/\/odraniemen.org\/sklep\/wp-content\/uploads\/sites\/8\/2021\/04\/Formularz-reklamacji-towaru-1.docx\" class=\"wp-block-file__button\" download>Pobierz<\/a><\/div>\n","protected":false},"excerpt":{"rendered":"","protected":false},"author":362,"featured_media":0,"parent":0,"menu_order":0,"comment_status":"closed","ping_status":"closed","template":"","meta":{"site-sidebar-layout":"default","site-content-layout":"default","ast-site-content-layout":"","site-content-style":"default","site-sidebar-style":"default","ast-global-header-display":"","ast-banner-title-visibility":"","ast-main-header-display":"","ast-hfb-above-header-display":"","ast-hfb-below-header-display":"","ast-hfb-mobile-header-display":"","site-post-title":"","ast-breadcrumbs-content":"","ast-featured-img":"","footer-sml-layout":"","theme-transparent-header-meta":"default","adv-header-id-meta":"","stick-header-meta":"","header-above-stick-meta":"","header-main-stick-meta":"","header-below-stick-meta":"","astra-migrate-meta-layouts":"","ast-page-background-enabled":"default","ast-page-background-meta":{"desktop":{"background-color":"","background-image":"","background-repeat":"repeat","background-position":"center center","background-size":"auto","background-attachment":"scroll","background-type":"","background-media":"","overlay-type":"","overlay-color":"","overlay-gradient":""},"tablet":{"background-color":"","background-image":"","background-repeat":"repeat","background-position":"center center","background-size":"auto","background-attachment":"scroll","background-type":"","background-media":"","overlay-type":"","overlay-color":"","overlay-gradient":""},"mobile":{"background-color":"","background-image":"","background-repeat":"repeat","background-position":"center center","background-size":"auto","background-attachment":"scroll","background-type":"","background-media":"","overlay-type":"","overlay-color":"","overlay-gradient":""}},"ast-content-background-meta":{"desktop":{"background-color":"var(--ast-global-color-5)","background-image":"","background-repeat":"repeat","background-position":"center center","background-size":"auto","background-attachment":"scroll","background-type":"","background-media":"","overlay-type":"","overlay-color":"","overlay-gradient":""},"tablet":{"background-color":"var(--ast-global-color-5)","background-image":"","background-repeat":"repeat","background-position":"center center","background-size":"auto","background-attachment":"scroll","background-type":"","background-media":"","overlay-type":"","overlay-color":"","overlay-gradient":""},"mobile":{"background-color":"var(--ast-global-color-5)","background-image":"","background-repeat":"repeat","background-position":"center center","background-size":"auto","background-attachment":"scroll","background-type":"","background-media":"","overlay-type":"","overlay-color":"","overlay-gradient":""}},"footnotes":""},"yoast_head":"<!-- This site is optimized with the Yoast SEO plugin v21.6 - https:\/\/yoast.com\/wordpress\/plugins\/seo\/ -->\n<title>Formularz reklamacji towaru - Odra Niemen Sklep Charytatywny<\/title>\n<meta name=\"robots\" content=\"index, follow, max-snippet:-1, max-image-preview:large, max-video-preview:-1\" \/>\n<link rel=\"canonical\" href=\"https:\/\/odraniemen.org\/sklep\/formularz-reklamacji-towaru\/\" \/>\n<meta property=\"og:locale\" content=\"pl_PL\" \/>\n<meta property=\"og:type\" content=\"article\" \/>\n<meta property=\"og:title\" content=\"Formularz reklamacji towaru - Odra Niemen Sklep Charytatywny\" \/>\n<meta property=\"og:url\" content=\"https:\/\/odraniemen.org\/sklep\/formularz-reklamacji-towaru\/\" \/>\n<meta property=\"og:site_name\" content=\"Odra Niemen Sklep Charytatywny\" \/>\n<meta property=\"article:modified_time\" content=\"2021-04-20T08:34:22+00:00\" \/>\n<meta name=\"twitter:card\" content=\"summary_large_image\" \/>\n<script type=\"application\/ld+json\" class=\"yoast-schema-graph\">{\"@context\":\"https:\/\/schema.org\",\"@graph\":[{\"@type\":\"WebPage\",\"@id\":\"https:\/\/odraniemen.org\/sklep\/formularz-reklamacji-towaru\/\",\"url\":\"https:\/\/odraniemen.org\/sklep\/formularz-reklamacji-towaru\/\",\"name\":\"Formularz reklamacji towaru - Odra Niemen Sklep Charytatywny\",\"isPartOf\":{\"@id\":\"https:\/\/odraniemen.org\/sklep\/#website\"},\"datePublished\":\"2021-04-15T06:36:51+00:00\",\"dateModified\":\"2021-04-20T08:34:22+00:00\",\"breadcrumb\":{\"@id\":\"https:\/\/odraniemen.org\/sklep\/formularz-reklamacji-towaru\/#breadcrumb\"},\"inLanguage\":\"pl-PL\",\"potentialAction\":[{\"@type\":\"ReadAction\",\"target\":[\"https:\/\/odraniemen.org\/sklep\/formularz-reklamacji-towaru\/\"]}]},{\"@type\":\"BreadcrumbList\",\"@id\":\"https:\/\/odraniemen.org\/sklep\/formularz-reklamacji-towaru\/#breadcrumb\",\"itemListElement\":[{\"@type\":\"ListItem\",\"position\":1,\"name\":\"Strona g\u0142\u00f3wna\",\"item\":\"https:\/\/odraniemen.org\/sklep\/\"},{\"@type\":\"ListItem\",\"position\":2,\"name\":\"Formularz reklamacji towaru\"}]},{\"@type\":\"WebSite\",\"@id\":\"https:\/\/odraniemen.org\/sklep\/#website\",\"url\":\"https:\/\/odraniemen.org\/sklep\/\",\"name\":\"Odra Niemen Sklep Charytatywny\",\"description\":\"Sklep charytatywny Stowarzyszenia Odra-Niemen\",\"publisher\":{\"@id\":\"https:\/\/odraniemen.org\/sklep\/#organization\"},\"potentialAction\":[{\"@type\":\"SearchAction\",\"target\":{\"@type\":\"EntryPoint\",\"urlTemplate\":\"https:\/\/odraniemen.org\/sklep\/?s={search_term_string}\"},\"query-input\":\"required name=search_term_string\"}],\"inLanguage\":\"pl-PL\"},{\"@type\":\"Organization\",\"@id\":\"https:\/\/odraniemen.org\/sklep\/#organization\",\"name\":\"Odra Niemen Sklep Charytatywny\",\"url\":\"https:\/\/odraniemen.org\/sklep\/\",\"logo\":{\"@type\":\"ImageObject\",\"inLanguage\":\"pl-PL\",\"@id\":\"https:\/\/odraniemen.org\/sklep\/#\/schema\/logo\/image\/\",\"url\":\"https:\/\/odraniemen.org\/sklep\/wp-content\/uploads\/sites\/8\/2022\/05\/cropped-logo-menu1.png\",\"contentUrl\":\"https:\/\/odraniemen.org\/sklep\/wp-content\/uploads\/sites\/8\/2022\/05\/cropped-logo-menu1.png\",\"width\":324,\"height\":250,\"caption\":\"Odra Niemen Sklep Charytatywny\"},\"image\":{\"@id\":\"https:\/\/odraniemen.org\/sklep\/#\/schema\/logo\/image\/\"}}]}<\/script>\n<!-- \/ Yoast SEO plugin. -->","yoast_head_json":{"title":"Formularz reklamacji towaru - Odra Niemen Sklep Charytatywny","robots":{"index":"index","follow":"follow","max-snippet":"max-snippet:-1","max-image-preview":"max-image-preview:large","max-video-preview":"max-video-preview:-1"},"canonical":"https:\/\/odraniemen.org\/sklep\/formularz-reklamacji-towaru\/","og_locale":"pl_PL","og_type":"article","og_title":"Formularz reklamacji towaru - Odra Niemen Sklep Charytatywny","og_url":"https:\/\/odraniemen.org\/sklep\/formularz-reklamacji-towaru\/","og_site_name":"Odra Niemen Sklep Charytatywny","article_modified_time":"2021-04-20T08:34:22+00:00","twitter_card":"summary_large_image","schema":{"@context":"https:\/\/schema.org","@graph":[{"@type":"WebPage","@id":"https:\/\/odraniemen.org\/sklep\/formularz-reklamacji-towaru\/","url":"https:\/\/odraniemen.org\/sklep\/formularz-reklamacji-towaru\/","name":"Formularz reklamacji towaru - Odra Niemen Sklep Charytatywny","isPartOf":{"@id":"https:\/\/odraniemen.org\/sklep\/#website"},"datePublished":"2021-04-15T06:36:51+00:00","dateModified":"2021-04-20T08:34:22+00:00","breadcrumb":{"@id":"https:\/\/odraniemen.org\/sklep\/formularz-reklamacji-towaru\/#breadcrumb"},"inLanguage":"pl-PL","potentialAction":[{"@type":"ReadAction","target":["https:\/\/odraniemen.org\/sklep\/formularz-reklamacji-towaru\/"]}]},{"@type":"BreadcrumbList","@id":"https:\/\/odraniemen.org\/sklep\/formularz-reklamacji-towaru\/#breadcrumb","itemListElement":[{"@type":"ListItem","position":1,"name":"Strona g\u0142\u00f3wna","item":"https:\/\/odraniemen.org\/sklep\/"},{"@type":"ListItem","position":2,"name":"Formularz reklamacji towaru"}]},{"@type":"WebSite","@id":"https:\/\/odraniemen.org\/sklep\/#website","url":"https:\/\/odraniemen.org\/sklep\/","name":"Odra Niemen Sklep Charytatywny","description":"Sklep charytatywny Stowarzyszenia Odra-Niemen","publisher":{"@id":"https:\/\/odraniemen.org\/sklep\/#organization"},"potentialAction":[{"@type":"SearchAction","target":{"@type":"EntryPoint","urlTemplate":"https:\/\/odraniemen.org\/sklep\/?s={search_term_string}"},"query-input":"required name=search_term_string"}],"inLanguage":"pl-PL"},{"@type":"Organization","@id":"https:\/\/odraniemen.org\/sklep\/#organization","name":"Odra Niemen Sklep Charytatywny","url":"https:\/\/odraniemen.org\/sklep\/","logo":{"@type":"ImageObject","inLanguage":"pl-PL","@id":"https:\/\/odraniemen.org\/sklep\/#\/schema\/logo\/image\/","url":"https:\/\/odraniemen.org\/sklep\/wp-content\/uploads\/sites\/8\/2022\/05\/cropped-logo-menu1.png","contentUrl":"https:\/\/odraniemen.org\/sklep\/wp-content\/uploads\/sites\/8\/2022\/05\/cropped-logo-menu1.png","width":324,"height":250,"caption":"Odra Niemen Sklep Charytatywny"},"image":{"@id":"https:\/\/odraniemen.org\/sklep\/#\/schema\/logo\/image\/"}}]}},"_links":{"self":[{"href":"https:\/\/odraniemen.org\/sklep\/wp-json\/wp\/v2\/pages\/733"}],"collection":[{"href":"https:\/\/odraniemen.org\/sklep\/wp-json\/wp\/v2\/pages"}],"about":[{"href":"https:\/\/odraniemen.org\/sklep\/wp-json\/wp\/v2\/types\/page"}],"author":[{"embeddable":true,"href":"https:\/\/odraniemen.org\/sklep\/wp-json\/wp\/v2\/users\/362"}],"replies":[{"embeddable":true,"href":"https:\/\/odraniemen.org\/sklep\/wp-json\/wp\/v2\/comments?post=733"}],"version-history":[{"count":6,"href":"https:\/\/odraniemen.org\/sklep\/wp-json\/wp\/v2\/pages\/733\/revisions"}],"predecessor-version":[{"id":4159,"href":"https:\/\/odraniemen.org\/sklep\/wp-json\/wp\/v2\/pages\/733\/revisions\/4159"}],"wp:attachment":[{"href":"https:\/\/odraniemen.org\/sklep\/wp-json\/wp\/v2\/media?parent=733"}],"curies":[{"name":"wp","href":"https:\/\/api.w.org\/{rel}","templated":true}]}}