
{"id":4425,"date":"2022-04-04T15:38:43","date_gmt":"2022-04-04T13:38:43","guid":{"rendered":"https:\/\/odraniemen.org\/sklep\/?post_type=product&#038;p=4425"},"modified":"2024-09-04T11:34:28","modified_gmt":"2024-09-04T09:34:28","slug":"posilek-dla-kombatanta","status":"publish","type":"product","link":"https:\/\/odraniemen.org\/sklep\/produkt\/posilek-dla-kombatanta\/","title":{"rendered":"Posi\u0142ek dla Kombatanta"},"content":{"rendered":"<p>&nbsp;<\/p>\n<p>Pan Mieczys\u0142aw, do kt\u00f3rego wozili\u015bmy obiady, odszed\u0142 na wieczn\u0105 wart\u0119.<\/p>\n<p>Jednak ca\u0142y czas wspieramy kombatant\u00f3w, kt\u00f3rzy mieszkaj\u0105 sami.<\/p>\n<p>Robienie zakup\u00f3w i przygotowanie posi\u0142k\u00f3w dla os\u00f3b, kt\u00f3rzy s\u0105 po dziewi\u0119\u0107dziesi\u0105tce stanowi nie lada wyzwanie.<\/p>\n<p>Nasza inicjatywa &#8220;Posi\u0142ek dla Kombatanta&#8221; jest realnym wsparciem, a teraz i Ty mo\u017cesz dorzuci\u0107 swoj\u0105 cegie\u0142k\u0119.<\/p>\n<p>Od czerwca 2023 dowozimy posi\u0142ki dw\u00f3m kolejnym kombatantom. Jednym z nich jest Pan Janusz, jeden z bohater\u00f3w Pozna\u0144skiego Czerwca &#8217;56<\/p>\n<p>W 1956 roku w Poznaniu na pocz\u0105tku lata ca\u0142e miasto zbuntowa\u0142o si\u0119 przeciwko komunistycznemu re\u017cimowi i ponios\u0142o za to krwaw\u0105 ofiar\u0119. \u017byj\u0105 do dzi\u015b tak\u017ce ci, kt\u00f3rzy wtedy, gdy w\u0142adza zacz\u0119\u0142a do bezbronnych ludzi strzela\u0107, chwycili za bro\u0144 by si\u0119 temu przeciwstawi\u0107. Jedn\u0105 z takich os\u00f3b jest Pan Janusz Biega\u0144ski, kt\u00f3ry sko\u0144czy\u0142 87 lat.<\/p>\n<p>Dzi\u015b Pan Janusz jest ju\u017c ostatnim \u017cyj\u0105cym oskar\u017conym w pokazowym procesie dziewi\u0119ciu. Od kilku lat jego stan zdrowia si\u0119 pogarsza. Postanowili\u015bmy wesprze\u0107 go na co dzie\u0144 regularnie dostarczaj\u0105c ciep\u0142e posi\u0142ki.<\/p>\n<p>Kolejn\u0105 osob\u0105, kt\u00f3ra do\u0142\u0105czy\u0142a do grona kombatant\u00f3w, kt\u00f3re otrzymuj\u0105 od nas wsparcie jest 99 letnia Pani Maria ps. &#8220;Sarna&#8221; \u0142\u0105czniczka i kolporterka prasy podziemnej szkol\u0105ca si\u0119 w czasie wojny na sanitariuszk\u0119 w domu zakonnym si\u00f3str szarytek przy ul. Skop\u00f3wka w Wilnie i u prof. Kornela Machejdy. Dzi\u015b Pani Maria samotnie mieszka we Wroc\u0142awiu.<\/p>\n<p>Dzi\u0119ki zakupowi cegie\u0142ki b\u0119dziemy mogli dostarczy\u0107 obiad dla jednego z naszych podopiecznych kombatant\u00f3w.<br \/>\nMiesi\u0119czny koszt zakupu obiad\u00f3w dla kombatanta to 400 z\u0142, ale ju\u017c jedna cegie\u0142ka spowoduje, \u017ce na czyim\u015b stole pojawi si\u0119 przygotowany posi\u0142ek.<br \/>\nNie czekaj, wspom\u00f3\u017c akcj\u0119 &#8220;Posi\u0142ek dla kombatanta&#8221; i w ten spos\u00f3b oddaj cze\u015b\u0107 bohaterom naszej wolno\u015bci!<\/p>\n","protected":false},"excerpt":{"rendered":"<p>Pan Mieczys\u0142aw, do kt\u00f3rego wozili\u015bmy obiady, odszed\u0142 na wieczn\u0105 wart\u0119.<\/p>\n<p>Jednak ca\u0142y czas wspieramy weteran\u00f3w, kt\u00f3rzy mieszkaj\u0105 sami, jak Pan Janusz, kombatant Czerwca&#8217; 56 oraz Pani Maria ps. &#8220;Sarna&#8221; z Wroc\u0142awia.<\/p>\n<p>Robienie zakup\u00f3w i przygotowanie posi\u0142k\u00f3w dla os\u00f3b, kt\u00f3rzy s\u0105 po dziewi\u0119\u0107dziesi\u0105tce stanowi nie lada wyzwanie.<\/p>\n<p>Nasza inicjatywa &#8220;Posi\u0142ek dla Kombatanta&#8221; jest realnym wsparciem, a teraz i Ty mo\u017cesz dorzuci\u0107 swoj\u0105 cegie\u0142k\u0119.<\/p>\n<p>Je\u015bli chcesz zwi\u0119kszy\u0107 kwot\u0119 donacji w okienku przy przycisku &#8220;dodaj do koszyka&#8221; ustaw odpowiedni\u0105 ilo\u015b\u0107.<\/p>\n<p>&nbsp;<\/p>\n<p>&nbsp;<\/p>\n","protected":false},"featured_media":6382,"comment_status":"open","ping_status":"closed","template":"","meta":{"site-sidebar-layout":"default","site-content-layout":"default","ast-site-content-layout":"default","site-content-style":"default","site-sidebar-style":"default","ast-global-header-display":"","ast-banner-title-visibility":"","ast-main-header-display":"","ast-hfb-above-header-display":"","ast-hfb-below-header-display":"","ast-hfb-mobile-header-display":"","site-post-title":"","ast-breadcrumbs-content":"","ast-featured-img":"","footer-sml-layout":"","theme-transparent-header-meta":"default","adv-header-id-meta":"","stick-header-meta":"","header-above-stick-meta":"","header-main-stick-meta":"","header-below-stick-meta":"","astra-migrate-meta-layouts":"set","ast-page-background-enabled":"default","ast-page-background-meta":{"desktop":{"background-color":"","background-image":"","background-repeat":"repeat","background-position":"center center","background-size":"auto","background-attachment":"scroll","background-type":"","background-media":"","overlay-type":"","overlay-color":"","overlay-gradient":""},"tablet":{"background-color":"","background-image":"","background-repeat":"repeat","background-position":"center center","background-size":"auto","background-attachment":"scroll","background-type":"","background-media":"","overlay-type":"","overlay-color":"","overlay-gradient":""},"mobile":{"background-color":"","background-image":"","background-repeat":"repeat","background-position":"center center","background-size":"auto","background-attachment":"scroll","background-type":"","background-media":"","overlay-type":"","overlay-color":"","overlay-gradient":""}},"ast-content-background-meta":{"desktop":{"background-color":"var(--ast-global-color-5)","background-image":"","background-repeat":"repeat","background-position":"center center","background-size":"auto","background-attachment":"scroll","background-type":"","background-media":"","overlay-type":"","overlay-color":"","overlay-gradient":""},"tablet":{"background-color":"var(--ast-global-color-5)","background-image":"","background-repeat":"repeat","background-position":"center center","background-size":"auto","background-attachment":"scroll","background-type":"","background-media":"","overlay-type":"","overlay-color":"","overlay-gradient":""},"mobile":{"background-color":"var(--ast-global-color-5)","background-image":"","background-repeat":"repeat","background-position":"center center","background-size":"auto","background-attachment":"scroll","background-type":"","background-media":"","overlay-type":"","overlay-color":"","overlay-gradient":""}}},"product_cat":[82,53],"product_tag":[],"yoast_head":"<!-- This site is optimized with the Yoast SEO plugin v21.6 - https:\/\/yoast.com\/wordpress\/plugins\/seo\/ -->\n<title>Posi\u0142ek dla Kombatanta - Odra Niemen Sklep Charytatywny<\/title>\n<meta name=\"description\" content=\"Posi\u0142ek dla kombatanta to realna forma wsparcia dla Polskich Kombatant\u00f3w dla kt\u00f3rych zakupy i przygotowanie obiad\u00f3w stanowi realny problem\" \/>\n<meta name=\"robots\" content=\"index, follow, max-snippet:-1, max-image-preview:large, max-video-preview:-1\" \/>\n<link rel=\"canonical\" href=\"https:\/\/odraniemen.org\/sklep\/produkt\/posilek-dla-kombatanta\/\" \/>\n<meta property=\"og:locale\" content=\"pl_PL\" \/>\n<meta property=\"og:type\" content=\"article\" \/>\n<meta property=\"og:title\" content=\"Posi\u0142ek dla Kombatanta - Odra Niemen Sklep Charytatywny\" \/>\n<meta property=\"og:description\" content=\"Posi\u0142ek dla kombatanta to realna forma wsparcia dla Polskich Kombatant\u00f3w dla kt\u00f3rych zakupy i przygotowanie obiad\u00f3w stanowi realny problem\" \/>\n<meta property=\"og:url\" content=\"https:\/\/odraniemen.org\/sklep\/produkt\/posilek-dla-kombatanta\/\" \/>\n<meta property=\"og:site_name\" content=\"Odra Niemen Sklep Charytatywny\" \/>\n<meta property=\"article:modified_time\" content=\"2024-09-04T09:34:28+00:00\" \/>\n<meta property=\"og:image\" content=\"https:\/\/odraniemen.org\/sklep\/wp-content\/uploads\/sites\/8\/2022\/04\/Posilek-dla-Kombatanta-Pan-Janusz.jpg\" \/>\n\t<meta property=\"og:image:width\" content=\"750\" \/>\n\t<meta property=\"og:image:height\" content=\"1000\" \/>\n\t<meta property=\"og:image:type\" content=\"image\/jpeg\" \/>\n<meta name=\"twitter:card\" content=\"summary_large_image\" \/>\n<meta name=\"twitter:label1\" content=\"Szacowany czas czytania\" \/>\n\t<meta name=\"twitter:data1\" content=\"2 minuty\" \/>\n<script type=\"application\/ld+json\" class=\"yoast-schema-graph\">{\"@context\":\"https:\/\/schema.org\",\"@graph\":[{\"@type\":\"WebPage\",\"@id\":\"https:\/\/odraniemen.org\/sklep\/produkt\/posilek-dla-kombatanta\/\",\"url\":\"https:\/\/odraniemen.org\/sklep\/produkt\/posilek-dla-kombatanta\/\",\"name\":\"Posi\u0142ek dla Kombatanta - Odra Niemen Sklep Charytatywny\",\"isPartOf\":{\"@id\":\"https:\/\/odraniemen.org\/sklep\/#website\"},\"datePublished\":\"2022-04-04T13:38:43+00:00\",\"dateModified\":\"2024-09-04T09:34:28+00:00\",\"description\":\"Posi\u0142ek dla kombatanta to realna forma wsparcia dla Polskich Kombatant\u00f3w dla kt\u00f3rych zakupy i przygotowanie obiad\u00f3w stanowi realny problem\",\"breadcrumb\":{\"@id\":\"https:\/\/odraniemen.org\/sklep\/produkt\/posilek-dla-kombatanta\/#breadcrumb\"},\"inLanguage\":\"pl-PL\",\"potentialAction\":[{\"@type\":\"ReadAction\",\"target\":[\"https:\/\/odraniemen.org\/sklep\/produkt\/posilek-dla-kombatanta\/\"]}]},{\"@type\":\"BreadcrumbList\",\"@id\":\"https:\/\/odraniemen.org\/sklep\/produkt\/posilek-dla-kombatanta\/#breadcrumb\",\"itemListElement\":[{\"@type\":\"ListItem\",\"position\":1,\"name\":\"Strona g\u0142\u00f3wna\",\"item\":\"https:\/\/odraniemen.org\/sklep\/\"},{\"@type\":\"ListItem\",\"position\":2,\"name\":\"Sklep\",\"item\":\"https:\/\/odraniemen.org\/sklep\/sklep\/\"},{\"@type\":\"ListItem\",\"position\":3,\"name\":\"Posi\u0142ek dla Kombatanta\"}]},{\"@type\":\"WebSite\",\"@id\":\"https:\/\/odraniemen.org\/sklep\/#website\",\"url\":\"https:\/\/odraniemen.org\/sklep\/\",\"name\":\"Odra Niemen Sklep Charytatywny\",\"description\":\"Sklep charytatywny Stowarzyszenia Odra-Niemen\",\"publisher\":{\"@id\":\"https:\/\/odraniemen.org\/sklep\/#organization\"},\"potentialAction\":[{\"@type\":\"SearchAction\",\"target\":{\"@type\":\"EntryPoint\",\"urlTemplate\":\"https:\/\/odraniemen.org\/sklep\/?s={search_term_string}\"},\"query-input\":\"required name=search_term_string\"}],\"inLanguage\":\"pl-PL\"},{\"@type\":\"Organization\",\"@id\":\"https:\/\/odraniemen.org\/sklep\/#organization\",\"name\":\"Odra Niemen Sklep Charytatywny\",\"url\":\"https:\/\/odraniemen.org\/sklep\/\",\"logo\":{\"@type\":\"ImageObject\",\"inLanguage\":\"pl-PL\",\"@id\":\"https:\/\/odraniemen.org\/sklep\/#\/schema\/logo\/image\/\",\"url\":\"https:\/\/odraniemen.org\/sklep\/wp-content\/uploads\/sites\/8\/2022\/05\/cropped-logo-menu1.png\",\"contentUrl\":\"https:\/\/odraniemen.org\/sklep\/wp-content\/uploads\/sites\/8\/2022\/05\/cropped-logo-menu1.png\",\"width\":324,\"height\":250,\"caption\":\"Odra Niemen Sklep Charytatywny\"},\"image\":{\"@id\":\"https:\/\/odraniemen.org\/sklep\/#\/schema\/logo\/image\/\"}}]}<\/script>\n<!-- \/ Yoast SEO plugin. -->","yoast_head_json":{"title":"Posi\u0142ek dla Kombatanta - Odra Niemen Sklep Charytatywny","description":"Posi\u0142ek dla kombatanta to realna forma wsparcia dla Polskich Kombatant\u00f3w dla kt\u00f3rych zakupy i przygotowanie obiad\u00f3w stanowi realny problem","robots":{"index":"index","follow":"follow","max-snippet":"max-snippet:-1","max-image-preview":"max-image-preview:large","max-video-preview":"max-video-preview:-1"},"canonical":"https:\/\/odraniemen.org\/sklep\/produkt\/posilek-dla-kombatanta\/","og_locale":"pl_PL","og_type":"article","og_title":"Posi\u0142ek dla Kombatanta - Odra Niemen Sklep Charytatywny","og_description":"Posi\u0142ek dla kombatanta to realna forma wsparcia dla Polskich Kombatant\u00f3w dla kt\u00f3rych zakupy i przygotowanie obiad\u00f3w stanowi realny problem","og_url":"https:\/\/odraniemen.org\/sklep\/produkt\/posilek-dla-kombatanta\/","og_site_name":"Odra Niemen Sklep Charytatywny","article_modified_time":"2024-09-04T09:34:28+00:00","og_image":[{"width":750,"height":1000,"url":"https:\/\/odraniemen.org\/sklep\/wp-content\/uploads\/sites\/8\/2022\/04\/Posilek-dla-Kombatanta-Pan-Janusz.jpg","type":"image\/jpeg"}],"twitter_card":"summary_large_image","twitter_misc":{"Szacowany czas czytania":"2 minuty"},"schema":{"@context":"https:\/\/schema.org","@graph":[{"@type":"WebPage","@id":"https:\/\/odraniemen.org\/sklep\/produkt\/posilek-dla-kombatanta\/","url":"https:\/\/odraniemen.org\/sklep\/produkt\/posilek-dla-kombatanta\/","name":"Posi\u0142ek dla Kombatanta - Odra Niemen Sklep Charytatywny","isPartOf":{"@id":"https:\/\/odraniemen.org\/sklep\/#website"},"datePublished":"2022-04-04T13:38:43+00:00","dateModified":"2024-09-04T09:34:28+00:00","description":"Posi\u0142ek dla kombatanta to realna forma wsparcia dla Polskich Kombatant\u00f3w dla kt\u00f3rych zakupy i przygotowanie obiad\u00f3w stanowi realny problem","breadcrumb":{"@id":"https:\/\/odraniemen.org\/sklep\/produkt\/posilek-dla-kombatanta\/#breadcrumb"},"inLanguage":"pl-PL","potentialAction":[{"@type":"ReadAction","target":["https:\/\/odraniemen.org\/sklep\/produkt\/posilek-dla-kombatanta\/"]}]},{"@type":"BreadcrumbList","@id":"https:\/\/odraniemen.org\/sklep\/produkt\/posilek-dla-kombatanta\/#breadcrumb","itemListElement":[{"@type":"ListItem","position":1,"name":"Strona g\u0142\u00f3wna","item":"https:\/\/odraniemen.org\/sklep\/"},{"@type":"ListItem","position":2,"name":"Sklep","item":"https:\/\/odraniemen.org\/sklep\/sklep\/"},{"@type":"ListItem","position":3,"name":"Posi\u0142ek dla Kombatanta"}]},{"@type":"WebSite","@id":"https:\/\/odraniemen.org\/sklep\/#website","url":"https:\/\/odraniemen.org\/sklep\/","name":"Odra Niemen Sklep Charytatywny","description":"Sklep charytatywny Stowarzyszenia Odra-Niemen","publisher":{"@id":"https:\/\/odraniemen.org\/sklep\/#organization"},"potentialAction":[{"@type":"SearchAction","target":{"@type":"EntryPoint","urlTemplate":"https:\/\/odraniemen.org\/sklep\/?s={search_term_string}"},"query-input":"required name=search_term_string"}],"inLanguage":"pl-PL"},{"@type":"Organization","@id":"https:\/\/odraniemen.org\/sklep\/#organization","name":"Odra Niemen Sklep Charytatywny","url":"https:\/\/odraniemen.org\/sklep\/","logo":{"@type":"ImageObject","inLanguage":"pl-PL","@id":"https:\/\/odraniemen.org\/sklep\/#\/schema\/logo\/image\/","url":"https:\/\/odraniemen.org\/sklep\/wp-content\/uploads\/sites\/8\/2022\/05\/cropped-logo-menu1.png","contentUrl":"https:\/\/odraniemen.org\/sklep\/wp-content\/uploads\/sites\/8\/2022\/05\/cropped-logo-menu1.png","width":324,"height":250,"caption":"Odra Niemen Sklep Charytatywny"},"image":{"@id":"https:\/\/odraniemen.org\/sklep\/#\/schema\/logo\/image\/"}}]}},"_links":{"self":[{"href":"https:\/\/odraniemen.org\/sklep\/wp-json\/wp\/v2\/product\/4425"}],"collection":[{"href":"https:\/\/odraniemen.org\/sklep\/wp-json\/wp\/v2\/product"}],"about":[{"href":"https:\/\/odraniemen.org\/sklep\/wp-json\/wp\/v2\/types\/product"}],"replies":[{"embeddable":true,"href":"https:\/\/odraniemen.org\/sklep\/wp-json\/wp\/v2\/comments?post=4425"}],"wp:featuredmedia":[{"embeddable":true,"href":"https:\/\/odraniemen.org\/sklep\/wp-json\/wp\/v2\/media\/6382"}],"wp:attachment":[{"href":"https:\/\/odraniemen.org\/sklep\/wp-json\/wp\/v2\/media?parent=4425"}],"wp:term":[{"taxonomy":"product_cat","embeddable":true,"href":"https:\/\/odraniemen.org\/sklep\/wp-json\/wp\/v2\/product_cat?post=4425"},{"taxonomy":"product_tag","embeddable":true,"href":"https:\/\/odraniemen.org\/sklep\/wp-json\/wp\/v2\/product_tag?post=4425"}],"curies":[{"name":"wp","href":"https:\/\/api.w.org\/{rel}","templated":true}]}}