
{"id":4446,"date":"2022-04-04T18:15:57","date_gmt":"2022-04-04T16:15:57","guid":{"rendered":"https:\/\/odraniemen.org\/sklep\/?post_type=product&#038;p=4446"},"modified":"2025-10-31T16:04:30","modified_gmt":"2025-10-31T15:04:30","slug":"renowacja-cmentarza","status":"publish","type":"product","link":"https:\/\/odraniemen.org\/sklep\/produkt\/renowacja-cmentarza\/","title":{"rendered":"Renowacja cmentarza"},"content":{"rendered":"<p>&nbsp;<\/p>\n<p>Projekt Miejsca Pami\u0119ci realizujemy od 2012 roku. Od tego czasu staramy si\u0119 opiekowa\u0107 miejscami pami\u0119ci w kraju i za granic\u0105, g\u0142\u00f3wnie na dawnych Kresach Wschodnich.\u00a0W 2012 roku podj\u0119li\u015bmy opiek\u0119 nad kwater\u0105 \u017bo\u0142nierzy Wykl\u0119tych na wroc\u0142awskim Cmentarzu Osobowickim. Ale r\u00f3wnie\u017c w 2012 roku odnowili\u015bmy cmentarz w Surkontach na Bia\u0142orusi, gdzie spoczywa mjr Maciej Kalenkiewicz ps. Kotwicz \u2013 ostatni dow\u00f3dca Nowogr\u00f3dzkiego Okr\u0119gu Armii Krajowej.<\/p>\n<p>To miejsce i inne na Grodzie\u0144szczy\u017anie poznali\u015bmy dzi\u0119ki kombatantom ze Stowarzyszenia \u017bo\u0142nierzy AK na Bia\u0142orusi.<\/p>\n<p>Od tamtej pory wyremontowali\u015bmy i obj\u0119li\u015bmy opiek\u0105\u00a0<strong>8<\/strong>\u00a0cmentarzy oraz kwater wojskowych i wojennych na terenie dzisiejszej\u00a0<strong>Litwy<\/strong>: Dubicze, Gumba, Kole\u015bniki, Niewonia\u0144ce, Zawisza\u0144ce, Sangie\u0142owszczyzna oraz kwatery AK w Puszczy Rudnickiej i na dawnym cmentarzu Szalewicz\u00f3w nad Wersok\u0105.\u00a0\u00a0<strong>Na terenie Bia\u0142orusi odnowili\u015bmy 7 miejsc pami\u0119ci:\u00a0<\/strong>w Niecieczy, Wawi\u00f3rce, Surkontach, Jancewiczach, Iwie\u0144cu, Kamieniu i Starzynkach.\u00a0<strong>Na Ukrainie<\/strong>\u00a0od\u00a0 2019 roku trwaj\u0105 prace na polskich cmentarzach w Krzemie\u0144cu oraz w Szumsku.\u00a0W Czechach \u2013 na Zaolziu renowacji podleg\u0142o\u00a0<strong>6<\/strong>\u00a0cmentarzy.\u00a0<strong>W 2022 roku jeste\u015bmy po raz pierwszy w Gruzji, w Tbilisi<\/strong>\u00a0odnawiamy i zabezpieczamy groby na polskiej kwaterze cmentarza na Kukii,<\/p>\n<p>Kupuj\u0105c cegie\u0142ki &#8220;Renowacja cmentarza&#8221; wspierasz nasz projekt &#8220;Miejsca Pami\u0119ci&#8221; Akcja ma na celu opiek\u0119 oraz renowacje cmentarzy Polskich Bohater\u00f3w!<\/p>\n","protected":false},"excerpt":{"rendered":"<p>&nbsp;<\/p>\n<p style=\"line-height: 150%;\"><b>Kupuj\u0105c cegie\u0142ki &#8220;Renowacja cmentarza&#8221; wspierasz ochron\u0119 i dbanie o polskie miejsca pami\u0119ci oraz nekropolie, g\u0142\u00f3wnie na Kresach Wschodnich. Remontujemy, uporz\u0105dkowujemy i sprz\u0105tamy cmentarze, a w okresie zaduszek co roku organizujemy wyjazdy i stawiamy znicze na setkach grobach Polak\u00f3w.<\/b><\/p>\n<p>Je\u015bli chcesz zwi\u0119kszy\u0107 kwot\u0119 donacji w okienku przy przycisku \u201cdodaj do koszyka\u201d ustaw odpowiedni\u0105 ilo\u015b\u0107.<\/p>\n","protected":false},"featured_media":5258,"comment_status":"open","ping_status":"closed","template":"","meta":{"site-sidebar-layout":"default","site-content-layout":"default","ast-site-content-layout":"default","site-content-style":"default","site-sidebar-style":"default","ast-global-header-display":"","ast-banner-title-visibility":"","ast-main-header-display":"","ast-hfb-above-header-display":"","ast-hfb-below-header-display":"","ast-hfb-mobile-header-display":"","site-post-title":"","ast-breadcrumbs-content":"","ast-featured-img":"","footer-sml-layout":"","theme-transparent-header-meta":"default","adv-header-id-meta":"","stick-header-meta":"","header-above-stick-meta":"","header-main-stick-meta":"","header-below-stick-meta":"","astra-migrate-meta-layouts":"set","ast-page-background-enabled":"default","ast-page-background-meta":{"desktop":{"background-color":"","background-image":"","background-repeat":"repeat","background-position":"center center","background-size":"auto","background-attachment":"scroll","background-type":"","background-media":"","overlay-type":"","overlay-color":"","overlay-gradient":""},"tablet":{"background-color":"","background-image":"","background-repeat":"repeat","background-position":"center center","background-size":"auto","background-attachment":"scroll","background-type":"","background-media":"","overlay-type":"","overlay-color":"","overlay-gradient":""},"mobile":{"background-color":"","background-image":"","background-repeat":"repeat","background-position":"center center","background-size":"auto","background-attachment":"scroll","background-type":"","background-media":"","overlay-type":"","overlay-color":"","overlay-gradient":""}},"ast-content-background-meta":{"desktop":{"background-color":"var(--ast-global-color-5)","background-image":"","background-repeat":"repeat","background-position":"center center","background-size":"auto","background-attachment":"scroll","background-type":"","background-media":"","overlay-type":"","overlay-color":"","overlay-gradient":""},"tablet":{"background-color":"var(--ast-global-color-5)","background-image":"","background-repeat":"repeat","background-position":"center center","background-size":"auto","background-attachment":"scroll","background-type":"","background-media":"","overlay-type":"","overlay-color":"","overlay-gradient":""},"mobile":{"background-color":"var(--ast-global-color-5)","background-image":"","background-repeat":"repeat","background-position":"center center","background-size":"auto","background-attachment":"scroll","background-type":"","background-media":"","overlay-type":"","overlay-color":"","overlay-gradient":""}}},"product_cat":[82,53],"product_tag":[],"yoast_head":"<!-- This site is optimized with the Yoast SEO plugin v21.6 - https:\/\/yoast.com\/wordpress\/plugins\/seo\/ -->\n<title>Renowacja cmentarza - Odra Niemen Sklep Charytatywny<\/title>\n<meta name=\"description\" content=\"Kupuj\u0105c cegie\u0142ki &quot;Renowacja cmentarza&quot; wspierasz nasz projekt &quot;Miejsca Pami\u0119ci&quot; Akcja ma na celu opiek\u0119 oraz renowacje cmentarzy Polskich Bohater\u00f3w\" \/>\n<meta name=\"robots\" content=\"index, follow, max-snippet:-1, max-image-preview:large, max-video-preview:-1\" \/>\n<link rel=\"canonical\" href=\"https:\/\/odraniemen.org\/sklep\/produkt\/renowacja-cmentarza\/\" \/>\n<meta property=\"og:locale\" content=\"pl_PL\" \/>\n<meta property=\"og:type\" content=\"article\" \/>\n<meta property=\"og:title\" content=\"Renowacja cmentarza - Odra Niemen Sklep Charytatywny\" \/>\n<meta property=\"og:description\" content=\"Kupuj\u0105c cegie\u0142ki &quot;Renowacja cmentarza&quot; wspierasz nasz projekt &quot;Miejsca Pami\u0119ci&quot; Akcja ma na celu opiek\u0119 oraz renowacje cmentarzy Polskich Bohater\u00f3w\" \/>\n<meta property=\"og:url\" content=\"https:\/\/odraniemen.org\/sklep\/produkt\/renowacja-cmentarza\/\" \/>\n<meta property=\"og:site_name\" content=\"Odra Niemen Sklep Charytatywny\" \/>\n<meta property=\"article:modified_time\" content=\"2025-10-31T15:04:30+00:00\" \/>\n<meta property=\"og:image\" content=\"https:\/\/odraniemen.org\/sklep\/wp-content\/uploads\/sites\/8\/2022\/04\/renowacja-cmentarza-w-tbilisi.jpg\" \/>\n\t<meta property=\"og:image:width\" content=\"750\" \/>\n\t<meta property=\"og:image:height\" content=\"1000\" \/>\n\t<meta property=\"og:image:type\" content=\"image\/jpeg\" \/>\n<meta name=\"twitter:card\" content=\"summary_large_image\" \/>\n<meta name=\"twitter:label1\" content=\"Szacowany czas czytania\" \/>\n\t<meta name=\"twitter:data1\" content=\"2 minuty\" \/>\n<script type=\"application\/ld+json\" class=\"yoast-schema-graph\">{\"@context\":\"https:\/\/schema.org\",\"@graph\":[{\"@type\":\"WebPage\",\"@id\":\"https:\/\/odraniemen.org\/sklep\/produkt\/renowacja-cmentarza\/\",\"url\":\"https:\/\/odraniemen.org\/sklep\/produkt\/renowacja-cmentarza\/\",\"name\":\"Renowacja cmentarza - Odra Niemen Sklep Charytatywny\",\"isPartOf\":{\"@id\":\"https:\/\/odraniemen.org\/sklep\/#website\"},\"datePublished\":\"2022-04-04T16:15:57+00:00\",\"dateModified\":\"2025-10-31T15:04:30+00:00\",\"description\":\"Kupuj\u0105c cegie\u0142ki \\\"Renowacja cmentarza\\\" wspierasz nasz projekt \\\"Miejsca Pami\u0119ci\\\" Akcja ma na celu opiek\u0119 oraz renowacje cmentarzy Polskich Bohater\u00f3w\",\"breadcrumb\":{\"@id\":\"https:\/\/odraniemen.org\/sklep\/produkt\/renowacja-cmentarza\/#breadcrumb\"},\"inLanguage\":\"pl-PL\",\"potentialAction\":[{\"@type\":\"ReadAction\",\"target\":[\"https:\/\/odraniemen.org\/sklep\/produkt\/renowacja-cmentarza\/\"]}]},{\"@type\":\"BreadcrumbList\",\"@id\":\"https:\/\/odraniemen.org\/sklep\/produkt\/renowacja-cmentarza\/#breadcrumb\",\"itemListElement\":[{\"@type\":\"ListItem\",\"position\":1,\"name\":\"Strona g\u0142\u00f3wna\",\"item\":\"https:\/\/odraniemen.org\/sklep\/\"},{\"@type\":\"ListItem\",\"position\":2,\"name\":\"Sklep\",\"item\":\"https:\/\/odraniemen.org\/sklep\/sklep\/\"},{\"@type\":\"ListItem\",\"position\":3,\"name\":\"Renowacja cmentarza\"}]},{\"@type\":\"WebSite\",\"@id\":\"https:\/\/odraniemen.org\/sklep\/#website\",\"url\":\"https:\/\/odraniemen.org\/sklep\/\",\"name\":\"Odra Niemen Sklep Charytatywny\",\"description\":\"Sklep charytatywny Stowarzyszenia Odra-Niemen\",\"publisher\":{\"@id\":\"https:\/\/odraniemen.org\/sklep\/#organization\"},\"potentialAction\":[{\"@type\":\"SearchAction\",\"target\":{\"@type\":\"EntryPoint\",\"urlTemplate\":\"https:\/\/odraniemen.org\/sklep\/?s={search_term_string}\"},\"query-input\":\"required name=search_term_string\"}],\"inLanguage\":\"pl-PL\"},{\"@type\":\"Organization\",\"@id\":\"https:\/\/odraniemen.org\/sklep\/#organization\",\"name\":\"Odra Niemen Sklep Charytatywny\",\"url\":\"https:\/\/odraniemen.org\/sklep\/\",\"logo\":{\"@type\":\"ImageObject\",\"inLanguage\":\"pl-PL\",\"@id\":\"https:\/\/odraniemen.org\/sklep\/#\/schema\/logo\/image\/\",\"url\":\"https:\/\/odraniemen.org\/sklep\/wp-content\/uploads\/sites\/8\/2022\/05\/cropped-logo-menu1.png\",\"contentUrl\":\"https:\/\/odraniemen.org\/sklep\/wp-content\/uploads\/sites\/8\/2022\/05\/cropped-logo-menu1.png\",\"width\":324,\"height\":250,\"caption\":\"Odra Niemen Sklep Charytatywny\"},\"image\":{\"@id\":\"https:\/\/odraniemen.org\/sklep\/#\/schema\/logo\/image\/\"}}]}<\/script>\n<!-- \/ Yoast SEO plugin. -->","yoast_head_json":{"title":"Renowacja cmentarza - Odra Niemen Sklep Charytatywny","description":"Kupuj\u0105c cegie\u0142ki \"Renowacja cmentarza\" wspierasz nasz projekt \"Miejsca Pami\u0119ci\" Akcja ma na celu opiek\u0119 oraz renowacje cmentarzy Polskich Bohater\u00f3w","robots":{"index":"index","follow":"follow","max-snippet":"max-snippet:-1","max-image-preview":"max-image-preview:large","max-video-preview":"max-video-preview:-1"},"canonical":"https:\/\/odraniemen.org\/sklep\/produkt\/renowacja-cmentarza\/","og_locale":"pl_PL","og_type":"article","og_title":"Renowacja cmentarza - Odra Niemen Sklep Charytatywny","og_description":"Kupuj\u0105c cegie\u0142ki \"Renowacja cmentarza\" wspierasz nasz projekt \"Miejsca Pami\u0119ci\" Akcja ma na celu opiek\u0119 oraz renowacje cmentarzy Polskich Bohater\u00f3w","og_url":"https:\/\/odraniemen.org\/sklep\/produkt\/renowacja-cmentarza\/","og_site_name":"Odra Niemen Sklep Charytatywny","article_modified_time":"2025-10-31T15:04:30+00:00","og_image":[{"width":750,"height":1000,"url":"https:\/\/odraniemen.org\/sklep\/wp-content\/uploads\/sites\/8\/2022\/04\/renowacja-cmentarza-w-tbilisi.jpg","type":"image\/jpeg"}],"twitter_card":"summary_large_image","twitter_misc":{"Szacowany czas czytania":"2 minuty"},"schema":{"@context":"https:\/\/schema.org","@graph":[{"@type":"WebPage","@id":"https:\/\/odraniemen.org\/sklep\/produkt\/renowacja-cmentarza\/","url":"https:\/\/odraniemen.org\/sklep\/produkt\/renowacja-cmentarza\/","name":"Renowacja cmentarza - Odra Niemen Sklep Charytatywny","isPartOf":{"@id":"https:\/\/odraniemen.org\/sklep\/#website"},"datePublished":"2022-04-04T16:15:57+00:00","dateModified":"2025-10-31T15:04:30+00:00","description":"Kupuj\u0105c cegie\u0142ki \"Renowacja cmentarza\" wspierasz nasz projekt \"Miejsca Pami\u0119ci\" Akcja ma na celu opiek\u0119 oraz renowacje cmentarzy Polskich Bohater\u00f3w","breadcrumb":{"@id":"https:\/\/odraniemen.org\/sklep\/produkt\/renowacja-cmentarza\/#breadcrumb"},"inLanguage":"pl-PL","potentialAction":[{"@type":"ReadAction","target":["https:\/\/odraniemen.org\/sklep\/produkt\/renowacja-cmentarza\/"]}]},{"@type":"BreadcrumbList","@id":"https:\/\/odraniemen.org\/sklep\/produkt\/renowacja-cmentarza\/#breadcrumb","itemListElement":[{"@type":"ListItem","position":1,"name":"Strona g\u0142\u00f3wna","item":"https:\/\/odraniemen.org\/sklep\/"},{"@type":"ListItem","position":2,"name":"Sklep","item":"https:\/\/odraniemen.org\/sklep\/sklep\/"},{"@type":"ListItem","position":3,"name":"Renowacja cmentarza"}]},{"@type":"WebSite","@id":"https:\/\/odraniemen.org\/sklep\/#website","url":"https:\/\/odraniemen.org\/sklep\/","name":"Odra Niemen Sklep Charytatywny","description":"Sklep charytatywny Stowarzyszenia Odra-Niemen","publisher":{"@id":"https:\/\/odraniemen.org\/sklep\/#organization"},"potentialAction":[{"@type":"SearchAction","target":{"@type":"EntryPoint","urlTemplate":"https:\/\/odraniemen.org\/sklep\/?s={search_term_string}"},"query-input":"required name=search_term_string"}],"inLanguage":"pl-PL"},{"@type":"Organization","@id":"https:\/\/odraniemen.org\/sklep\/#organization","name":"Odra Niemen Sklep Charytatywny","url":"https:\/\/odraniemen.org\/sklep\/","logo":{"@type":"ImageObject","inLanguage":"pl-PL","@id":"https:\/\/odraniemen.org\/sklep\/#\/schema\/logo\/image\/","url":"https:\/\/odraniemen.org\/sklep\/wp-content\/uploads\/sites\/8\/2022\/05\/cropped-logo-menu1.png","contentUrl":"https:\/\/odraniemen.org\/sklep\/wp-content\/uploads\/sites\/8\/2022\/05\/cropped-logo-menu1.png","width":324,"height":250,"caption":"Odra Niemen Sklep Charytatywny"},"image":{"@id":"https:\/\/odraniemen.org\/sklep\/#\/schema\/logo\/image\/"}}]}},"_links":{"self":[{"href":"https:\/\/odraniemen.org\/sklep\/wp-json\/wp\/v2\/product\/4446"}],"collection":[{"href":"https:\/\/odraniemen.org\/sklep\/wp-json\/wp\/v2\/product"}],"about":[{"href":"https:\/\/odraniemen.org\/sklep\/wp-json\/wp\/v2\/types\/product"}],"replies":[{"embeddable":true,"href":"https:\/\/odraniemen.org\/sklep\/wp-json\/wp\/v2\/comments?post=4446"}],"wp:featuredmedia":[{"embeddable":true,"href":"https:\/\/odraniemen.org\/sklep\/wp-json\/wp\/v2\/media\/5258"}],"wp:attachment":[{"href":"https:\/\/odraniemen.org\/sklep\/wp-json\/wp\/v2\/media?parent=4446"}],"wp:term":[{"taxonomy":"product_cat","embeddable":true,"href":"https:\/\/odraniemen.org\/sklep\/wp-json\/wp\/v2\/product_cat?post=4446"},{"taxonomy":"product_tag","embeddable":true,"href":"https:\/\/odraniemen.org\/sklep\/wp-json\/wp\/v2\/product_tag?post=4446"}],"curies":[{"name":"wp","href":"https:\/\/api.w.org\/{rel}","templated":true}]}}