
{"id":4669,"date":"2022-04-07T14:55:02","date_gmt":"2022-04-07T12:55:02","guid":{"rendered":"https:\/\/odraniemen.org\/sklep\/?post_type=product&#038;p=4669"},"modified":"2022-05-23T16:00:00","modified_gmt":"2022-05-23T14:00:00","slug":"zatankuj-paliwo-do-busa","status":"publish","type":"product","link":"https:\/\/odraniemen.org\/sklep\/produkt\/zatankuj-paliwo-do-busa\/","title":{"rendered":"Zatankuj paliwo do busa"},"content":{"rendered":"<p>&nbsp;<\/p>\n<p style=\"line-height: 150%\"><strong>Nasze stowarzyszenie Odra &#8211; Niemen ma globalny zasi\u0119g, a wi\u0119kszo\u015b\u0107 naszych akcji skierowana jest na dawne Kresy Wschodnie.<br \/>\nW zwi\u0105zku ze znacznymi odleg\u0142o\u015bciami do naszych podopiecznych mamy wiele kilometr\u00f3w do przemierzenia.<br \/>\nDla przyk\u0142adu z Wroc\u0142awia do Wilna mamy 1000 km, a jeste\u015bmy tam kilka razy w roku.<br \/>\nBus Pali 10 litr\u00f3w na sto wi\u0119c na drog\u0119 w dwie strony jak \u0142atwo policzy\u0107 potrzebujemy 200 l paliwa.<br \/>\nKupuj\u0105c 1 cegie\u0142k\u0119 &#8220;zatankuj paliwo do busa&#8221; dok\u0142adasz litr paliwa, a my jeste\u015bmy coraz bli\u017cej celu naszej wyprawy do potrzebuj\u0105cych Rodak\u00f3w zamieszkuj\u0105cych Kresy Wschodnie.<\/strong><\/p>\n","protected":false},"excerpt":{"rendered":"<p>&nbsp;<\/p>\n<p style=\"line-height: 150%\"><strong>Kupuj\u0105c 1 cegie\u0142k\u0119 &#8220;zatankuj paliwo do busa&#8221; dok\u0142adasz litr paliwa, a my jeste\u015bmy coraz bli\u017cej celu naszej wyprawy do potrzebuj\u0105cych Rodak\u00f3w zamieszkuj\u0105cych Kresy Wschodnie.<br \/>\n<\/strong><\/p>\n<p>&nbsp;<br \/>\nJe\u015bli chcesz zwi\u0119kszy\u0107 kwot\u0119 donacji w okienku przy przycisku \u201cdodaj do koszyka\u201d ustaw odpowiedni\u0105 ilo\u015b\u0107.<br \/>\n&nbsp;<\/p>\n<p>&nbsp;<\/p>\n","protected":false},"featured_media":5051,"comment_status":"open","ping_status":"closed","template":"","meta":{"site-sidebar-layout":"default","site-content-layout":"default","ast-site-content-layout":"","site-content-style":"default","site-sidebar-style":"default","ast-global-header-display":"","ast-banner-title-visibility":"","ast-main-header-display":"","ast-hfb-above-header-display":"","ast-hfb-below-header-display":"","ast-hfb-mobile-header-display":"","site-post-title":"","ast-breadcrumbs-content":"","ast-featured-img":"","footer-sml-layout":"","theme-transparent-header-meta":"default","adv-header-id-meta":"","stick-header-meta":"","header-above-stick-meta":"","header-main-stick-meta":"","header-below-stick-meta":"","astra-migrate-meta-layouts":"","ast-page-background-enabled":"default","ast-page-background-meta":{"desktop":{"background-color":"","background-image":"","background-repeat":"repeat","background-position":"center center","background-size":"auto","background-attachment":"scroll","background-type":"","background-media":"","overlay-type":"","overlay-color":"","overlay-gradient":""},"tablet":{"background-color":"","background-image":"","background-repeat":"repeat","background-position":"center center","background-size":"auto","background-attachment":"scroll","background-type":"","background-media":"","overlay-type":"","overlay-color":"","overlay-gradient":""},"mobile":{"background-color":"","background-image":"","background-repeat":"repeat","background-position":"center center","background-size":"auto","background-attachment":"scroll","background-type":"","background-media":"","overlay-type":"","overlay-color":"","overlay-gradient":""}},"ast-content-background-meta":{"desktop":{"background-color":"var(--ast-global-color-5)","background-image":"","background-repeat":"repeat","background-position":"center center","background-size":"auto","background-attachment":"scroll","background-type":"","background-media":"","overlay-type":"","overlay-color":"","overlay-gradient":""},"tablet":{"background-color":"var(--ast-global-color-5)","background-image":"","background-repeat":"repeat","background-position":"center center","background-size":"auto","background-attachment":"scroll","background-type":"","background-media":"","overlay-type":"","overlay-color":"","overlay-gradient":""},"mobile":{"background-color":"var(--ast-global-color-5)","background-image":"","background-repeat":"repeat","background-position":"center center","background-size":"auto","background-attachment":"scroll","background-type":"","background-media":"","overlay-type":"","overlay-color":"","overlay-gradient":""}}},"product_cat":[82,53],"product_tag":[],"yoast_head":"<!-- This site is optimized with the Yoast SEO plugin v21.6 - https:\/\/yoast.com\/wordpress\/plugins\/seo\/ -->\n<title>Zatankuj paliwo do busa - Odra Niemen Sklep Charytatywny<\/title>\n<meta name=\"description\" content=\"Kupuj\u0105c &quot;zatankuj paliwo do busa&quot; dok\u0142adasz litr paliwa, a my jeste\u015bmy coraz bli\u017cej celu naszej wyprawy na Kresy Wschodnie.\" \/>\n<meta name=\"robots\" content=\"index, follow, max-snippet:-1, max-image-preview:large, max-video-preview:-1\" \/>\n<link rel=\"canonical\" href=\"https:\/\/odraniemen.org\/sklep\/produkt\/zatankuj-paliwo-do-busa\/\" \/>\n<meta property=\"og:locale\" content=\"pl_PL\" \/>\n<meta property=\"og:type\" content=\"article\" \/>\n<meta property=\"og:title\" content=\"Zatankuj paliwo do busa - Odra Niemen Sklep Charytatywny\" \/>\n<meta property=\"og:description\" content=\"Kupuj\u0105c &quot;zatankuj paliwo do busa&quot; dok\u0142adasz litr paliwa, a my jeste\u015bmy coraz bli\u017cej celu naszej wyprawy na Kresy Wschodnie.\" \/>\n<meta property=\"og:url\" content=\"https:\/\/odraniemen.org\/sklep\/produkt\/zatankuj-paliwo-do-busa\/\" \/>\n<meta property=\"og:site_name\" content=\"Odra Niemen Sklep Charytatywny\" \/>\n<meta property=\"article:modified_time\" content=\"2022-05-23T14:00:00+00:00\" \/>\n<meta property=\"og:image\" content=\"https:\/\/odraniemen.org\/sklep\/wp-content\/uploads\/sites\/8\/2022\/04\/ZATANKUJ-PALIWO.jpg\" \/>\n\t<meta property=\"og:image:width\" content=\"750\" \/>\n\t<meta property=\"og:image:height\" content=\"1000\" \/>\n\t<meta property=\"og:image:type\" content=\"image\/jpeg\" \/>\n<meta name=\"twitter:card\" content=\"summary_large_image\" \/>\n<meta name=\"twitter:label1\" content=\"Szacowany czas czytania\" \/>\n\t<meta name=\"twitter:data1\" content=\"1 minuta\" \/>\n<script type=\"application\/ld+json\" class=\"yoast-schema-graph\">{\"@context\":\"https:\/\/schema.org\",\"@graph\":[{\"@type\":\"WebPage\",\"@id\":\"https:\/\/odraniemen.org\/sklep\/produkt\/zatankuj-paliwo-do-busa\/\",\"url\":\"https:\/\/odraniemen.org\/sklep\/produkt\/zatankuj-paliwo-do-busa\/\",\"name\":\"Zatankuj paliwo do busa - Odra Niemen Sklep Charytatywny\",\"isPartOf\":{\"@id\":\"https:\/\/odraniemen.org\/sklep\/#website\"},\"datePublished\":\"2022-04-07T12:55:02+00:00\",\"dateModified\":\"2022-05-23T14:00:00+00:00\",\"description\":\"Kupuj\u0105c \\\"zatankuj paliwo do busa\\\" dok\u0142adasz litr paliwa, a my jeste\u015bmy coraz bli\u017cej celu naszej wyprawy na Kresy Wschodnie.\",\"breadcrumb\":{\"@id\":\"https:\/\/odraniemen.org\/sklep\/produkt\/zatankuj-paliwo-do-busa\/#breadcrumb\"},\"inLanguage\":\"pl-PL\",\"potentialAction\":[{\"@type\":\"ReadAction\",\"target\":[\"https:\/\/odraniemen.org\/sklep\/produkt\/zatankuj-paliwo-do-busa\/\"]}]},{\"@type\":\"BreadcrumbList\",\"@id\":\"https:\/\/odraniemen.org\/sklep\/produkt\/zatankuj-paliwo-do-busa\/#breadcrumb\",\"itemListElement\":[{\"@type\":\"ListItem\",\"position\":1,\"name\":\"Strona g\u0142\u00f3wna\",\"item\":\"https:\/\/odraniemen.org\/sklep\/\"},{\"@type\":\"ListItem\",\"position\":2,\"name\":\"Sklep\",\"item\":\"https:\/\/odraniemen.org\/sklep\/sklep\/\"},{\"@type\":\"ListItem\",\"position\":3,\"name\":\"Zatankuj paliwo do busa\"}]},{\"@type\":\"WebSite\",\"@id\":\"https:\/\/odraniemen.org\/sklep\/#website\",\"url\":\"https:\/\/odraniemen.org\/sklep\/\",\"name\":\"Odra Niemen Sklep Charytatywny\",\"description\":\"Sklep charytatywny Stowarzyszenia Odra-Niemen\",\"publisher\":{\"@id\":\"https:\/\/odraniemen.org\/sklep\/#organization\"},\"potentialAction\":[{\"@type\":\"SearchAction\",\"target\":{\"@type\":\"EntryPoint\",\"urlTemplate\":\"https:\/\/odraniemen.org\/sklep\/?s={search_term_string}\"},\"query-input\":\"required name=search_term_string\"}],\"inLanguage\":\"pl-PL\"},{\"@type\":\"Organization\",\"@id\":\"https:\/\/odraniemen.org\/sklep\/#organization\",\"name\":\"Odra Niemen Sklep Charytatywny\",\"url\":\"https:\/\/odraniemen.org\/sklep\/\",\"logo\":{\"@type\":\"ImageObject\",\"inLanguage\":\"pl-PL\",\"@id\":\"https:\/\/odraniemen.org\/sklep\/#\/schema\/logo\/image\/\",\"url\":\"https:\/\/odraniemen.org\/sklep\/wp-content\/uploads\/sites\/8\/2022\/05\/cropped-logo-menu1.png\",\"contentUrl\":\"https:\/\/odraniemen.org\/sklep\/wp-content\/uploads\/sites\/8\/2022\/05\/cropped-logo-menu1.png\",\"width\":324,\"height\":250,\"caption\":\"Odra Niemen Sklep Charytatywny\"},\"image\":{\"@id\":\"https:\/\/odraniemen.org\/sklep\/#\/schema\/logo\/image\/\"}}]}<\/script>\n<!-- \/ Yoast SEO plugin. -->","yoast_head_json":{"title":"Zatankuj paliwo do busa - Odra Niemen Sklep Charytatywny","description":"Kupuj\u0105c \"zatankuj paliwo do busa\" dok\u0142adasz litr paliwa, a my jeste\u015bmy coraz bli\u017cej celu naszej wyprawy na Kresy Wschodnie.","robots":{"index":"index","follow":"follow","max-snippet":"max-snippet:-1","max-image-preview":"max-image-preview:large","max-video-preview":"max-video-preview:-1"},"canonical":"https:\/\/odraniemen.org\/sklep\/produkt\/zatankuj-paliwo-do-busa\/","og_locale":"pl_PL","og_type":"article","og_title":"Zatankuj paliwo do busa - Odra Niemen Sklep Charytatywny","og_description":"Kupuj\u0105c \"zatankuj paliwo do busa\" dok\u0142adasz litr paliwa, a my jeste\u015bmy coraz bli\u017cej celu naszej wyprawy na Kresy Wschodnie.","og_url":"https:\/\/odraniemen.org\/sklep\/produkt\/zatankuj-paliwo-do-busa\/","og_site_name":"Odra Niemen Sklep Charytatywny","article_modified_time":"2022-05-23T14:00:00+00:00","og_image":[{"width":750,"height":1000,"url":"https:\/\/odraniemen.org\/sklep\/wp-content\/uploads\/sites\/8\/2022\/04\/ZATANKUJ-PALIWO.jpg","type":"image\/jpeg"}],"twitter_card":"summary_large_image","twitter_misc":{"Szacowany czas czytania":"1 minuta"},"schema":{"@context":"https:\/\/schema.org","@graph":[{"@type":"WebPage","@id":"https:\/\/odraniemen.org\/sklep\/produkt\/zatankuj-paliwo-do-busa\/","url":"https:\/\/odraniemen.org\/sklep\/produkt\/zatankuj-paliwo-do-busa\/","name":"Zatankuj paliwo do busa - Odra Niemen Sklep Charytatywny","isPartOf":{"@id":"https:\/\/odraniemen.org\/sklep\/#website"},"datePublished":"2022-04-07T12:55:02+00:00","dateModified":"2022-05-23T14:00:00+00:00","description":"Kupuj\u0105c \"zatankuj paliwo do busa\" dok\u0142adasz litr paliwa, a my jeste\u015bmy coraz bli\u017cej celu naszej wyprawy na Kresy Wschodnie.","breadcrumb":{"@id":"https:\/\/odraniemen.org\/sklep\/produkt\/zatankuj-paliwo-do-busa\/#breadcrumb"},"inLanguage":"pl-PL","potentialAction":[{"@type":"ReadAction","target":["https:\/\/odraniemen.org\/sklep\/produkt\/zatankuj-paliwo-do-busa\/"]}]},{"@type":"BreadcrumbList","@id":"https:\/\/odraniemen.org\/sklep\/produkt\/zatankuj-paliwo-do-busa\/#breadcrumb","itemListElement":[{"@type":"ListItem","position":1,"name":"Strona g\u0142\u00f3wna","item":"https:\/\/odraniemen.org\/sklep\/"},{"@type":"ListItem","position":2,"name":"Sklep","item":"https:\/\/odraniemen.org\/sklep\/sklep\/"},{"@type":"ListItem","position":3,"name":"Zatankuj paliwo do busa"}]},{"@type":"WebSite","@id":"https:\/\/odraniemen.org\/sklep\/#website","url":"https:\/\/odraniemen.org\/sklep\/","name":"Odra Niemen Sklep Charytatywny","description":"Sklep charytatywny Stowarzyszenia Odra-Niemen","publisher":{"@id":"https:\/\/odraniemen.org\/sklep\/#organization"},"potentialAction":[{"@type":"SearchAction","target":{"@type":"EntryPoint","urlTemplate":"https:\/\/odraniemen.org\/sklep\/?s={search_term_string}"},"query-input":"required name=search_term_string"}],"inLanguage":"pl-PL"},{"@type":"Organization","@id":"https:\/\/odraniemen.org\/sklep\/#organization","name":"Odra Niemen Sklep Charytatywny","url":"https:\/\/odraniemen.org\/sklep\/","logo":{"@type":"ImageObject","inLanguage":"pl-PL","@id":"https:\/\/odraniemen.org\/sklep\/#\/schema\/logo\/image\/","url":"https:\/\/odraniemen.org\/sklep\/wp-content\/uploads\/sites\/8\/2022\/05\/cropped-logo-menu1.png","contentUrl":"https:\/\/odraniemen.org\/sklep\/wp-content\/uploads\/sites\/8\/2022\/05\/cropped-logo-menu1.png","width":324,"height":250,"caption":"Odra Niemen Sklep Charytatywny"},"image":{"@id":"https:\/\/odraniemen.org\/sklep\/#\/schema\/logo\/image\/"}}]}},"_links":{"self":[{"href":"https:\/\/odraniemen.org\/sklep\/wp-json\/wp\/v2\/product\/4669"}],"collection":[{"href":"https:\/\/odraniemen.org\/sklep\/wp-json\/wp\/v2\/product"}],"about":[{"href":"https:\/\/odraniemen.org\/sklep\/wp-json\/wp\/v2\/types\/product"}],"replies":[{"embeddable":true,"href":"https:\/\/odraniemen.org\/sklep\/wp-json\/wp\/v2\/comments?post=4669"}],"wp:featuredmedia":[{"embeddable":true,"href":"https:\/\/odraniemen.org\/sklep\/wp-json\/wp\/v2\/media\/5051"}],"wp:attachment":[{"href":"https:\/\/odraniemen.org\/sklep\/wp-json\/wp\/v2\/media?parent=4669"}],"wp:term":[{"taxonomy":"product_cat","embeddable":true,"href":"https:\/\/odraniemen.org\/sklep\/wp-json\/wp\/v2\/product_cat?post=4669"},{"taxonomy":"product_tag","embeddable":true,"href":"https:\/\/odraniemen.org\/sklep\/wp-json\/wp\/v2\/product_tag?post=4669"}],"curies":[{"name":"wp","href":"https:\/\/api.w.org\/{rel}","templated":true}]}}