
{"id":4705,"date":"2022-04-13T11:11:57","date_gmt":"2022-04-13T09:11:57","guid":{"rendered":"https:\/\/odraniemen.org\/sklep\/?post_type=product&#038;p=4705"},"modified":"2024-11-08T11:36:46","modified_gmt":"2024-11-08T10:36:46","slug":"wilczeta-rozmowy-z-dziecmi-zolnierzy-wykletych","status":"publish","type":"product","link":"https:\/\/odraniemen.org\/sklep\/produkt\/wilczeta-rozmowy-z-dziecmi-zolnierzy-wykletych\/","title":{"rendered":"&#8220;Wilcz\u0119ta&#8221; Rozmowy z dzie\u0107mi \u017bo\u0142nierzy Wykl\u0119tych"},"content":{"rendered":"<p>&nbsp;<\/p>\n<p style=\"line-height: 150%;\"><strong>Red. Rafa\u0142 A. Ziemkiewicz: Komuni\u015bci chcieli ich nie tylko zetrze\u0107 z powierzchni ziemi, ale te\u017c wymaza\u0107 z naszej pami\u0119ci. Przetrwali tam, gdzie przed nimi pokolenia polskich bohater\u00f3w walki o wolno\u015b\u0107 \u2013 w pami\u0119ci rodzinnej. Dzi\u015b, gdy \u017bo\u0142nierze Niez\u0142omni odzyskuj\u0105 nale\u017cne im miejsce w narodowym panteonie, rozmowy z ich bliskimi, spisane w tej ksi\u0105\u017cce, s\u0105 kapitalnym \u017ar\u00f3d\u0142em wiedzy o tym, jacy byli i jak wygl\u0105da\u0142 \u015bwiat, kt\u00f3remu nie ulegli. Znakomita lektura, kt\u00f3r\u0105 serdecznie polecam!<\/strong><\/p>\n<p>&nbsp;<\/p>\n<p style=\"line-height: 150%;\"><strong>BOHATEROWIE KSI\u0104\u017bKI:<\/strong><\/p>\n<p>&nbsp;<\/p>\n<p style=\"line-height: 150%;\"><strong>&#8211; Adam Bro\u0144ski, syn kpt. Zdzis\u0142awa Bro\u0144skiego ps. \u201eUskok\u201d<br \/>\n&#8211; Marek Franczak, syn sier\u017c. J\u00f3zefa Franczaka ps. \u201eLalek\u201d<br \/>\n&#8211; Stanis\u0142aw \u0141ukasik, syn kpt. Stanis\u0142awa \u0141ukasika ps. \u201eRy\u015b\u201d<br \/>\n&#8211; Andrzej Pity\u0144ski, syn por. Aleksandra Pity\u0144skiego ps. \u201eKula\u201d i ppor. Stefanii Pity\u0144skiej ps. \u201ePere\u0142ka\u201d<br \/>\n&#8211; Janusz Niemiec, syn mjr. Antoniego \u017bubryda ps. \u201eZuch\u201d i Janiny \u017bubryd<br \/>\n&#8211; Maria Danuta Wo\u0142\u0105giewicz, c\u00f3rka pp\u0142k. dypl. Macieja Kalenkiewicza ps. \u201eKotwicz\u201d<br \/>\n&#8211; Tadeusz M. P\u0142u\u017ca\u0144ski, syn Tadeusza P\u0142u\u017ca\u0144skiego ps. \u201eTadeusz Radwan\u201d<br \/>\n&#8211; Andrzej \u015aciegienny (Andr\u00e9 Seguenny), syn pp\u0142k. dypl. Wincentego \u015aciegiennego ps. \u201eLas\u201d<br \/>\n&#8211; Andrzej Pilecki, syn rtm. Witolda Pileckiego<br \/>\n&#8211; Katarzyna Skiba, c\u00f3rka Franciszka Perlaka<br \/>\n&#8211; Jan Wiszniowski, syn por. Romana Wiszniowskiego ps. \u201eOpacz\u201d<br \/>\n&#8211; Krzysztof Bukowski, syn por. Edmunda Bukowskiego ps. \u201eEdmund\u201d<\/strong><\/p>\n","protected":false},"excerpt":{"rendered":"<p><span style=\"font-family: Roboto;\">Autor: Rajski Kajetan<br \/>\n<\/span><\/p>\n<p>Typ ok\u0142adki: mi\u0119kka<\/p>\n<p>&nbsp;<\/p>\n<p>Wydawca: ProPatria<\/p>\n<p>&nbsp;<\/p>\n<p>Liczba stron: 303<\/p>\n<p>&nbsp;<\/p>\n<p>Data wydania: 2014<\/p>\n<p>&nbsp;<\/p>\n<p>&nbsp;<\/p>\n<p>&nbsp;<\/p>\n","protected":false},"featured_media":4702,"comment_status":"open","ping_status":"closed","template":"","meta":{"site-sidebar-layout":"default","site-content-layout":"default","ast-site-content-layout":"default","site-content-style":"default","site-sidebar-style":"default","ast-global-header-display":"","ast-banner-title-visibility":"","ast-main-header-display":"","ast-hfb-above-header-display":"","ast-hfb-below-header-display":"","ast-hfb-mobile-header-display":"","site-post-title":"","ast-breadcrumbs-content":"","ast-featured-img":"","footer-sml-layout":"","theme-transparent-header-meta":"default","adv-header-id-meta":"","stick-header-meta":"","header-above-stick-meta":"","header-main-stick-meta":"","header-below-stick-meta":"","astra-migrate-meta-layouts":"set","ast-page-background-enabled":"default","ast-page-background-meta":{"desktop":{"background-color":"","background-image":"","background-repeat":"repeat","background-position":"center center","background-size":"auto","background-attachment":"scroll","background-type":"","background-media":"","overlay-type":"","overlay-color":"","overlay-gradient":""},"tablet":{"background-color":"","background-image":"","background-repeat":"repeat","background-position":"center center","background-size":"auto","background-attachment":"scroll","background-type":"","background-media":"","overlay-type":"","overlay-color":"","overlay-gradient":""},"mobile":{"background-color":"","background-image":"","background-repeat":"repeat","background-position":"center center","background-size":"auto","background-attachment":"scroll","background-type":"","background-media":"","overlay-type":"","overlay-color":"","overlay-gradient":""}},"ast-content-background-meta":{"desktop":{"background-color":"var(--ast-global-color-5)","background-image":"","background-repeat":"repeat","background-position":"center center","background-size":"auto","background-attachment":"scroll","background-type":"","background-media":"","overlay-type":"","overlay-color":"","overlay-gradient":""},"tablet":{"background-color":"var(--ast-global-color-5)","background-image":"","background-repeat":"repeat","background-position":"center center","background-size":"auto","background-attachment":"scroll","background-type":"","background-media":"","overlay-type":"","overlay-color":"","overlay-gradient":""},"mobile":{"background-color":"var(--ast-global-color-5)","background-image":"","background-repeat":"repeat","background-position":"center center","background-size":"auto","background-attachment":"scroll","background-type":"","background-media":"","overlay-type":"","overlay-color":"","overlay-gradient":""}}},"product_cat":[53,23],"product_tag":[],"yoast_head":"<!-- This site is optimized with the Yoast SEO plugin v21.6 - https:\/\/yoast.com\/wordpress\/plugins\/seo\/ -->\n<title>&quot;Wilcz\u0119ta&quot; Rozmowy z dzie\u0107mi \u017bo\u0142nierzy Wykl\u0119tych - Odra Niemen Sklep Charytatywny<\/title>\n<meta name=\"description\" content=\"Dr hab. Krzysztof Szwagrzyk: Na naszych oczach powracaj\u0105 wykl\u0119ci przez komunist\u00f3w \u017bo\u0142nierze Niez\u0142omni \u2013 bohaterowie nienazwanego jeszcze powstania.\" \/>\n<meta name=\"robots\" content=\"index, follow, max-snippet:-1, max-image-preview:large, max-video-preview:-1\" \/>\n<link rel=\"canonical\" href=\"https:\/\/odraniemen.org\/sklep\/produkt\/wilczeta-rozmowy-z-dziecmi-zolnierzy-wykletych\/\" \/>\n<meta property=\"og:locale\" content=\"pl_PL\" \/>\n<meta property=\"og:type\" content=\"article\" \/>\n<meta property=\"og:title\" content=\"&quot;Wilcz\u0119ta&quot; Rozmowy z dzie\u0107mi \u017bo\u0142nierzy Wykl\u0119tych - Odra Niemen Sklep Charytatywny\" \/>\n<meta property=\"og:description\" content=\"Dr hab. Krzysztof Szwagrzyk: Na naszych oczach powracaj\u0105 wykl\u0119ci przez komunist\u00f3w \u017bo\u0142nierze Niez\u0142omni \u2013 bohaterowie nienazwanego jeszcze powstania.\" \/>\n<meta property=\"og:url\" content=\"https:\/\/odraniemen.org\/sklep\/produkt\/wilczeta-rozmowy-z-dziecmi-zolnierzy-wykletych\/\" \/>\n<meta property=\"og:site_name\" content=\"Odra Niemen Sklep Charytatywny\" \/>\n<meta property=\"article:modified_time\" content=\"2024-11-08T10:36:46+00:00\" \/>\n<meta property=\"og:image\" content=\"https:\/\/odraniemen.org\/sklep\/wp-content\/uploads\/sites\/8\/2022\/04\/Wilczeta.jpg\" \/>\n\t<meta property=\"og:image:width\" content=\"750\" \/>\n\t<meta property=\"og:image:height\" content=\"1000\" \/>\n\t<meta property=\"og:image:type\" content=\"image\/jpeg\" \/>\n<meta name=\"twitter:card\" content=\"summary_large_image\" \/>\n<meta name=\"twitter:label1\" content=\"Szacowany czas czytania\" \/>\n\t<meta name=\"twitter:data1\" content=\"2 minuty\" \/>\n<script type=\"application\/ld+json\" class=\"yoast-schema-graph\">{\"@context\":\"https:\/\/schema.org\",\"@graph\":[{\"@type\":\"WebPage\",\"@id\":\"https:\/\/odraniemen.org\/sklep\/produkt\/wilczeta-rozmowy-z-dziecmi-zolnierzy-wykletych\/\",\"url\":\"https:\/\/odraniemen.org\/sklep\/produkt\/wilczeta-rozmowy-z-dziecmi-zolnierzy-wykletych\/\",\"name\":\"\\\"Wilcz\u0119ta\\\" Rozmowy z dzie\u0107mi \u017bo\u0142nierzy Wykl\u0119tych - Odra Niemen Sklep Charytatywny\",\"isPartOf\":{\"@id\":\"https:\/\/odraniemen.org\/sklep\/#website\"},\"datePublished\":\"2022-04-13T09:11:57+00:00\",\"dateModified\":\"2024-11-08T10:36:46+00:00\",\"description\":\"Dr hab. Krzysztof Szwagrzyk: Na naszych oczach powracaj\u0105 wykl\u0119ci przez komunist\u00f3w \u017bo\u0142nierze Niez\u0142omni \u2013 bohaterowie nienazwanego jeszcze powstania.\",\"breadcrumb\":{\"@id\":\"https:\/\/odraniemen.org\/sklep\/produkt\/wilczeta-rozmowy-z-dziecmi-zolnierzy-wykletych\/#breadcrumb\"},\"inLanguage\":\"pl-PL\",\"potentialAction\":[{\"@type\":\"ReadAction\",\"target\":[\"https:\/\/odraniemen.org\/sklep\/produkt\/wilczeta-rozmowy-z-dziecmi-zolnierzy-wykletych\/\"]}]},{\"@type\":\"BreadcrumbList\",\"@id\":\"https:\/\/odraniemen.org\/sklep\/produkt\/wilczeta-rozmowy-z-dziecmi-zolnierzy-wykletych\/#breadcrumb\",\"itemListElement\":[{\"@type\":\"ListItem\",\"position\":1,\"name\":\"Strona g\u0142\u00f3wna\",\"item\":\"https:\/\/odraniemen.org\/sklep\/\"},{\"@type\":\"ListItem\",\"position\":2,\"name\":\"Sklep\",\"item\":\"https:\/\/odraniemen.org\/sklep\/sklep\/\"},{\"@type\":\"ListItem\",\"position\":3,\"name\":\"&#8220;Wilcz\u0119ta&#8221; Rozmowy z dzie\u0107mi \u017bo\u0142nierzy Wykl\u0119tych\"}]},{\"@type\":\"WebSite\",\"@id\":\"https:\/\/odraniemen.org\/sklep\/#website\",\"url\":\"https:\/\/odraniemen.org\/sklep\/\",\"name\":\"Odra Niemen Sklep Charytatywny\",\"description\":\"Sklep charytatywny Stowarzyszenia Odra-Niemen\",\"publisher\":{\"@id\":\"https:\/\/odraniemen.org\/sklep\/#organization\"},\"potentialAction\":[{\"@type\":\"SearchAction\",\"target\":{\"@type\":\"EntryPoint\",\"urlTemplate\":\"https:\/\/odraniemen.org\/sklep\/?s={search_term_string}\"},\"query-input\":\"required name=search_term_string\"}],\"inLanguage\":\"pl-PL\"},{\"@type\":\"Organization\",\"@id\":\"https:\/\/odraniemen.org\/sklep\/#organization\",\"name\":\"Odra Niemen Sklep Charytatywny\",\"url\":\"https:\/\/odraniemen.org\/sklep\/\",\"logo\":{\"@type\":\"ImageObject\",\"inLanguage\":\"pl-PL\",\"@id\":\"https:\/\/odraniemen.org\/sklep\/#\/schema\/logo\/image\/\",\"url\":\"https:\/\/odraniemen.org\/sklep\/wp-content\/uploads\/sites\/8\/2022\/05\/cropped-logo-menu1.png\",\"contentUrl\":\"https:\/\/odraniemen.org\/sklep\/wp-content\/uploads\/sites\/8\/2022\/05\/cropped-logo-menu1.png\",\"width\":324,\"height\":250,\"caption\":\"Odra Niemen Sklep Charytatywny\"},\"image\":{\"@id\":\"https:\/\/odraniemen.org\/sklep\/#\/schema\/logo\/image\/\"}}]}<\/script>\n<!-- \/ Yoast SEO plugin. -->","yoast_head_json":{"title":"\"Wilcz\u0119ta\" Rozmowy z dzie\u0107mi \u017bo\u0142nierzy Wykl\u0119tych - Odra Niemen Sklep Charytatywny","description":"Dr hab. Krzysztof Szwagrzyk: Na naszych oczach powracaj\u0105 wykl\u0119ci przez komunist\u00f3w \u017bo\u0142nierze Niez\u0142omni \u2013 bohaterowie nienazwanego jeszcze powstania.","robots":{"index":"index","follow":"follow","max-snippet":"max-snippet:-1","max-image-preview":"max-image-preview:large","max-video-preview":"max-video-preview:-1"},"canonical":"https:\/\/odraniemen.org\/sklep\/produkt\/wilczeta-rozmowy-z-dziecmi-zolnierzy-wykletych\/","og_locale":"pl_PL","og_type":"article","og_title":"\"Wilcz\u0119ta\" Rozmowy z dzie\u0107mi \u017bo\u0142nierzy Wykl\u0119tych - Odra Niemen Sklep Charytatywny","og_description":"Dr hab. Krzysztof Szwagrzyk: Na naszych oczach powracaj\u0105 wykl\u0119ci przez komunist\u00f3w \u017bo\u0142nierze Niez\u0142omni \u2013 bohaterowie nienazwanego jeszcze powstania.","og_url":"https:\/\/odraniemen.org\/sklep\/produkt\/wilczeta-rozmowy-z-dziecmi-zolnierzy-wykletych\/","og_site_name":"Odra Niemen Sklep Charytatywny","article_modified_time":"2024-11-08T10:36:46+00:00","og_image":[{"width":750,"height":1000,"url":"https:\/\/odraniemen.org\/sklep\/wp-content\/uploads\/sites\/8\/2022\/04\/Wilczeta.jpg","type":"image\/jpeg"}],"twitter_card":"summary_large_image","twitter_misc":{"Szacowany czas czytania":"2 minuty"},"schema":{"@context":"https:\/\/schema.org","@graph":[{"@type":"WebPage","@id":"https:\/\/odraniemen.org\/sklep\/produkt\/wilczeta-rozmowy-z-dziecmi-zolnierzy-wykletych\/","url":"https:\/\/odraniemen.org\/sklep\/produkt\/wilczeta-rozmowy-z-dziecmi-zolnierzy-wykletych\/","name":"\"Wilcz\u0119ta\" Rozmowy z dzie\u0107mi \u017bo\u0142nierzy Wykl\u0119tych - Odra Niemen Sklep Charytatywny","isPartOf":{"@id":"https:\/\/odraniemen.org\/sklep\/#website"},"datePublished":"2022-04-13T09:11:57+00:00","dateModified":"2024-11-08T10:36:46+00:00","description":"Dr hab. Krzysztof Szwagrzyk: Na naszych oczach powracaj\u0105 wykl\u0119ci przez komunist\u00f3w \u017bo\u0142nierze Niez\u0142omni \u2013 bohaterowie nienazwanego jeszcze powstania.","breadcrumb":{"@id":"https:\/\/odraniemen.org\/sklep\/produkt\/wilczeta-rozmowy-z-dziecmi-zolnierzy-wykletych\/#breadcrumb"},"inLanguage":"pl-PL","potentialAction":[{"@type":"ReadAction","target":["https:\/\/odraniemen.org\/sklep\/produkt\/wilczeta-rozmowy-z-dziecmi-zolnierzy-wykletych\/"]}]},{"@type":"BreadcrumbList","@id":"https:\/\/odraniemen.org\/sklep\/produkt\/wilczeta-rozmowy-z-dziecmi-zolnierzy-wykletych\/#breadcrumb","itemListElement":[{"@type":"ListItem","position":1,"name":"Strona g\u0142\u00f3wna","item":"https:\/\/odraniemen.org\/sklep\/"},{"@type":"ListItem","position":2,"name":"Sklep","item":"https:\/\/odraniemen.org\/sklep\/sklep\/"},{"@type":"ListItem","position":3,"name":"&#8220;Wilcz\u0119ta&#8221; Rozmowy z dzie\u0107mi \u017bo\u0142nierzy Wykl\u0119tych"}]},{"@type":"WebSite","@id":"https:\/\/odraniemen.org\/sklep\/#website","url":"https:\/\/odraniemen.org\/sklep\/","name":"Odra Niemen Sklep Charytatywny","description":"Sklep charytatywny Stowarzyszenia Odra-Niemen","publisher":{"@id":"https:\/\/odraniemen.org\/sklep\/#organization"},"potentialAction":[{"@type":"SearchAction","target":{"@type":"EntryPoint","urlTemplate":"https:\/\/odraniemen.org\/sklep\/?s={search_term_string}"},"query-input":"required name=search_term_string"}],"inLanguage":"pl-PL"},{"@type":"Organization","@id":"https:\/\/odraniemen.org\/sklep\/#organization","name":"Odra Niemen Sklep Charytatywny","url":"https:\/\/odraniemen.org\/sklep\/","logo":{"@type":"ImageObject","inLanguage":"pl-PL","@id":"https:\/\/odraniemen.org\/sklep\/#\/schema\/logo\/image\/","url":"https:\/\/odraniemen.org\/sklep\/wp-content\/uploads\/sites\/8\/2022\/05\/cropped-logo-menu1.png","contentUrl":"https:\/\/odraniemen.org\/sklep\/wp-content\/uploads\/sites\/8\/2022\/05\/cropped-logo-menu1.png","width":324,"height":250,"caption":"Odra Niemen Sklep Charytatywny"},"image":{"@id":"https:\/\/odraniemen.org\/sklep\/#\/schema\/logo\/image\/"}}]}},"_links":{"self":[{"href":"https:\/\/odraniemen.org\/sklep\/wp-json\/wp\/v2\/product\/4705"}],"collection":[{"href":"https:\/\/odraniemen.org\/sklep\/wp-json\/wp\/v2\/product"}],"about":[{"href":"https:\/\/odraniemen.org\/sklep\/wp-json\/wp\/v2\/types\/product"}],"replies":[{"embeddable":true,"href":"https:\/\/odraniemen.org\/sklep\/wp-json\/wp\/v2\/comments?post=4705"}],"wp:featuredmedia":[{"embeddable":true,"href":"https:\/\/odraniemen.org\/sklep\/wp-json\/wp\/v2\/media\/4702"}],"wp:attachment":[{"href":"https:\/\/odraniemen.org\/sklep\/wp-json\/wp\/v2\/media?parent=4705"}],"wp:term":[{"taxonomy":"product_cat","embeddable":true,"href":"https:\/\/odraniemen.org\/sklep\/wp-json\/wp\/v2\/product_cat?post=4705"},{"taxonomy":"product_tag","embeddable":true,"href":"https:\/\/odraniemen.org\/sklep\/wp-json\/wp\/v2\/product_tag?post=4705"}],"curies":[{"name":"wp","href":"https:\/\/api.w.org\/{rel}","templated":true}]}}