
{"id":4708,"date":"2022-04-13T11:32:53","date_gmt":"2022-04-13T09:32:53","guid":{"rendered":"https:\/\/odraniemen.org\/sklep\/?post_type=product&#038;p=4708"},"modified":"2024-11-08T11:35:16","modified_gmt":"2024-11-08T10:35:16","slug":"wilczeta-2-rozmowy-z-dziecmi-zolnierzy-wykletych","status":"publish","type":"product","link":"https:\/\/odraniemen.org\/sklep\/produkt\/wilczeta-2-rozmowy-z-dziecmi-zolnierzy-wykletych\/","title":{"rendered":"&#8220;Wilcz\u0119ta 2&#8221; Rozmowy z dzie\u0107mi \u017bo\u0142nierzy Wykl\u0119tych"},"content":{"rendered":"<p>&nbsp;<\/p>\n<p style=\"line-height: 150%;\"><strong>Dzi\u0119ki lekturze \u015bwiadectwa ludzi, kt\u00f3rzy zachowali wierno\u015b\u0107 rzeczom wa\u017cnym, kt\u00f3rzy byli gotowi odda\u0107 za nie \u017cycie, odkrywamy warto\u015b\u0107 wierno\u015bci tradycji, polsko\u015bci, dziedzictwu przodk\u00f3w. To fenomen \u017bo\u0142nierzy Wykl\u0119tych &#8211; dzi\u0119ki nim kolejne pokolenia zaczynaj\u0105 \u017cy\u0107 dla naszego narodowego i chrze\u015bcija\u0144skiego dziedzictwa. Ta ksi\u0105\u017cka pomo\u017ce owo dziedzictwo doceni\u0107, wype\u0142ni\u0107 si\u0119 nim i je rozwija\u0107, by, jeszcze wspanialsze &#8211; przekaza\u0107 kolejnym pokoleniom.<\/strong><\/p>\n<p>&nbsp;<\/p>\n<p style=\"line-height: 150%;\"><strong>W drugim tomie rozm\u00f3w z synami i c\u00f3rkami \u017co\u0142nierzy powojennego podziemia antykomunistycznego pokazana jest gehenna tytu\u0142owych Wilcz\u0105t, kt\u00f3re system komunistyczny prze\u015bladowa\u0142 z ca\u0142\u0105 brutalno\u015bci\u0105 tylko dlatego, \u017ce ich ojcowie obrali drog\u0119 niez\u0142omnych patriot\u00f3w. Niekt\u00f3rzy z nich swoich ojc\u00f3w nie pami\u0119taj\u0105. Niemal wszyscy \u017cyli z pi\u0119tnem \u201edzieci bandyt\u00f3w\u201d przez d\u0142ugie dekady. Dopiero dzi\u015b odzyskuj\u0105 nale\u017cn\u0105 im pami\u0119\u0107 i szacunek.<\/strong><\/p>\n","protected":false},"excerpt":{"rendered":"<p><span style=\"font-family: Roboto;\"><br \/>\nAutor: Marcin Wi\u0119ckowski<br \/>\n<\/span><\/p>\n<p>Typ ok\u0142adki: mi\u0119kka<\/p>\n<p>&nbsp;<\/p>\n<p>Wydawca: Centrum Kultury i Tradycji Wiede\u0144 1683<\/p>\n<p>&nbsp;<\/p>\n<p>Liczba stron: 298<\/p>\n<p>&nbsp;<\/p>\n<p>Data wydania: 2015<\/p>\n<p>&nbsp;<\/p>\n<p>&nbsp;<\/p>\n<p>&nbsp;<\/p>\n","protected":false},"featured_media":4701,"comment_status":"open","ping_status":"closed","template":"","meta":{"site-sidebar-layout":"default","site-content-layout":"default","ast-site-content-layout":"default","site-content-style":"default","site-sidebar-style":"default","ast-global-header-display":"","ast-banner-title-visibility":"","ast-main-header-display":"","ast-hfb-above-header-display":"","ast-hfb-below-header-display":"","ast-hfb-mobile-header-display":"","site-post-title":"","ast-breadcrumbs-content":"","ast-featured-img":"","footer-sml-layout":"","theme-transparent-header-meta":"default","adv-header-id-meta":"","stick-header-meta":"","header-above-stick-meta":"","header-main-stick-meta":"","header-below-stick-meta":"","astra-migrate-meta-layouts":"set","ast-page-background-enabled":"default","ast-page-background-meta":{"desktop":{"background-color":"","background-image":"","background-repeat":"repeat","background-position":"center center","background-size":"auto","background-attachment":"scroll","background-type":"","background-media":"","overlay-type":"","overlay-color":"","overlay-gradient":""},"tablet":{"background-color":"","background-image":"","background-repeat":"repeat","background-position":"center center","background-size":"auto","background-attachment":"scroll","background-type":"","background-media":"","overlay-type":"","overlay-color":"","overlay-gradient":""},"mobile":{"background-color":"","background-image":"","background-repeat":"repeat","background-position":"center center","background-size":"auto","background-attachment":"scroll","background-type":"","background-media":"","overlay-type":"","overlay-color":"","overlay-gradient":""}},"ast-content-background-meta":{"desktop":{"background-color":"var(--ast-global-color-5)","background-image":"","background-repeat":"repeat","background-position":"center center","background-size":"auto","background-attachment":"scroll","background-type":"","background-media":"","overlay-type":"","overlay-color":"","overlay-gradient":""},"tablet":{"background-color":"var(--ast-global-color-5)","background-image":"","background-repeat":"repeat","background-position":"center center","background-size":"auto","background-attachment":"scroll","background-type":"","background-media":"","overlay-type":"","overlay-color":"","overlay-gradient":""},"mobile":{"background-color":"var(--ast-global-color-5)","background-image":"","background-repeat":"repeat","background-position":"center center","background-size":"auto","background-attachment":"scroll","background-type":"","background-media":"","overlay-type":"","overlay-color":"","overlay-gradient":""}}},"product_cat":[53,23],"product_tag":[],"yoast_head":"<!-- This site is optimized with the Yoast SEO plugin v21.6 - https:\/\/yoast.com\/wordpress\/plugins\/seo\/ -->\n<title>&quot;Wilcz\u0119ta 2&quot; Rozmowy z dzie\u0107mi \u017bo\u0142nierzy Wykl\u0119tych - Odra Niemen Sklep Charytatywny<\/title>\n<meta name=\"description\" content=\"Dzi\u0119ki lekturze \u015bwiadectwa ludzi, kt\u00f3rzy zachowali wierno\u015b\u0107 rzeczom wa\u017cnym, kt\u00f3rzy byli gotowi odda\u0107 za nie \u017cycie.\" \/>\n<meta name=\"robots\" content=\"index, follow, max-snippet:-1, max-image-preview:large, max-video-preview:-1\" \/>\n<link rel=\"canonical\" href=\"https:\/\/odraniemen.org\/sklep\/produkt\/wilczeta-2-rozmowy-z-dziecmi-zolnierzy-wykletych\/\" \/>\n<meta property=\"og:locale\" content=\"pl_PL\" \/>\n<meta property=\"og:type\" content=\"article\" \/>\n<meta property=\"og:title\" content=\"&quot;Wilcz\u0119ta 2&quot; Rozmowy z dzie\u0107mi \u017bo\u0142nierzy Wykl\u0119tych - Odra Niemen Sklep Charytatywny\" \/>\n<meta property=\"og:description\" content=\"Dzi\u0119ki lekturze \u015bwiadectwa ludzi, kt\u00f3rzy zachowali wierno\u015b\u0107 rzeczom wa\u017cnym, kt\u00f3rzy byli gotowi odda\u0107 za nie \u017cycie.\" \/>\n<meta property=\"og:url\" content=\"https:\/\/odraniemen.org\/sklep\/produkt\/wilczeta-2-rozmowy-z-dziecmi-zolnierzy-wykletych\/\" \/>\n<meta property=\"og:site_name\" content=\"Odra Niemen Sklep Charytatywny\" \/>\n<meta property=\"article:modified_time\" content=\"2024-11-08T10:35:16+00:00\" \/>\n<meta property=\"og:image\" content=\"https:\/\/odraniemen.org\/sklep\/wp-content\/uploads\/sites\/8\/2022\/04\/Wilczeta-2.jpg\" \/>\n\t<meta property=\"og:image:width\" content=\"750\" \/>\n\t<meta property=\"og:image:height\" content=\"1000\" \/>\n\t<meta property=\"og:image:type\" content=\"image\/jpeg\" \/>\n<meta name=\"twitter:card\" content=\"summary_large_image\" \/>\n<meta name=\"twitter:label1\" content=\"Szacowany czas czytania\" \/>\n\t<meta name=\"twitter:data1\" content=\"1 minuta\" \/>\n<script type=\"application\/ld+json\" class=\"yoast-schema-graph\">{\"@context\":\"https:\/\/schema.org\",\"@graph\":[{\"@type\":\"WebPage\",\"@id\":\"https:\/\/odraniemen.org\/sklep\/produkt\/wilczeta-2-rozmowy-z-dziecmi-zolnierzy-wykletych\/\",\"url\":\"https:\/\/odraniemen.org\/sklep\/produkt\/wilczeta-2-rozmowy-z-dziecmi-zolnierzy-wykletych\/\",\"name\":\"\\\"Wilcz\u0119ta 2\\\" Rozmowy z dzie\u0107mi \u017bo\u0142nierzy Wykl\u0119tych - Odra Niemen Sklep Charytatywny\",\"isPartOf\":{\"@id\":\"https:\/\/odraniemen.org\/sklep\/#website\"},\"datePublished\":\"2022-04-13T09:32:53+00:00\",\"dateModified\":\"2024-11-08T10:35:16+00:00\",\"description\":\"Dzi\u0119ki lekturze \u015bwiadectwa ludzi, kt\u00f3rzy zachowali wierno\u015b\u0107 rzeczom wa\u017cnym, kt\u00f3rzy byli gotowi odda\u0107 za nie \u017cycie.\",\"breadcrumb\":{\"@id\":\"https:\/\/odraniemen.org\/sklep\/produkt\/wilczeta-2-rozmowy-z-dziecmi-zolnierzy-wykletych\/#breadcrumb\"},\"inLanguage\":\"pl-PL\",\"potentialAction\":[{\"@type\":\"ReadAction\",\"target\":[\"https:\/\/odraniemen.org\/sklep\/produkt\/wilczeta-2-rozmowy-z-dziecmi-zolnierzy-wykletych\/\"]}]},{\"@type\":\"BreadcrumbList\",\"@id\":\"https:\/\/odraniemen.org\/sklep\/produkt\/wilczeta-2-rozmowy-z-dziecmi-zolnierzy-wykletych\/#breadcrumb\",\"itemListElement\":[{\"@type\":\"ListItem\",\"position\":1,\"name\":\"Strona g\u0142\u00f3wna\",\"item\":\"https:\/\/odraniemen.org\/sklep\/\"},{\"@type\":\"ListItem\",\"position\":2,\"name\":\"Sklep\",\"item\":\"https:\/\/odraniemen.org\/sklep\/sklep\/\"},{\"@type\":\"ListItem\",\"position\":3,\"name\":\"&#8220;Wilcz\u0119ta 2&#8221; Rozmowy z dzie\u0107mi \u017bo\u0142nierzy Wykl\u0119tych\"}]},{\"@type\":\"WebSite\",\"@id\":\"https:\/\/odraniemen.org\/sklep\/#website\",\"url\":\"https:\/\/odraniemen.org\/sklep\/\",\"name\":\"Odra Niemen Sklep Charytatywny\",\"description\":\"Sklep charytatywny Stowarzyszenia Odra-Niemen\",\"publisher\":{\"@id\":\"https:\/\/odraniemen.org\/sklep\/#organization\"},\"potentialAction\":[{\"@type\":\"SearchAction\",\"target\":{\"@type\":\"EntryPoint\",\"urlTemplate\":\"https:\/\/odraniemen.org\/sklep\/?s={search_term_string}\"},\"query-input\":\"required name=search_term_string\"}],\"inLanguage\":\"pl-PL\"},{\"@type\":\"Organization\",\"@id\":\"https:\/\/odraniemen.org\/sklep\/#organization\",\"name\":\"Odra Niemen Sklep Charytatywny\",\"url\":\"https:\/\/odraniemen.org\/sklep\/\",\"logo\":{\"@type\":\"ImageObject\",\"inLanguage\":\"pl-PL\",\"@id\":\"https:\/\/odraniemen.org\/sklep\/#\/schema\/logo\/image\/\",\"url\":\"https:\/\/odraniemen.org\/sklep\/wp-content\/uploads\/sites\/8\/2022\/05\/cropped-logo-menu1.png\",\"contentUrl\":\"https:\/\/odraniemen.org\/sklep\/wp-content\/uploads\/sites\/8\/2022\/05\/cropped-logo-menu1.png\",\"width\":324,\"height\":250,\"caption\":\"Odra Niemen Sklep Charytatywny\"},\"image\":{\"@id\":\"https:\/\/odraniemen.org\/sklep\/#\/schema\/logo\/image\/\"}}]}<\/script>\n<!-- \/ Yoast SEO plugin. -->","yoast_head_json":{"title":"\"Wilcz\u0119ta 2\" Rozmowy z dzie\u0107mi \u017bo\u0142nierzy Wykl\u0119tych - Odra Niemen Sklep Charytatywny","description":"Dzi\u0119ki lekturze \u015bwiadectwa ludzi, kt\u00f3rzy zachowali wierno\u015b\u0107 rzeczom wa\u017cnym, kt\u00f3rzy byli gotowi odda\u0107 za nie \u017cycie.","robots":{"index":"index","follow":"follow","max-snippet":"max-snippet:-1","max-image-preview":"max-image-preview:large","max-video-preview":"max-video-preview:-1"},"canonical":"https:\/\/odraniemen.org\/sklep\/produkt\/wilczeta-2-rozmowy-z-dziecmi-zolnierzy-wykletych\/","og_locale":"pl_PL","og_type":"article","og_title":"\"Wilcz\u0119ta 2\" Rozmowy z dzie\u0107mi \u017bo\u0142nierzy Wykl\u0119tych - Odra Niemen Sklep Charytatywny","og_description":"Dzi\u0119ki lekturze \u015bwiadectwa ludzi, kt\u00f3rzy zachowali wierno\u015b\u0107 rzeczom wa\u017cnym, kt\u00f3rzy byli gotowi odda\u0107 za nie \u017cycie.","og_url":"https:\/\/odraniemen.org\/sklep\/produkt\/wilczeta-2-rozmowy-z-dziecmi-zolnierzy-wykletych\/","og_site_name":"Odra Niemen Sklep Charytatywny","article_modified_time":"2024-11-08T10:35:16+00:00","og_image":[{"width":750,"height":1000,"url":"https:\/\/odraniemen.org\/sklep\/wp-content\/uploads\/sites\/8\/2022\/04\/Wilczeta-2.jpg","type":"image\/jpeg"}],"twitter_card":"summary_large_image","twitter_misc":{"Szacowany czas czytania":"1 minuta"},"schema":{"@context":"https:\/\/schema.org","@graph":[{"@type":"WebPage","@id":"https:\/\/odraniemen.org\/sklep\/produkt\/wilczeta-2-rozmowy-z-dziecmi-zolnierzy-wykletych\/","url":"https:\/\/odraniemen.org\/sklep\/produkt\/wilczeta-2-rozmowy-z-dziecmi-zolnierzy-wykletych\/","name":"\"Wilcz\u0119ta 2\" Rozmowy z dzie\u0107mi \u017bo\u0142nierzy Wykl\u0119tych - Odra Niemen Sklep Charytatywny","isPartOf":{"@id":"https:\/\/odraniemen.org\/sklep\/#website"},"datePublished":"2022-04-13T09:32:53+00:00","dateModified":"2024-11-08T10:35:16+00:00","description":"Dzi\u0119ki lekturze \u015bwiadectwa ludzi, kt\u00f3rzy zachowali wierno\u015b\u0107 rzeczom wa\u017cnym, kt\u00f3rzy byli gotowi odda\u0107 za nie \u017cycie.","breadcrumb":{"@id":"https:\/\/odraniemen.org\/sklep\/produkt\/wilczeta-2-rozmowy-z-dziecmi-zolnierzy-wykletych\/#breadcrumb"},"inLanguage":"pl-PL","potentialAction":[{"@type":"ReadAction","target":["https:\/\/odraniemen.org\/sklep\/produkt\/wilczeta-2-rozmowy-z-dziecmi-zolnierzy-wykletych\/"]}]},{"@type":"BreadcrumbList","@id":"https:\/\/odraniemen.org\/sklep\/produkt\/wilczeta-2-rozmowy-z-dziecmi-zolnierzy-wykletych\/#breadcrumb","itemListElement":[{"@type":"ListItem","position":1,"name":"Strona g\u0142\u00f3wna","item":"https:\/\/odraniemen.org\/sklep\/"},{"@type":"ListItem","position":2,"name":"Sklep","item":"https:\/\/odraniemen.org\/sklep\/sklep\/"},{"@type":"ListItem","position":3,"name":"&#8220;Wilcz\u0119ta 2&#8221; Rozmowy z dzie\u0107mi \u017bo\u0142nierzy Wykl\u0119tych"}]},{"@type":"WebSite","@id":"https:\/\/odraniemen.org\/sklep\/#website","url":"https:\/\/odraniemen.org\/sklep\/","name":"Odra Niemen Sklep Charytatywny","description":"Sklep charytatywny Stowarzyszenia Odra-Niemen","publisher":{"@id":"https:\/\/odraniemen.org\/sklep\/#organization"},"potentialAction":[{"@type":"SearchAction","target":{"@type":"EntryPoint","urlTemplate":"https:\/\/odraniemen.org\/sklep\/?s={search_term_string}"},"query-input":"required name=search_term_string"}],"inLanguage":"pl-PL"},{"@type":"Organization","@id":"https:\/\/odraniemen.org\/sklep\/#organization","name":"Odra Niemen Sklep Charytatywny","url":"https:\/\/odraniemen.org\/sklep\/","logo":{"@type":"ImageObject","inLanguage":"pl-PL","@id":"https:\/\/odraniemen.org\/sklep\/#\/schema\/logo\/image\/","url":"https:\/\/odraniemen.org\/sklep\/wp-content\/uploads\/sites\/8\/2022\/05\/cropped-logo-menu1.png","contentUrl":"https:\/\/odraniemen.org\/sklep\/wp-content\/uploads\/sites\/8\/2022\/05\/cropped-logo-menu1.png","width":324,"height":250,"caption":"Odra Niemen Sklep Charytatywny"},"image":{"@id":"https:\/\/odraniemen.org\/sklep\/#\/schema\/logo\/image\/"}}]}},"_links":{"self":[{"href":"https:\/\/odraniemen.org\/sklep\/wp-json\/wp\/v2\/product\/4708"}],"collection":[{"href":"https:\/\/odraniemen.org\/sklep\/wp-json\/wp\/v2\/product"}],"about":[{"href":"https:\/\/odraniemen.org\/sklep\/wp-json\/wp\/v2\/types\/product"}],"replies":[{"embeddable":true,"href":"https:\/\/odraniemen.org\/sklep\/wp-json\/wp\/v2\/comments?post=4708"}],"wp:featuredmedia":[{"embeddable":true,"href":"https:\/\/odraniemen.org\/sklep\/wp-json\/wp\/v2\/media\/4701"}],"wp:attachment":[{"href":"https:\/\/odraniemen.org\/sklep\/wp-json\/wp\/v2\/media?parent=4708"}],"wp:term":[{"taxonomy":"product_cat","embeddable":true,"href":"https:\/\/odraniemen.org\/sklep\/wp-json\/wp\/v2\/product_cat?post=4708"},{"taxonomy":"product_tag","embeddable":true,"href":"https:\/\/odraniemen.org\/sklep\/wp-json\/wp\/v2\/product_tag?post=4708"}],"curies":[{"name":"wp","href":"https:\/\/api.w.org\/{rel}","templated":true}]}}