
{"id":4729,"date":"2022-04-13T23:43:50","date_gmt":"2022-04-13T21:43:50","guid":{"rendered":"https:\/\/odraniemen.org\/sklep\/?post_type=product&#038;p=4729"},"modified":"2026-02-14T15:25:52","modified_gmt":"2026-02-14T14:25:52","slug":"wschodni-gambit","status":"publish","type":"product","link":"https:\/\/odraniemen.org\/sklep\/produkt\/wschodni-gambit\/","title":{"rendered":"&#8220;Wschodni Gambit&#8221;"},"content":{"rendered":"<p>&nbsp;<\/p>\n<p style=\"line-height: 150%;\"><strong>Nic nie jest takie, jak nam si\u0119 mo\u017ce wydawa\u0107, zw\u0142aszcza w pa\u0144stwie, w kt\u00f3rym g\u0142\u00f3wn\u0105 rol\u0119 odgrywa komunizm. Pods\u0142uchy, \u0142apanki przeciwnik\u00f3w re\u017cimu i ca\u0142kowita kontrola pa\u0144stwa i obywateli. Czy pojawi si\u0119 kto\u015b, kto mo\u017ce pokona\u0107 nie tylko ustr\u00f3j, ale tak\u017ce tych, co s\u0105 u w\u0142adzy?<\/strong><\/p>\n<p>&nbsp;<\/p>\n<p style=\"line-height: 150%;\"><strong>&#8220;Wschodni Gambit&#8221; Doroty Kani to ksi\u0105\u017cka, kt\u00f3r\u0105 powinien przeczyta\u0107 ka\u017cdy. Stefan Nilsen to niekwestionowany autorytet w sprawach agent\u00f3w z Europy \u015arodkowo-Wschodniej, znawca polityki ba\u0142ka\u0144skiej, wybitny znawca tajemnic KGB i GRU &#8211; z\u0142ego sowieckiego imperium, kt\u00f3re w czasie zimnej wojny zniewoli\u0142o kraje Uk\u0142adu Warszawskiego. &#8220;Wschodni Gambit&#8221; to ksi\u0105\u017cka o operacjach wywiadowczych, brudnych grach s\u0142u\u017cbowych, wojnie, polityce i wielkich pieni\u0105dzach. Stefan Nilsen i jego najbli\u017csi cz\u0142onkowie nieformalnego think tanku musz\u0105 rozwik\u0142a\u0107 zagadk\u0119, kto by\u0142 informatorem w rosyjskich s\u0142u\u017cbach, a kto dziennikarzem zwerbowanym przez agent\u00f3w komunistycznego wywiadu. Profesor ma coraz mniej czasu, a zdrajca jest blisko?<\/strong><\/p>\n","protected":false},"excerpt":{"rendered":"<p><span style=\"font-family: Roboto;\"><br \/>\nAutor: Dorota Kania<br \/>\n<\/span><\/p>\n<p>Typ ok\u0142adki: mi\u0119kka<\/p>\n<p>&nbsp;<\/p>\n<p>Wydawca: Pracownia Mojego Mistrza<br \/>\nLiczba stron: 304<\/p>\n<p>&nbsp;<\/p>\n<p>Data wydania: 2020<\/p>\n<p>&nbsp;<\/p>\n<p>&nbsp;<\/p>\n<p>&nbsp;<\/p>\n","protected":false},"featured_media":4682,"comment_status":"open","ping_status":"closed","template":"","meta":{"site-sidebar-layout":"default","site-content-layout":"default","ast-site-content-layout":"default","site-content-style":"default","site-sidebar-style":"default","ast-global-header-display":"","ast-banner-title-visibility":"","ast-main-header-display":"","ast-hfb-above-header-display":"","ast-hfb-below-header-display":"","ast-hfb-mobile-header-display":"","site-post-title":"","ast-breadcrumbs-content":"","ast-featured-img":"","footer-sml-layout":"","theme-transparent-header-meta":"default","adv-header-id-meta":"","stick-header-meta":"","header-above-stick-meta":"","header-main-stick-meta":"","header-below-stick-meta":"","astra-migrate-meta-layouts":"set","ast-page-background-enabled":"default","ast-page-background-meta":{"desktop":{"background-color":"","background-image":"","background-repeat":"repeat","background-position":"center center","background-size":"auto","background-attachment":"scroll","background-type":"","background-media":"","overlay-type":"","overlay-color":"","overlay-gradient":""},"tablet":{"background-color":"","background-image":"","background-repeat":"repeat","background-position":"center center","background-size":"auto","background-attachment":"scroll","background-type":"","background-media":"","overlay-type":"","overlay-color":"","overlay-gradient":""},"mobile":{"background-color":"","background-image":"","background-repeat":"repeat","background-position":"center center","background-size":"auto","background-attachment":"scroll","background-type":"","background-media":"","overlay-type":"","overlay-color":"","overlay-gradient":""}},"ast-content-background-meta":{"desktop":{"background-color":"var(--ast-global-color-5)","background-image":"","background-repeat":"repeat","background-position":"center center","background-size":"auto","background-attachment":"scroll","background-type":"","background-media":"","overlay-type":"","overlay-color":"","overlay-gradient":""},"tablet":{"background-color":"var(--ast-global-color-5)","background-image":"","background-repeat":"repeat","background-position":"center center","background-size":"auto","background-attachment":"scroll","background-type":"","background-media":"","overlay-type":"","overlay-color":"","overlay-gradient":""},"mobile":{"background-color":"var(--ast-global-color-5)","background-image":"","background-repeat":"repeat","background-position":"center center","background-size":"auto","background-attachment":"scroll","background-type":"","background-media":"","overlay-type":"","overlay-color":"","overlay-gradient":""}}},"product_cat":[53,23],"product_tag":[],"yoast_head":"<!-- This site is optimized with the Yoast SEO plugin v21.6 - https:\/\/yoast.com\/wordpress\/plugins\/seo\/ -->\n<title>&quot;Wschodni Gambit&quot; - Odra Niemen Sklep Charytatywny<\/title>\n<meta name=\"description\" content=\"&quot;Wschodni Gambit&quot; to ksi\u0105\u017cka o operacjach wywiadowczych, brudnych grach s\u0142u\u017cbowych, wojnie, polityce i wielkich pieni\u0105dzach.\" \/>\n<meta name=\"robots\" content=\"index, follow, max-snippet:-1, max-image-preview:large, max-video-preview:-1\" \/>\n<link rel=\"canonical\" href=\"https:\/\/odraniemen.org\/sklep\/produkt\/wschodni-gambit\/\" \/>\n<meta property=\"og:locale\" content=\"pl_PL\" \/>\n<meta property=\"og:type\" content=\"article\" \/>\n<meta property=\"og:title\" content=\"&quot;Wschodni Gambit&quot; - Odra Niemen Sklep Charytatywny\" \/>\n<meta property=\"og:description\" content=\"&quot;Wschodni Gambit&quot; to ksi\u0105\u017cka o operacjach wywiadowczych, brudnych grach s\u0142u\u017cbowych, wojnie, polityce i wielkich pieni\u0105dzach.\" \/>\n<meta property=\"og:url\" content=\"https:\/\/odraniemen.org\/sklep\/produkt\/wschodni-gambit\/\" \/>\n<meta property=\"og:site_name\" content=\"Odra Niemen Sklep Charytatywny\" \/>\n<meta property=\"article:modified_time\" content=\"2026-02-14T14:25:52+00:00\" \/>\n<meta property=\"og:image\" content=\"https:\/\/odraniemen.org\/sklep\/wp-content\/uploads\/sites\/8\/2022\/04\/wschodni-gambit.jpg\" \/>\n\t<meta property=\"og:image:width\" content=\"750\" \/>\n\t<meta property=\"og:image:height\" content=\"1000\" \/>\n\t<meta property=\"og:image:type\" content=\"image\/jpeg\" \/>\n<meta name=\"twitter:card\" content=\"summary_large_image\" \/>\n<meta name=\"twitter:label1\" content=\"Szacowany czas czytania\" \/>\n\t<meta name=\"twitter:data1\" content=\"1 minuta\" \/>\n<script type=\"application\/ld+json\" class=\"yoast-schema-graph\">{\"@context\":\"https:\/\/schema.org\",\"@graph\":[{\"@type\":\"WebPage\",\"@id\":\"https:\/\/odraniemen.org\/sklep\/produkt\/wschodni-gambit\/\",\"url\":\"https:\/\/odraniemen.org\/sklep\/produkt\/wschodni-gambit\/\",\"name\":\"\\\"Wschodni Gambit\\\" - Odra Niemen Sklep Charytatywny\",\"isPartOf\":{\"@id\":\"https:\/\/odraniemen.org\/sklep\/#website\"},\"datePublished\":\"2022-04-13T21:43:50+00:00\",\"dateModified\":\"2026-02-14T14:25:52+00:00\",\"description\":\"\\\"Wschodni Gambit\\\" to ksi\u0105\u017cka o operacjach wywiadowczych, brudnych grach s\u0142u\u017cbowych, wojnie, polityce i wielkich pieni\u0105dzach.\",\"breadcrumb\":{\"@id\":\"https:\/\/odraniemen.org\/sklep\/produkt\/wschodni-gambit\/#breadcrumb\"},\"inLanguage\":\"pl-PL\",\"potentialAction\":[{\"@type\":\"ReadAction\",\"target\":[\"https:\/\/odraniemen.org\/sklep\/produkt\/wschodni-gambit\/\"]}]},{\"@type\":\"BreadcrumbList\",\"@id\":\"https:\/\/odraniemen.org\/sklep\/produkt\/wschodni-gambit\/#breadcrumb\",\"itemListElement\":[{\"@type\":\"ListItem\",\"position\":1,\"name\":\"Strona g\u0142\u00f3wna\",\"item\":\"https:\/\/odraniemen.org\/sklep\/\"},{\"@type\":\"ListItem\",\"position\":2,\"name\":\"Sklep\",\"item\":\"https:\/\/odraniemen.org\/sklep\/sklep\/\"},{\"@type\":\"ListItem\",\"position\":3,\"name\":\"&#8220;Wschodni Gambit&#8221;\"}]},{\"@type\":\"WebSite\",\"@id\":\"https:\/\/odraniemen.org\/sklep\/#website\",\"url\":\"https:\/\/odraniemen.org\/sklep\/\",\"name\":\"Odra Niemen Sklep Charytatywny\",\"description\":\"Sklep charytatywny Stowarzyszenia Odra-Niemen\",\"publisher\":{\"@id\":\"https:\/\/odraniemen.org\/sklep\/#organization\"},\"potentialAction\":[{\"@type\":\"SearchAction\",\"target\":{\"@type\":\"EntryPoint\",\"urlTemplate\":\"https:\/\/odraniemen.org\/sklep\/?s={search_term_string}\"},\"query-input\":\"required name=search_term_string\"}],\"inLanguage\":\"pl-PL\"},{\"@type\":\"Organization\",\"@id\":\"https:\/\/odraniemen.org\/sklep\/#organization\",\"name\":\"Odra Niemen Sklep Charytatywny\",\"url\":\"https:\/\/odraniemen.org\/sklep\/\",\"logo\":{\"@type\":\"ImageObject\",\"inLanguage\":\"pl-PL\",\"@id\":\"https:\/\/odraniemen.org\/sklep\/#\/schema\/logo\/image\/\",\"url\":\"https:\/\/odraniemen.org\/sklep\/wp-content\/uploads\/sites\/8\/2022\/05\/cropped-logo-menu1.png\",\"contentUrl\":\"https:\/\/odraniemen.org\/sklep\/wp-content\/uploads\/sites\/8\/2022\/05\/cropped-logo-menu1.png\",\"width\":324,\"height\":250,\"caption\":\"Odra Niemen Sklep Charytatywny\"},\"image\":{\"@id\":\"https:\/\/odraniemen.org\/sklep\/#\/schema\/logo\/image\/\"}}]}<\/script>\n<!-- \/ Yoast SEO plugin. -->","yoast_head_json":{"title":"\"Wschodni Gambit\" - Odra Niemen Sklep Charytatywny","description":"\"Wschodni Gambit\" to ksi\u0105\u017cka o operacjach wywiadowczych, brudnych grach s\u0142u\u017cbowych, wojnie, polityce i wielkich pieni\u0105dzach.","robots":{"index":"index","follow":"follow","max-snippet":"max-snippet:-1","max-image-preview":"max-image-preview:large","max-video-preview":"max-video-preview:-1"},"canonical":"https:\/\/odraniemen.org\/sklep\/produkt\/wschodni-gambit\/","og_locale":"pl_PL","og_type":"article","og_title":"\"Wschodni Gambit\" - Odra Niemen Sklep Charytatywny","og_description":"\"Wschodni Gambit\" to ksi\u0105\u017cka o operacjach wywiadowczych, brudnych grach s\u0142u\u017cbowych, wojnie, polityce i wielkich pieni\u0105dzach.","og_url":"https:\/\/odraniemen.org\/sklep\/produkt\/wschodni-gambit\/","og_site_name":"Odra Niemen Sklep Charytatywny","article_modified_time":"2026-02-14T14:25:52+00:00","og_image":[{"width":750,"height":1000,"url":"https:\/\/odraniemen.org\/sklep\/wp-content\/uploads\/sites\/8\/2022\/04\/wschodni-gambit.jpg","type":"image\/jpeg"}],"twitter_card":"summary_large_image","twitter_misc":{"Szacowany czas czytania":"1 minuta"},"schema":{"@context":"https:\/\/schema.org","@graph":[{"@type":"WebPage","@id":"https:\/\/odraniemen.org\/sklep\/produkt\/wschodni-gambit\/","url":"https:\/\/odraniemen.org\/sklep\/produkt\/wschodni-gambit\/","name":"\"Wschodni Gambit\" - Odra Niemen Sklep Charytatywny","isPartOf":{"@id":"https:\/\/odraniemen.org\/sklep\/#website"},"datePublished":"2022-04-13T21:43:50+00:00","dateModified":"2026-02-14T14:25:52+00:00","description":"\"Wschodni Gambit\" to ksi\u0105\u017cka o operacjach wywiadowczych, brudnych grach s\u0142u\u017cbowych, wojnie, polityce i wielkich pieni\u0105dzach.","breadcrumb":{"@id":"https:\/\/odraniemen.org\/sklep\/produkt\/wschodni-gambit\/#breadcrumb"},"inLanguage":"pl-PL","potentialAction":[{"@type":"ReadAction","target":["https:\/\/odraniemen.org\/sklep\/produkt\/wschodni-gambit\/"]}]},{"@type":"BreadcrumbList","@id":"https:\/\/odraniemen.org\/sklep\/produkt\/wschodni-gambit\/#breadcrumb","itemListElement":[{"@type":"ListItem","position":1,"name":"Strona g\u0142\u00f3wna","item":"https:\/\/odraniemen.org\/sklep\/"},{"@type":"ListItem","position":2,"name":"Sklep","item":"https:\/\/odraniemen.org\/sklep\/sklep\/"},{"@type":"ListItem","position":3,"name":"&#8220;Wschodni Gambit&#8221;"}]},{"@type":"WebSite","@id":"https:\/\/odraniemen.org\/sklep\/#website","url":"https:\/\/odraniemen.org\/sklep\/","name":"Odra Niemen Sklep Charytatywny","description":"Sklep charytatywny Stowarzyszenia Odra-Niemen","publisher":{"@id":"https:\/\/odraniemen.org\/sklep\/#organization"},"potentialAction":[{"@type":"SearchAction","target":{"@type":"EntryPoint","urlTemplate":"https:\/\/odraniemen.org\/sklep\/?s={search_term_string}"},"query-input":"required name=search_term_string"}],"inLanguage":"pl-PL"},{"@type":"Organization","@id":"https:\/\/odraniemen.org\/sklep\/#organization","name":"Odra Niemen Sklep Charytatywny","url":"https:\/\/odraniemen.org\/sklep\/","logo":{"@type":"ImageObject","inLanguage":"pl-PL","@id":"https:\/\/odraniemen.org\/sklep\/#\/schema\/logo\/image\/","url":"https:\/\/odraniemen.org\/sklep\/wp-content\/uploads\/sites\/8\/2022\/05\/cropped-logo-menu1.png","contentUrl":"https:\/\/odraniemen.org\/sklep\/wp-content\/uploads\/sites\/8\/2022\/05\/cropped-logo-menu1.png","width":324,"height":250,"caption":"Odra Niemen Sklep Charytatywny"},"image":{"@id":"https:\/\/odraniemen.org\/sklep\/#\/schema\/logo\/image\/"}}]}},"_links":{"self":[{"href":"https:\/\/odraniemen.org\/sklep\/wp-json\/wp\/v2\/product\/4729"}],"collection":[{"href":"https:\/\/odraniemen.org\/sklep\/wp-json\/wp\/v2\/product"}],"about":[{"href":"https:\/\/odraniemen.org\/sklep\/wp-json\/wp\/v2\/types\/product"}],"replies":[{"embeddable":true,"href":"https:\/\/odraniemen.org\/sklep\/wp-json\/wp\/v2\/comments?post=4729"}],"wp:featuredmedia":[{"embeddable":true,"href":"https:\/\/odraniemen.org\/sklep\/wp-json\/wp\/v2\/media\/4682"}],"wp:attachment":[{"href":"https:\/\/odraniemen.org\/sklep\/wp-json\/wp\/v2\/media?parent=4729"}],"wp:term":[{"taxonomy":"product_cat","embeddable":true,"href":"https:\/\/odraniemen.org\/sklep\/wp-json\/wp\/v2\/product_cat?post=4729"},{"taxonomy":"product_tag","embeddable":true,"href":"https:\/\/odraniemen.org\/sklep\/wp-json\/wp\/v2\/product_tag?post=4729"}],"curies":[{"name":"wp","href":"https:\/\/api.w.org\/{rel}","templated":true}]}}