
{"id":4869,"date":"2022-04-24T18:27:55","date_gmt":"2022-04-24T16:27:55","guid":{"rendered":"https:\/\/odraniemen.org\/sklep\/?post_type=product&#038;p=4869"},"modified":"2025-07-31T08:35:43","modified_gmt":"2025-07-31T06:35:43","slug":"naprawa-busa","status":"publish","type":"product","link":"https:\/\/odraniemen.org\/sklep\/produkt\/naprawa-busa\/","title":{"rendered":"Naprawa busa"},"content":{"rendered":"<p>&nbsp;<\/p>\n<p style=\"line-height: 150%;\"><strong>Dorzu\u0107 si\u0119 na napraw\u0119 naszego busa! Rocznie przemierzamy nawet sto tysi\u0119cy kilometr\u00f3w, aby dotrze\u0107 do r\u00f3\u017cnych zak\u0105tk\u00f3w wschodniej Europy, gdzie czekaj\u0105 na wsparcie nasi rodacy. Jak wiadomo na wschodzie drogi s\u0105 &#8220;dziurawe&#8221; wi\u0119c nasze busy nara\u017cone s\u0105 na cz\u0119ste awarie. Praktycznie ca\u0142y czas jest co\u015b do roboty. Po XV edycji akcji Rodacy Bohaterom w naszym busie uszkodzi\u0142 si\u0119 silnik. Wymiana z napraw\u0105 to koszt oko\u0142o 30 tys. z\u0142. Jest to bardzo du\u017ce obci\u0105\u017cenie dla stowarzyszenia. A bus to jedno z naszych najwa\u017cniejszych narz\u0119dzi pracy.\u00a0 Kupuj\u0105c cegie\u0142k\u0119 na napraw\u0119 busa nie tylko przyspieszasz napraw\u0119, ale przede wszystkim u\u0142atwiasz nam dotarcie do naszych podopiecznych. <\/strong><\/p>\n","protected":false},"excerpt":{"rendered":"<p>Dorzu\u0107 si\u0119 na napraw\u0119 naszego busa! Dzi\u0119ki Tobie nasze transporty do rodak\u00f3w za wschodni\u0105 granic\u0105 szybciej dotr\u0105 do celu.<\/p>\n<p>Je\u015bli chcesz zwi\u0119kszy\u0107 kwot\u0119 donacji w okienku przy przycisku \u201cdodaj do koszyka\u201d ustaw odpowiedni\u0105 ilo\u015b\u0107.<\/p>\n<p>&nbsp;<\/p>\n","protected":false},"featured_media":5050,"comment_status":"open","ping_status":"closed","template":"","meta":{"site-sidebar-layout":"default","site-content-layout":"default","ast-site-content-layout":"default","site-content-style":"default","site-sidebar-style":"default","ast-global-header-display":"","ast-banner-title-visibility":"","ast-main-header-display":"","ast-hfb-above-header-display":"","ast-hfb-below-header-display":"","ast-hfb-mobile-header-display":"","site-post-title":"","ast-breadcrumbs-content":"","ast-featured-img":"","footer-sml-layout":"","theme-transparent-header-meta":"default","adv-header-id-meta":"","stick-header-meta":"","header-above-stick-meta":"","header-main-stick-meta":"","header-below-stick-meta":"","astra-migrate-meta-layouts":"set","ast-page-background-enabled":"default","ast-page-background-meta":{"desktop":{"background-color":"","background-image":"","background-repeat":"repeat","background-position":"center center","background-size":"auto","background-attachment":"scroll","background-type":"","background-media":"","overlay-type":"","overlay-color":"","overlay-gradient":""},"tablet":{"background-color":"","background-image":"","background-repeat":"repeat","background-position":"center center","background-size":"auto","background-attachment":"scroll","background-type":"","background-media":"","overlay-type":"","overlay-color":"","overlay-gradient":""},"mobile":{"background-color":"","background-image":"","background-repeat":"repeat","background-position":"center center","background-size":"auto","background-attachment":"scroll","background-type":"","background-media":"","overlay-type":"","overlay-color":"","overlay-gradient":""}},"ast-content-background-meta":{"desktop":{"background-color":"var(--ast-global-color-5)","background-image":"","background-repeat":"repeat","background-position":"center center","background-size":"auto","background-attachment":"scroll","background-type":"","background-media":"","overlay-type":"","overlay-color":"","overlay-gradient":""},"tablet":{"background-color":"var(--ast-global-color-5)","background-image":"","background-repeat":"repeat","background-position":"center center","background-size":"auto","background-attachment":"scroll","background-type":"","background-media":"","overlay-type":"","overlay-color":"","overlay-gradient":""},"mobile":{"background-color":"var(--ast-global-color-5)","background-image":"","background-repeat":"repeat","background-position":"center center","background-size":"auto","background-attachment":"scroll","background-type":"","background-media":"","overlay-type":"","overlay-color":"","overlay-gradient":""}}},"product_cat":[82,53],"product_tag":[],"yoast_head":"<!-- This site is optimized with the Yoast SEO plugin v21.6 - https:\/\/yoast.com\/wordpress\/plugins\/seo\/ -->\n<title>Naprawa busa - Odra Niemen Sklep Charytatywny<\/title>\n<meta name=\"description\" content=\"Dorzu\u0107 si\u0119 na napraw\u0119 naszego busa! Rocznie przemierzamy setki tysi\u0119cy kilometr\u00f3w, aby dotrze\u0107 do r\u00f3\u017cnych zak\u0105tk\u00f3w wschodniej europy.\" \/>\n<meta name=\"robots\" content=\"index, follow, max-snippet:-1, max-image-preview:large, max-video-preview:-1\" \/>\n<link rel=\"canonical\" href=\"https:\/\/odraniemen.org\/sklep\/produkt\/naprawa-busa\/\" \/>\n<meta property=\"og:locale\" content=\"pl_PL\" \/>\n<meta property=\"og:type\" content=\"article\" \/>\n<meta property=\"og:title\" content=\"Naprawa busa - Odra Niemen Sklep Charytatywny\" \/>\n<meta property=\"og:description\" content=\"Dorzu\u0107 si\u0119 na napraw\u0119 naszego busa! Rocznie przemierzamy setki tysi\u0119cy kilometr\u00f3w, aby dotrze\u0107 do r\u00f3\u017cnych zak\u0105tk\u00f3w wschodniej europy.\" \/>\n<meta property=\"og:url\" content=\"https:\/\/odraniemen.org\/sklep\/produkt\/naprawa-busa\/\" \/>\n<meta property=\"og:site_name\" content=\"Odra Niemen Sklep Charytatywny\" \/>\n<meta property=\"article:modified_time\" content=\"2025-07-31T06:35:43+00:00\" \/>\n<meta property=\"og:image\" content=\"https:\/\/odraniemen.org\/sklep\/wp-content\/uploads\/sites\/8\/2022\/04\/NAPRAWA-BUSA-SKLEP.jpg\" \/>\n\t<meta property=\"og:image:width\" content=\"750\" \/>\n\t<meta property=\"og:image:height\" content=\"1000\" \/>\n\t<meta property=\"og:image:type\" content=\"image\/jpeg\" \/>\n<meta name=\"twitter:card\" content=\"summary_large_image\" \/>\n<meta name=\"twitter:label1\" content=\"Szacowany czas czytania\" \/>\n\t<meta name=\"twitter:data1\" content=\"1 minuta\" \/>\n<script type=\"application\/ld+json\" class=\"yoast-schema-graph\">{\"@context\":\"https:\/\/schema.org\",\"@graph\":[{\"@type\":\"WebPage\",\"@id\":\"https:\/\/odraniemen.org\/sklep\/produkt\/naprawa-busa\/\",\"url\":\"https:\/\/odraniemen.org\/sklep\/produkt\/naprawa-busa\/\",\"name\":\"Naprawa busa - Odra Niemen Sklep Charytatywny\",\"isPartOf\":{\"@id\":\"https:\/\/odraniemen.org\/sklep\/#website\"},\"datePublished\":\"2022-04-24T16:27:55+00:00\",\"dateModified\":\"2025-07-31T06:35:43+00:00\",\"description\":\"Dorzu\u0107 si\u0119 na napraw\u0119 naszego busa! Rocznie przemierzamy setki tysi\u0119cy kilometr\u00f3w, aby dotrze\u0107 do r\u00f3\u017cnych zak\u0105tk\u00f3w wschodniej europy.\",\"breadcrumb\":{\"@id\":\"https:\/\/odraniemen.org\/sklep\/produkt\/naprawa-busa\/#breadcrumb\"},\"inLanguage\":\"pl-PL\",\"potentialAction\":[{\"@type\":\"ReadAction\",\"target\":[\"https:\/\/odraniemen.org\/sklep\/produkt\/naprawa-busa\/\"]}]},{\"@type\":\"BreadcrumbList\",\"@id\":\"https:\/\/odraniemen.org\/sklep\/produkt\/naprawa-busa\/#breadcrumb\",\"itemListElement\":[{\"@type\":\"ListItem\",\"position\":1,\"name\":\"Strona g\u0142\u00f3wna\",\"item\":\"https:\/\/odraniemen.org\/sklep\/\"},{\"@type\":\"ListItem\",\"position\":2,\"name\":\"Sklep\",\"item\":\"https:\/\/odraniemen.org\/sklep\/sklep\/\"},{\"@type\":\"ListItem\",\"position\":3,\"name\":\"Naprawa busa\"}]},{\"@type\":\"WebSite\",\"@id\":\"https:\/\/odraniemen.org\/sklep\/#website\",\"url\":\"https:\/\/odraniemen.org\/sklep\/\",\"name\":\"Odra Niemen Sklep Charytatywny\",\"description\":\"Sklep charytatywny Stowarzyszenia Odra-Niemen\",\"publisher\":{\"@id\":\"https:\/\/odraniemen.org\/sklep\/#organization\"},\"potentialAction\":[{\"@type\":\"SearchAction\",\"target\":{\"@type\":\"EntryPoint\",\"urlTemplate\":\"https:\/\/odraniemen.org\/sklep\/?s={search_term_string}\"},\"query-input\":\"required name=search_term_string\"}],\"inLanguage\":\"pl-PL\"},{\"@type\":\"Organization\",\"@id\":\"https:\/\/odraniemen.org\/sklep\/#organization\",\"name\":\"Odra Niemen Sklep Charytatywny\",\"url\":\"https:\/\/odraniemen.org\/sklep\/\",\"logo\":{\"@type\":\"ImageObject\",\"inLanguage\":\"pl-PL\",\"@id\":\"https:\/\/odraniemen.org\/sklep\/#\/schema\/logo\/image\/\",\"url\":\"https:\/\/odraniemen.org\/sklep\/wp-content\/uploads\/sites\/8\/2022\/05\/cropped-logo-menu1.png\",\"contentUrl\":\"https:\/\/odraniemen.org\/sklep\/wp-content\/uploads\/sites\/8\/2022\/05\/cropped-logo-menu1.png\",\"width\":324,\"height\":250,\"caption\":\"Odra Niemen Sklep Charytatywny\"},\"image\":{\"@id\":\"https:\/\/odraniemen.org\/sklep\/#\/schema\/logo\/image\/\"}}]}<\/script>\n<!-- \/ Yoast SEO plugin. -->","yoast_head_json":{"title":"Naprawa busa - Odra Niemen Sklep Charytatywny","description":"Dorzu\u0107 si\u0119 na napraw\u0119 naszego busa! Rocznie przemierzamy setki tysi\u0119cy kilometr\u00f3w, aby dotrze\u0107 do r\u00f3\u017cnych zak\u0105tk\u00f3w wschodniej europy.","robots":{"index":"index","follow":"follow","max-snippet":"max-snippet:-1","max-image-preview":"max-image-preview:large","max-video-preview":"max-video-preview:-1"},"canonical":"https:\/\/odraniemen.org\/sklep\/produkt\/naprawa-busa\/","og_locale":"pl_PL","og_type":"article","og_title":"Naprawa busa - Odra Niemen Sklep Charytatywny","og_description":"Dorzu\u0107 si\u0119 na napraw\u0119 naszego busa! Rocznie przemierzamy setki tysi\u0119cy kilometr\u00f3w, aby dotrze\u0107 do r\u00f3\u017cnych zak\u0105tk\u00f3w wschodniej europy.","og_url":"https:\/\/odraniemen.org\/sklep\/produkt\/naprawa-busa\/","og_site_name":"Odra Niemen Sklep Charytatywny","article_modified_time":"2025-07-31T06:35:43+00:00","og_image":[{"width":750,"height":1000,"url":"https:\/\/odraniemen.org\/sklep\/wp-content\/uploads\/sites\/8\/2022\/04\/NAPRAWA-BUSA-SKLEP.jpg","type":"image\/jpeg"}],"twitter_card":"summary_large_image","twitter_misc":{"Szacowany czas czytania":"1 minuta"},"schema":{"@context":"https:\/\/schema.org","@graph":[{"@type":"WebPage","@id":"https:\/\/odraniemen.org\/sklep\/produkt\/naprawa-busa\/","url":"https:\/\/odraniemen.org\/sklep\/produkt\/naprawa-busa\/","name":"Naprawa busa - Odra Niemen Sklep Charytatywny","isPartOf":{"@id":"https:\/\/odraniemen.org\/sklep\/#website"},"datePublished":"2022-04-24T16:27:55+00:00","dateModified":"2025-07-31T06:35:43+00:00","description":"Dorzu\u0107 si\u0119 na napraw\u0119 naszego busa! Rocznie przemierzamy setki tysi\u0119cy kilometr\u00f3w, aby dotrze\u0107 do r\u00f3\u017cnych zak\u0105tk\u00f3w wschodniej europy.","breadcrumb":{"@id":"https:\/\/odraniemen.org\/sklep\/produkt\/naprawa-busa\/#breadcrumb"},"inLanguage":"pl-PL","potentialAction":[{"@type":"ReadAction","target":["https:\/\/odraniemen.org\/sklep\/produkt\/naprawa-busa\/"]}]},{"@type":"BreadcrumbList","@id":"https:\/\/odraniemen.org\/sklep\/produkt\/naprawa-busa\/#breadcrumb","itemListElement":[{"@type":"ListItem","position":1,"name":"Strona g\u0142\u00f3wna","item":"https:\/\/odraniemen.org\/sklep\/"},{"@type":"ListItem","position":2,"name":"Sklep","item":"https:\/\/odraniemen.org\/sklep\/sklep\/"},{"@type":"ListItem","position":3,"name":"Naprawa busa"}]},{"@type":"WebSite","@id":"https:\/\/odraniemen.org\/sklep\/#website","url":"https:\/\/odraniemen.org\/sklep\/","name":"Odra Niemen Sklep Charytatywny","description":"Sklep charytatywny Stowarzyszenia Odra-Niemen","publisher":{"@id":"https:\/\/odraniemen.org\/sklep\/#organization"},"potentialAction":[{"@type":"SearchAction","target":{"@type":"EntryPoint","urlTemplate":"https:\/\/odraniemen.org\/sklep\/?s={search_term_string}"},"query-input":"required name=search_term_string"}],"inLanguage":"pl-PL"},{"@type":"Organization","@id":"https:\/\/odraniemen.org\/sklep\/#organization","name":"Odra Niemen Sklep Charytatywny","url":"https:\/\/odraniemen.org\/sklep\/","logo":{"@type":"ImageObject","inLanguage":"pl-PL","@id":"https:\/\/odraniemen.org\/sklep\/#\/schema\/logo\/image\/","url":"https:\/\/odraniemen.org\/sklep\/wp-content\/uploads\/sites\/8\/2022\/05\/cropped-logo-menu1.png","contentUrl":"https:\/\/odraniemen.org\/sklep\/wp-content\/uploads\/sites\/8\/2022\/05\/cropped-logo-menu1.png","width":324,"height":250,"caption":"Odra Niemen Sklep Charytatywny"},"image":{"@id":"https:\/\/odraniemen.org\/sklep\/#\/schema\/logo\/image\/"}}]}},"_links":{"self":[{"href":"https:\/\/odraniemen.org\/sklep\/wp-json\/wp\/v2\/product\/4869"}],"collection":[{"href":"https:\/\/odraniemen.org\/sklep\/wp-json\/wp\/v2\/product"}],"about":[{"href":"https:\/\/odraniemen.org\/sklep\/wp-json\/wp\/v2\/types\/product"}],"replies":[{"embeddable":true,"href":"https:\/\/odraniemen.org\/sklep\/wp-json\/wp\/v2\/comments?post=4869"}],"wp:featuredmedia":[{"embeddable":true,"href":"https:\/\/odraniemen.org\/sklep\/wp-json\/wp\/v2\/media\/5050"}],"wp:attachment":[{"href":"https:\/\/odraniemen.org\/sklep\/wp-json\/wp\/v2\/media?parent=4869"}],"wp:term":[{"taxonomy":"product_cat","embeddable":true,"href":"https:\/\/odraniemen.org\/sklep\/wp-json\/wp\/v2\/product_cat?post=4869"},{"taxonomy":"product_tag","embeddable":true,"href":"https:\/\/odraniemen.org\/sklep\/wp-json\/wp\/v2\/product_tag?post=4869"}],"curies":[{"name":"wp","href":"https:\/\/api.w.org\/{rel}","templated":true}]}}