
{"id":5196,"date":"2022-07-13T14:22:04","date_gmt":"2022-07-13T12:22:04","guid":{"rendered":"https:\/\/odraniemen.org\/sklep\/?post_type=product&#038;p=5196"},"modified":"2024-12-16T12:42:04","modified_gmt":"2024-12-16T11:42:04","slug":"obraz-pejzaz-8","status":"publish","type":"product","link":"https:\/\/odraniemen.org\/sklep\/produkt\/obraz-pejzaz-8\/","title":{"rendered":"Obraz &#8220;R\u00f3\u017ce&#8221;"},"content":{"rendered":"<p style=\"line-height: 150%;\">Obraz autorstwa malarza Mieczys\u0142awa Ma\u0142awskiego z Lwowskiego Towarzystwa Przyjaci\u00f3\u0142 Sztuk Pi\u0119knych.<\/p>\n<p>Tytu\u0142: R\u00f3\u017ce<\/p>\n<p>O Autorze:<\/p>\n<p>Mieczys\u0142aw Ma\u0142awski<\/p>\n<p>wspania\u0142y polski artysta mieszkaj\u0105cy we Lwowie, absolwent Lwowskiego Instytutu Sztuki U\u017cytkowej i Dekoracyjnej,<br \/>\nprofesor Lwowskiej Akademii Sztuk Pi\u0119knych oraz prezes Lwowskiego Towarzystwa Przyjaci\u00f3\u0142 Sztuk Pi\u0119knych zrzeszaj\u0105cego artyst\u00f3w pochodzenia m.in.<br \/>\npolskiego, rosyjskiego, ukrai\u0144skiego, w\u0119gierskiego, ormia\u0144skiego.<\/p>\n<p>Uczelnia lwowska wykszta\u0142ci\u0142a wielu wspania\u0142ych artyst\u00f3w. Wielu z nich to Polacy mieszkaj\u0105cy we Lwowie.<br \/>\nDo nich w\u0142a\u015bnie nale\u017cy Mieczys\u0142aw Ma\u0142awski \u2013 niezwykle utalentowany absolwent Wydzia\u0142u Ceramiki Artystycznej Lwowskiego Instytutu Sztuki U\u017cytkowej i Dekoracyjnej.<\/p>\n<p>Tw\u00f3rczo\u015b\u0107 tego \u015bwietnego artysty jest bardzo zr\u00f3\u017cnicowana: uprawia ceramik\u0119, grafik\u0119, malarstwo olejne i akwarele, kt\u00f3rych technik\u0119 opanowa\u0142 do perfekcji, tworz\u0105c niepowtarzalne, przepi\u0119kne pejza\u017ce, obrazy miejskie i sakralne.<br \/>\n\u0179r\u00f3d\u0142em natchnienia artysty jest Lw\u00f3w, zabytki i atmosfera tego wspania\u0142ego miasta. Zami\u0142owanie do przyrody i magii Lwowa, niepowtarzalnego klimatu tego miasta pozwala arty\u015bcie realizowa\u0107 si\u0119 w pracy, s\u0105 Jego \u201emuz\u0105\u201d.<\/p>\n<p>Mieczys\u0142aw Ma\u0142awski jest dojrza\u0142ym , znanym i cenionym artyst\u0105 lwowskim posiadaj\u0105cym ogromny dorobek artystyczny. Dzia\u0142alno\u015b\u0107 artystyczn\u0105 \u0142\u0105czy z prac\u0105 pedagogiczn\u0105 i spo\u0142eczn\u0105.<\/p>\n","protected":false},"excerpt":{"rendered":"<p>Autor: Mieczys\u0142aw Ma\u0142awski<\/p>\n<p>Tytu\u0142: R\u00f3\u017ce<\/p>\n<p>Wymiary: 18cm x 25 cm<\/p>\n<p>Akwarela na papierze<\/p>\n","protected":false},"featured_media":5734,"comment_status":"open","ping_status":"closed","template":"","meta":{"site-sidebar-layout":"default","site-content-layout":"default","ast-site-content-layout":"default","site-content-style":"default","site-sidebar-style":"default","ast-global-header-display":"","ast-banner-title-visibility":"","ast-main-header-display":"","ast-hfb-above-header-display":"","ast-hfb-below-header-display":"","ast-hfb-mobile-header-display":"","site-post-title":"","ast-breadcrumbs-content":"","ast-featured-img":"","footer-sml-layout":"","theme-transparent-header-meta":"default","adv-header-id-meta":"","stick-header-meta":"","header-above-stick-meta":"","header-main-stick-meta":"","header-below-stick-meta":"","astra-migrate-meta-layouts":"set","ast-page-background-enabled":"default","ast-page-background-meta":{"desktop":{"background-color":"","background-image":"","background-repeat":"repeat","background-position":"center center","background-size":"auto","background-attachment":"scroll","background-type":"","background-media":"","overlay-type":"","overlay-color":"","overlay-gradient":""},"tablet":{"background-color":"","background-image":"","background-repeat":"repeat","background-position":"center center","background-size":"auto","background-attachment":"scroll","background-type":"","background-media":"","overlay-type":"","overlay-color":"","overlay-gradient":""},"mobile":{"background-color":"","background-image":"","background-repeat":"repeat","background-position":"center center","background-size":"auto","background-attachment":"scroll","background-type":"","background-media":"","overlay-type":"","overlay-color":"","overlay-gradient":""}},"ast-content-background-meta":{"desktop":{"background-color":"var(--ast-global-color-5)","background-image":"","background-repeat":"repeat","background-position":"center center","background-size":"auto","background-attachment":"scroll","background-type":"","background-media":"","overlay-type":"","overlay-color":"","overlay-gradient":""},"tablet":{"background-color":"var(--ast-global-color-5)","background-image":"","background-repeat":"repeat","background-position":"center center","background-size":"auto","background-attachment":"scroll","background-type":"","background-media":"","overlay-type":"","overlay-color":"","overlay-gradient":""},"mobile":{"background-color":"var(--ast-global-color-5)","background-image":"","background-repeat":"repeat","background-position":"center center","background-size":"auto","background-attachment":"scroll","background-type":"","background-media":"","overlay-type":"","overlay-color":"","overlay-gradient":""}}},"product_cat":[84],"product_tag":[],"yoast_head":"<!-- This site is optimized with the Yoast SEO plugin v21.6 - https:\/\/yoast.com\/wordpress\/plugins\/seo\/ -->\n<title>Obraz &quot;R\u00f3\u017ce&quot; - Odra Niemen Sklep Charytatywny<\/title>\n<meta name=\"description\" content=\"Pejza\u017c autorstwa malarza W\u0142adys\u0142awa Ma\u0142awskiego\u00a0 z Lwowskiego Towarzystwa Przyjaci\u00f3\u0142 Sztuk Pi\u0119knych.\" \/>\n<meta name=\"robots\" content=\"index, follow, max-snippet:-1, max-image-preview:large, max-video-preview:-1\" \/>\n<link rel=\"canonical\" href=\"https:\/\/odraniemen.org\/sklep\/produkt\/obraz-pejzaz-8\/\" \/>\n<meta property=\"og:locale\" content=\"pl_PL\" \/>\n<meta property=\"og:type\" content=\"article\" \/>\n<meta property=\"og:title\" content=\"Obraz &quot;R\u00f3\u017ce&quot; - Odra Niemen Sklep Charytatywny\" \/>\n<meta property=\"og:description\" content=\"Pejza\u017c autorstwa malarza W\u0142adys\u0142awa Ma\u0142awskiego\u00a0 z Lwowskiego Towarzystwa Przyjaci\u00f3\u0142 Sztuk Pi\u0119knych.\" \/>\n<meta property=\"og:url\" content=\"https:\/\/odraniemen.org\/sklep\/produkt\/obraz-pejzaz-8\/\" \/>\n<meta property=\"og:site_name\" content=\"Odra Niemen Sklep Charytatywny\" \/>\n<meta property=\"article:modified_time\" content=\"2024-12-16T11:42:04+00:00\" \/>\n<meta property=\"og:image\" content=\"https:\/\/odraniemen.org\/sklep\/wp-content\/uploads\/sites\/8\/2022\/07\/Mieczyslaw-Malawski-Roze-papier-akwarela-18-25-cm.-2023-r.3.jpg\" \/>\n\t<meta property=\"og:image:width\" content=\"750\" \/>\n\t<meta property=\"og:image:height\" content=\"1000\" \/>\n\t<meta property=\"og:image:type\" content=\"image\/jpeg\" \/>\n<meta name=\"twitter:card\" content=\"summary_large_image\" \/>\n<meta name=\"twitter:label1\" content=\"Szacowany czas czytania\" \/>\n\t<meta name=\"twitter:data1\" content=\"1 minuta\" \/>\n<script type=\"application\/ld+json\" class=\"yoast-schema-graph\">{\"@context\":\"https:\/\/schema.org\",\"@graph\":[{\"@type\":\"WebPage\",\"@id\":\"https:\/\/odraniemen.org\/sklep\/produkt\/obraz-pejzaz-8\/\",\"url\":\"https:\/\/odraniemen.org\/sklep\/produkt\/obraz-pejzaz-8\/\",\"name\":\"Obraz \\\"R\u00f3\u017ce\\\" - Odra Niemen Sklep Charytatywny\",\"isPartOf\":{\"@id\":\"https:\/\/odraniemen.org\/sklep\/#website\"},\"datePublished\":\"2022-07-13T12:22:04+00:00\",\"dateModified\":\"2024-12-16T11:42:04+00:00\",\"description\":\"Pejza\u017c autorstwa malarza W\u0142adys\u0142awa Ma\u0142awskiego\u00a0 z Lwowskiego Towarzystwa Przyjaci\u00f3\u0142 Sztuk Pi\u0119knych.\",\"breadcrumb\":{\"@id\":\"https:\/\/odraniemen.org\/sklep\/produkt\/obraz-pejzaz-8\/#breadcrumb\"},\"inLanguage\":\"pl-PL\",\"potentialAction\":[{\"@type\":\"ReadAction\",\"target\":[\"https:\/\/odraniemen.org\/sklep\/produkt\/obraz-pejzaz-8\/\"]}]},{\"@type\":\"BreadcrumbList\",\"@id\":\"https:\/\/odraniemen.org\/sklep\/produkt\/obraz-pejzaz-8\/#breadcrumb\",\"itemListElement\":[{\"@type\":\"ListItem\",\"position\":1,\"name\":\"Strona g\u0142\u00f3wna\",\"item\":\"https:\/\/odraniemen.org\/sklep\/\"},{\"@type\":\"ListItem\",\"position\":2,\"name\":\"Sklep\",\"item\":\"https:\/\/odraniemen.org\/sklep\/sklep\/\"},{\"@type\":\"ListItem\",\"position\":3,\"name\":\"Obraz &#8220;R\u00f3\u017ce&#8221;\"}]},{\"@type\":\"WebSite\",\"@id\":\"https:\/\/odraniemen.org\/sklep\/#website\",\"url\":\"https:\/\/odraniemen.org\/sklep\/\",\"name\":\"Odra Niemen Sklep Charytatywny\",\"description\":\"Sklep charytatywny Stowarzyszenia Odra-Niemen\",\"publisher\":{\"@id\":\"https:\/\/odraniemen.org\/sklep\/#organization\"},\"potentialAction\":[{\"@type\":\"SearchAction\",\"target\":{\"@type\":\"EntryPoint\",\"urlTemplate\":\"https:\/\/odraniemen.org\/sklep\/?s={search_term_string}\"},\"query-input\":\"required name=search_term_string\"}],\"inLanguage\":\"pl-PL\"},{\"@type\":\"Organization\",\"@id\":\"https:\/\/odraniemen.org\/sklep\/#organization\",\"name\":\"Odra Niemen Sklep Charytatywny\",\"url\":\"https:\/\/odraniemen.org\/sklep\/\",\"logo\":{\"@type\":\"ImageObject\",\"inLanguage\":\"pl-PL\",\"@id\":\"https:\/\/odraniemen.org\/sklep\/#\/schema\/logo\/image\/\",\"url\":\"https:\/\/odraniemen.org\/sklep\/wp-content\/uploads\/sites\/8\/2022\/05\/cropped-logo-menu1.png\",\"contentUrl\":\"https:\/\/odraniemen.org\/sklep\/wp-content\/uploads\/sites\/8\/2022\/05\/cropped-logo-menu1.png\",\"width\":324,\"height\":250,\"caption\":\"Odra Niemen Sklep Charytatywny\"},\"image\":{\"@id\":\"https:\/\/odraniemen.org\/sklep\/#\/schema\/logo\/image\/\"}}]}<\/script>\n<!-- \/ Yoast SEO plugin. -->","yoast_head_json":{"title":"Obraz \"R\u00f3\u017ce\" - Odra Niemen Sklep Charytatywny","description":"Pejza\u017c autorstwa malarza W\u0142adys\u0142awa Ma\u0142awskiego\u00a0 z Lwowskiego Towarzystwa Przyjaci\u00f3\u0142 Sztuk Pi\u0119knych.","robots":{"index":"index","follow":"follow","max-snippet":"max-snippet:-1","max-image-preview":"max-image-preview:large","max-video-preview":"max-video-preview:-1"},"canonical":"https:\/\/odraniemen.org\/sklep\/produkt\/obraz-pejzaz-8\/","og_locale":"pl_PL","og_type":"article","og_title":"Obraz \"R\u00f3\u017ce\" - Odra Niemen Sklep Charytatywny","og_description":"Pejza\u017c autorstwa malarza W\u0142adys\u0142awa Ma\u0142awskiego\u00a0 z Lwowskiego Towarzystwa Przyjaci\u00f3\u0142 Sztuk Pi\u0119knych.","og_url":"https:\/\/odraniemen.org\/sklep\/produkt\/obraz-pejzaz-8\/","og_site_name":"Odra Niemen Sklep Charytatywny","article_modified_time":"2024-12-16T11:42:04+00:00","og_image":[{"width":750,"height":1000,"url":"https:\/\/odraniemen.org\/sklep\/wp-content\/uploads\/sites\/8\/2022\/07\/Mieczyslaw-Malawski-Roze-papier-akwarela-18-25-cm.-2023-r.3.jpg","type":"image\/jpeg"}],"twitter_card":"summary_large_image","twitter_misc":{"Szacowany czas czytania":"1 minuta"},"schema":{"@context":"https:\/\/schema.org","@graph":[{"@type":"WebPage","@id":"https:\/\/odraniemen.org\/sklep\/produkt\/obraz-pejzaz-8\/","url":"https:\/\/odraniemen.org\/sklep\/produkt\/obraz-pejzaz-8\/","name":"Obraz \"R\u00f3\u017ce\" - Odra Niemen Sklep Charytatywny","isPartOf":{"@id":"https:\/\/odraniemen.org\/sklep\/#website"},"datePublished":"2022-07-13T12:22:04+00:00","dateModified":"2024-12-16T11:42:04+00:00","description":"Pejza\u017c autorstwa malarza W\u0142adys\u0142awa Ma\u0142awskiego\u00a0 z Lwowskiego Towarzystwa Przyjaci\u00f3\u0142 Sztuk Pi\u0119knych.","breadcrumb":{"@id":"https:\/\/odraniemen.org\/sklep\/produkt\/obraz-pejzaz-8\/#breadcrumb"},"inLanguage":"pl-PL","potentialAction":[{"@type":"ReadAction","target":["https:\/\/odraniemen.org\/sklep\/produkt\/obraz-pejzaz-8\/"]}]},{"@type":"BreadcrumbList","@id":"https:\/\/odraniemen.org\/sklep\/produkt\/obraz-pejzaz-8\/#breadcrumb","itemListElement":[{"@type":"ListItem","position":1,"name":"Strona g\u0142\u00f3wna","item":"https:\/\/odraniemen.org\/sklep\/"},{"@type":"ListItem","position":2,"name":"Sklep","item":"https:\/\/odraniemen.org\/sklep\/sklep\/"},{"@type":"ListItem","position":3,"name":"Obraz &#8220;R\u00f3\u017ce&#8221;"}]},{"@type":"WebSite","@id":"https:\/\/odraniemen.org\/sklep\/#website","url":"https:\/\/odraniemen.org\/sklep\/","name":"Odra Niemen Sklep Charytatywny","description":"Sklep charytatywny Stowarzyszenia Odra-Niemen","publisher":{"@id":"https:\/\/odraniemen.org\/sklep\/#organization"},"potentialAction":[{"@type":"SearchAction","target":{"@type":"EntryPoint","urlTemplate":"https:\/\/odraniemen.org\/sklep\/?s={search_term_string}"},"query-input":"required name=search_term_string"}],"inLanguage":"pl-PL"},{"@type":"Organization","@id":"https:\/\/odraniemen.org\/sklep\/#organization","name":"Odra Niemen Sklep Charytatywny","url":"https:\/\/odraniemen.org\/sklep\/","logo":{"@type":"ImageObject","inLanguage":"pl-PL","@id":"https:\/\/odraniemen.org\/sklep\/#\/schema\/logo\/image\/","url":"https:\/\/odraniemen.org\/sklep\/wp-content\/uploads\/sites\/8\/2022\/05\/cropped-logo-menu1.png","contentUrl":"https:\/\/odraniemen.org\/sklep\/wp-content\/uploads\/sites\/8\/2022\/05\/cropped-logo-menu1.png","width":324,"height":250,"caption":"Odra Niemen Sklep Charytatywny"},"image":{"@id":"https:\/\/odraniemen.org\/sklep\/#\/schema\/logo\/image\/"}}]}},"_links":{"self":[{"href":"https:\/\/odraniemen.org\/sklep\/wp-json\/wp\/v2\/product\/5196"}],"collection":[{"href":"https:\/\/odraniemen.org\/sklep\/wp-json\/wp\/v2\/product"}],"about":[{"href":"https:\/\/odraniemen.org\/sklep\/wp-json\/wp\/v2\/types\/product"}],"replies":[{"embeddable":true,"href":"https:\/\/odraniemen.org\/sklep\/wp-json\/wp\/v2\/comments?post=5196"}],"wp:featuredmedia":[{"embeddable":true,"href":"https:\/\/odraniemen.org\/sklep\/wp-json\/wp\/v2\/media\/5734"}],"wp:attachment":[{"href":"https:\/\/odraniemen.org\/sklep\/wp-json\/wp\/v2\/media?parent=5196"}],"wp:term":[{"taxonomy":"product_cat","embeddable":true,"href":"https:\/\/odraniemen.org\/sklep\/wp-json\/wp\/v2\/product_cat?post=5196"},{"taxonomy":"product_tag","embeddable":true,"href":"https:\/\/odraniemen.org\/sklep\/wp-json\/wp\/v2\/product_tag?post=5196"}],"curies":[{"name":"wp","href":"https:\/\/api.w.org\/{rel}","templated":true}]}}