
{"id":5317,"date":"2022-11-18T15:11:15","date_gmt":"2022-11-18T14:11:15","guid":{"rendered":"https:\/\/odraniemen.org\/sklep\/?post_type=product&#038;p=5317"},"modified":"2023-06-14T11:06:53","modified_gmt":"2023-06-14T09:06:53","slug":"kwietnik-z-makramy","status":"publish","type":"product","link":"https:\/\/odraniemen.org\/sklep\/produkt\/kwietnik-z-makramy\/","title":{"rendered":"Kwietnik z makramy"},"content":{"rendered":"<p style=\"line-height: 150%;\">Kwietnik z Makramy<\/p>\n<p>Makramowy kwietnik, to dzie\u0142o przemi\u0142ych Pa\u0144 z domu seniora w Ruszowicach, kt\u00f3re od miejsca zamieszkania nazywaj\u0105 siebie Ruszowiczankami.<\/p>\n<p>Ten niepowtarzalny kwietnik zosta\u0142 stworzony r\u0119cznie technik\u0105 makramy i wykonany jest z jasnego sznurka makramowego, kt\u00f3ry ma z\u0142ote niteczki wzbogacaj\u0105ce wygl\u0105d kwietnika. Wysoko\u015b\u0107 kwietnika to oko\u0142o 100 cm, a pasuje na doniczki o przekroju od 12 do 25 cm.<\/p>\n","protected":false},"excerpt":{"rendered":"<p>Ten niepowtarzalny kwietnik zosta\u0142 stworzony r\u0119cznie technik\u0105 makramy i wykonany jest z\u00a0 sznurka makramowego.<\/p>\n<p>Kwietnik z makramy pasuje do doniczek o \u015brednicy od 12 do 25 cm.<\/p>\n<p>D\u0142ugo\u015b\u0107 oko\u0142o 1 metra.<\/p>\n<p>Ca\u0142y doch\u00f3d ze sprzeda\u017cy wyrob\u00f3w r\u0119kodzielniczych przeznaczony jest na dzia\u0142ania statutowe Odra-Niemen.<\/p>\n","protected":false},"featured_media":5800,"comment_status":"open","ping_status":"closed","template":"","meta":{"site-sidebar-layout":"default","site-content-layout":"default","ast-site-content-layout":"","site-content-style":"default","site-sidebar-style":"default","ast-global-header-display":"","ast-banner-title-visibility":"","ast-main-header-display":"","ast-hfb-above-header-display":"","ast-hfb-below-header-display":"","ast-hfb-mobile-header-display":"","site-post-title":"","ast-breadcrumbs-content":"","ast-featured-img":"","footer-sml-layout":"","theme-transparent-header-meta":"default","adv-header-id-meta":"","stick-header-meta":"","header-above-stick-meta":"","header-main-stick-meta":"","header-below-stick-meta":"","astra-migrate-meta-layouts":"","ast-page-background-enabled":"default","ast-page-background-meta":{"desktop":{"background-color":"","background-image":"","background-repeat":"repeat","background-position":"center center","background-size":"auto","background-attachment":"scroll","background-type":"","background-media":"","overlay-type":"","overlay-color":"","overlay-gradient":""},"tablet":{"background-color":"","background-image":"","background-repeat":"repeat","background-position":"center center","background-size":"auto","background-attachment":"scroll","background-type":"","background-media":"","overlay-type":"","overlay-color":"","overlay-gradient":""},"mobile":{"background-color":"","background-image":"","background-repeat":"repeat","background-position":"center center","background-size":"auto","background-attachment":"scroll","background-type":"","background-media":"","overlay-type":"","overlay-color":"","overlay-gradient":""}},"ast-content-background-meta":{"desktop":{"background-color":"var(--ast-global-color-5)","background-image":"","background-repeat":"repeat","background-position":"center center","background-size":"auto","background-attachment":"scroll","background-type":"","background-media":"","overlay-type":"","overlay-color":"","overlay-gradient":""},"tablet":{"background-color":"var(--ast-global-color-5)","background-image":"","background-repeat":"repeat","background-position":"center center","background-size":"auto","background-attachment":"scroll","background-type":"","background-media":"","overlay-type":"","overlay-color":"","overlay-gradient":""},"mobile":{"background-color":"var(--ast-global-color-5)","background-image":"","background-repeat":"repeat","background-position":"center center","background-size":"auto","background-attachment":"scroll","background-type":"","background-media":"","overlay-type":"","overlay-color":"","overlay-gradient":""}}},"product_cat":[84,53],"product_tag":[],"yoast_head":"<!-- This site is optimized with the Yoast SEO plugin v21.6 - https:\/\/yoast.com\/wordpress\/plugins\/seo\/ -->\n<title>Kwietnik z makramy - Odra Niemen Sklep Charytatywny<\/title>\n<meta name=\"description\" content=\"Ten niepowtarzalny kwietnik zosta\u0142 stworzony r\u0119cznie technik\u0105 makramy i wykonany jest z jasnego sznurka makramowego, kt\u00f3ry ma z\u0142ote niteczki wzbogacaj\u0105ce wygl\u0105d kwietnika.\" \/>\n<meta name=\"robots\" content=\"index, follow, max-snippet:-1, max-image-preview:large, max-video-preview:-1\" \/>\n<link rel=\"canonical\" href=\"https:\/\/odraniemen.org\/sklep\/produkt\/kwietnik-z-makramy\/\" \/>\n<meta property=\"og:locale\" content=\"pl_PL\" \/>\n<meta property=\"og:type\" content=\"article\" \/>\n<meta property=\"og:title\" content=\"Kwietnik z makramy - Odra Niemen Sklep Charytatywny\" \/>\n<meta property=\"og:description\" content=\"Ten niepowtarzalny kwietnik zosta\u0142 stworzony r\u0119cznie technik\u0105 makramy i wykonany jest z jasnego sznurka makramowego, kt\u00f3ry ma z\u0142ote niteczki wzbogacaj\u0105ce wygl\u0105d kwietnika.\" \/>\n<meta property=\"og:url\" content=\"https:\/\/odraniemen.org\/sklep\/produkt\/kwietnik-z-makramy\/\" \/>\n<meta property=\"og:site_name\" content=\"Odra Niemen Sklep Charytatywny\" \/>\n<meta property=\"article:modified_time\" content=\"2023-06-14T09:06:53+00:00\" \/>\n<meta property=\"og:image\" content=\"https:\/\/odraniemen.org\/sklep\/wp-content\/uploads\/sites\/8\/2022\/11\/rekodzielo-makrama-60-of-103.jpg\" \/>\n\t<meta property=\"og:image:width\" content=\"750\" \/>\n\t<meta property=\"og:image:height\" content=\"1000\" \/>\n\t<meta property=\"og:image:type\" content=\"image\/jpeg\" \/>\n<meta name=\"twitter:card\" content=\"summary_large_image\" \/>\n<meta name=\"twitter:label1\" content=\"Szacowany czas czytania\" \/>\n\t<meta name=\"twitter:data1\" content=\"1 minuta\" \/>\n<script type=\"application\/ld+json\" class=\"yoast-schema-graph\">{\"@context\":\"https:\/\/schema.org\",\"@graph\":[{\"@type\":\"WebPage\",\"@id\":\"https:\/\/odraniemen.org\/sklep\/produkt\/kwietnik-z-makramy\/\",\"url\":\"https:\/\/odraniemen.org\/sklep\/produkt\/kwietnik-z-makramy\/\",\"name\":\"Kwietnik z makramy - Odra Niemen Sklep Charytatywny\",\"isPartOf\":{\"@id\":\"https:\/\/odraniemen.org\/sklep\/#website\"},\"datePublished\":\"2022-11-18T14:11:15+00:00\",\"dateModified\":\"2023-06-14T09:06:53+00:00\",\"description\":\"Ten niepowtarzalny kwietnik zosta\u0142 stworzony r\u0119cznie technik\u0105 makramy i wykonany jest z jasnego sznurka makramowego, kt\u00f3ry ma z\u0142ote niteczki wzbogacaj\u0105ce wygl\u0105d kwietnika.\",\"breadcrumb\":{\"@id\":\"https:\/\/odraniemen.org\/sklep\/produkt\/kwietnik-z-makramy\/#breadcrumb\"},\"inLanguage\":\"pl-PL\",\"potentialAction\":[{\"@type\":\"ReadAction\",\"target\":[\"https:\/\/odraniemen.org\/sklep\/produkt\/kwietnik-z-makramy\/\"]}]},{\"@type\":\"BreadcrumbList\",\"@id\":\"https:\/\/odraniemen.org\/sklep\/produkt\/kwietnik-z-makramy\/#breadcrumb\",\"itemListElement\":[{\"@type\":\"ListItem\",\"position\":1,\"name\":\"Strona g\u0142\u00f3wna\",\"item\":\"https:\/\/odraniemen.org\/sklep\/\"},{\"@type\":\"ListItem\",\"position\":2,\"name\":\"Sklep\",\"item\":\"https:\/\/odraniemen.org\/sklep\/sklep\/\"},{\"@type\":\"ListItem\",\"position\":3,\"name\":\"Kwietnik z makramy\"}]},{\"@type\":\"WebSite\",\"@id\":\"https:\/\/odraniemen.org\/sklep\/#website\",\"url\":\"https:\/\/odraniemen.org\/sklep\/\",\"name\":\"Odra Niemen Sklep Charytatywny\",\"description\":\"Sklep charytatywny Stowarzyszenia Odra-Niemen\",\"publisher\":{\"@id\":\"https:\/\/odraniemen.org\/sklep\/#organization\"},\"potentialAction\":[{\"@type\":\"SearchAction\",\"target\":{\"@type\":\"EntryPoint\",\"urlTemplate\":\"https:\/\/odraniemen.org\/sklep\/?s={search_term_string}\"},\"query-input\":\"required name=search_term_string\"}],\"inLanguage\":\"pl-PL\"},{\"@type\":\"Organization\",\"@id\":\"https:\/\/odraniemen.org\/sklep\/#organization\",\"name\":\"Odra Niemen Sklep Charytatywny\",\"url\":\"https:\/\/odraniemen.org\/sklep\/\",\"logo\":{\"@type\":\"ImageObject\",\"inLanguage\":\"pl-PL\",\"@id\":\"https:\/\/odraniemen.org\/sklep\/#\/schema\/logo\/image\/\",\"url\":\"https:\/\/odraniemen.org\/sklep\/wp-content\/uploads\/sites\/8\/2022\/05\/cropped-logo-menu1.png\",\"contentUrl\":\"https:\/\/odraniemen.org\/sklep\/wp-content\/uploads\/sites\/8\/2022\/05\/cropped-logo-menu1.png\",\"width\":324,\"height\":250,\"caption\":\"Odra Niemen Sklep Charytatywny\"},\"image\":{\"@id\":\"https:\/\/odraniemen.org\/sklep\/#\/schema\/logo\/image\/\"}}]}<\/script>\n<!-- \/ Yoast SEO plugin. -->","yoast_head_json":{"title":"Kwietnik z makramy - Odra Niemen Sklep Charytatywny","description":"Ten niepowtarzalny kwietnik zosta\u0142 stworzony r\u0119cznie technik\u0105 makramy i wykonany jest z jasnego sznurka makramowego, kt\u00f3ry ma z\u0142ote niteczki wzbogacaj\u0105ce wygl\u0105d kwietnika.","robots":{"index":"index","follow":"follow","max-snippet":"max-snippet:-1","max-image-preview":"max-image-preview:large","max-video-preview":"max-video-preview:-1"},"canonical":"https:\/\/odraniemen.org\/sklep\/produkt\/kwietnik-z-makramy\/","og_locale":"pl_PL","og_type":"article","og_title":"Kwietnik z makramy - Odra Niemen Sklep Charytatywny","og_description":"Ten niepowtarzalny kwietnik zosta\u0142 stworzony r\u0119cznie technik\u0105 makramy i wykonany jest z jasnego sznurka makramowego, kt\u00f3ry ma z\u0142ote niteczki wzbogacaj\u0105ce wygl\u0105d kwietnika.","og_url":"https:\/\/odraniemen.org\/sklep\/produkt\/kwietnik-z-makramy\/","og_site_name":"Odra Niemen Sklep Charytatywny","article_modified_time":"2023-06-14T09:06:53+00:00","og_image":[{"width":750,"height":1000,"url":"https:\/\/odraniemen.org\/sklep\/wp-content\/uploads\/sites\/8\/2022\/11\/rekodzielo-makrama-60-of-103.jpg","type":"image\/jpeg"}],"twitter_card":"summary_large_image","twitter_misc":{"Szacowany czas czytania":"1 minuta"},"schema":{"@context":"https:\/\/schema.org","@graph":[{"@type":"WebPage","@id":"https:\/\/odraniemen.org\/sklep\/produkt\/kwietnik-z-makramy\/","url":"https:\/\/odraniemen.org\/sklep\/produkt\/kwietnik-z-makramy\/","name":"Kwietnik z makramy - Odra Niemen Sklep Charytatywny","isPartOf":{"@id":"https:\/\/odraniemen.org\/sklep\/#website"},"datePublished":"2022-11-18T14:11:15+00:00","dateModified":"2023-06-14T09:06:53+00:00","description":"Ten niepowtarzalny kwietnik zosta\u0142 stworzony r\u0119cznie technik\u0105 makramy i wykonany jest z jasnego sznurka makramowego, kt\u00f3ry ma z\u0142ote niteczki wzbogacaj\u0105ce wygl\u0105d kwietnika.","breadcrumb":{"@id":"https:\/\/odraniemen.org\/sklep\/produkt\/kwietnik-z-makramy\/#breadcrumb"},"inLanguage":"pl-PL","potentialAction":[{"@type":"ReadAction","target":["https:\/\/odraniemen.org\/sklep\/produkt\/kwietnik-z-makramy\/"]}]},{"@type":"BreadcrumbList","@id":"https:\/\/odraniemen.org\/sklep\/produkt\/kwietnik-z-makramy\/#breadcrumb","itemListElement":[{"@type":"ListItem","position":1,"name":"Strona g\u0142\u00f3wna","item":"https:\/\/odraniemen.org\/sklep\/"},{"@type":"ListItem","position":2,"name":"Sklep","item":"https:\/\/odraniemen.org\/sklep\/sklep\/"},{"@type":"ListItem","position":3,"name":"Kwietnik z makramy"}]},{"@type":"WebSite","@id":"https:\/\/odraniemen.org\/sklep\/#website","url":"https:\/\/odraniemen.org\/sklep\/","name":"Odra Niemen Sklep Charytatywny","description":"Sklep charytatywny Stowarzyszenia Odra-Niemen","publisher":{"@id":"https:\/\/odraniemen.org\/sklep\/#organization"},"potentialAction":[{"@type":"SearchAction","target":{"@type":"EntryPoint","urlTemplate":"https:\/\/odraniemen.org\/sklep\/?s={search_term_string}"},"query-input":"required name=search_term_string"}],"inLanguage":"pl-PL"},{"@type":"Organization","@id":"https:\/\/odraniemen.org\/sklep\/#organization","name":"Odra Niemen Sklep Charytatywny","url":"https:\/\/odraniemen.org\/sklep\/","logo":{"@type":"ImageObject","inLanguage":"pl-PL","@id":"https:\/\/odraniemen.org\/sklep\/#\/schema\/logo\/image\/","url":"https:\/\/odraniemen.org\/sklep\/wp-content\/uploads\/sites\/8\/2022\/05\/cropped-logo-menu1.png","contentUrl":"https:\/\/odraniemen.org\/sklep\/wp-content\/uploads\/sites\/8\/2022\/05\/cropped-logo-menu1.png","width":324,"height":250,"caption":"Odra Niemen Sklep Charytatywny"},"image":{"@id":"https:\/\/odraniemen.org\/sklep\/#\/schema\/logo\/image\/"}}]}},"_links":{"self":[{"href":"https:\/\/odraniemen.org\/sklep\/wp-json\/wp\/v2\/product\/5317"}],"collection":[{"href":"https:\/\/odraniemen.org\/sklep\/wp-json\/wp\/v2\/product"}],"about":[{"href":"https:\/\/odraniemen.org\/sklep\/wp-json\/wp\/v2\/types\/product"}],"replies":[{"embeddable":true,"href":"https:\/\/odraniemen.org\/sklep\/wp-json\/wp\/v2\/comments?post=5317"}],"wp:featuredmedia":[{"embeddable":true,"href":"https:\/\/odraniemen.org\/sklep\/wp-json\/wp\/v2\/media\/5800"}],"wp:attachment":[{"href":"https:\/\/odraniemen.org\/sklep\/wp-json\/wp\/v2\/media?parent=5317"}],"wp:term":[{"taxonomy":"product_cat","embeddable":true,"href":"https:\/\/odraniemen.org\/sklep\/wp-json\/wp\/v2\/product_cat?post=5317"},{"taxonomy":"product_tag","embeddable":true,"href":"https:\/\/odraniemen.org\/sklep\/wp-json\/wp\/v2\/product_tag?post=5317"}],"curies":[{"name":"wp","href":"https:\/\/api.w.org\/{rel}","templated":true}]}}