
{"id":5463,"date":"2022-11-28T16:03:10","date_gmt":"2022-11-28T15:03:10","guid":{"rendered":"https:\/\/odraniemen.org\/sklep\/?post_type=product&#038;p=5463"},"modified":"2022-11-28T16:03:11","modified_gmt":"2022-11-28T15:03:11","slug":"reczniczek-sukienka","status":"publish","type":"product","link":"https:\/\/odraniemen.org\/sklep\/produkt\/reczniczek-sukienka\/","title":{"rendered":"R\u0119czniczek &#8211; granatowa sukienka"},"content":{"rendered":"<p>R\u0119cznie wykonany r\u0119czniczek kuchenny w kszta\u0142cie sukienki.\u00a0 To r\u0119kodzie\u0142o stworzone zosta\u0142o na szyde\u0142ku z we\u0142ny przez\u00a0 zaprzyja\u017anionych senior\u00f3w. Jest to wykonany na szyde\u0142ku kuchenny r\u0119czniczek maj\u0105cy za zadanie chroni\u0107 przed gor\u0105cymi naczyniami. Dzi\u0119ki\u00a0 we\u0142nianemu r\u0119cznikowi bez nara\u017cenie na oparzenie chwycisz gor\u0105cy garnek czy z piekarnika wyci\u0105gniesz \u015bwi\u0105teczne ciasto. Produkt jest ekologiczny i zosta\u0142 wykonany z recyklingu.\u00a0 Rozmiar r\u0119cznika to 20 cm x 17 cm. Zakupuj\u0105c r\u0119cznie wykonan\u0105 sow\u0119 wspierasz dzia\u0142ania Stowarzyszenia Odra Niemen.<\/p>\n<p>&nbsp;<\/p>\n","protected":false},"excerpt":{"rendered":"<p>R\u0119cznie wykonany r\u0119czniczek kuchenny w kszta\u0142cie sukienki.\u00a0 To r\u0119kodzie\u0142o stworzone zosta\u0142o na szyde\u0142ku z we\u0142ny przez\u00a0 zaprzyja\u017anionych senior\u00f3w.<\/p>\n","protected":false},"featured_media":5361,"comment_status":"open","ping_status":"closed","template":"","meta":{"site-sidebar-layout":"default","site-content-layout":"default","ast-site-content-layout":"","site-content-style":"default","site-sidebar-style":"default","ast-global-header-display":"","ast-banner-title-visibility":"","ast-main-header-display":"","ast-hfb-above-header-display":"","ast-hfb-below-header-display":"","ast-hfb-mobile-header-display":"","site-post-title":"","ast-breadcrumbs-content":"","ast-featured-img":"","footer-sml-layout":"","theme-transparent-header-meta":"default","adv-header-id-meta":"","stick-header-meta":"","header-above-stick-meta":"","header-main-stick-meta":"","header-below-stick-meta":"","astra-migrate-meta-layouts":"","ast-page-background-enabled":"default","ast-page-background-meta":{"desktop":{"background-color":"","background-image":"","background-repeat":"repeat","background-position":"center center","background-size":"auto","background-attachment":"scroll","background-type":"","background-media":"","overlay-type":"","overlay-color":"","overlay-gradient":""},"tablet":{"background-color":"","background-image":"","background-repeat":"repeat","background-position":"center center","background-size":"auto","background-attachment":"scroll","background-type":"","background-media":"","overlay-type":"","overlay-color":"","overlay-gradient":""},"mobile":{"background-color":"","background-image":"","background-repeat":"repeat","background-position":"center center","background-size":"auto","background-attachment":"scroll","background-type":"","background-media":"","overlay-type":"","overlay-color":"","overlay-gradient":""}},"ast-content-background-meta":{"desktop":{"background-color":"var(--ast-global-color-5)","background-image":"","background-repeat":"repeat","background-position":"center center","background-size":"auto","background-attachment":"scroll","background-type":"","background-media":"","overlay-type":"","overlay-color":"","overlay-gradient":""},"tablet":{"background-color":"var(--ast-global-color-5)","background-image":"","background-repeat":"repeat","background-position":"center center","background-size":"auto","background-attachment":"scroll","background-type":"","background-media":"","overlay-type":"","overlay-color":"","overlay-gradient":""},"mobile":{"background-color":"var(--ast-global-color-5)","background-image":"","background-repeat":"repeat","background-position":"center center","background-size":"auto","background-attachment":"scroll","background-type":"","background-media":"","overlay-type":"","overlay-color":"","overlay-gradient":""}}},"product_cat":[84,53],"product_tag":[],"yoast_head":"<!-- This site is optimized with the Yoast SEO plugin v21.6 - https:\/\/yoast.com\/wordpress\/plugins\/seo\/ -->\n<title>R\u0119czniczek - granatowa sukienka<\/title>\n<meta name=\"description\" content=\"R\u0119cznie wykonany r\u0119czniczek kuchenny w kszta\u0142cie sukienki.\u00a0 To r\u0119kodzie\u0142o stworzone zosta\u0142o na szyde\u0142ku z we\u0142ny przez\u00a0 zaprzyja\u017anionych senior\u00f3w.\" \/>\n<meta name=\"robots\" content=\"index, follow, max-snippet:-1, max-image-preview:large, max-video-preview:-1\" \/>\n<link rel=\"canonical\" href=\"https:\/\/odraniemen.org\/sklep\/produkt\/reczniczek-sukienka\/\" \/>\n<meta property=\"og:locale\" content=\"pl_PL\" \/>\n<meta property=\"og:type\" content=\"article\" \/>\n<meta property=\"og:title\" content=\"R\u0119czniczek - granatowa sukienka\" \/>\n<meta property=\"og:description\" content=\"R\u0119cznie wykonany r\u0119czniczek kuchenny w kszta\u0142cie sukienki.\u00a0 To r\u0119kodzie\u0142o stworzone zosta\u0142o na szyde\u0142ku z we\u0142ny przez\u00a0 zaprzyja\u017anionych senior\u00f3w.\" \/>\n<meta property=\"og:url\" content=\"https:\/\/odraniemen.org\/sklep\/produkt\/reczniczek-sukienka\/\" \/>\n<meta property=\"og:site_name\" content=\"Odra Niemen Sklep Charytatywny\" \/>\n<meta property=\"article:modified_time\" content=\"2022-11-28T15:03:11+00:00\" \/>\n<meta property=\"og:image\" content=\"https:\/\/odraniemen.org\/sklep\/wp-content\/uploads\/sites\/8\/2022\/11\/rekodzielo-16.jpg\" \/>\n\t<meta property=\"og:image:width\" content=\"750\" \/>\n\t<meta property=\"og:image:height\" content=\"1000\" \/>\n\t<meta property=\"og:image:type\" content=\"image\/jpeg\" \/>\n<meta name=\"twitter:card\" content=\"summary_large_image\" \/>\n<meta name=\"twitter:label1\" content=\"Szacowany czas czytania\" \/>\n\t<meta name=\"twitter:data1\" content=\"1 minuta\" \/>\n<script type=\"application\/ld+json\" class=\"yoast-schema-graph\">{\"@context\":\"https:\/\/schema.org\",\"@graph\":[{\"@type\":\"WebPage\",\"@id\":\"https:\/\/odraniemen.org\/sklep\/produkt\/reczniczek-sukienka\/\",\"url\":\"https:\/\/odraniemen.org\/sklep\/produkt\/reczniczek-sukienka\/\",\"name\":\"R\u0119czniczek - granatowa sukienka\",\"isPartOf\":{\"@id\":\"https:\/\/odraniemen.org\/sklep\/#website\"},\"datePublished\":\"2022-11-28T15:03:10+00:00\",\"dateModified\":\"2022-11-28T15:03:11+00:00\",\"description\":\"R\u0119cznie wykonany r\u0119czniczek kuchenny w kszta\u0142cie sukienki.\u00a0 To r\u0119kodzie\u0142o stworzone zosta\u0142o na szyde\u0142ku z we\u0142ny przez\u00a0 zaprzyja\u017anionych senior\u00f3w.\",\"breadcrumb\":{\"@id\":\"https:\/\/odraniemen.org\/sklep\/produkt\/reczniczek-sukienka\/#breadcrumb\"},\"inLanguage\":\"pl-PL\",\"potentialAction\":[{\"@type\":\"ReadAction\",\"target\":[\"https:\/\/odraniemen.org\/sklep\/produkt\/reczniczek-sukienka\/\"]}]},{\"@type\":\"BreadcrumbList\",\"@id\":\"https:\/\/odraniemen.org\/sklep\/produkt\/reczniczek-sukienka\/#breadcrumb\",\"itemListElement\":[{\"@type\":\"ListItem\",\"position\":1,\"name\":\"Strona g\u0142\u00f3wna\",\"item\":\"https:\/\/odraniemen.org\/sklep\/\"},{\"@type\":\"ListItem\",\"position\":2,\"name\":\"Sklep\",\"item\":\"https:\/\/odraniemen.org\/sklep\/sklep\/\"},{\"@type\":\"ListItem\",\"position\":3,\"name\":\"R\u0119czniczek &#8211; granatowa sukienka\"}]},{\"@type\":\"WebSite\",\"@id\":\"https:\/\/odraniemen.org\/sklep\/#website\",\"url\":\"https:\/\/odraniemen.org\/sklep\/\",\"name\":\"Odra Niemen Sklep Charytatywny\",\"description\":\"Sklep charytatywny Stowarzyszenia Odra-Niemen\",\"publisher\":{\"@id\":\"https:\/\/odraniemen.org\/sklep\/#organization\"},\"potentialAction\":[{\"@type\":\"SearchAction\",\"target\":{\"@type\":\"EntryPoint\",\"urlTemplate\":\"https:\/\/odraniemen.org\/sklep\/?s={search_term_string}\"},\"query-input\":\"required name=search_term_string\"}],\"inLanguage\":\"pl-PL\"},{\"@type\":\"Organization\",\"@id\":\"https:\/\/odraniemen.org\/sklep\/#organization\",\"name\":\"Odra Niemen Sklep Charytatywny\",\"url\":\"https:\/\/odraniemen.org\/sklep\/\",\"logo\":{\"@type\":\"ImageObject\",\"inLanguage\":\"pl-PL\",\"@id\":\"https:\/\/odraniemen.org\/sklep\/#\/schema\/logo\/image\/\",\"url\":\"https:\/\/odraniemen.org\/sklep\/wp-content\/uploads\/sites\/8\/2022\/05\/cropped-logo-menu1.png\",\"contentUrl\":\"https:\/\/odraniemen.org\/sklep\/wp-content\/uploads\/sites\/8\/2022\/05\/cropped-logo-menu1.png\",\"width\":324,\"height\":250,\"caption\":\"Odra Niemen Sklep Charytatywny\"},\"image\":{\"@id\":\"https:\/\/odraniemen.org\/sklep\/#\/schema\/logo\/image\/\"}}]}<\/script>\n<!-- \/ Yoast SEO plugin. -->","yoast_head_json":{"title":"R\u0119czniczek - granatowa sukienka","description":"R\u0119cznie wykonany r\u0119czniczek kuchenny w kszta\u0142cie sukienki.\u00a0 To r\u0119kodzie\u0142o stworzone zosta\u0142o na szyde\u0142ku z we\u0142ny przez\u00a0 zaprzyja\u017anionych senior\u00f3w.","robots":{"index":"index","follow":"follow","max-snippet":"max-snippet:-1","max-image-preview":"max-image-preview:large","max-video-preview":"max-video-preview:-1"},"canonical":"https:\/\/odraniemen.org\/sklep\/produkt\/reczniczek-sukienka\/","og_locale":"pl_PL","og_type":"article","og_title":"R\u0119czniczek - granatowa sukienka","og_description":"R\u0119cznie wykonany r\u0119czniczek kuchenny w kszta\u0142cie sukienki.\u00a0 To r\u0119kodzie\u0142o stworzone zosta\u0142o na szyde\u0142ku z we\u0142ny przez\u00a0 zaprzyja\u017anionych senior\u00f3w.","og_url":"https:\/\/odraniemen.org\/sklep\/produkt\/reczniczek-sukienka\/","og_site_name":"Odra Niemen Sklep Charytatywny","article_modified_time":"2022-11-28T15:03:11+00:00","og_image":[{"width":750,"height":1000,"url":"https:\/\/odraniemen.org\/sklep\/wp-content\/uploads\/sites\/8\/2022\/11\/rekodzielo-16.jpg","type":"image\/jpeg"}],"twitter_card":"summary_large_image","twitter_misc":{"Szacowany czas czytania":"1 minuta"},"schema":{"@context":"https:\/\/schema.org","@graph":[{"@type":"WebPage","@id":"https:\/\/odraniemen.org\/sklep\/produkt\/reczniczek-sukienka\/","url":"https:\/\/odraniemen.org\/sklep\/produkt\/reczniczek-sukienka\/","name":"R\u0119czniczek - granatowa sukienka","isPartOf":{"@id":"https:\/\/odraniemen.org\/sklep\/#website"},"datePublished":"2022-11-28T15:03:10+00:00","dateModified":"2022-11-28T15:03:11+00:00","description":"R\u0119cznie wykonany r\u0119czniczek kuchenny w kszta\u0142cie sukienki.\u00a0 To r\u0119kodzie\u0142o stworzone zosta\u0142o na szyde\u0142ku z we\u0142ny przez\u00a0 zaprzyja\u017anionych senior\u00f3w.","breadcrumb":{"@id":"https:\/\/odraniemen.org\/sklep\/produkt\/reczniczek-sukienka\/#breadcrumb"},"inLanguage":"pl-PL","potentialAction":[{"@type":"ReadAction","target":["https:\/\/odraniemen.org\/sklep\/produkt\/reczniczek-sukienka\/"]}]},{"@type":"BreadcrumbList","@id":"https:\/\/odraniemen.org\/sklep\/produkt\/reczniczek-sukienka\/#breadcrumb","itemListElement":[{"@type":"ListItem","position":1,"name":"Strona g\u0142\u00f3wna","item":"https:\/\/odraniemen.org\/sklep\/"},{"@type":"ListItem","position":2,"name":"Sklep","item":"https:\/\/odraniemen.org\/sklep\/sklep\/"},{"@type":"ListItem","position":3,"name":"R\u0119czniczek &#8211; granatowa sukienka"}]},{"@type":"WebSite","@id":"https:\/\/odraniemen.org\/sklep\/#website","url":"https:\/\/odraniemen.org\/sklep\/","name":"Odra Niemen Sklep Charytatywny","description":"Sklep charytatywny Stowarzyszenia Odra-Niemen","publisher":{"@id":"https:\/\/odraniemen.org\/sklep\/#organization"},"potentialAction":[{"@type":"SearchAction","target":{"@type":"EntryPoint","urlTemplate":"https:\/\/odraniemen.org\/sklep\/?s={search_term_string}"},"query-input":"required name=search_term_string"}],"inLanguage":"pl-PL"},{"@type":"Organization","@id":"https:\/\/odraniemen.org\/sklep\/#organization","name":"Odra Niemen Sklep Charytatywny","url":"https:\/\/odraniemen.org\/sklep\/","logo":{"@type":"ImageObject","inLanguage":"pl-PL","@id":"https:\/\/odraniemen.org\/sklep\/#\/schema\/logo\/image\/","url":"https:\/\/odraniemen.org\/sklep\/wp-content\/uploads\/sites\/8\/2022\/05\/cropped-logo-menu1.png","contentUrl":"https:\/\/odraniemen.org\/sklep\/wp-content\/uploads\/sites\/8\/2022\/05\/cropped-logo-menu1.png","width":324,"height":250,"caption":"Odra Niemen Sklep Charytatywny"},"image":{"@id":"https:\/\/odraniemen.org\/sklep\/#\/schema\/logo\/image\/"}}]}},"_links":{"self":[{"href":"https:\/\/odraniemen.org\/sklep\/wp-json\/wp\/v2\/product\/5463"}],"collection":[{"href":"https:\/\/odraniemen.org\/sklep\/wp-json\/wp\/v2\/product"}],"about":[{"href":"https:\/\/odraniemen.org\/sklep\/wp-json\/wp\/v2\/types\/product"}],"replies":[{"embeddable":true,"href":"https:\/\/odraniemen.org\/sklep\/wp-json\/wp\/v2\/comments?post=5463"}],"wp:featuredmedia":[{"embeddable":true,"href":"https:\/\/odraniemen.org\/sklep\/wp-json\/wp\/v2\/media\/5361"}],"wp:attachment":[{"href":"https:\/\/odraniemen.org\/sklep\/wp-json\/wp\/v2\/media?parent=5463"}],"wp:term":[{"taxonomy":"product_cat","embeddable":true,"href":"https:\/\/odraniemen.org\/sklep\/wp-json\/wp\/v2\/product_cat?post=5463"},{"taxonomy":"product_tag","embeddable":true,"href":"https:\/\/odraniemen.org\/sklep\/wp-json\/wp\/v2\/product_tag?post=5463"}],"curies":[{"name":"wp","href":"https:\/\/api.w.org\/{rel}","templated":true}]}}