
{"id":5610,"date":"2023-01-11T14:08:59","date_gmt":"2023-01-11T13:08:59","guid":{"rendered":"https:\/\/odraniemen.org\/sklep\/?post_type=product&#038;p=5610"},"modified":"2023-03-22T10:02:43","modified_gmt":"2023-03-22T09:02:43","slug":"bransoleta-z-kresow","status":"publish","type":"product","link":"https:\/\/odraniemen.org\/sklep\/produkt\/bransoleta-z-kresow\/","title":{"rendered":"Bransoleta plecionka"},"content":{"rendered":"<p style=\"line-height: 150%;\">Pleciona bransoleta wytworzona na Kresach a dok\u0142adnie w Polskim Domu Kultury w Bia\u0142ej Wace. Ta r\u0119cznie wykonana bransoleta wytworzona zosta\u0142a tradycyjnymi metodami. Jest unikatowa i niepowtarzalna. Nadaje si\u0119 jako ozdoba zar\u00f3wno na r\u0119k\u0119 jak i na nog\u0119. Mo\u017ce r\u00f3wnie pos\u0142u\u017cy\u0107 jako zak\u0142adka na ksi\u0105\u017ck\u0119.<\/p>\n<p>Wykonane z w\u0142\u00f3czki plecione bransolety dost\u0119pne s\u0105 w r\u00f3\u017cnych wariantach kolorystycznych, a ich d\u0142ugo\u015b\u0107 to oko\u0142o 33 cm.<\/p>\n<p>Doch\u00f3d z zakupionych bransolet przeznaczony b\u0119dzie na wsparcie dzia\u0142alno\u015bci polskiego domu kultury w Bia\u0142ej Wace oraz na dzia\u0142ania statutowe Stowarzyszenia Odra Niemen.<\/p>\n<p>&nbsp;<\/p>\n<p>&nbsp;<\/p>\n","protected":false},"excerpt":{"rendered":"<p>Pleciona r\u0119cznie bransoleta wytworzona na Kresach, a dok\u0142adnie w Polskim Domu Kultury w Bia\u0142ej Wace.<\/p>\n<p>D\u0142ugo\u015b\u0107 Bransolety to oko\u0142o 33 cm.<\/p>\n","protected":false},"featured_media":5624,"comment_status":"open","ping_status":"closed","template":"","meta":{"site-sidebar-layout":"default","site-content-layout":"default","ast-site-content-layout":"","site-content-style":"default","site-sidebar-style":"default","ast-global-header-display":"","ast-banner-title-visibility":"","ast-main-header-display":"","ast-hfb-above-header-display":"","ast-hfb-below-header-display":"","ast-hfb-mobile-header-display":"","site-post-title":"","ast-breadcrumbs-content":"","ast-featured-img":"","footer-sml-layout":"","theme-transparent-header-meta":"default","adv-header-id-meta":"","stick-header-meta":"","header-above-stick-meta":"","header-main-stick-meta":"","header-below-stick-meta":"","astra-migrate-meta-layouts":"","ast-page-background-enabled":"default","ast-page-background-meta":{"desktop":{"background-color":"","background-image":"","background-repeat":"repeat","background-position":"center center","background-size":"auto","background-attachment":"scroll","background-type":"","background-media":"","overlay-type":"","overlay-color":"","overlay-gradient":""},"tablet":{"background-color":"","background-image":"","background-repeat":"repeat","background-position":"center center","background-size":"auto","background-attachment":"scroll","background-type":"","background-media":"","overlay-type":"","overlay-color":"","overlay-gradient":""},"mobile":{"background-color":"","background-image":"","background-repeat":"repeat","background-position":"center center","background-size":"auto","background-attachment":"scroll","background-type":"","background-media":"","overlay-type":"","overlay-color":"","overlay-gradient":""}},"ast-content-background-meta":{"desktop":{"background-color":"var(--ast-global-color-5)","background-image":"","background-repeat":"repeat","background-position":"center center","background-size":"auto","background-attachment":"scroll","background-type":"","background-media":"","overlay-type":"","overlay-color":"","overlay-gradient":""},"tablet":{"background-color":"var(--ast-global-color-5)","background-image":"","background-repeat":"repeat","background-position":"center center","background-size":"auto","background-attachment":"scroll","background-type":"","background-media":"","overlay-type":"","overlay-color":"","overlay-gradient":""},"mobile":{"background-color":"var(--ast-global-color-5)","background-image":"","background-repeat":"repeat","background-position":"center center","background-size":"auto","background-attachment":"scroll","background-type":"","background-media":"","overlay-type":"","overlay-color":"","overlay-gradient":""}}},"product_cat":[84,53],"product_tag":[],"yoast_head":"<!-- This site is optimized with the Yoast SEO plugin v21.6 - https:\/\/yoast.com\/wordpress\/plugins\/seo\/ -->\n<title>Bransoleta plecionka - Odra Niemen Sklep Charytatywny<\/title>\n<meta name=\"description\" content=\"Pleciona r\u0119cznie bransoleta z Kres\u00f3w, zosta\u0142a wykonana przez polskich senior\u00f3w w Centrum Kultury w Bia\u0142ej Wace. To unikatowe bransolety.\" \/>\n<meta name=\"robots\" content=\"index, follow, max-snippet:-1, max-image-preview:large, max-video-preview:-1\" \/>\n<link rel=\"canonical\" href=\"https:\/\/odraniemen.org\/sklep\/produkt\/bransoleta-z-kresow\/\" \/>\n<meta property=\"og:locale\" content=\"pl_PL\" \/>\n<meta property=\"og:type\" content=\"article\" \/>\n<meta property=\"og:title\" content=\"Bransoleta plecionka - Odra Niemen Sklep Charytatywny\" \/>\n<meta property=\"og:description\" content=\"Pleciona r\u0119cznie bransoleta z Kres\u00f3w, zosta\u0142a wykonana przez polskich senior\u00f3w w Centrum Kultury w Bia\u0142ej Wace. To unikatowe bransolety.\" \/>\n<meta property=\"og:url\" content=\"https:\/\/odraniemen.org\/sklep\/produkt\/bransoleta-z-kresow\/\" \/>\n<meta property=\"og:site_name\" content=\"Odra Niemen Sklep Charytatywny\" \/>\n<meta property=\"article:modified_time\" content=\"2023-03-22T09:02:43+00:00\" \/>\n<meta property=\"og:image\" content=\"https:\/\/odraniemen.org\/sklep\/wp-content\/uploads\/sites\/8\/2023\/01\/Kresowe-plecionki-9.jpg\" \/>\n\t<meta property=\"og:image:width\" content=\"750\" \/>\n\t<meta property=\"og:image:height\" content=\"1000\" \/>\n\t<meta property=\"og:image:type\" content=\"image\/jpeg\" \/>\n<meta name=\"twitter:card\" content=\"summary_large_image\" \/>\n<meta name=\"twitter:label1\" content=\"Szacowany czas czytania\" \/>\n\t<meta name=\"twitter:data1\" content=\"1 minuta\" \/>\n<script type=\"application\/ld+json\" class=\"yoast-schema-graph\">{\"@context\":\"https:\/\/schema.org\",\"@graph\":[{\"@type\":\"WebPage\",\"@id\":\"https:\/\/odraniemen.org\/sklep\/produkt\/bransoleta-z-kresow\/\",\"url\":\"https:\/\/odraniemen.org\/sklep\/produkt\/bransoleta-z-kresow\/\",\"name\":\"Bransoleta plecionka - Odra Niemen Sklep Charytatywny\",\"isPartOf\":{\"@id\":\"https:\/\/odraniemen.org\/sklep\/#website\"},\"datePublished\":\"2023-01-11T13:08:59+00:00\",\"dateModified\":\"2023-03-22T09:02:43+00:00\",\"description\":\"Pleciona r\u0119cznie bransoleta z Kres\u00f3w, zosta\u0142a wykonana przez polskich senior\u00f3w w Centrum Kultury w Bia\u0142ej Wace. To unikatowe bransolety.\",\"breadcrumb\":{\"@id\":\"https:\/\/odraniemen.org\/sklep\/produkt\/bransoleta-z-kresow\/#breadcrumb\"},\"inLanguage\":\"pl-PL\",\"potentialAction\":[{\"@type\":\"ReadAction\",\"target\":[\"https:\/\/odraniemen.org\/sklep\/produkt\/bransoleta-z-kresow\/\"]}]},{\"@type\":\"BreadcrumbList\",\"@id\":\"https:\/\/odraniemen.org\/sklep\/produkt\/bransoleta-z-kresow\/#breadcrumb\",\"itemListElement\":[{\"@type\":\"ListItem\",\"position\":1,\"name\":\"Strona g\u0142\u00f3wna\",\"item\":\"https:\/\/odraniemen.org\/sklep\/\"},{\"@type\":\"ListItem\",\"position\":2,\"name\":\"Sklep\",\"item\":\"https:\/\/odraniemen.org\/sklep\/sklep\/\"},{\"@type\":\"ListItem\",\"position\":3,\"name\":\"Bransoleta plecionka\"}]},{\"@type\":\"WebSite\",\"@id\":\"https:\/\/odraniemen.org\/sklep\/#website\",\"url\":\"https:\/\/odraniemen.org\/sklep\/\",\"name\":\"Odra Niemen Sklep Charytatywny\",\"description\":\"Sklep charytatywny Stowarzyszenia Odra-Niemen\",\"publisher\":{\"@id\":\"https:\/\/odraniemen.org\/sklep\/#organization\"},\"potentialAction\":[{\"@type\":\"SearchAction\",\"target\":{\"@type\":\"EntryPoint\",\"urlTemplate\":\"https:\/\/odraniemen.org\/sklep\/?s={search_term_string}\"},\"query-input\":\"required name=search_term_string\"}],\"inLanguage\":\"pl-PL\"},{\"@type\":\"Organization\",\"@id\":\"https:\/\/odraniemen.org\/sklep\/#organization\",\"name\":\"Odra Niemen Sklep Charytatywny\",\"url\":\"https:\/\/odraniemen.org\/sklep\/\",\"logo\":{\"@type\":\"ImageObject\",\"inLanguage\":\"pl-PL\",\"@id\":\"https:\/\/odraniemen.org\/sklep\/#\/schema\/logo\/image\/\",\"url\":\"https:\/\/odraniemen.org\/sklep\/wp-content\/uploads\/sites\/8\/2022\/05\/cropped-logo-menu1.png\",\"contentUrl\":\"https:\/\/odraniemen.org\/sklep\/wp-content\/uploads\/sites\/8\/2022\/05\/cropped-logo-menu1.png\",\"width\":324,\"height\":250,\"caption\":\"Odra Niemen Sklep Charytatywny\"},\"image\":{\"@id\":\"https:\/\/odraniemen.org\/sklep\/#\/schema\/logo\/image\/\"}}]}<\/script>\n<!-- \/ Yoast SEO plugin. -->","yoast_head_json":{"title":"Bransoleta plecionka - Odra Niemen Sklep Charytatywny","description":"Pleciona r\u0119cznie bransoleta z Kres\u00f3w, zosta\u0142a wykonana przez polskich senior\u00f3w w Centrum Kultury w Bia\u0142ej Wace. To unikatowe bransolety.","robots":{"index":"index","follow":"follow","max-snippet":"max-snippet:-1","max-image-preview":"max-image-preview:large","max-video-preview":"max-video-preview:-1"},"canonical":"https:\/\/odraniemen.org\/sklep\/produkt\/bransoleta-z-kresow\/","og_locale":"pl_PL","og_type":"article","og_title":"Bransoleta plecionka - Odra Niemen Sklep Charytatywny","og_description":"Pleciona r\u0119cznie bransoleta z Kres\u00f3w, zosta\u0142a wykonana przez polskich senior\u00f3w w Centrum Kultury w Bia\u0142ej Wace. To unikatowe bransolety.","og_url":"https:\/\/odraniemen.org\/sklep\/produkt\/bransoleta-z-kresow\/","og_site_name":"Odra Niemen Sklep Charytatywny","article_modified_time":"2023-03-22T09:02:43+00:00","og_image":[{"width":750,"height":1000,"url":"https:\/\/odraniemen.org\/sklep\/wp-content\/uploads\/sites\/8\/2023\/01\/Kresowe-plecionki-9.jpg","type":"image\/jpeg"}],"twitter_card":"summary_large_image","twitter_misc":{"Szacowany czas czytania":"1 minuta"},"schema":{"@context":"https:\/\/schema.org","@graph":[{"@type":"WebPage","@id":"https:\/\/odraniemen.org\/sklep\/produkt\/bransoleta-z-kresow\/","url":"https:\/\/odraniemen.org\/sklep\/produkt\/bransoleta-z-kresow\/","name":"Bransoleta plecionka - Odra Niemen Sklep Charytatywny","isPartOf":{"@id":"https:\/\/odraniemen.org\/sklep\/#website"},"datePublished":"2023-01-11T13:08:59+00:00","dateModified":"2023-03-22T09:02:43+00:00","description":"Pleciona r\u0119cznie bransoleta z Kres\u00f3w, zosta\u0142a wykonana przez polskich senior\u00f3w w Centrum Kultury w Bia\u0142ej Wace. To unikatowe bransolety.","breadcrumb":{"@id":"https:\/\/odraniemen.org\/sklep\/produkt\/bransoleta-z-kresow\/#breadcrumb"},"inLanguage":"pl-PL","potentialAction":[{"@type":"ReadAction","target":["https:\/\/odraniemen.org\/sklep\/produkt\/bransoleta-z-kresow\/"]}]},{"@type":"BreadcrumbList","@id":"https:\/\/odraniemen.org\/sklep\/produkt\/bransoleta-z-kresow\/#breadcrumb","itemListElement":[{"@type":"ListItem","position":1,"name":"Strona g\u0142\u00f3wna","item":"https:\/\/odraniemen.org\/sklep\/"},{"@type":"ListItem","position":2,"name":"Sklep","item":"https:\/\/odraniemen.org\/sklep\/sklep\/"},{"@type":"ListItem","position":3,"name":"Bransoleta plecionka"}]},{"@type":"WebSite","@id":"https:\/\/odraniemen.org\/sklep\/#website","url":"https:\/\/odraniemen.org\/sklep\/","name":"Odra Niemen Sklep Charytatywny","description":"Sklep charytatywny Stowarzyszenia Odra-Niemen","publisher":{"@id":"https:\/\/odraniemen.org\/sklep\/#organization"},"potentialAction":[{"@type":"SearchAction","target":{"@type":"EntryPoint","urlTemplate":"https:\/\/odraniemen.org\/sklep\/?s={search_term_string}"},"query-input":"required name=search_term_string"}],"inLanguage":"pl-PL"},{"@type":"Organization","@id":"https:\/\/odraniemen.org\/sklep\/#organization","name":"Odra Niemen Sklep Charytatywny","url":"https:\/\/odraniemen.org\/sklep\/","logo":{"@type":"ImageObject","inLanguage":"pl-PL","@id":"https:\/\/odraniemen.org\/sklep\/#\/schema\/logo\/image\/","url":"https:\/\/odraniemen.org\/sklep\/wp-content\/uploads\/sites\/8\/2022\/05\/cropped-logo-menu1.png","contentUrl":"https:\/\/odraniemen.org\/sklep\/wp-content\/uploads\/sites\/8\/2022\/05\/cropped-logo-menu1.png","width":324,"height":250,"caption":"Odra Niemen Sklep Charytatywny"},"image":{"@id":"https:\/\/odraniemen.org\/sklep\/#\/schema\/logo\/image\/"}}]}},"_links":{"self":[{"href":"https:\/\/odraniemen.org\/sklep\/wp-json\/wp\/v2\/product\/5610"}],"collection":[{"href":"https:\/\/odraniemen.org\/sklep\/wp-json\/wp\/v2\/product"}],"about":[{"href":"https:\/\/odraniemen.org\/sklep\/wp-json\/wp\/v2\/types\/product"}],"replies":[{"embeddable":true,"href":"https:\/\/odraniemen.org\/sklep\/wp-json\/wp\/v2\/comments?post=5610"}],"wp:featuredmedia":[{"embeddable":true,"href":"https:\/\/odraniemen.org\/sklep\/wp-json\/wp\/v2\/media\/5624"}],"wp:attachment":[{"href":"https:\/\/odraniemen.org\/sklep\/wp-json\/wp\/v2\/media?parent=5610"}],"wp:term":[{"taxonomy":"product_cat","embeddable":true,"href":"https:\/\/odraniemen.org\/sklep\/wp-json\/wp\/v2\/product_cat?post=5610"},{"taxonomy":"product_tag","embeddable":true,"href":"https:\/\/odraniemen.org\/sklep\/wp-json\/wp\/v2\/product_tag?post=5610"}],"curies":[{"name":"wp","href":"https:\/\/api.w.org\/{rel}","templated":true}]}}