
{"id":579,"date":"2021-01-25T12:59:02","date_gmt":"2021-01-25T11:59:02","guid":{"rendered":"https:\/\/odraniemen.org\/sklep\/?post_type=product&#038;p=579"},"modified":"2024-06-01T22:19:11","modified_gmt":"2024-06-01T20:19:11","slug":"15-zapomniani-wykleci-sylwetki-zolnierzy-powojennej-konspiracji-antykomunistycznej","status":"publish","type":"product","link":"https:\/\/odraniemen.org\/sklep\/produkt\/15-zapomniani-wykleci-sylwetki-zolnierzy-powojennej-konspiracji-antykomunistycznej\/","title":{"rendered":"\u201eZapomniani Wykl\u0119ci. Sylwetki \u017co\u0142nierzy powojennej konspiracji antykomunistycznej\u201d"},"content":{"rendered":"<p><em>W publikacji zaprezentowano wybrane sylwetki 32 \u017co\u0142nierzy z r\u00f3\u017cnych formacji i nurt\u00f3w antykomunistycznego podziemia. S\u0105 w\u015br\u00f3d nich uczestnicy konspiracji poakowskiej, zwi\u0105zanej m.in. ze Zrzeszeniem WiN, Konspiracyjnym Wojskiem Polskim i Okr\u0119giem Wile\u0144skim Armii Krajowej, \u017co\u0142nierze podziemia narodowego (Narodowe Si\u0142y Zbrojne i Narodowe Zjed\u00adnoczenie Wojskowe) czy te\u017c konspiratorzy, kt\u00f3rzy nie wsp\u00f3\u0142dzia\u0142ali z \u017cadn\u0105 wi\u0119ksz\u0105 organizacj\u0105 niepodleg\u0142o\u015bciow\u0105. Publikowane biogramy dotycz\u0105 zar\u00f3wno zwyk\u0142ych, szeregowych \u017co\u0142nierzy, jak i tych, kt\u00f3rzy pe\u0142nili funkcje dow\u00f3dcze i kierownicze w strukturach podziemia. Wywodzili si\u0119 z r\u00f3\u017cnych \u015brodowisk, mieli r\u00f3\u017cne wykszta\u0142cenie, zawody, wojenne do\u015bwiadczenia. S\u0105 w\u015br\u00f3d nich osoby z kilkoma klasami szko\u0142y powszechnej, jak i absolwenci renomowanego Uniwersytetu Jana Kazimierza we Lwowie.<\/em><\/p>\n<p><em>Z wybranych sylwetek \u017co\u0142nierzy a\u017c 24 przyp\u0142aci\u0142o swoj\u0105 dzia\u0142alno\u015b\u0107 nie\u00adpodleg\u0142o\u015bciow\u0105 \u017cyciem. Gin\u0119li podczas walk z si\u0142ami bezpiecze\u0144stwa, byli skrytob\u00f3jczo mordowani przez agent\u00f3w UB lub rozstrzeliwani przez plutony egzekucyjne po brutalnych \u015bledztwach i pokazowych procesach. Niekt\u00f3rzy, w beznadziejnej sytuacji, pope\u0142niali samob\u00f3jstwo, byle tylko nie dosta\u0107 si\u0119 w r\u0119ce Sowiet\u00f3w lub funkcjonariuszy UB. Ci, kt\u00f3rzy zdo\u0142ali prze\u017cy\u0107, najcz\u0119\u00ad\u015bciej d\u0142ugoletnie stalinowskie wi\u0119zienie, w nast\u0119pnych latach konsekwentnie anga\u017cowali si\u0119 w dzia\u0142alno\u015b\u0107 opozycyjn\u0105, jak np. Marian R\u0105czka czy Zdzi\u00ads\u0142aw Balcerzak \u2013 p\u00f3\u017aniejsi aktywni dzia\u0142acze NSZZ \u201eSolidarno\u015b\u0107\u201d.<\/em><\/p>\n<p><em>Cho\u0107 ka\u017cdy z tych konspiracyjnych \u017cyciorys\u00f3w jest inny, r\u00f3wnocze\u015bnie s\u0105 to 32 opowie\u015bci o ludziach, kt\u00f3rych \u0142\u0105czy\u0142a odwaga, aby z broni\u0105 w r\u0119ku prze\u00adciwstawi\u0107 si\u0119 komunistycznej dyktaturze. \u0141\u0105czy je te\u017c dramatyczna decyzja o prowadzeniu dalszej dzia\u0142alno\u015bci niepodleg\u0142o\u015bciowej w najtrudniejszym okresie, bo po akcji amnestyjnej z 1947 r. Posiadaj\u0105 wreszcie jeszcze jedn\u0105 wsp\u00f3ln\u0105 cech\u0119. To historie szerzej nieznane, dotycz\u0105ce os\u00f3b, kt\u00f3re mo\u017cna okre\u015bli\u0107 jako \u201ezapomnianych wykl\u0119tych\u201d. Ich nazwiska, czyny i po\u015bwi\u0119cenie nie zdo\u0142a\u0142y jeszcze przebi\u0107 si\u0119 do szerokiej \u015bwiadomo\u015bci spo\u0142ecznej. Niniejsza publikacja to jedynie skromna pr\u00f3ba sp\u0142aty d\u0142ugu pami\u0119ci wobec wielu nie\u00adznanych do tej pory bohater\u00f3w antykomunistycznej konspiracji.\u00a0<\/em><\/p>\n<p>(<em>fragment wst\u0119pu<\/em>)<\/p>\n","protected":false},"excerpt":{"rendered":"<p><span style=\"font-family: Roboto\">Autor:\u00a0 Red. dr Jerzy Bednarek, Monika Biernat, Joanna Kwa\u015bniewska- Wr\u00f3bel, Micha\u0142 Wo\u0142\u0142ejko<\/span><\/p>\n<p>&nbsp;<\/p>\n<p>Typ ok\u0142adki: twarda<\/p>\n<p>&nbsp;<\/p>\n<p>Wydawca: Biuro Bezpiecze\u0144stwa Narodowego, IPN<\/p>\n<p>&nbsp;<\/p>\n<p>Wymiary: 170x 240<\/p>\n<p>&nbsp;<\/p>\n<p>Liczba stron: 455<\/p>\n<p>&nbsp;<\/p>\n<p>Data wydania: 2019<\/p>\n<p>&nbsp;<\/p>\n<p>&nbsp;<\/p>\n","protected":false},"featured_media":4793,"comment_status":"open","ping_status":"closed","template":"","meta":{"site-sidebar-layout":"default","site-content-layout":"default","ast-site-content-layout":"","site-content-style":"default","site-sidebar-style":"default","ast-global-header-display":"","ast-banner-title-visibility":"","ast-main-header-display":"","ast-hfb-above-header-display":"","ast-hfb-below-header-display":"","ast-hfb-mobile-header-display":"","site-post-title":"","ast-breadcrumbs-content":"","ast-featured-img":"","footer-sml-layout":"","theme-transparent-header-meta":"default","adv-header-id-meta":"","stick-header-meta":"","header-above-stick-meta":"","header-main-stick-meta":"","header-below-stick-meta":"","astra-migrate-meta-layouts":"","ast-page-background-enabled":"default","ast-page-background-meta":{"desktop":{"background-color":"","background-image":"","background-repeat":"repeat","background-position":"center center","background-size":"auto","background-attachment":"scroll","background-type":"","background-media":"","overlay-type":"","overlay-color":"","overlay-gradient":""},"tablet":{"background-color":"","background-image":"","background-repeat":"repeat","background-position":"center center","background-size":"auto","background-attachment":"scroll","background-type":"","background-media":"","overlay-type":"","overlay-color":"","overlay-gradient":""},"mobile":{"background-color":"","background-image":"","background-repeat":"repeat","background-position":"center center","background-size":"auto","background-attachment":"scroll","background-type":"","background-media":"","overlay-type":"","overlay-color":"","overlay-gradient":""}},"ast-content-background-meta":{"desktop":{"background-color":"var(--ast-global-color-5)","background-image":"","background-repeat":"repeat","background-position":"center center","background-size":"auto","background-attachment":"scroll","background-type":"","background-media":"","overlay-type":"","overlay-color":"","overlay-gradient":""},"tablet":{"background-color":"var(--ast-global-color-5)","background-image":"","background-repeat":"repeat","background-position":"center center","background-size":"auto","background-attachment":"scroll","background-type":"","background-media":"","overlay-type":"","overlay-color":"","overlay-gradient":""},"mobile":{"background-color":"var(--ast-global-color-5)","background-image":"","background-repeat":"repeat","background-position":"center center","background-size":"auto","background-attachment":"scroll","background-type":"","background-media":"","overlay-type":"","overlay-color":"","overlay-gradient":""}}},"product_cat":[53,23],"product_tag":[],"yoast_head":"<!-- This site is optimized with the Yoast SEO plugin v21.6 - https:\/\/yoast.com\/wordpress\/plugins\/seo\/ -->\n<title>\u201eZapomniani Wykl\u0119ci. Sylwetki \u017co\u0142nierzy powojennej konspiracji antykomunistycznej\u201d - Odra Niemen Sklep Charytatywny<\/title>\n<meta name=\"description\" content=\"W publikacji zaprezentowano wybrane sylwetki 32 \u017co\u0142nierzy z r\u00f3\u017cnych formacji i nurt\u00f3w antykomunistycznego podziemia.\" \/>\n<meta name=\"robots\" content=\"index, follow, max-snippet:-1, max-image-preview:large, max-video-preview:-1\" \/>\n<link rel=\"canonical\" href=\"https:\/\/odraniemen.org\/sklep\/produkt\/15-zapomniani-wykleci-sylwetki-zolnierzy-powojennej-konspiracji-antykomunistycznej\/\" \/>\n<meta property=\"og:locale\" content=\"pl_PL\" \/>\n<meta property=\"og:type\" content=\"article\" \/>\n<meta property=\"og:title\" content=\"\u201eZapomniani Wykl\u0119ci. Sylwetki \u017co\u0142nierzy powojennej konspiracji antykomunistycznej\u201d - Odra Niemen Sklep Charytatywny\" \/>\n<meta property=\"og:description\" content=\"W publikacji zaprezentowano wybrane sylwetki 32 \u017co\u0142nierzy z r\u00f3\u017cnych formacji i nurt\u00f3w antykomunistycznego podziemia.\" \/>\n<meta property=\"og:url\" content=\"https:\/\/odraniemen.org\/sklep\/produkt\/15-zapomniani-wykleci-sylwetki-zolnierzy-powojennej-konspiracji-antykomunistycznej\/\" \/>\n<meta property=\"og:site_name\" content=\"Odra Niemen Sklep Charytatywny\" \/>\n<meta property=\"article:modified_time\" content=\"2024-06-01T20:19:11+00:00\" \/>\n<meta property=\"og:image\" content=\"https:\/\/odraniemen.org\/sklep\/wp-content\/uploads\/sites\/8\/2021\/01\/Zapomniani-Wykleci-1.jpg\" \/>\n\t<meta property=\"og:image:width\" content=\"750\" \/>\n\t<meta property=\"og:image:height\" content=\"1000\" \/>\n\t<meta property=\"og:image:type\" content=\"image\/jpeg\" \/>\n<meta name=\"twitter:card\" content=\"summary_large_image\" \/>\n<meta name=\"twitter:label1\" content=\"Szacowany czas czytania\" \/>\n\t<meta name=\"twitter:data1\" content=\"2 minuty\" \/>\n<script type=\"application\/ld+json\" class=\"yoast-schema-graph\">{\"@context\":\"https:\/\/schema.org\",\"@graph\":[{\"@type\":\"WebPage\",\"@id\":\"https:\/\/odraniemen.org\/sklep\/produkt\/15-zapomniani-wykleci-sylwetki-zolnierzy-powojennej-konspiracji-antykomunistycznej\/\",\"url\":\"https:\/\/odraniemen.org\/sklep\/produkt\/15-zapomniani-wykleci-sylwetki-zolnierzy-powojennej-konspiracji-antykomunistycznej\/\",\"name\":\"\u201eZapomniani Wykl\u0119ci. Sylwetki \u017co\u0142nierzy powojennej konspiracji antykomunistycznej\u201d - Odra Niemen Sklep Charytatywny\",\"isPartOf\":{\"@id\":\"https:\/\/odraniemen.org\/sklep\/#website\"},\"datePublished\":\"2021-01-25T11:59:02+00:00\",\"dateModified\":\"2024-06-01T20:19:11+00:00\",\"description\":\"W publikacji zaprezentowano wybrane sylwetki 32 \u017co\u0142nierzy z r\u00f3\u017cnych formacji i nurt\u00f3w antykomunistycznego podziemia.\",\"breadcrumb\":{\"@id\":\"https:\/\/odraniemen.org\/sklep\/produkt\/15-zapomniani-wykleci-sylwetki-zolnierzy-powojennej-konspiracji-antykomunistycznej\/#breadcrumb\"},\"inLanguage\":\"pl-PL\",\"potentialAction\":[{\"@type\":\"ReadAction\",\"target\":[\"https:\/\/odraniemen.org\/sklep\/produkt\/15-zapomniani-wykleci-sylwetki-zolnierzy-powojennej-konspiracji-antykomunistycznej\/\"]}]},{\"@type\":\"BreadcrumbList\",\"@id\":\"https:\/\/odraniemen.org\/sklep\/produkt\/15-zapomniani-wykleci-sylwetki-zolnierzy-powojennej-konspiracji-antykomunistycznej\/#breadcrumb\",\"itemListElement\":[{\"@type\":\"ListItem\",\"position\":1,\"name\":\"Strona g\u0142\u00f3wna\",\"item\":\"https:\/\/odraniemen.org\/sklep\/\"},{\"@type\":\"ListItem\",\"position\":2,\"name\":\"Sklep\",\"item\":\"https:\/\/odraniemen.org\/sklep\/sklep\/\"},{\"@type\":\"ListItem\",\"position\":3,\"name\":\"\u201eZapomniani Wykl\u0119ci. Sylwetki \u017co\u0142nierzy powojennej konspiracji antykomunistycznej\u201d\"}]},{\"@type\":\"WebSite\",\"@id\":\"https:\/\/odraniemen.org\/sklep\/#website\",\"url\":\"https:\/\/odraniemen.org\/sklep\/\",\"name\":\"Odra Niemen Sklep Charytatywny\",\"description\":\"Sklep charytatywny Stowarzyszenia Odra-Niemen\",\"publisher\":{\"@id\":\"https:\/\/odraniemen.org\/sklep\/#organization\"},\"potentialAction\":[{\"@type\":\"SearchAction\",\"target\":{\"@type\":\"EntryPoint\",\"urlTemplate\":\"https:\/\/odraniemen.org\/sklep\/?s={search_term_string}\"},\"query-input\":\"required name=search_term_string\"}],\"inLanguage\":\"pl-PL\"},{\"@type\":\"Organization\",\"@id\":\"https:\/\/odraniemen.org\/sklep\/#organization\",\"name\":\"Odra Niemen Sklep Charytatywny\",\"url\":\"https:\/\/odraniemen.org\/sklep\/\",\"logo\":{\"@type\":\"ImageObject\",\"inLanguage\":\"pl-PL\",\"@id\":\"https:\/\/odraniemen.org\/sklep\/#\/schema\/logo\/image\/\",\"url\":\"https:\/\/odraniemen.org\/sklep\/wp-content\/uploads\/sites\/8\/2022\/05\/cropped-logo-menu1.png\",\"contentUrl\":\"https:\/\/odraniemen.org\/sklep\/wp-content\/uploads\/sites\/8\/2022\/05\/cropped-logo-menu1.png\",\"width\":324,\"height\":250,\"caption\":\"Odra Niemen Sklep Charytatywny\"},\"image\":{\"@id\":\"https:\/\/odraniemen.org\/sklep\/#\/schema\/logo\/image\/\"}}]}<\/script>\n<!-- \/ Yoast SEO plugin. -->","yoast_head_json":{"title":"\u201eZapomniani Wykl\u0119ci. Sylwetki \u017co\u0142nierzy powojennej konspiracji antykomunistycznej\u201d - Odra Niemen Sklep Charytatywny","description":"W publikacji zaprezentowano wybrane sylwetki 32 \u017co\u0142nierzy z r\u00f3\u017cnych formacji i nurt\u00f3w antykomunistycznego podziemia.","robots":{"index":"index","follow":"follow","max-snippet":"max-snippet:-1","max-image-preview":"max-image-preview:large","max-video-preview":"max-video-preview:-1"},"canonical":"https:\/\/odraniemen.org\/sklep\/produkt\/15-zapomniani-wykleci-sylwetki-zolnierzy-powojennej-konspiracji-antykomunistycznej\/","og_locale":"pl_PL","og_type":"article","og_title":"\u201eZapomniani Wykl\u0119ci. Sylwetki \u017co\u0142nierzy powojennej konspiracji antykomunistycznej\u201d - Odra Niemen Sklep Charytatywny","og_description":"W publikacji zaprezentowano wybrane sylwetki 32 \u017co\u0142nierzy z r\u00f3\u017cnych formacji i nurt\u00f3w antykomunistycznego podziemia.","og_url":"https:\/\/odraniemen.org\/sklep\/produkt\/15-zapomniani-wykleci-sylwetki-zolnierzy-powojennej-konspiracji-antykomunistycznej\/","og_site_name":"Odra Niemen Sklep Charytatywny","article_modified_time":"2024-06-01T20:19:11+00:00","og_image":[{"width":750,"height":1000,"url":"https:\/\/odraniemen.org\/sklep\/wp-content\/uploads\/sites\/8\/2021\/01\/Zapomniani-Wykleci-1.jpg","type":"image\/jpeg"}],"twitter_card":"summary_large_image","twitter_misc":{"Szacowany czas czytania":"2 minuty"},"schema":{"@context":"https:\/\/schema.org","@graph":[{"@type":"WebPage","@id":"https:\/\/odraniemen.org\/sklep\/produkt\/15-zapomniani-wykleci-sylwetki-zolnierzy-powojennej-konspiracji-antykomunistycznej\/","url":"https:\/\/odraniemen.org\/sklep\/produkt\/15-zapomniani-wykleci-sylwetki-zolnierzy-powojennej-konspiracji-antykomunistycznej\/","name":"\u201eZapomniani Wykl\u0119ci. Sylwetki \u017co\u0142nierzy powojennej konspiracji antykomunistycznej\u201d - Odra Niemen Sklep Charytatywny","isPartOf":{"@id":"https:\/\/odraniemen.org\/sklep\/#website"},"datePublished":"2021-01-25T11:59:02+00:00","dateModified":"2024-06-01T20:19:11+00:00","description":"W publikacji zaprezentowano wybrane sylwetki 32 \u017co\u0142nierzy z r\u00f3\u017cnych formacji i nurt\u00f3w antykomunistycznego podziemia.","breadcrumb":{"@id":"https:\/\/odraniemen.org\/sklep\/produkt\/15-zapomniani-wykleci-sylwetki-zolnierzy-powojennej-konspiracji-antykomunistycznej\/#breadcrumb"},"inLanguage":"pl-PL","potentialAction":[{"@type":"ReadAction","target":["https:\/\/odraniemen.org\/sklep\/produkt\/15-zapomniani-wykleci-sylwetki-zolnierzy-powojennej-konspiracji-antykomunistycznej\/"]}]},{"@type":"BreadcrumbList","@id":"https:\/\/odraniemen.org\/sklep\/produkt\/15-zapomniani-wykleci-sylwetki-zolnierzy-powojennej-konspiracji-antykomunistycznej\/#breadcrumb","itemListElement":[{"@type":"ListItem","position":1,"name":"Strona g\u0142\u00f3wna","item":"https:\/\/odraniemen.org\/sklep\/"},{"@type":"ListItem","position":2,"name":"Sklep","item":"https:\/\/odraniemen.org\/sklep\/sklep\/"},{"@type":"ListItem","position":3,"name":"\u201eZapomniani Wykl\u0119ci. Sylwetki \u017co\u0142nierzy powojennej konspiracji antykomunistycznej\u201d"}]},{"@type":"WebSite","@id":"https:\/\/odraniemen.org\/sklep\/#website","url":"https:\/\/odraniemen.org\/sklep\/","name":"Odra Niemen Sklep Charytatywny","description":"Sklep charytatywny Stowarzyszenia Odra-Niemen","publisher":{"@id":"https:\/\/odraniemen.org\/sklep\/#organization"},"potentialAction":[{"@type":"SearchAction","target":{"@type":"EntryPoint","urlTemplate":"https:\/\/odraniemen.org\/sklep\/?s={search_term_string}"},"query-input":"required name=search_term_string"}],"inLanguage":"pl-PL"},{"@type":"Organization","@id":"https:\/\/odraniemen.org\/sklep\/#organization","name":"Odra Niemen Sklep Charytatywny","url":"https:\/\/odraniemen.org\/sklep\/","logo":{"@type":"ImageObject","inLanguage":"pl-PL","@id":"https:\/\/odraniemen.org\/sklep\/#\/schema\/logo\/image\/","url":"https:\/\/odraniemen.org\/sklep\/wp-content\/uploads\/sites\/8\/2022\/05\/cropped-logo-menu1.png","contentUrl":"https:\/\/odraniemen.org\/sklep\/wp-content\/uploads\/sites\/8\/2022\/05\/cropped-logo-menu1.png","width":324,"height":250,"caption":"Odra Niemen Sklep Charytatywny"},"image":{"@id":"https:\/\/odraniemen.org\/sklep\/#\/schema\/logo\/image\/"}}]}},"_links":{"self":[{"href":"https:\/\/odraniemen.org\/sklep\/wp-json\/wp\/v2\/product\/579"}],"collection":[{"href":"https:\/\/odraniemen.org\/sklep\/wp-json\/wp\/v2\/product"}],"about":[{"href":"https:\/\/odraniemen.org\/sklep\/wp-json\/wp\/v2\/types\/product"}],"replies":[{"embeddable":true,"href":"https:\/\/odraniemen.org\/sklep\/wp-json\/wp\/v2\/comments?post=579"}],"wp:featuredmedia":[{"embeddable":true,"href":"https:\/\/odraniemen.org\/sklep\/wp-json\/wp\/v2\/media\/4793"}],"wp:attachment":[{"href":"https:\/\/odraniemen.org\/sklep\/wp-json\/wp\/v2\/media?parent=579"}],"wp:term":[{"taxonomy":"product_cat","embeddable":true,"href":"https:\/\/odraniemen.org\/sklep\/wp-json\/wp\/v2\/product_cat?post=579"},{"taxonomy":"product_tag","embeddable":true,"href":"https:\/\/odraniemen.org\/sklep\/wp-json\/wp\/v2\/product_tag?post=579"}],"curies":[{"name":"wp","href":"https:\/\/api.w.org\/{rel}","templated":true}]}}