
{"id":5899,"date":"2023-03-16T16:17:44","date_gmt":"2023-03-16T15:17:44","guid":{"rendered":"https:\/\/odraniemen.org\/sklep\/?post_type=product&#038;p=5899"},"modified":"2023-03-16T16:17:44","modified_gmt":"2023-03-16T15:17:44","slug":"lapacz-snow","status":"publish","type":"product","link":"https:\/\/odraniemen.org\/sklep\/produkt\/lapacz-snow\/","title":{"rendered":"\u0141apacz sn\u00f3w"},"content":{"rendered":"<p>R\u0119cznie wykonane \u0142apacze sn\u00f3w, to dzie\u0142o przemi\u0142ych Pa\u0144 z klubu seniora w Ruszowicach, kt\u00f3re od miejsca zamieszkania nazywaj\u0105 siebie Ruszowiczankami.<\/p>\n<p>Ka\u017cdy z \u0142apaczy sn\u00f3w jest inny i unikatowy. \u0141apacze wykonane s\u0105 ze specjalnego sznurka r\u0119cznie plecione na metalowej obr\u0119czy o \u015brednicy 20 cm. Dost\u0119pne s\u0105 w r\u00f3\u017cnych wzorach.<\/p>\n<p>Wysoko\u015b\u0107 \u0142apacza sn\u00f3w r\u00f3\u017cni si\u0119 od wzoru i wynosi ok 40 cm, nie uwzgl\u0119dniaj\u0105c sznurka do mocowania.<\/p>\n<p>&nbsp;<\/p>\n","protected":false},"excerpt":{"rendered":"<p>\u0141apacze wykonane s\u0105 ze specjalnego sznurka r\u0119cznie plecione na metalowej obr\u0119czy o \u015brednicy 20 cm. Dost\u0119pne s\u0105 w r\u00f3\u017cnych wzorach.<\/p>\n<p>Wysoko\u015b\u0107 \u0142apacza sn\u00f3w r\u00f3\u017cni si\u0119 od wzoru i wynosi ok 40 cm, nie uwzgl\u0119dniaj\u0105c sznurka do mocowania.<\/p>\n<p>Ca\u0142y doch\u00f3d ze sprzeda\u017cy wyrob\u00f3w r\u0119kodzielniczych przeznaczony jest dzia\u0142ania statutowe Odra-Niemen.<\/p>\n","protected":false},"featured_media":5900,"comment_status":"open","ping_status":"closed","template":"","meta":{"site-sidebar-layout":"default","site-content-layout":"default","ast-site-content-layout":"","site-content-style":"default","site-sidebar-style":"default","ast-global-header-display":"","ast-banner-title-visibility":"","ast-main-header-display":"","ast-hfb-above-header-display":"","ast-hfb-below-header-display":"","ast-hfb-mobile-header-display":"","site-post-title":"","ast-breadcrumbs-content":"","ast-featured-img":"","footer-sml-layout":"","theme-transparent-header-meta":"default","adv-header-id-meta":"","stick-header-meta":"","header-above-stick-meta":"","header-main-stick-meta":"","header-below-stick-meta":"","astra-migrate-meta-layouts":"","ast-page-background-enabled":"default","ast-page-background-meta":{"desktop":{"background-color":"","background-image":"","background-repeat":"repeat","background-position":"center center","background-size":"auto","background-attachment":"scroll","background-type":"","background-media":"","overlay-type":"","overlay-color":"","overlay-gradient":""},"tablet":{"background-color":"","background-image":"","background-repeat":"repeat","background-position":"center center","background-size":"auto","background-attachment":"scroll","background-type":"","background-media":"","overlay-type":"","overlay-color":"","overlay-gradient":""},"mobile":{"background-color":"","background-image":"","background-repeat":"repeat","background-position":"center center","background-size":"auto","background-attachment":"scroll","background-type":"","background-media":"","overlay-type":"","overlay-color":"","overlay-gradient":""}},"ast-content-background-meta":{"desktop":{"background-color":"var(--ast-global-color-5)","background-image":"","background-repeat":"repeat","background-position":"center center","background-size":"auto","background-attachment":"scroll","background-type":"","background-media":"","overlay-type":"","overlay-color":"","overlay-gradient":""},"tablet":{"background-color":"var(--ast-global-color-5)","background-image":"","background-repeat":"repeat","background-position":"center center","background-size":"auto","background-attachment":"scroll","background-type":"","background-media":"","overlay-type":"","overlay-color":"","overlay-gradient":""},"mobile":{"background-color":"var(--ast-global-color-5)","background-image":"","background-repeat":"repeat","background-position":"center center","background-size":"auto","background-attachment":"scroll","background-type":"","background-media":"","overlay-type":"","overlay-color":"","overlay-gradient":""}}},"product_cat":[84,53],"product_tag":[],"yoast_head":"<!-- This site is optimized with the Yoast SEO plugin v21.6 - https:\/\/yoast.com\/wordpress\/plugins\/seo\/ -->\n<title>\u0141apacz sn\u00f3w - Odra Niemen Sklep Charytatywny<\/title>\n<meta name=\"description\" content=\"\u0141apacze sn\u00f3w wykonane s\u0105 ze specjalnego sznurka r\u0119cznie plecione na metalowej obr\u0119czy o \u015brednicy 20 cm. Dost\u0119pne s\u0105 w r\u00f3\u017cnych wzorach.\" \/>\n<meta name=\"robots\" content=\"index, follow, max-snippet:-1, max-image-preview:large, max-video-preview:-1\" \/>\n<link rel=\"canonical\" href=\"https:\/\/odraniemen.org\/sklep\/produkt\/lapacz-snow\/\" \/>\n<meta property=\"og:locale\" content=\"pl_PL\" \/>\n<meta property=\"og:type\" content=\"article\" \/>\n<meta property=\"og:title\" content=\"\u0141apacz sn\u00f3w - Odra Niemen Sklep Charytatywny\" \/>\n<meta property=\"og:description\" content=\"\u0141apacze sn\u00f3w wykonane s\u0105 ze specjalnego sznurka r\u0119cznie plecione na metalowej obr\u0119czy o \u015brednicy 20 cm. Dost\u0119pne s\u0105 w r\u00f3\u017cnych wzorach.\" \/>\n<meta property=\"og:url\" content=\"https:\/\/odraniemen.org\/sklep\/produkt\/lapacz-snow\/\" \/>\n<meta property=\"og:site_name\" content=\"Odra Niemen Sklep Charytatywny\" \/>\n<meta property=\"og:image\" content=\"https:\/\/odraniemen.org\/sklep\/wp-content\/uploads\/sites\/8\/2023\/03\/rekodzielo-makrama-9-of-103.jpg\" \/>\n\t<meta property=\"og:image:width\" content=\"750\" \/>\n\t<meta property=\"og:image:height\" content=\"1000\" \/>\n\t<meta property=\"og:image:type\" content=\"image\/jpeg\" \/>\n<meta name=\"twitter:card\" content=\"summary_large_image\" \/>\n<meta name=\"twitter:label1\" content=\"Szacowany czas czytania\" \/>\n\t<meta name=\"twitter:data1\" content=\"1 minuta\" \/>\n<script type=\"application\/ld+json\" class=\"yoast-schema-graph\">{\"@context\":\"https:\/\/schema.org\",\"@graph\":[{\"@type\":\"WebPage\",\"@id\":\"https:\/\/odraniemen.org\/sklep\/produkt\/lapacz-snow\/\",\"url\":\"https:\/\/odraniemen.org\/sklep\/produkt\/lapacz-snow\/\",\"name\":\"\u0141apacz sn\u00f3w - Odra Niemen Sklep Charytatywny\",\"isPartOf\":{\"@id\":\"https:\/\/odraniemen.org\/sklep\/#website\"},\"datePublished\":\"2023-03-16T15:17:44+00:00\",\"dateModified\":\"2023-03-16T15:17:44+00:00\",\"description\":\"\u0141apacze sn\u00f3w wykonane s\u0105 ze specjalnego sznurka r\u0119cznie plecione na metalowej obr\u0119czy o \u015brednicy 20 cm. Dost\u0119pne s\u0105 w r\u00f3\u017cnych wzorach.\",\"breadcrumb\":{\"@id\":\"https:\/\/odraniemen.org\/sklep\/produkt\/lapacz-snow\/#breadcrumb\"},\"inLanguage\":\"pl-PL\",\"potentialAction\":[{\"@type\":\"ReadAction\",\"target\":[\"https:\/\/odraniemen.org\/sklep\/produkt\/lapacz-snow\/\"]}]},{\"@type\":\"BreadcrumbList\",\"@id\":\"https:\/\/odraniemen.org\/sklep\/produkt\/lapacz-snow\/#breadcrumb\",\"itemListElement\":[{\"@type\":\"ListItem\",\"position\":1,\"name\":\"Strona g\u0142\u00f3wna\",\"item\":\"https:\/\/odraniemen.org\/sklep\/\"},{\"@type\":\"ListItem\",\"position\":2,\"name\":\"Sklep\",\"item\":\"https:\/\/odraniemen.org\/sklep\/sklep\/\"},{\"@type\":\"ListItem\",\"position\":3,\"name\":\"\u0141apacz sn\u00f3w\"}]},{\"@type\":\"WebSite\",\"@id\":\"https:\/\/odraniemen.org\/sklep\/#website\",\"url\":\"https:\/\/odraniemen.org\/sklep\/\",\"name\":\"Odra Niemen Sklep Charytatywny\",\"description\":\"Sklep charytatywny Stowarzyszenia Odra-Niemen\",\"publisher\":{\"@id\":\"https:\/\/odraniemen.org\/sklep\/#organization\"},\"potentialAction\":[{\"@type\":\"SearchAction\",\"target\":{\"@type\":\"EntryPoint\",\"urlTemplate\":\"https:\/\/odraniemen.org\/sklep\/?s={search_term_string}\"},\"query-input\":\"required name=search_term_string\"}],\"inLanguage\":\"pl-PL\"},{\"@type\":\"Organization\",\"@id\":\"https:\/\/odraniemen.org\/sklep\/#organization\",\"name\":\"Odra Niemen Sklep Charytatywny\",\"url\":\"https:\/\/odraniemen.org\/sklep\/\",\"logo\":{\"@type\":\"ImageObject\",\"inLanguage\":\"pl-PL\",\"@id\":\"https:\/\/odraniemen.org\/sklep\/#\/schema\/logo\/image\/\",\"url\":\"https:\/\/odraniemen.org\/sklep\/wp-content\/uploads\/sites\/8\/2022\/05\/cropped-logo-menu1.png\",\"contentUrl\":\"https:\/\/odraniemen.org\/sklep\/wp-content\/uploads\/sites\/8\/2022\/05\/cropped-logo-menu1.png\",\"width\":324,\"height\":250,\"caption\":\"Odra Niemen Sklep Charytatywny\"},\"image\":{\"@id\":\"https:\/\/odraniemen.org\/sklep\/#\/schema\/logo\/image\/\"}}]}<\/script>\n<!-- \/ Yoast SEO plugin. -->","yoast_head_json":{"title":"\u0141apacz sn\u00f3w - Odra Niemen Sklep Charytatywny","description":"\u0141apacze sn\u00f3w wykonane s\u0105 ze specjalnego sznurka r\u0119cznie plecione na metalowej obr\u0119czy o \u015brednicy 20 cm. Dost\u0119pne s\u0105 w r\u00f3\u017cnych wzorach.","robots":{"index":"index","follow":"follow","max-snippet":"max-snippet:-1","max-image-preview":"max-image-preview:large","max-video-preview":"max-video-preview:-1"},"canonical":"https:\/\/odraniemen.org\/sklep\/produkt\/lapacz-snow\/","og_locale":"pl_PL","og_type":"article","og_title":"\u0141apacz sn\u00f3w - Odra Niemen Sklep Charytatywny","og_description":"\u0141apacze sn\u00f3w wykonane s\u0105 ze specjalnego sznurka r\u0119cznie plecione na metalowej obr\u0119czy o \u015brednicy 20 cm. Dost\u0119pne s\u0105 w r\u00f3\u017cnych wzorach.","og_url":"https:\/\/odraniemen.org\/sklep\/produkt\/lapacz-snow\/","og_site_name":"Odra Niemen Sklep Charytatywny","og_image":[{"width":750,"height":1000,"url":"https:\/\/odraniemen.org\/sklep\/wp-content\/uploads\/sites\/8\/2023\/03\/rekodzielo-makrama-9-of-103.jpg","type":"image\/jpeg"}],"twitter_card":"summary_large_image","twitter_misc":{"Szacowany czas czytania":"1 minuta"},"schema":{"@context":"https:\/\/schema.org","@graph":[{"@type":"WebPage","@id":"https:\/\/odraniemen.org\/sklep\/produkt\/lapacz-snow\/","url":"https:\/\/odraniemen.org\/sklep\/produkt\/lapacz-snow\/","name":"\u0141apacz sn\u00f3w - Odra Niemen Sklep Charytatywny","isPartOf":{"@id":"https:\/\/odraniemen.org\/sklep\/#website"},"datePublished":"2023-03-16T15:17:44+00:00","dateModified":"2023-03-16T15:17:44+00:00","description":"\u0141apacze sn\u00f3w wykonane s\u0105 ze specjalnego sznurka r\u0119cznie plecione na metalowej obr\u0119czy o \u015brednicy 20 cm. Dost\u0119pne s\u0105 w r\u00f3\u017cnych wzorach.","breadcrumb":{"@id":"https:\/\/odraniemen.org\/sklep\/produkt\/lapacz-snow\/#breadcrumb"},"inLanguage":"pl-PL","potentialAction":[{"@type":"ReadAction","target":["https:\/\/odraniemen.org\/sklep\/produkt\/lapacz-snow\/"]}]},{"@type":"BreadcrumbList","@id":"https:\/\/odraniemen.org\/sklep\/produkt\/lapacz-snow\/#breadcrumb","itemListElement":[{"@type":"ListItem","position":1,"name":"Strona g\u0142\u00f3wna","item":"https:\/\/odraniemen.org\/sklep\/"},{"@type":"ListItem","position":2,"name":"Sklep","item":"https:\/\/odraniemen.org\/sklep\/sklep\/"},{"@type":"ListItem","position":3,"name":"\u0141apacz sn\u00f3w"}]},{"@type":"WebSite","@id":"https:\/\/odraniemen.org\/sklep\/#website","url":"https:\/\/odraniemen.org\/sklep\/","name":"Odra Niemen Sklep Charytatywny","description":"Sklep charytatywny Stowarzyszenia Odra-Niemen","publisher":{"@id":"https:\/\/odraniemen.org\/sklep\/#organization"},"potentialAction":[{"@type":"SearchAction","target":{"@type":"EntryPoint","urlTemplate":"https:\/\/odraniemen.org\/sklep\/?s={search_term_string}"},"query-input":"required name=search_term_string"}],"inLanguage":"pl-PL"},{"@type":"Organization","@id":"https:\/\/odraniemen.org\/sklep\/#organization","name":"Odra Niemen Sklep Charytatywny","url":"https:\/\/odraniemen.org\/sklep\/","logo":{"@type":"ImageObject","inLanguage":"pl-PL","@id":"https:\/\/odraniemen.org\/sklep\/#\/schema\/logo\/image\/","url":"https:\/\/odraniemen.org\/sklep\/wp-content\/uploads\/sites\/8\/2022\/05\/cropped-logo-menu1.png","contentUrl":"https:\/\/odraniemen.org\/sklep\/wp-content\/uploads\/sites\/8\/2022\/05\/cropped-logo-menu1.png","width":324,"height":250,"caption":"Odra Niemen Sklep Charytatywny"},"image":{"@id":"https:\/\/odraniemen.org\/sklep\/#\/schema\/logo\/image\/"}}]}},"_links":{"self":[{"href":"https:\/\/odraniemen.org\/sklep\/wp-json\/wp\/v2\/product\/5899"}],"collection":[{"href":"https:\/\/odraniemen.org\/sklep\/wp-json\/wp\/v2\/product"}],"about":[{"href":"https:\/\/odraniemen.org\/sklep\/wp-json\/wp\/v2\/types\/product"}],"replies":[{"embeddable":true,"href":"https:\/\/odraniemen.org\/sklep\/wp-json\/wp\/v2\/comments?post=5899"}],"wp:featuredmedia":[{"embeddable":true,"href":"https:\/\/odraniemen.org\/sklep\/wp-json\/wp\/v2\/media\/5900"}],"wp:attachment":[{"href":"https:\/\/odraniemen.org\/sklep\/wp-json\/wp\/v2\/media?parent=5899"}],"wp:term":[{"taxonomy":"product_cat","embeddable":true,"href":"https:\/\/odraniemen.org\/sklep\/wp-json\/wp\/v2\/product_cat?post=5899"},{"taxonomy":"product_tag","embeddable":true,"href":"https:\/\/odraniemen.org\/sklep\/wp-json\/wp\/v2\/product_tag?post=5899"}],"curies":[{"name":"wp","href":"https:\/\/api.w.org\/{rel}","templated":true}]}}