
{"id":5953,"date":"2023-03-21T12:13:44","date_gmt":"2023-03-21T11:13:44","guid":{"rendered":"https:\/\/odraniemen.org\/sklep\/?post_type=product&#038;p=5953"},"modified":"2023-06-14T11:02:25","modified_gmt":"2023-06-14T09:02:25","slug":"sowa","status":"publish","type":"product","link":"https:\/\/odraniemen.org\/sklep\/produkt\/sowa\/","title":{"rendered":"Sowa"},"content":{"rendered":"<p>Sowa wykonana zosta\u0142a r\u0119cznie technik\u0105 makramy.<\/p>\n<p>Ta makramowa sowa mo\u017ce by\u0107 pi\u0119kn\u0105 ozdob\u0105 Twojego mieszkania, mo\u017ce te\u017c by\u0107 \u015bwietnym prezentem dla bliskiej osoby. Jednocze\u015bnie kupuj\u0105c to r\u0119kodzie\u0142o\u00a0 wspierasz Stowarzyszenie Odra Niemen oraz niepe\u0142nosprawnych pracownik\u00f3w ZAZ Pietraszki.<\/p>\n<p>Autorem tego unikatowego r\u0119kodzie\u0142a s\u0105 podopieczni zak\u0142adu aktywno\u015bci zawodowej Manufaktura Pietraszki.<\/p>\n<p>Praca w tym zak\u0142adzie jest cz\u0119sto pierwszym krokiem i\u00a0szans\u0105 do samodzielnego, satysfakcjonuj\u0105cego \u017cycia.<\/p>\n<p>Daje poczucie warto\u015bci i\u00a0sensu, umo\u017cliwia rozw\u00f3j i\u00a0samorealizacj\u0119, jest form\u0105 terapii i\u00a0rehabilitacji spo\u0142eczno-zawodowej, szans\u0105 powrotu do spo\u0142ecze\u0144stwa i\u00a0kszta\u0142towania kontakt\u00f3w mi\u0119dzyludzkich.<\/p>\n<p>Zak\u0142ad znajduje si\u0119 w Pietraszkach w domu \u015bw. Jana Paw\u0142a II gdzie dzia\u0142aj\u0105 4 pracownie: cukiernicza, r\u0119kodzie\u0142a, pszczelarska i ogrodniczo-zielarska.<\/p>\n<p>Manufaktura zatrudnia 40 os\u00f3b z niepe\u0142nosprawno\u015bciami w stopniu umiarkowanym i znacznym.<\/p>\n<p>manufaktura-pietraszki.pl<\/p>\n<p>&nbsp;<\/p>\n","protected":false},"excerpt":{"rendered":"<p>To niepowtarzalne r\u0119kodzie\u0142o, sowa z makramy, zosta\u0142a wykonana przez podopiecznych zak\u0142adu aktywno\u015bci zawodowej &#8220;Manufaktura Pietraszki&#8221;.<\/p>\n<p>Ta makramowa sowa mo\u017ce by\u0107 pi\u0119kn\u0105 ozdob\u0105 Twojego mieszkania, mo\u017ce te\u017c by\u0107 \u015bwietnym prezentem dla bliskiej osoby. Jednocze\u015bnie kupuj\u0105c to r\u0119kodzie\u0142o\u00a0 wspierasz Stowarzyszenie Odra Niemen oraz niepe\u0142nosprawnych pracownik\u00f3w ZAZ Pietraszki.<\/p>\n<p>Materia\u0142: sznurek makramowy, drewniane paciorki, drewniany pa\u0142\u0105k<\/p>\n<p>Wymiar:\u00a0 \u00a042 x 24 cm<\/p>\n<p>&nbsp;<\/p>\n","protected":false},"featured_media":5980,"comment_status":"open","ping_status":"closed","template":"","meta":{"site-sidebar-layout":"default","site-content-layout":"default","ast-site-content-layout":"","site-content-style":"default","site-sidebar-style":"default","ast-global-header-display":"","ast-banner-title-visibility":"","ast-main-header-display":"","ast-hfb-above-header-display":"","ast-hfb-below-header-display":"","ast-hfb-mobile-header-display":"","site-post-title":"","ast-breadcrumbs-content":"","ast-featured-img":"","footer-sml-layout":"","theme-transparent-header-meta":"default","adv-header-id-meta":"","stick-header-meta":"","header-above-stick-meta":"","header-main-stick-meta":"","header-below-stick-meta":"","astra-migrate-meta-layouts":"","ast-page-background-enabled":"default","ast-page-background-meta":{"desktop":{"background-color":"","background-image":"","background-repeat":"repeat","background-position":"center center","background-size":"auto","background-attachment":"scroll","background-type":"","background-media":"","overlay-type":"","overlay-color":"","overlay-gradient":""},"tablet":{"background-color":"","background-image":"","background-repeat":"repeat","background-position":"center center","background-size":"auto","background-attachment":"scroll","background-type":"","background-media":"","overlay-type":"","overlay-color":"","overlay-gradient":""},"mobile":{"background-color":"","background-image":"","background-repeat":"repeat","background-position":"center center","background-size":"auto","background-attachment":"scroll","background-type":"","background-media":"","overlay-type":"","overlay-color":"","overlay-gradient":""}},"ast-content-background-meta":{"desktop":{"background-color":"var(--ast-global-color-5)","background-image":"","background-repeat":"repeat","background-position":"center center","background-size":"auto","background-attachment":"scroll","background-type":"","background-media":"","overlay-type":"","overlay-color":"","overlay-gradient":""},"tablet":{"background-color":"var(--ast-global-color-5)","background-image":"","background-repeat":"repeat","background-position":"center center","background-size":"auto","background-attachment":"scroll","background-type":"","background-media":"","overlay-type":"","overlay-color":"","overlay-gradient":""},"mobile":{"background-color":"var(--ast-global-color-5)","background-image":"","background-repeat":"repeat","background-position":"center center","background-size":"auto","background-attachment":"scroll","background-type":"","background-media":"","overlay-type":"","overlay-color":"","overlay-gradient":""}}},"product_cat":[84,53],"product_tag":[],"yoast_head":"<!-- This site is optimized with the Yoast SEO plugin v21.6 - https:\/\/yoast.com\/wordpress\/plugins\/seo\/ -->\n<title>Sowa - Odra Niemen Sklep Charytatywny<\/title>\n<meta name=\"description\" content=\"To niepowtarzalne r\u0119kodzie\u0142o, sowa z makramy, zosta\u0142 wykonany przez podopiecznych zak\u0142adu aktywno\u015bci zawodowej &quot;Manufaktura Pietraszki&quot;.\" \/>\n<meta name=\"robots\" content=\"index, follow, max-snippet:-1, max-image-preview:large, max-video-preview:-1\" \/>\n<link rel=\"canonical\" href=\"https:\/\/odraniemen.org\/sklep\/produkt\/sowa\/\" \/>\n<meta property=\"og:locale\" content=\"pl_PL\" \/>\n<meta property=\"og:type\" content=\"article\" \/>\n<meta property=\"og:title\" content=\"Sowa - Odra Niemen Sklep Charytatywny\" \/>\n<meta property=\"og:description\" content=\"To niepowtarzalne r\u0119kodzie\u0142o, sowa z makramy, zosta\u0142 wykonany przez podopiecznych zak\u0142adu aktywno\u015bci zawodowej &quot;Manufaktura Pietraszki&quot;.\" \/>\n<meta property=\"og:url\" content=\"https:\/\/odraniemen.org\/sklep\/produkt\/sowa\/\" \/>\n<meta property=\"og:site_name\" content=\"Odra Niemen Sklep Charytatywny\" \/>\n<meta property=\"article:modified_time\" content=\"2023-06-14T09:02:25+00:00\" \/>\n<meta property=\"og:image\" content=\"https:\/\/odraniemen.org\/sklep\/wp-content\/uploads\/sites\/8\/2023\/03\/rekodzielo-makrama-13-of-34.jpg\" \/>\n\t<meta property=\"og:image:width\" content=\"750\" \/>\n\t<meta property=\"og:image:height\" content=\"1000\" \/>\n\t<meta property=\"og:image:type\" content=\"image\/jpeg\" \/>\n<meta name=\"twitter:card\" content=\"summary_large_image\" \/>\n<meta name=\"twitter:label1\" content=\"Szacowany czas czytania\" \/>\n\t<meta name=\"twitter:data1\" content=\"1 minuta\" \/>\n<script type=\"application\/ld+json\" class=\"yoast-schema-graph\">{\"@context\":\"https:\/\/schema.org\",\"@graph\":[{\"@type\":\"WebPage\",\"@id\":\"https:\/\/odraniemen.org\/sklep\/produkt\/sowa\/\",\"url\":\"https:\/\/odraniemen.org\/sklep\/produkt\/sowa\/\",\"name\":\"Sowa - Odra Niemen Sklep Charytatywny\",\"isPartOf\":{\"@id\":\"https:\/\/odraniemen.org\/sklep\/#website\"},\"datePublished\":\"2023-03-21T11:13:44+00:00\",\"dateModified\":\"2023-06-14T09:02:25+00:00\",\"description\":\"To niepowtarzalne r\u0119kodzie\u0142o, sowa z makramy, zosta\u0142 wykonany przez podopiecznych zak\u0142adu aktywno\u015bci zawodowej \\\"Manufaktura Pietraszki\\\".\",\"breadcrumb\":{\"@id\":\"https:\/\/odraniemen.org\/sklep\/produkt\/sowa\/#breadcrumb\"},\"inLanguage\":\"pl-PL\",\"potentialAction\":[{\"@type\":\"ReadAction\",\"target\":[\"https:\/\/odraniemen.org\/sklep\/produkt\/sowa\/\"]}]},{\"@type\":\"BreadcrumbList\",\"@id\":\"https:\/\/odraniemen.org\/sklep\/produkt\/sowa\/#breadcrumb\",\"itemListElement\":[{\"@type\":\"ListItem\",\"position\":1,\"name\":\"Strona g\u0142\u00f3wna\",\"item\":\"https:\/\/odraniemen.org\/sklep\/\"},{\"@type\":\"ListItem\",\"position\":2,\"name\":\"Sklep\",\"item\":\"https:\/\/odraniemen.org\/sklep\/sklep\/\"},{\"@type\":\"ListItem\",\"position\":3,\"name\":\"Sowa\"}]},{\"@type\":\"WebSite\",\"@id\":\"https:\/\/odraniemen.org\/sklep\/#website\",\"url\":\"https:\/\/odraniemen.org\/sklep\/\",\"name\":\"Odra Niemen Sklep Charytatywny\",\"description\":\"Sklep charytatywny Stowarzyszenia Odra-Niemen\",\"publisher\":{\"@id\":\"https:\/\/odraniemen.org\/sklep\/#organization\"},\"potentialAction\":[{\"@type\":\"SearchAction\",\"target\":{\"@type\":\"EntryPoint\",\"urlTemplate\":\"https:\/\/odraniemen.org\/sklep\/?s={search_term_string}\"},\"query-input\":\"required name=search_term_string\"}],\"inLanguage\":\"pl-PL\"},{\"@type\":\"Organization\",\"@id\":\"https:\/\/odraniemen.org\/sklep\/#organization\",\"name\":\"Odra Niemen Sklep Charytatywny\",\"url\":\"https:\/\/odraniemen.org\/sklep\/\",\"logo\":{\"@type\":\"ImageObject\",\"inLanguage\":\"pl-PL\",\"@id\":\"https:\/\/odraniemen.org\/sklep\/#\/schema\/logo\/image\/\",\"url\":\"https:\/\/odraniemen.org\/sklep\/wp-content\/uploads\/sites\/8\/2022\/05\/cropped-logo-menu1.png\",\"contentUrl\":\"https:\/\/odraniemen.org\/sklep\/wp-content\/uploads\/sites\/8\/2022\/05\/cropped-logo-menu1.png\",\"width\":324,\"height\":250,\"caption\":\"Odra Niemen Sklep Charytatywny\"},\"image\":{\"@id\":\"https:\/\/odraniemen.org\/sklep\/#\/schema\/logo\/image\/\"}}]}<\/script>\n<!-- \/ Yoast SEO plugin. -->","yoast_head_json":{"title":"Sowa - Odra Niemen Sklep Charytatywny","description":"To niepowtarzalne r\u0119kodzie\u0142o, sowa z makramy, zosta\u0142 wykonany przez podopiecznych zak\u0142adu aktywno\u015bci zawodowej \"Manufaktura Pietraszki\".","robots":{"index":"index","follow":"follow","max-snippet":"max-snippet:-1","max-image-preview":"max-image-preview:large","max-video-preview":"max-video-preview:-1"},"canonical":"https:\/\/odraniemen.org\/sklep\/produkt\/sowa\/","og_locale":"pl_PL","og_type":"article","og_title":"Sowa - Odra Niemen Sklep Charytatywny","og_description":"To niepowtarzalne r\u0119kodzie\u0142o, sowa z makramy, zosta\u0142 wykonany przez podopiecznych zak\u0142adu aktywno\u015bci zawodowej \"Manufaktura Pietraszki\".","og_url":"https:\/\/odraniemen.org\/sklep\/produkt\/sowa\/","og_site_name":"Odra Niemen Sklep Charytatywny","article_modified_time":"2023-06-14T09:02:25+00:00","og_image":[{"width":750,"height":1000,"url":"https:\/\/odraniemen.org\/sklep\/wp-content\/uploads\/sites\/8\/2023\/03\/rekodzielo-makrama-13-of-34.jpg","type":"image\/jpeg"}],"twitter_card":"summary_large_image","twitter_misc":{"Szacowany czas czytania":"1 minuta"},"schema":{"@context":"https:\/\/schema.org","@graph":[{"@type":"WebPage","@id":"https:\/\/odraniemen.org\/sklep\/produkt\/sowa\/","url":"https:\/\/odraniemen.org\/sklep\/produkt\/sowa\/","name":"Sowa - Odra Niemen Sklep Charytatywny","isPartOf":{"@id":"https:\/\/odraniemen.org\/sklep\/#website"},"datePublished":"2023-03-21T11:13:44+00:00","dateModified":"2023-06-14T09:02:25+00:00","description":"To niepowtarzalne r\u0119kodzie\u0142o, sowa z makramy, zosta\u0142 wykonany przez podopiecznych zak\u0142adu aktywno\u015bci zawodowej \"Manufaktura Pietraszki\".","breadcrumb":{"@id":"https:\/\/odraniemen.org\/sklep\/produkt\/sowa\/#breadcrumb"},"inLanguage":"pl-PL","potentialAction":[{"@type":"ReadAction","target":["https:\/\/odraniemen.org\/sklep\/produkt\/sowa\/"]}]},{"@type":"BreadcrumbList","@id":"https:\/\/odraniemen.org\/sklep\/produkt\/sowa\/#breadcrumb","itemListElement":[{"@type":"ListItem","position":1,"name":"Strona g\u0142\u00f3wna","item":"https:\/\/odraniemen.org\/sklep\/"},{"@type":"ListItem","position":2,"name":"Sklep","item":"https:\/\/odraniemen.org\/sklep\/sklep\/"},{"@type":"ListItem","position":3,"name":"Sowa"}]},{"@type":"WebSite","@id":"https:\/\/odraniemen.org\/sklep\/#website","url":"https:\/\/odraniemen.org\/sklep\/","name":"Odra Niemen Sklep Charytatywny","description":"Sklep charytatywny Stowarzyszenia Odra-Niemen","publisher":{"@id":"https:\/\/odraniemen.org\/sklep\/#organization"},"potentialAction":[{"@type":"SearchAction","target":{"@type":"EntryPoint","urlTemplate":"https:\/\/odraniemen.org\/sklep\/?s={search_term_string}"},"query-input":"required name=search_term_string"}],"inLanguage":"pl-PL"},{"@type":"Organization","@id":"https:\/\/odraniemen.org\/sklep\/#organization","name":"Odra Niemen Sklep Charytatywny","url":"https:\/\/odraniemen.org\/sklep\/","logo":{"@type":"ImageObject","inLanguage":"pl-PL","@id":"https:\/\/odraniemen.org\/sklep\/#\/schema\/logo\/image\/","url":"https:\/\/odraniemen.org\/sklep\/wp-content\/uploads\/sites\/8\/2022\/05\/cropped-logo-menu1.png","contentUrl":"https:\/\/odraniemen.org\/sklep\/wp-content\/uploads\/sites\/8\/2022\/05\/cropped-logo-menu1.png","width":324,"height":250,"caption":"Odra Niemen Sklep Charytatywny"},"image":{"@id":"https:\/\/odraniemen.org\/sklep\/#\/schema\/logo\/image\/"}}]}},"_links":{"self":[{"href":"https:\/\/odraniemen.org\/sklep\/wp-json\/wp\/v2\/product\/5953"}],"collection":[{"href":"https:\/\/odraniemen.org\/sklep\/wp-json\/wp\/v2\/product"}],"about":[{"href":"https:\/\/odraniemen.org\/sklep\/wp-json\/wp\/v2\/types\/product"}],"replies":[{"embeddable":true,"href":"https:\/\/odraniemen.org\/sklep\/wp-json\/wp\/v2\/comments?post=5953"}],"wp:featuredmedia":[{"embeddable":true,"href":"https:\/\/odraniemen.org\/sklep\/wp-json\/wp\/v2\/media\/5980"}],"wp:attachment":[{"href":"https:\/\/odraniemen.org\/sklep\/wp-json\/wp\/v2\/media?parent=5953"}],"wp:term":[{"taxonomy":"product_cat","embeddable":true,"href":"https:\/\/odraniemen.org\/sklep\/wp-json\/wp\/v2\/product_cat?post=5953"},{"taxonomy":"product_tag","embeddable":true,"href":"https:\/\/odraniemen.org\/sklep\/wp-json\/wp\/v2\/product_tag?post=5953"}],"curies":[{"name":"wp","href":"https:\/\/api.w.org\/{rel}","templated":true}]}}