
{"id":6040,"date":"2023-05-08T16:40:17","date_gmt":"2023-05-08T14:40:17","guid":{"rendered":"https:\/\/odraniemen.org\/sklep\/?post_type=product&#038;p=6040"},"modified":"2023-05-09T12:11:36","modified_gmt":"2023-05-09T10:11:36","slug":"wakacje-z-historia","status":"publish","type":"product","link":"https:\/\/odraniemen.org\/sklep\/produkt\/wakacje-z-historia\/","title":{"rendered":"Wakacje z Histori\u0105"},"content":{"rendered":"<p>\u201eWakacje z histori\u0105\u201d\u00a0<strong>realizujemy od kilku lat. To bardzo znacz\u0105cy dla nas projekt, w czasie kt\u00f3rego uczymy polskich uczni\u00f3w wa\u017cnych dla naszego \u015brodowiska tre\u015bci historycznych i patriotycznych, ale przygotowujemy te\u017c zaj\u0119cia integruj\u0105ce m\u0142odych Polak\u00f3w ponad granicami (dzieci z Polski i dawnych Kres\u00f3w).<\/strong> To spore wyzwanie logistyczne i organizacyjne, ale te\u017c mn\u00f3stwo rado\u015bci z tego projektu, kt\u00f3ry procentuje przyja\u017aniami, kolejnymi projektami, wsp\u00f3lnym dzia\u0142aniem ponad podzia\u0142ami. Kolonie organizowane s\u0105 w miesi\u0105cach letnich. Tylko w zesz\u0142ym roku dzi\u0119ki naszej akcji w koloniach wzi\u0119\u0142o udzia\u0142 100 polskich uczni\u00f3w z Kres\u00f3w (Litwa, Bia\u0142oru\u015b) oraz 40 uczni\u00f3w z Polski.<\/p>\n<p>Dzienny koszt dla jednego uczestnika to oko\u0142o 130 z\u0142. Dzi\u0119ki Twojej donacji b\u0119dziemy mogli zwi\u0119kszy\u0107 liczb\u0119 uczestnik\u00f3w lub wzbogaci\u0107 program kolonii.<\/p>\n<p>&nbsp;<\/p>\n<div><\/div>\n","protected":false},"excerpt":{"rendered":"<p>Zakup karty podarunkowej <strong>&#8220;Wakacje z Histori\u0105&#8221;<\/strong> pozwoli nam na wzbogacenie programu kolonii dla dzieci z Kres\u00f3w lub umo\u017cliwi zwi\u0119kszenie liczby uczestnik\u00f3w.<\/p>\n<p>Je\u015bli chcesz zwi\u0119kszy\u0107 kwot\u0119 donacji w okienku przy przycisku \u201cdodaj do koszyka\u201d ustaw odpowiedni\u0105 ilo\u015b\u0107.<\/p>\n<p>&nbsp;<\/p>\n","protected":false},"featured_media":6053,"comment_status":"open","ping_status":"closed","template":"","meta":{"site-sidebar-layout":"default","site-content-layout":"default","ast-site-content-layout":"","site-content-style":"default","site-sidebar-style":"default","ast-global-header-display":"","ast-banner-title-visibility":"","ast-main-header-display":"","ast-hfb-above-header-display":"","ast-hfb-below-header-display":"","ast-hfb-mobile-header-display":"","site-post-title":"","ast-breadcrumbs-content":"","ast-featured-img":"","footer-sml-layout":"","theme-transparent-header-meta":"default","adv-header-id-meta":"","stick-header-meta":"","header-above-stick-meta":"","header-main-stick-meta":"","header-below-stick-meta":"","astra-migrate-meta-layouts":"","ast-page-background-enabled":"default","ast-page-background-meta":{"desktop":{"background-color":"","background-image":"","background-repeat":"repeat","background-position":"center center","background-size":"auto","background-attachment":"scroll","background-type":"","background-media":"","overlay-type":"","overlay-color":"","overlay-gradient":""},"tablet":{"background-color":"","background-image":"","background-repeat":"repeat","background-position":"center center","background-size":"auto","background-attachment":"scroll","background-type":"","background-media":"","overlay-type":"","overlay-color":"","overlay-gradient":""},"mobile":{"background-color":"","background-image":"","background-repeat":"repeat","background-position":"center center","background-size":"auto","background-attachment":"scroll","background-type":"","background-media":"","overlay-type":"","overlay-color":"","overlay-gradient":""}},"ast-content-background-meta":{"desktop":{"background-color":"var(--ast-global-color-5)","background-image":"","background-repeat":"repeat","background-position":"center center","background-size":"auto","background-attachment":"scroll","background-type":"","background-media":"","overlay-type":"","overlay-color":"","overlay-gradient":""},"tablet":{"background-color":"var(--ast-global-color-5)","background-image":"","background-repeat":"repeat","background-position":"center center","background-size":"auto","background-attachment":"scroll","background-type":"","background-media":"","overlay-type":"","overlay-color":"","overlay-gradient":""},"mobile":{"background-color":"var(--ast-global-color-5)","background-image":"","background-repeat":"repeat","background-position":"center center","background-size":"auto","background-attachment":"scroll","background-type":"","background-media":"","overlay-type":"","overlay-color":"","overlay-gradient":""}}},"product_cat":[82,53],"product_tag":[],"yoast_head":"<!-- This site is optimized with the Yoast SEO plugin v21.6 - https:\/\/yoast.com\/wordpress\/plugins\/seo\/ -->\n<title>Wakacje z Histori\u0105 - Odra Niemen Sklep Charytatywny<\/title>\n<meta name=\"description\" content=\"Zakup karty podarunkowej &quot;Wakacje z Histori\u0105&quot; pozwoli nam na wzbogacenie programu kolonii dla dzieci z Kres\u00f3w lub umo\u017cliwi zwi\u0119kszenie liczby uczestnik\u00f3w.\" \/>\n<meta name=\"robots\" content=\"index, follow, max-snippet:-1, max-image-preview:large, max-video-preview:-1\" \/>\n<link rel=\"canonical\" href=\"https:\/\/odraniemen.org\/sklep\/produkt\/wakacje-z-historia\/\" \/>\n<meta property=\"og:locale\" content=\"pl_PL\" \/>\n<meta property=\"og:type\" content=\"article\" \/>\n<meta property=\"og:title\" content=\"Wakacje z Histori\u0105 - Odra Niemen Sklep Charytatywny\" \/>\n<meta property=\"og:description\" content=\"Zakup karty podarunkowej &quot;Wakacje z Histori\u0105&quot; pozwoli nam na wzbogacenie programu kolonii dla dzieci z Kres\u00f3w lub umo\u017cliwi zwi\u0119kszenie liczby uczestnik\u00f3w.\" \/>\n<meta property=\"og:url\" content=\"https:\/\/odraniemen.org\/sklep\/produkt\/wakacje-z-historia\/\" \/>\n<meta property=\"og:site_name\" content=\"Odra Niemen Sklep Charytatywny\" \/>\n<meta property=\"article:modified_time\" content=\"2023-05-09T10:11:36+00:00\" \/>\n<meta property=\"og:image\" content=\"https:\/\/odraniemen.org\/sklep\/wp-content\/uploads\/sites\/8\/2023\/05\/Wakacje-z-Historia.jpg\" \/>\n\t<meta property=\"og:image:width\" content=\"750\" \/>\n\t<meta property=\"og:image:height\" content=\"1000\" \/>\n\t<meta property=\"og:image:type\" content=\"image\/jpeg\" \/>\n<meta name=\"twitter:card\" content=\"summary_large_image\" \/>\n<meta name=\"twitter:label1\" content=\"Szacowany czas czytania\" \/>\n\t<meta name=\"twitter:data1\" content=\"1 minuta\" \/>\n<script type=\"application\/ld+json\" class=\"yoast-schema-graph\">{\"@context\":\"https:\/\/schema.org\",\"@graph\":[{\"@type\":\"WebPage\",\"@id\":\"https:\/\/odraniemen.org\/sklep\/produkt\/wakacje-z-historia\/\",\"url\":\"https:\/\/odraniemen.org\/sklep\/produkt\/wakacje-z-historia\/\",\"name\":\"Wakacje z Histori\u0105 - Odra Niemen Sklep Charytatywny\",\"isPartOf\":{\"@id\":\"https:\/\/odraniemen.org\/sklep\/#website\"},\"datePublished\":\"2023-05-08T14:40:17+00:00\",\"dateModified\":\"2023-05-09T10:11:36+00:00\",\"description\":\"Zakup karty podarunkowej \\\"Wakacje z Histori\u0105\\\" pozwoli nam na wzbogacenie programu kolonii dla dzieci z Kres\u00f3w lub umo\u017cliwi zwi\u0119kszenie liczby uczestnik\u00f3w.\",\"breadcrumb\":{\"@id\":\"https:\/\/odraniemen.org\/sklep\/produkt\/wakacje-z-historia\/#breadcrumb\"},\"inLanguage\":\"pl-PL\",\"potentialAction\":[{\"@type\":\"ReadAction\",\"target\":[\"https:\/\/odraniemen.org\/sklep\/produkt\/wakacje-z-historia\/\"]}]},{\"@type\":\"BreadcrumbList\",\"@id\":\"https:\/\/odraniemen.org\/sklep\/produkt\/wakacje-z-historia\/#breadcrumb\",\"itemListElement\":[{\"@type\":\"ListItem\",\"position\":1,\"name\":\"Strona g\u0142\u00f3wna\",\"item\":\"https:\/\/odraniemen.org\/sklep\/\"},{\"@type\":\"ListItem\",\"position\":2,\"name\":\"Sklep\",\"item\":\"https:\/\/odraniemen.org\/sklep\/sklep\/\"},{\"@type\":\"ListItem\",\"position\":3,\"name\":\"Wakacje z Histori\u0105\"}]},{\"@type\":\"WebSite\",\"@id\":\"https:\/\/odraniemen.org\/sklep\/#website\",\"url\":\"https:\/\/odraniemen.org\/sklep\/\",\"name\":\"Odra Niemen Sklep Charytatywny\",\"description\":\"Sklep charytatywny Stowarzyszenia Odra-Niemen\",\"publisher\":{\"@id\":\"https:\/\/odraniemen.org\/sklep\/#organization\"},\"potentialAction\":[{\"@type\":\"SearchAction\",\"target\":{\"@type\":\"EntryPoint\",\"urlTemplate\":\"https:\/\/odraniemen.org\/sklep\/?s={search_term_string}\"},\"query-input\":\"required name=search_term_string\"}],\"inLanguage\":\"pl-PL\"},{\"@type\":\"Organization\",\"@id\":\"https:\/\/odraniemen.org\/sklep\/#organization\",\"name\":\"Odra Niemen Sklep Charytatywny\",\"url\":\"https:\/\/odraniemen.org\/sklep\/\",\"logo\":{\"@type\":\"ImageObject\",\"inLanguage\":\"pl-PL\",\"@id\":\"https:\/\/odraniemen.org\/sklep\/#\/schema\/logo\/image\/\",\"url\":\"https:\/\/odraniemen.org\/sklep\/wp-content\/uploads\/sites\/8\/2022\/05\/cropped-logo-menu1.png\",\"contentUrl\":\"https:\/\/odraniemen.org\/sklep\/wp-content\/uploads\/sites\/8\/2022\/05\/cropped-logo-menu1.png\",\"width\":324,\"height\":250,\"caption\":\"Odra Niemen Sklep Charytatywny\"},\"image\":{\"@id\":\"https:\/\/odraniemen.org\/sklep\/#\/schema\/logo\/image\/\"}}]}<\/script>\n<!-- \/ Yoast SEO plugin. -->","yoast_head_json":{"title":"Wakacje z Histori\u0105 - Odra Niemen Sklep Charytatywny","description":"Zakup karty podarunkowej \"Wakacje z Histori\u0105\" pozwoli nam na wzbogacenie programu kolonii dla dzieci z Kres\u00f3w lub umo\u017cliwi zwi\u0119kszenie liczby uczestnik\u00f3w.","robots":{"index":"index","follow":"follow","max-snippet":"max-snippet:-1","max-image-preview":"max-image-preview:large","max-video-preview":"max-video-preview:-1"},"canonical":"https:\/\/odraniemen.org\/sklep\/produkt\/wakacje-z-historia\/","og_locale":"pl_PL","og_type":"article","og_title":"Wakacje z Histori\u0105 - Odra Niemen Sklep Charytatywny","og_description":"Zakup karty podarunkowej \"Wakacje z Histori\u0105\" pozwoli nam na wzbogacenie programu kolonii dla dzieci z Kres\u00f3w lub umo\u017cliwi zwi\u0119kszenie liczby uczestnik\u00f3w.","og_url":"https:\/\/odraniemen.org\/sklep\/produkt\/wakacje-z-historia\/","og_site_name":"Odra Niemen Sklep Charytatywny","article_modified_time":"2023-05-09T10:11:36+00:00","og_image":[{"width":750,"height":1000,"url":"https:\/\/odraniemen.org\/sklep\/wp-content\/uploads\/sites\/8\/2023\/05\/Wakacje-z-Historia.jpg","type":"image\/jpeg"}],"twitter_card":"summary_large_image","twitter_misc":{"Szacowany czas czytania":"1 minuta"},"schema":{"@context":"https:\/\/schema.org","@graph":[{"@type":"WebPage","@id":"https:\/\/odraniemen.org\/sklep\/produkt\/wakacje-z-historia\/","url":"https:\/\/odraniemen.org\/sklep\/produkt\/wakacje-z-historia\/","name":"Wakacje z Histori\u0105 - Odra Niemen Sklep Charytatywny","isPartOf":{"@id":"https:\/\/odraniemen.org\/sklep\/#website"},"datePublished":"2023-05-08T14:40:17+00:00","dateModified":"2023-05-09T10:11:36+00:00","description":"Zakup karty podarunkowej \"Wakacje z Histori\u0105\" pozwoli nam na wzbogacenie programu kolonii dla dzieci z Kres\u00f3w lub umo\u017cliwi zwi\u0119kszenie liczby uczestnik\u00f3w.","breadcrumb":{"@id":"https:\/\/odraniemen.org\/sklep\/produkt\/wakacje-z-historia\/#breadcrumb"},"inLanguage":"pl-PL","potentialAction":[{"@type":"ReadAction","target":["https:\/\/odraniemen.org\/sklep\/produkt\/wakacje-z-historia\/"]}]},{"@type":"BreadcrumbList","@id":"https:\/\/odraniemen.org\/sklep\/produkt\/wakacje-z-historia\/#breadcrumb","itemListElement":[{"@type":"ListItem","position":1,"name":"Strona g\u0142\u00f3wna","item":"https:\/\/odraniemen.org\/sklep\/"},{"@type":"ListItem","position":2,"name":"Sklep","item":"https:\/\/odraniemen.org\/sklep\/sklep\/"},{"@type":"ListItem","position":3,"name":"Wakacje z Histori\u0105"}]},{"@type":"WebSite","@id":"https:\/\/odraniemen.org\/sklep\/#website","url":"https:\/\/odraniemen.org\/sklep\/","name":"Odra Niemen Sklep Charytatywny","description":"Sklep charytatywny Stowarzyszenia Odra-Niemen","publisher":{"@id":"https:\/\/odraniemen.org\/sklep\/#organization"},"potentialAction":[{"@type":"SearchAction","target":{"@type":"EntryPoint","urlTemplate":"https:\/\/odraniemen.org\/sklep\/?s={search_term_string}"},"query-input":"required name=search_term_string"}],"inLanguage":"pl-PL"},{"@type":"Organization","@id":"https:\/\/odraniemen.org\/sklep\/#organization","name":"Odra Niemen Sklep Charytatywny","url":"https:\/\/odraniemen.org\/sklep\/","logo":{"@type":"ImageObject","inLanguage":"pl-PL","@id":"https:\/\/odraniemen.org\/sklep\/#\/schema\/logo\/image\/","url":"https:\/\/odraniemen.org\/sklep\/wp-content\/uploads\/sites\/8\/2022\/05\/cropped-logo-menu1.png","contentUrl":"https:\/\/odraniemen.org\/sklep\/wp-content\/uploads\/sites\/8\/2022\/05\/cropped-logo-menu1.png","width":324,"height":250,"caption":"Odra Niemen Sklep Charytatywny"},"image":{"@id":"https:\/\/odraniemen.org\/sklep\/#\/schema\/logo\/image\/"}}]}},"_links":{"self":[{"href":"https:\/\/odraniemen.org\/sklep\/wp-json\/wp\/v2\/product\/6040"}],"collection":[{"href":"https:\/\/odraniemen.org\/sklep\/wp-json\/wp\/v2\/product"}],"about":[{"href":"https:\/\/odraniemen.org\/sklep\/wp-json\/wp\/v2\/types\/product"}],"replies":[{"embeddable":true,"href":"https:\/\/odraniemen.org\/sklep\/wp-json\/wp\/v2\/comments?post=6040"}],"wp:featuredmedia":[{"embeddable":true,"href":"https:\/\/odraniemen.org\/sklep\/wp-json\/wp\/v2\/media\/6053"}],"wp:attachment":[{"href":"https:\/\/odraniemen.org\/sklep\/wp-json\/wp\/v2\/media?parent=6040"}],"wp:term":[{"taxonomy":"product_cat","embeddable":true,"href":"https:\/\/odraniemen.org\/sklep\/wp-json\/wp\/v2\/product_cat?post=6040"},{"taxonomy":"product_tag","embeddable":true,"href":"https:\/\/odraniemen.org\/sklep\/wp-json\/wp\/v2\/product_tag?post=6040"}],"curies":[{"name":"wp","href":"https:\/\/api.w.org\/{rel}","templated":true}]}}