
{"id":609,"date":"2021-01-25T13:14:26","date_gmt":"2021-01-25T12:14:26","guid":{"rendered":"https:\/\/odraniemen.org\/sklep\/?post_type=product&#038;p=609"},"modified":"2026-03-05T22:29:39","modified_gmt":"2026-03-05T21:29:39","slug":"odcinek-j-szwed","status":"publish","type":"product","link":"https:\/\/odraniemen.org\/sklep\/produkt\/odcinek-j-szwed\/","title":{"rendered":"&#8220;Odcinek&#8221; J. Szwed"},"content":{"rendered":"<p>&nbsp;<\/p>\n<p style=\"line-height: 150%;\"><strong><em>Ksi\u0105\u017cka J\u00f3zefa Szweda pt. &#8220;Odcinek&#8221;. \u201eOdcinek\u201d to obszar ma\u0142ej ojczyzny, obejmuj\u0105cy wioski na Wo\u0142yniu, kt\u00f3re uleg\u0142y zag\u0142adzie podczas rzezi wo\u0142y\u0144skiej. Autobiografia J\u00f3zefa Szweda to subiektywny zapis dramatu jednostki na tle wydarze\u0144 dziejowych: rosyjskiego zaboru, I wojny \u015bwiatowej, wojny bolszewickiej, II wojny \u015bwiatowej i peerelowskiej rzeczywisto\u015bci. J\u00f3zef Szwed pi\u0119knym j\u0119zykiem opisuje ten miniony czas, w spos\u00f3b rzetelny i niezwykle obrazowy oddaj\u0105c jasne i ciemne strony codzienno\u015bci, w jakiej przysz\u0142o mu \u017cy\u0107. Ksi\u0105\u017ck\u0119 wydano w ma\u0142ym nak\u0142adzie, m.in. dzi\u0119ki wsparciu naszego Stowarzyszenia.<\/em><\/strong><\/p>\n","protected":false},"excerpt":{"rendered":"<p>&nbsp;<\/p>\n<p style=\"line-height: 150%;\"><strong><br \/>\nAutor: J\u00f3zef Szwed<\/strong><\/p>\n<p>&nbsp;<\/p>\n<p>Typ ok\u0142adki: twarda<\/p>\n<p>&nbsp;<\/p>\n<p>Wydawca: Towarzystwo Przyjaci\u00f3\u0142 Krzemie\u0144ca i Ziemi Wo\u0142y\u0144sko- Podolskiej w Lublinie i Stowarzyszenie ODRA- NIEMEN we Wroc\u0142awiu<\/p>\n<p>&nbsp;<\/p>\n<p>Wymiary: 175x 240<\/p>\n<p>&nbsp;<\/p>\n<p>Liczba stron: 384<\/p>\n<p>&nbsp;<\/p>\n<p>Data wydania: 2020<\/p>\n<p>&nbsp;<\/p>\n<p>&nbsp;<\/p>\n<p>&nbsp;<\/p>\n","protected":false},"featured_media":4699,"comment_status":"open","ping_status":"closed","template":"","meta":{"site-sidebar-layout":"default","site-content-layout":"default","ast-site-content-layout":"default","site-content-style":"default","site-sidebar-style":"default","ast-global-header-display":"","ast-banner-title-visibility":"","ast-main-header-display":"","ast-hfb-above-header-display":"","ast-hfb-below-header-display":"","ast-hfb-mobile-header-display":"","site-post-title":"","ast-breadcrumbs-content":"","ast-featured-img":"","footer-sml-layout":"","theme-transparent-header-meta":"default","adv-header-id-meta":"","stick-header-meta":"","header-above-stick-meta":"","header-main-stick-meta":"","header-below-stick-meta":"","astra-migrate-meta-layouts":"set","ast-page-background-enabled":"default","ast-page-background-meta":{"desktop":{"background-color":"","background-image":"","background-repeat":"repeat","background-position":"center center","background-size":"auto","background-attachment":"scroll","background-type":"","background-media":"","overlay-type":"","overlay-color":"","overlay-gradient":""},"tablet":{"background-color":"","background-image":"","background-repeat":"repeat","background-position":"center center","background-size":"auto","background-attachment":"scroll","background-type":"","background-media":"","overlay-type":"","overlay-color":"","overlay-gradient":""},"mobile":{"background-color":"","background-image":"","background-repeat":"repeat","background-position":"center center","background-size":"auto","background-attachment":"scroll","background-type":"","background-media":"","overlay-type":"","overlay-color":"","overlay-gradient":""}},"ast-content-background-meta":{"desktop":{"background-color":"var(--ast-global-color-5)","background-image":"","background-repeat":"repeat","background-position":"center center","background-size":"auto","background-attachment":"scroll","background-type":"","background-media":"","overlay-type":"","overlay-color":"","overlay-gradient":""},"tablet":{"background-color":"var(--ast-global-color-5)","background-image":"","background-repeat":"repeat","background-position":"center center","background-size":"auto","background-attachment":"scroll","background-type":"","background-media":"","overlay-type":"","overlay-color":"","overlay-gradient":""},"mobile":{"background-color":"var(--ast-global-color-5)","background-image":"","background-repeat":"repeat","background-position":"center center","background-size":"auto","background-attachment":"scroll","background-type":"","background-media":"","overlay-type":"","overlay-color":"","overlay-gradient":""}}},"product_cat":[53,23],"product_tag":[],"yoast_head":"<!-- This site is optimized with the Yoast SEO plugin v21.6 - https:\/\/yoast.com\/wordpress\/plugins\/seo\/ -->\n<title>&quot;Odcinek&quot; J. Szwed - Odra Niemen Sklep Charytatywny<\/title>\n<meta name=\"description\" content=\"Ksi\u0105\u017cka J\u00f3zefa Szweda. \u201eOdcinek\u201d to obszar ma\u0142ej ojczyzny, obejmuj\u0105cy wioski na Wo\u0142yniu, kt\u00f3re uleg\u0142y zag\u0142adzie podczas rzezi wo\u0142y\u0144skiej.\" \/>\n<meta name=\"robots\" content=\"index, follow, max-snippet:-1, max-image-preview:large, max-video-preview:-1\" \/>\n<link rel=\"canonical\" href=\"https:\/\/odraniemen.org\/sklep\/produkt\/odcinek-j-szwed\/\" \/>\n<meta property=\"og:locale\" content=\"pl_PL\" \/>\n<meta property=\"og:type\" content=\"article\" \/>\n<meta property=\"og:title\" content=\"&quot;Odcinek&quot; J. Szwed - Odra Niemen Sklep Charytatywny\" \/>\n<meta property=\"og:description\" content=\"Ksi\u0105\u017cka J\u00f3zefa Szweda. \u201eOdcinek\u201d to obszar ma\u0142ej ojczyzny, obejmuj\u0105cy wioski na Wo\u0142yniu, kt\u00f3re uleg\u0142y zag\u0142adzie podczas rzezi wo\u0142y\u0144skiej.\" \/>\n<meta property=\"og:url\" content=\"https:\/\/odraniemen.org\/sklep\/produkt\/odcinek-j-szwed\/\" \/>\n<meta property=\"og:site_name\" content=\"Odra Niemen Sklep Charytatywny\" \/>\n<meta property=\"article:modified_time\" content=\"2026-03-05T21:29:39+00:00\" \/>\n<meta property=\"og:image\" content=\"https:\/\/odraniemen.org\/sklep\/wp-content\/uploads\/sites\/8\/2022\/04\/Odcinek.jpg\" \/>\n\t<meta property=\"og:image:width\" content=\"750\" \/>\n\t<meta property=\"og:image:height\" content=\"1000\" \/>\n\t<meta property=\"og:image:type\" content=\"image\/jpeg\" \/>\n<meta name=\"twitter:card\" content=\"summary_large_image\" \/>\n<meta name=\"twitter:label1\" content=\"Szacowany czas czytania\" \/>\n\t<meta name=\"twitter:data1\" content=\"1 minuta\" \/>\n<script type=\"application\/ld+json\" class=\"yoast-schema-graph\">{\"@context\":\"https:\/\/schema.org\",\"@graph\":[{\"@type\":\"WebPage\",\"@id\":\"https:\/\/odraniemen.org\/sklep\/produkt\/odcinek-j-szwed\/\",\"url\":\"https:\/\/odraniemen.org\/sklep\/produkt\/odcinek-j-szwed\/\",\"name\":\"\\\"Odcinek\\\" J. Szwed - Odra Niemen Sklep Charytatywny\",\"isPartOf\":{\"@id\":\"https:\/\/odraniemen.org\/sklep\/#website\"},\"datePublished\":\"2021-01-25T12:14:26+00:00\",\"dateModified\":\"2026-03-05T21:29:39+00:00\",\"description\":\"Ksi\u0105\u017cka J\u00f3zefa Szweda. \u201eOdcinek\u201d to obszar ma\u0142ej ojczyzny, obejmuj\u0105cy wioski na Wo\u0142yniu, kt\u00f3re uleg\u0142y zag\u0142adzie podczas rzezi wo\u0142y\u0144skiej.\",\"breadcrumb\":{\"@id\":\"https:\/\/odraniemen.org\/sklep\/produkt\/odcinek-j-szwed\/#breadcrumb\"},\"inLanguage\":\"pl-PL\",\"potentialAction\":[{\"@type\":\"ReadAction\",\"target\":[\"https:\/\/odraniemen.org\/sklep\/produkt\/odcinek-j-szwed\/\"]}]},{\"@type\":\"BreadcrumbList\",\"@id\":\"https:\/\/odraniemen.org\/sklep\/produkt\/odcinek-j-szwed\/#breadcrumb\",\"itemListElement\":[{\"@type\":\"ListItem\",\"position\":1,\"name\":\"Strona g\u0142\u00f3wna\",\"item\":\"https:\/\/odraniemen.org\/sklep\/\"},{\"@type\":\"ListItem\",\"position\":2,\"name\":\"Sklep\",\"item\":\"https:\/\/odraniemen.org\/sklep\/sklep\/\"},{\"@type\":\"ListItem\",\"position\":3,\"name\":\"&#8220;Odcinek&#8221; J. Szwed\"}]},{\"@type\":\"WebSite\",\"@id\":\"https:\/\/odraniemen.org\/sklep\/#website\",\"url\":\"https:\/\/odraniemen.org\/sklep\/\",\"name\":\"Odra Niemen Sklep Charytatywny\",\"description\":\"Sklep charytatywny Stowarzyszenia Odra-Niemen\",\"publisher\":{\"@id\":\"https:\/\/odraniemen.org\/sklep\/#organization\"},\"potentialAction\":[{\"@type\":\"SearchAction\",\"target\":{\"@type\":\"EntryPoint\",\"urlTemplate\":\"https:\/\/odraniemen.org\/sklep\/?s={search_term_string}\"},\"query-input\":\"required name=search_term_string\"}],\"inLanguage\":\"pl-PL\"},{\"@type\":\"Organization\",\"@id\":\"https:\/\/odraniemen.org\/sklep\/#organization\",\"name\":\"Odra Niemen Sklep Charytatywny\",\"url\":\"https:\/\/odraniemen.org\/sklep\/\",\"logo\":{\"@type\":\"ImageObject\",\"inLanguage\":\"pl-PL\",\"@id\":\"https:\/\/odraniemen.org\/sklep\/#\/schema\/logo\/image\/\",\"url\":\"https:\/\/odraniemen.org\/sklep\/wp-content\/uploads\/sites\/8\/2022\/05\/cropped-logo-menu1.png\",\"contentUrl\":\"https:\/\/odraniemen.org\/sklep\/wp-content\/uploads\/sites\/8\/2022\/05\/cropped-logo-menu1.png\",\"width\":324,\"height\":250,\"caption\":\"Odra Niemen Sklep Charytatywny\"},\"image\":{\"@id\":\"https:\/\/odraniemen.org\/sklep\/#\/schema\/logo\/image\/\"}}]}<\/script>\n<!-- \/ Yoast SEO plugin. -->","yoast_head_json":{"title":"\"Odcinek\" J. Szwed - Odra Niemen Sklep Charytatywny","description":"Ksi\u0105\u017cka J\u00f3zefa Szweda. \u201eOdcinek\u201d to obszar ma\u0142ej ojczyzny, obejmuj\u0105cy wioski na Wo\u0142yniu, kt\u00f3re uleg\u0142y zag\u0142adzie podczas rzezi wo\u0142y\u0144skiej.","robots":{"index":"index","follow":"follow","max-snippet":"max-snippet:-1","max-image-preview":"max-image-preview:large","max-video-preview":"max-video-preview:-1"},"canonical":"https:\/\/odraniemen.org\/sklep\/produkt\/odcinek-j-szwed\/","og_locale":"pl_PL","og_type":"article","og_title":"\"Odcinek\" J. Szwed - Odra Niemen Sklep Charytatywny","og_description":"Ksi\u0105\u017cka J\u00f3zefa Szweda. \u201eOdcinek\u201d to obszar ma\u0142ej ojczyzny, obejmuj\u0105cy wioski na Wo\u0142yniu, kt\u00f3re uleg\u0142y zag\u0142adzie podczas rzezi wo\u0142y\u0144skiej.","og_url":"https:\/\/odraniemen.org\/sklep\/produkt\/odcinek-j-szwed\/","og_site_name":"Odra Niemen Sklep Charytatywny","article_modified_time":"2026-03-05T21:29:39+00:00","og_image":[{"width":750,"height":1000,"url":"https:\/\/odraniemen.org\/sklep\/wp-content\/uploads\/sites\/8\/2022\/04\/Odcinek.jpg","type":"image\/jpeg"}],"twitter_card":"summary_large_image","twitter_misc":{"Szacowany czas czytania":"1 minuta"},"schema":{"@context":"https:\/\/schema.org","@graph":[{"@type":"WebPage","@id":"https:\/\/odraniemen.org\/sklep\/produkt\/odcinek-j-szwed\/","url":"https:\/\/odraniemen.org\/sklep\/produkt\/odcinek-j-szwed\/","name":"\"Odcinek\" J. Szwed - Odra Niemen Sklep Charytatywny","isPartOf":{"@id":"https:\/\/odraniemen.org\/sklep\/#website"},"datePublished":"2021-01-25T12:14:26+00:00","dateModified":"2026-03-05T21:29:39+00:00","description":"Ksi\u0105\u017cka J\u00f3zefa Szweda. \u201eOdcinek\u201d to obszar ma\u0142ej ojczyzny, obejmuj\u0105cy wioski na Wo\u0142yniu, kt\u00f3re uleg\u0142y zag\u0142adzie podczas rzezi wo\u0142y\u0144skiej.","breadcrumb":{"@id":"https:\/\/odraniemen.org\/sklep\/produkt\/odcinek-j-szwed\/#breadcrumb"},"inLanguage":"pl-PL","potentialAction":[{"@type":"ReadAction","target":["https:\/\/odraniemen.org\/sklep\/produkt\/odcinek-j-szwed\/"]}]},{"@type":"BreadcrumbList","@id":"https:\/\/odraniemen.org\/sklep\/produkt\/odcinek-j-szwed\/#breadcrumb","itemListElement":[{"@type":"ListItem","position":1,"name":"Strona g\u0142\u00f3wna","item":"https:\/\/odraniemen.org\/sklep\/"},{"@type":"ListItem","position":2,"name":"Sklep","item":"https:\/\/odraniemen.org\/sklep\/sklep\/"},{"@type":"ListItem","position":3,"name":"&#8220;Odcinek&#8221; J. Szwed"}]},{"@type":"WebSite","@id":"https:\/\/odraniemen.org\/sklep\/#website","url":"https:\/\/odraniemen.org\/sklep\/","name":"Odra Niemen Sklep Charytatywny","description":"Sklep charytatywny Stowarzyszenia Odra-Niemen","publisher":{"@id":"https:\/\/odraniemen.org\/sklep\/#organization"},"potentialAction":[{"@type":"SearchAction","target":{"@type":"EntryPoint","urlTemplate":"https:\/\/odraniemen.org\/sklep\/?s={search_term_string}"},"query-input":"required name=search_term_string"}],"inLanguage":"pl-PL"},{"@type":"Organization","@id":"https:\/\/odraniemen.org\/sklep\/#organization","name":"Odra Niemen Sklep Charytatywny","url":"https:\/\/odraniemen.org\/sklep\/","logo":{"@type":"ImageObject","inLanguage":"pl-PL","@id":"https:\/\/odraniemen.org\/sklep\/#\/schema\/logo\/image\/","url":"https:\/\/odraniemen.org\/sklep\/wp-content\/uploads\/sites\/8\/2022\/05\/cropped-logo-menu1.png","contentUrl":"https:\/\/odraniemen.org\/sklep\/wp-content\/uploads\/sites\/8\/2022\/05\/cropped-logo-menu1.png","width":324,"height":250,"caption":"Odra Niemen Sklep Charytatywny"},"image":{"@id":"https:\/\/odraniemen.org\/sklep\/#\/schema\/logo\/image\/"}}]}},"_links":{"self":[{"href":"https:\/\/odraniemen.org\/sklep\/wp-json\/wp\/v2\/product\/609"}],"collection":[{"href":"https:\/\/odraniemen.org\/sklep\/wp-json\/wp\/v2\/product"}],"about":[{"href":"https:\/\/odraniemen.org\/sklep\/wp-json\/wp\/v2\/types\/product"}],"replies":[{"embeddable":true,"href":"https:\/\/odraniemen.org\/sklep\/wp-json\/wp\/v2\/comments?post=609"}],"wp:featuredmedia":[{"embeddable":true,"href":"https:\/\/odraniemen.org\/sklep\/wp-json\/wp\/v2\/media\/4699"}],"wp:attachment":[{"href":"https:\/\/odraniemen.org\/sklep\/wp-json\/wp\/v2\/media?parent=609"}],"wp:term":[{"taxonomy":"product_cat","embeddable":true,"href":"https:\/\/odraniemen.org\/sklep\/wp-json\/wp\/v2\/product_cat?post=609"},{"taxonomy":"product_tag","embeddable":true,"href":"https:\/\/odraniemen.org\/sklep\/wp-json\/wp\/v2\/product_tag?post=609"}],"curies":[{"name":"wp","href":"https:\/\/api.w.org\/{rel}","templated":true}]}}