
{"id":6137,"date":"2023-10-26T14:25:04","date_gmt":"2023-10-26T12:25:04","guid":{"rendered":"https:\/\/odraniemen.org\/sklep\/?post_type=product&#038;p=6137"},"modified":"2025-03-22T22:15:25","modified_gmt":"2025-03-22T21:15:25","slug":"koszulka-rodacy-bohaterom-meska-czarna-ze-znaczkiem","status":"publish","type":"product","link":"https:\/\/odraniemen.org\/sklep\/produkt\/koszulka-rodacy-bohaterom-meska-czarna-ze-znaczkiem\/","title":{"rendered":"Koszulka RODACY- BOHATEROM m\u0119ska czarna ze znaczkiem"},"content":{"rendered":"<p>&nbsp;<\/p>\n<p style=\"line-height: 150%;\"><strong>Koszulka akcji Rodacy- Bohaterom, 100% bawe\u0142na. <\/strong><\/p>\n<p style=\"line-height: 150%;\"><strong>\u00a0 <img loading=\"lazy\" decoding=\"async\" class=\"alignnone wp-image-6172 \" src=\"https:\/\/odraniemen.org\/sklep\/wp-content\/uploads\/sites\/8\/2023\/10\/Rozmiarowka-SOLS-czarne-300x49.jpg\" alt=\"\" width=\"514\" height=\"84\" srcset=\"https:\/\/odraniemen.org\/sklep\/wp-content\/uploads\/sites\/8\/2023\/10\/Rozmiarowka-SOLS-czarne-300x49.jpg 300w, https:\/\/odraniemen.org\/sklep\/wp-content\/uploads\/sites\/8\/2023\/10\/Rozmiarowka-SOLS-czarne-1024x166.jpg 1024w, https:\/\/odraniemen.org\/sklep\/wp-content\/uploads\/sites\/8\/2023\/10\/Rozmiarowka-SOLS-czarne-768x125.jpg 768w, https:\/\/odraniemen.org\/sklep\/wp-content\/uploads\/sites\/8\/2023\/10\/Rozmiarowka-SOLS-czarne-1536x249.jpg 1536w, https:\/\/odraniemen.org\/sklep\/wp-content\/uploads\/sites\/8\/2023\/10\/Rozmiarowka-SOLS-czarne-2048x332.jpg 2048w, https:\/\/odraniemen.org\/sklep\/wp-content\/uploads\/sites\/8\/2023\/10\/Rozmiarowka-SOLS-czarne-750x122.jpg 750w\" sizes=\"(max-width: 514px) 100vw, 514px\" \/><\/strong><\/p>\n","protected":false},"excerpt":{"rendered":"<p><span style=\"font-size: medium;\">Koszulka m\u0119ska akcji RODACY-BOHATEROM wykonana z bawe\u0142ny w czarnym kolorze. Elegancj\u0119 podkre\u015bla delikatny znaczek z ekosk\u00f3rki . Na dole przodu koszulki -logo Stowarzyszenia Odra \u2013 Niemen ( z ekosk\u00f3rki) , z ty\u0142u- niewielki nadruk RODACY- BOHATEROM ( sitodruk).<\/span><\/p>\n<p>&nbsp;<\/p>\n<p>Materia\u0142: 100% Bawe\u0142na<\/p>\n<p>&nbsp;<\/p>\n<p>&nbsp;<\/p>\n<p>&nbsp;<\/p>\n","protected":false},"featured_media":6182,"comment_status":"open","ping_status":"closed","template":"","meta":{"site-sidebar-layout":"default","site-content-layout":"default","ast-site-content-layout":"","site-content-style":"default","site-sidebar-style":"default","ast-global-header-display":"","ast-banner-title-visibility":"","ast-main-header-display":"","ast-hfb-above-header-display":"","ast-hfb-below-header-display":"","ast-hfb-mobile-header-display":"","site-post-title":"","ast-breadcrumbs-content":"","ast-featured-img":"","footer-sml-layout":"","theme-transparent-header-meta":"default","adv-header-id-meta":"","stick-header-meta":"","header-above-stick-meta":"","header-main-stick-meta":"","header-below-stick-meta":"","astra-migrate-meta-layouts":"","ast-page-background-enabled":"default","ast-page-background-meta":{"desktop":{"background-color":"","background-image":"","background-repeat":"repeat","background-position":"center center","background-size":"auto","background-attachment":"scroll","background-type":"","background-media":"","overlay-type":"","overlay-color":"","overlay-gradient":""},"tablet":{"background-color":"","background-image":"","background-repeat":"repeat","background-position":"center center","background-size":"auto","background-attachment":"scroll","background-type":"","background-media":"","overlay-type":"","overlay-color":"","overlay-gradient":""},"mobile":{"background-color":"","background-image":"","background-repeat":"repeat","background-position":"center center","background-size":"auto","background-attachment":"scroll","background-type":"","background-media":"","overlay-type":"","overlay-color":"","overlay-gradient":""}},"ast-content-background-meta":{"desktop":{"background-color":"var(--ast-global-color-5)","background-image":"","background-repeat":"repeat","background-position":"center center","background-size":"auto","background-attachment":"scroll","background-type":"","background-media":"","overlay-type":"","overlay-color":"","overlay-gradient":""},"tablet":{"background-color":"var(--ast-global-color-5)","background-image":"","background-repeat":"repeat","background-position":"center center","background-size":"auto","background-attachment":"scroll","background-type":"","background-media":"","overlay-type":"","overlay-color":"","overlay-gradient":""},"mobile":{"background-color":"var(--ast-global-color-5)","background-image":"","background-repeat":"repeat","background-position":"center center","background-size":"auto","background-attachment":"scroll","background-type":"","background-media":"","overlay-type":"","overlay-color":"","overlay-gradient":""}}},"product_cat":[53,16],"product_tag":[],"yoast_head":"<!-- This site is optimized with the Yoast SEO plugin v21.6 - https:\/\/yoast.com\/wordpress\/plugins\/seo\/ -->\n<title>Koszulka RODACY- BOHATEROM m\u0119ska czarna ze znaczkiem - Odra Niemen Sklep Charytatywny<\/title>\n<meta name=\"description\" content=\"Koszulka m\u0119ska akcji RODACY-BOHATEROM wykonana z bawe\u0142ny w czarnym kolorze. Elegancj\u0119 podkre\u015bla delikatny znaczek z ekosk\u00f3rki.\" \/>\n<meta name=\"robots\" content=\"index, follow, max-snippet:-1, max-image-preview:large, max-video-preview:-1\" \/>\n<link rel=\"canonical\" href=\"https:\/\/odraniemen.org\/sklep\/produkt\/koszulka-rodacy-bohaterom-meska-czarna-ze-znaczkiem\/\" \/>\n<meta property=\"og:locale\" content=\"pl_PL\" \/>\n<meta property=\"og:type\" content=\"article\" \/>\n<meta property=\"og:title\" content=\"Koszulka RODACY- BOHATEROM m\u0119ska czarna ze znaczkiem - Odra Niemen Sklep Charytatywny\" \/>\n<meta property=\"og:description\" content=\"Koszulka m\u0119ska akcji RODACY-BOHATEROM wykonana z bawe\u0142ny w czarnym kolorze. Elegancj\u0119 podkre\u015bla delikatny znaczek z ekosk\u00f3rki.\" \/>\n<meta property=\"og:url\" content=\"https:\/\/odraniemen.org\/sklep\/produkt\/koszulka-rodacy-bohaterom-meska-czarna-ze-znaczkiem\/\" \/>\n<meta property=\"og:site_name\" content=\"Odra Niemen Sklep Charytatywny\" \/>\n<meta property=\"article:modified_time\" content=\"2025-03-22T21:15:25+00:00\" \/>\n<meta property=\"og:image\" content=\"https:\/\/odraniemen.org\/sklep\/wp-content\/uploads\/sites\/8\/2023\/10\/Koszulki-rodacy-Bohaterom-10.jpg\" \/>\n\t<meta property=\"og:image:width\" content=\"800\" \/>\n\t<meta property=\"og:image:height\" content=\"1000\" \/>\n\t<meta property=\"og:image:type\" content=\"image\/jpeg\" \/>\n<meta name=\"twitter:card\" content=\"summary_large_image\" \/>\n<meta name=\"twitter:label1\" content=\"Szacowany czas czytania\" \/>\n\t<meta name=\"twitter:data1\" content=\"1 minuta\" \/>\n<script type=\"application\/ld+json\" class=\"yoast-schema-graph\">{\"@context\":\"https:\/\/schema.org\",\"@graph\":[{\"@type\":\"WebPage\",\"@id\":\"https:\/\/odraniemen.org\/sklep\/produkt\/koszulka-rodacy-bohaterom-meska-czarna-ze-znaczkiem\/\",\"url\":\"https:\/\/odraniemen.org\/sklep\/produkt\/koszulka-rodacy-bohaterom-meska-czarna-ze-znaczkiem\/\",\"name\":\"Koszulka RODACY- BOHATEROM m\u0119ska czarna ze znaczkiem - Odra Niemen Sklep Charytatywny\",\"isPartOf\":{\"@id\":\"https:\/\/odraniemen.org\/sklep\/#website\"},\"datePublished\":\"2023-10-26T12:25:04+00:00\",\"dateModified\":\"2025-03-22T21:15:25+00:00\",\"description\":\"Koszulka m\u0119ska akcji RODACY-BOHATEROM wykonana z bawe\u0142ny w czarnym kolorze. Elegancj\u0119 podkre\u015bla delikatny znaczek z ekosk\u00f3rki.\",\"breadcrumb\":{\"@id\":\"https:\/\/odraniemen.org\/sklep\/produkt\/koszulka-rodacy-bohaterom-meska-czarna-ze-znaczkiem\/#breadcrumb\"},\"inLanguage\":\"pl-PL\",\"potentialAction\":[{\"@type\":\"ReadAction\",\"target\":[\"https:\/\/odraniemen.org\/sklep\/produkt\/koszulka-rodacy-bohaterom-meska-czarna-ze-znaczkiem\/\"]}]},{\"@type\":\"BreadcrumbList\",\"@id\":\"https:\/\/odraniemen.org\/sklep\/produkt\/koszulka-rodacy-bohaterom-meska-czarna-ze-znaczkiem\/#breadcrumb\",\"itemListElement\":[{\"@type\":\"ListItem\",\"position\":1,\"name\":\"Strona g\u0142\u00f3wna\",\"item\":\"https:\/\/odraniemen.org\/sklep\/\"},{\"@type\":\"ListItem\",\"position\":2,\"name\":\"Sklep\",\"item\":\"https:\/\/odraniemen.org\/sklep\/sklep\/\"},{\"@type\":\"ListItem\",\"position\":3,\"name\":\"Koszulka RODACY- BOHATEROM m\u0119ska czarna ze znaczkiem\"}]},{\"@type\":\"WebSite\",\"@id\":\"https:\/\/odraniemen.org\/sklep\/#website\",\"url\":\"https:\/\/odraniemen.org\/sklep\/\",\"name\":\"Odra Niemen Sklep Charytatywny\",\"description\":\"Sklep charytatywny Stowarzyszenia Odra-Niemen\",\"publisher\":{\"@id\":\"https:\/\/odraniemen.org\/sklep\/#organization\"},\"potentialAction\":[{\"@type\":\"SearchAction\",\"target\":{\"@type\":\"EntryPoint\",\"urlTemplate\":\"https:\/\/odraniemen.org\/sklep\/?s={search_term_string}\"},\"query-input\":\"required name=search_term_string\"}],\"inLanguage\":\"pl-PL\"},{\"@type\":\"Organization\",\"@id\":\"https:\/\/odraniemen.org\/sklep\/#organization\",\"name\":\"Odra Niemen Sklep Charytatywny\",\"url\":\"https:\/\/odraniemen.org\/sklep\/\",\"logo\":{\"@type\":\"ImageObject\",\"inLanguage\":\"pl-PL\",\"@id\":\"https:\/\/odraniemen.org\/sklep\/#\/schema\/logo\/image\/\",\"url\":\"https:\/\/odraniemen.org\/sklep\/wp-content\/uploads\/sites\/8\/2022\/05\/cropped-logo-menu1.png\",\"contentUrl\":\"https:\/\/odraniemen.org\/sklep\/wp-content\/uploads\/sites\/8\/2022\/05\/cropped-logo-menu1.png\",\"width\":324,\"height\":250,\"caption\":\"Odra Niemen Sklep Charytatywny\"},\"image\":{\"@id\":\"https:\/\/odraniemen.org\/sklep\/#\/schema\/logo\/image\/\"}}]}<\/script>\n<!-- \/ Yoast SEO plugin. -->","yoast_head_json":{"title":"Koszulka RODACY- BOHATEROM m\u0119ska czarna ze znaczkiem - Odra Niemen Sklep Charytatywny","description":"Koszulka m\u0119ska akcji RODACY-BOHATEROM wykonana z bawe\u0142ny w czarnym kolorze. Elegancj\u0119 podkre\u015bla delikatny znaczek z ekosk\u00f3rki.","robots":{"index":"index","follow":"follow","max-snippet":"max-snippet:-1","max-image-preview":"max-image-preview:large","max-video-preview":"max-video-preview:-1"},"canonical":"https:\/\/odraniemen.org\/sklep\/produkt\/koszulka-rodacy-bohaterom-meska-czarna-ze-znaczkiem\/","og_locale":"pl_PL","og_type":"article","og_title":"Koszulka RODACY- BOHATEROM m\u0119ska czarna ze znaczkiem - Odra Niemen Sklep Charytatywny","og_description":"Koszulka m\u0119ska akcji RODACY-BOHATEROM wykonana z bawe\u0142ny w czarnym kolorze. Elegancj\u0119 podkre\u015bla delikatny znaczek z ekosk\u00f3rki.","og_url":"https:\/\/odraniemen.org\/sklep\/produkt\/koszulka-rodacy-bohaterom-meska-czarna-ze-znaczkiem\/","og_site_name":"Odra Niemen Sklep Charytatywny","article_modified_time":"2025-03-22T21:15:25+00:00","og_image":[{"width":800,"height":1000,"url":"https:\/\/odraniemen.org\/sklep\/wp-content\/uploads\/sites\/8\/2023\/10\/Koszulki-rodacy-Bohaterom-10.jpg","type":"image\/jpeg"}],"twitter_card":"summary_large_image","twitter_misc":{"Szacowany czas czytania":"1 minuta"},"schema":{"@context":"https:\/\/schema.org","@graph":[{"@type":"WebPage","@id":"https:\/\/odraniemen.org\/sklep\/produkt\/koszulka-rodacy-bohaterom-meska-czarna-ze-znaczkiem\/","url":"https:\/\/odraniemen.org\/sklep\/produkt\/koszulka-rodacy-bohaterom-meska-czarna-ze-znaczkiem\/","name":"Koszulka RODACY- BOHATEROM m\u0119ska czarna ze znaczkiem - Odra Niemen Sklep Charytatywny","isPartOf":{"@id":"https:\/\/odraniemen.org\/sklep\/#website"},"datePublished":"2023-10-26T12:25:04+00:00","dateModified":"2025-03-22T21:15:25+00:00","description":"Koszulka m\u0119ska akcji RODACY-BOHATEROM wykonana z bawe\u0142ny w czarnym kolorze. Elegancj\u0119 podkre\u015bla delikatny znaczek z ekosk\u00f3rki.","breadcrumb":{"@id":"https:\/\/odraniemen.org\/sklep\/produkt\/koszulka-rodacy-bohaterom-meska-czarna-ze-znaczkiem\/#breadcrumb"},"inLanguage":"pl-PL","potentialAction":[{"@type":"ReadAction","target":["https:\/\/odraniemen.org\/sklep\/produkt\/koszulka-rodacy-bohaterom-meska-czarna-ze-znaczkiem\/"]}]},{"@type":"BreadcrumbList","@id":"https:\/\/odraniemen.org\/sklep\/produkt\/koszulka-rodacy-bohaterom-meska-czarna-ze-znaczkiem\/#breadcrumb","itemListElement":[{"@type":"ListItem","position":1,"name":"Strona g\u0142\u00f3wna","item":"https:\/\/odraniemen.org\/sklep\/"},{"@type":"ListItem","position":2,"name":"Sklep","item":"https:\/\/odraniemen.org\/sklep\/sklep\/"},{"@type":"ListItem","position":3,"name":"Koszulka RODACY- BOHATEROM m\u0119ska czarna ze znaczkiem"}]},{"@type":"WebSite","@id":"https:\/\/odraniemen.org\/sklep\/#website","url":"https:\/\/odraniemen.org\/sklep\/","name":"Odra Niemen Sklep Charytatywny","description":"Sklep charytatywny Stowarzyszenia Odra-Niemen","publisher":{"@id":"https:\/\/odraniemen.org\/sklep\/#organization"},"potentialAction":[{"@type":"SearchAction","target":{"@type":"EntryPoint","urlTemplate":"https:\/\/odraniemen.org\/sklep\/?s={search_term_string}"},"query-input":"required name=search_term_string"}],"inLanguage":"pl-PL"},{"@type":"Organization","@id":"https:\/\/odraniemen.org\/sklep\/#organization","name":"Odra Niemen Sklep Charytatywny","url":"https:\/\/odraniemen.org\/sklep\/","logo":{"@type":"ImageObject","inLanguage":"pl-PL","@id":"https:\/\/odraniemen.org\/sklep\/#\/schema\/logo\/image\/","url":"https:\/\/odraniemen.org\/sklep\/wp-content\/uploads\/sites\/8\/2022\/05\/cropped-logo-menu1.png","contentUrl":"https:\/\/odraniemen.org\/sklep\/wp-content\/uploads\/sites\/8\/2022\/05\/cropped-logo-menu1.png","width":324,"height":250,"caption":"Odra Niemen Sklep Charytatywny"},"image":{"@id":"https:\/\/odraniemen.org\/sklep\/#\/schema\/logo\/image\/"}}]}},"_links":{"self":[{"href":"https:\/\/odraniemen.org\/sklep\/wp-json\/wp\/v2\/product\/6137"}],"collection":[{"href":"https:\/\/odraniemen.org\/sklep\/wp-json\/wp\/v2\/product"}],"about":[{"href":"https:\/\/odraniemen.org\/sklep\/wp-json\/wp\/v2\/types\/product"}],"replies":[{"embeddable":true,"href":"https:\/\/odraniemen.org\/sklep\/wp-json\/wp\/v2\/comments?post=6137"}],"wp:featuredmedia":[{"embeddable":true,"href":"https:\/\/odraniemen.org\/sklep\/wp-json\/wp\/v2\/media\/6182"}],"wp:attachment":[{"href":"https:\/\/odraniemen.org\/sklep\/wp-json\/wp\/v2\/media?parent=6137"}],"wp:term":[{"taxonomy":"product_cat","embeddable":true,"href":"https:\/\/odraniemen.org\/sklep\/wp-json\/wp\/v2\/product_cat?post=6137"},{"taxonomy":"product_tag","embeddable":true,"href":"https:\/\/odraniemen.org\/sklep\/wp-json\/wp\/v2\/product_tag?post=6137"}],"curies":[{"name":"wp","href":"https:\/\/api.w.org\/{rel}","templated":true}]}}