
{"id":617,"date":"2021-01-25T13:58:43","date_gmt":"2021-01-25T12:58:43","guid":{"rendered":"https:\/\/odraniemen.org\/sklep\/?post_type=product&#038;p=617"},"modified":"2025-03-04T07:23:59","modified_gmt":"2025-03-04T06:23:59","slug":"film-komar-partyzant-w-u-s-army","status":"publish","type":"product","link":"https:\/\/odraniemen.org\/sklep\/produkt\/film-komar-partyzant-w-u-s-army\/","title":{"rendered":"Film \u201eKomar. Partyzant W U. S. Army\u201d"},"content":{"rendered":"<p>&nbsp;<\/p>\n<p style=\"line-height: 150%;\"><strong>Edward Mucha ps. KOMAR \u2013 urodzony w 1925 r. na Wo\u0142yniu, syn przedwojennego podoficera. \u017bo\u0142nierz Armii Krajowej Obwodu Garwolin. Walczy\u0142 z Niemcami, formacjami ukrai\u0144skimi i litewskimi, oraz sowieckimi. W 1945 r. podj\u0105\u0142 brawurow\u0105 ucieczk\u0119 na Zach\u00f3d. Dzi\u0119ki pomocy Francuskiego Ruchu Oporu przedosta\u0142 si\u0119 do ameryka\u0144skiej strefy okupacyjnej. Zosta\u0142 \u017co\u0142nierzem 7 Armii Ameryka\u0144skiej i Polskich Kompanii Wartowniczych. Po powrocie do kraju w 1949 r. aresztowany przez UB. Przeszed\u0142 ci\u0119\u017ckie \u015bledztwo i wi\u0119zienie. Koszalinianin od 1956 r. Film przedstawia skomplikowane losy bohatera w relacjach z Sowietami, Ukrai\u0144cami, Niemcami, Francuzami oraz Amerykanami. Tw\u00f3rc\u0105 projektu jest Stowarzyszenie Grupa Rekonstrukcji Historycznej GRYF i Studio JART. Film w ca\u0142o\u015bci zrealizowano w Koszalinie, dzi\u0119ki dofinansowaniu Miasta Koszalin, Ministerstwa Obrony Narodowej oraz Zachodniopomorskiego Zwi\u0105zku Przedsi\u0119biorc\u00f3w i Pracodawc\u00f3w.<\/strong><\/p>\n","protected":false},"excerpt":{"rendered":"<p>&nbsp;<\/p>\n<p>&nbsp;<\/p>\n<p style=\"line-height: 150%;\"><strong>SCENARIUSZ I REZYSERIA: Marcin Ma\u015blanka, Arkadiusz Pater<\/strong><\/p>\n<p>&nbsp;<\/p>\n<p>OBSADA: Bartosz Krauze<\/p>\n<p>&nbsp;<\/p>\n<p>Data produkcji: 2019<\/p>\n<p>&nbsp;<\/p>\n<p>Czas trwania: 43 min<\/p>\n<p>&nbsp;<\/p>\n<p>&nbsp;<\/p>\n","protected":false},"featured_media":4531,"comment_status":"open","ping_status":"closed","template":"","meta":{"site-sidebar-layout":"default","site-content-layout":"default","ast-site-content-layout":"","site-content-style":"default","site-sidebar-style":"default","ast-global-header-display":"","ast-banner-title-visibility":"","ast-main-header-display":"","ast-hfb-above-header-display":"","ast-hfb-below-header-display":"","ast-hfb-mobile-header-display":"","site-post-title":"","ast-breadcrumbs-content":"","ast-featured-img":"","footer-sml-layout":"","theme-transparent-header-meta":"default","adv-header-id-meta":"","stick-header-meta":"","header-above-stick-meta":"","header-main-stick-meta":"","header-below-stick-meta":"","astra-migrate-meta-layouts":"","ast-page-background-enabled":"default","ast-page-background-meta":{"desktop":{"background-color":"","background-image":"","background-repeat":"repeat","background-position":"center center","background-size":"auto","background-attachment":"scroll","background-type":"","background-media":"","overlay-type":"","overlay-color":"","overlay-gradient":""},"tablet":{"background-color":"","background-image":"","background-repeat":"repeat","background-position":"center center","background-size":"auto","background-attachment":"scroll","background-type":"","background-media":"","overlay-type":"","overlay-color":"","overlay-gradient":""},"mobile":{"background-color":"","background-image":"","background-repeat":"repeat","background-position":"center center","background-size":"auto","background-attachment":"scroll","background-type":"","background-media":"","overlay-type":"","overlay-color":"","overlay-gradient":""}},"ast-content-background-meta":{"desktop":{"background-color":"var(--ast-global-color-5)","background-image":"","background-repeat":"repeat","background-position":"center center","background-size":"auto","background-attachment":"scroll","background-type":"","background-media":"","overlay-type":"","overlay-color":"","overlay-gradient":""},"tablet":{"background-color":"var(--ast-global-color-5)","background-image":"","background-repeat":"repeat","background-position":"center center","background-size":"auto","background-attachment":"scroll","background-type":"","background-media":"","overlay-type":"","overlay-color":"","overlay-gradient":""},"mobile":{"background-color":"var(--ast-global-color-5)","background-image":"","background-repeat":"repeat","background-position":"center center","background-size":"auto","background-attachment":"scroll","background-type":"","background-media":"","overlay-type":"","overlay-color":"","overlay-gradient":""}}},"product_cat":[83,53,52],"product_tag":[],"yoast_head":"<!-- This site is optimized with the Yoast SEO plugin v21.6 - https:\/\/yoast.com\/wordpress\/plugins\/seo\/ -->\n<title>Film \u201eKomar. Partyzant W U. S. Army\u201d - Odra Niemen Sklep Charytatywny<\/title>\n<meta name=\"description\" content=\"Edward Mucha ps. KOMAR \u2013 urodzony w 1925 r. na Wo\u0142yniu, syn przedwojennego podoficera. \u017bo\u0142nierz Armii Krajowej Obwodu Garwolin. Walczy\u0142 z Niemcami, formacjami ukrai\u0144skimi i litewskimi, oraz sowieckimi.\" \/>\n<meta name=\"robots\" content=\"index, follow, max-snippet:-1, max-image-preview:large, max-video-preview:-1\" \/>\n<link rel=\"canonical\" href=\"https:\/\/odraniemen.org\/sklep\/produkt\/film-komar-partyzant-w-u-s-army\/\" \/>\n<meta property=\"og:locale\" content=\"pl_PL\" \/>\n<meta property=\"og:type\" content=\"article\" \/>\n<meta property=\"og:title\" content=\"Film \u201eKomar. Partyzant W U. S. Army\u201d - Odra Niemen Sklep Charytatywny\" \/>\n<meta property=\"og:description\" content=\"Edward Mucha ps. KOMAR \u2013 urodzony w 1925 r. na Wo\u0142yniu, syn przedwojennego podoficera. \u017bo\u0142nierz Armii Krajowej Obwodu Garwolin. Walczy\u0142 z Niemcami, formacjami ukrai\u0144skimi i litewskimi, oraz sowieckimi.\" \/>\n<meta property=\"og:url\" content=\"https:\/\/odraniemen.org\/sklep\/produkt\/film-komar-partyzant-w-u-s-army\/\" \/>\n<meta property=\"og:site_name\" content=\"Odra Niemen Sklep Charytatywny\" \/>\n<meta property=\"article:modified_time\" content=\"2025-03-04T06:23:59+00:00\" \/>\n<meta property=\"og:image\" content=\"https:\/\/odraniemen.org\/sklep\/wp-content\/uploads\/sites\/8\/2021\/01\/komar.jpg\" \/>\n\t<meta property=\"og:image:width\" content=\"750\" \/>\n\t<meta property=\"og:image:height\" content=\"1000\" \/>\n\t<meta property=\"og:image:type\" content=\"image\/jpeg\" \/>\n<meta name=\"twitter:card\" content=\"summary_large_image\" \/>\n<meta name=\"twitter:label1\" content=\"Szacowany czas czytania\" \/>\n\t<meta name=\"twitter:data1\" content=\"1 minuta\" \/>\n<script type=\"application\/ld+json\" class=\"yoast-schema-graph\">{\"@context\":\"https:\/\/schema.org\",\"@graph\":[{\"@type\":\"WebPage\",\"@id\":\"https:\/\/odraniemen.org\/sklep\/produkt\/film-komar-partyzant-w-u-s-army\/\",\"url\":\"https:\/\/odraniemen.org\/sklep\/produkt\/film-komar-partyzant-w-u-s-army\/\",\"name\":\"Film \u201eKomar. Partyzant W U. S. Army\u201d - Odra Niemen Sklep Charytatywny\",\"isPartOf\":{\"@id\":\"https:\/\/odraniemen.org\/sklep\/#website\"},\"datePublished\":\"2021-01-25T12:58:43+00:00\",\"dateModified\":\"2025-03-04T06:23:59+00:00\",\"description\":\"Edward Mucha ps. KOMAR \u2013 urodzony w 1925 r. na Wo\u0142yniu, syn przedwojennego podoficera. \u017bo\u0142nierz Armii Krajowej Obwodu Garwolin. Walczy\u0142 z Niemcami, formacjami ukrai\u0144skimi i litewskimi, oraz sowieckimi.\",\"breadcrumb\":{\"@id\":\"https:\/\/odraniemen.org\/sklep\/produkt\/film-komar-partyzant-w-u-s-army\/#breadcrumb\"},\"inLanguage\":\"pl-PL\",\"potentialAction\":[{\"@type\":\"ReadAction\",\"target\":[\"https:\/\/odraniemen.org\/sklep\/produkt\/film-komar-partyzant-w-u-s-army\/\"]}]},{\"@type\":\"BreadcrumbList\",\"@id\":\"https:\/\/odraniemen.org\/sklep\/produkt\/film-komar-partyzant-w-u-s-army\/#breadcrumb\",\"itemListElement\":[{\"@type\":\"ListItem\",\"position\":1,\"name\":\"Strona g\u0142\u00f3wna\",\"item\":\"https:\/\/odraniemen.org\/sklep\/\"},{\"@type\":\"ListItem\",\"position\":2,\"name\":\"Sklep\",\"item\":\"https:\/\/odraniemen.org\/sklep\/sklep\/\"},{\"@type\":\"ListItem\",\"position\":3,\"name\":\"Film \u201eKomar. Partyzant W U. S. Army\u201d\"}]},{\"@type\":\"WebSite\",\"@id\":\"https:\/\/odraniemen.org\/sklep\/#website\",\"url\":\"https:\/\/odraniemen.org\/sklep\/\",\"name\":\"Odra Niemen Sklep Charytatywny\",\"description\":\"Sklep charytatywny Stowarzyszenia Odra-Niemen\",\"publisher\":{\"@id\":\"https:\/\/odraniemen.org\/sklep\/#organization\"},\"potentialAction\":[{\"@type\":\"SearchAction\",\"target\":{\"@type\":\"EntryPoint\",\"urlTemplate\":\"https:\/\/odraniemen.org\/sklep\/?s={search_term_string}\"},\"query-input\":\"required name=search_term_string\"}],\"inLanguage\":\"pl-PL\"},{\"@type\":\"Organization\",\"@id\":\"https:\/\/odraniemen.org\/sklep\/#organization\",\"name\":\"Odra Niemen Sklep Charytatywny\",\"url\":\"https:\/\/odraniemen.org\/sklep\/\",\"logo\":{\"@type\":\"ImageObject\",\"inLanguage\":\"pl-PL\",\"@id\":\"https:\/\/odraniemen.org\/sklep\/#\/schema\/logo\/image\/\",\"url\":\"https:\/\/odraniemen.org\/sklep\/wp-content\/uploads\/sites\/8\/2022\/05\/cropped-logo-menu1.png\",\"contentUrl\":\"https:\/\/odraniemen.org\/sklep\/wp-content\/uploads\/sites\/8\/2022\/05\/cropped-logo-menu1.png\",\"width\":324,\"height\":250,\"caption\":\"Odra Niemen Sklep Charytatywny\"},\"image\":{\"@id\":\"https:\/\/odraniemen.org\/sklep\/#\/schema\/logo\/image\/\"}}]}<\/script>\n<!-- \/ Yoast SEO plugin. -->","yoast_head_json":{"title":"Film \u201eKomar. Partyzant W U. S. Army\u201d - Odra Niemen Sklep Charytatywny","description":"Edward Mucha ps. KOMAR \u2013 urodzony w 1925 r. na Wo\u0142yniu, syn przedwojennego podoficera. \u017bo\u0142nierz Armii Krajowej Obwodu Garwolin. Walczy\u0142 z Niemcami, formacjami ukrai\u0144skimi i litewskimi, oraz sowieckimi.","robots":{"index":"index","follow":"follow","max-snippet":"max-snippet:-1","max-image-preview":"max-image-preview:large","max-video-preview":"max-video-preview:-1"},"canonical":"https:\/\/odraniemen.org\/sklep\/produkt\/film-komar-partyzant-w-u-s-army\/","og_locale":"pl_PL","og_type":"article","og_title":"Film \u201eKomar. Partyzant W U. S. Army\u201d - Odra Niemen Sklep Charytatywny","og_description":"Edward Mucha ps. KOMAR \u2013 urodzony w 1925 r. na Wo\u0142yniu, syn przedwojennego podoficera. \u017bo\u0142nierz Armii Krajowej Obwodu Garwolin. Walczy\u0142 z Niemcami, formacjami ukrai\u0144skimi i litewskimi, oraz sowieckimi.","og_url":"https:\/\/odraniemen.org\/sklep\/produkt\/film-komar-partyzant-w-u-s-army\/","og_site_name":"Odra Niemen Sklep Charytatywny","article_modified_time":"2025-03-04T06:23:59+00:00","og_image":[{"width":750,"height":1000,"url":"https:\/\/odraniemen.org\/sklep\/wp-content\/uploads\/sites\/8\/2021\/01\/komar.jpg","type":"image\/jpeg"}],"twitter_card":"summary_large_image","twitter_misc":{"Szacowany czas czytania":"1 minuta"},"schema":{"@context":"https:\/\/schema.org","@graph":[{"@type":"WebPage","@id":"https:\/\/odraniemen.org\/sklep\/produkt\/film-komar-partyzant-w-u-s-army\/","url":"https:\/\/odraniemen.org\/sklep\/produkt\/film-komar-partyzant-w-u-s-army\/","name":"Film \u201eKomar. Partyzant W U. S. Army\u201d - Odra Niemen Sklep Charytatywny","isPartOf":{"@id":"https:\/\/odraniemen.org\/sklep\/#website"},"datePublished":"2021-01-25T12:58:43+00:00","dateModified":"2025-03-04T06:23:59+00:00","description":"Edward Mucha ps. KOMAR \u2013 urodzony w 1925 r. na Wo\u0142yniu, syn przedwojennego podoficera. \u017bo\u0142nierz Armii Krajowej Obwodu Garwolin. Walczy\u0142 z Niemcami, formacjami ukrai\u0144skimi i litewskimi, oraz sowieckimi.","breadcrumb":{"@id":"https:\/\/odraniemen.org\/sklep\/produkt\/film-komar-partyzant-w-u-s-army\/#breadcrumb"},"inLanguage":"pl-PL","potentialAction":[{"@type":"ReadAction","target":["https:\/\/odraniemen.org\/sklep\/produkt\/film-komar-partyzant-w-u-s-army\/"]}]},{"@type":"BreadcrumbList","@id":"https:\/\/odraniemen.org\/sklep\/produkt\/film-komar-partyzant-w-u-s-army\/#breadcrumb","itemListElement":[{"@type":"ListItem","position":1,"name":"Strona g\u0142\u00f3wna","item":"https:\/\/odraniemen.org\/sklep\/"},{"@type":"ListItem","position":2,"name":"Sklep","item":"https:\/\/odraniemen.org\/sklep\/sklep\/"},{"@type":"ListItem","position":3,"name":"Film \u201eKomar. Partyzant W U. S. Army\u201d"}]},{"@type":"WebSite","@id":"https:\/\/odraniemen.org\/sklep\/#website","url":"https:\/\/odraniemen.org\/sklep\/","name":"Odra Niemen Sklep Charytatywny","description":"Sklep charytatywny Stowarzyszenia Odra-Niemen","publisher":{"@id":"https:\/\/odraniemen.org\/sklep\/#organization"},"potentialAction":[{"@type":"SearchAction","target":{"@type":"EntryPoint","urlTemplate":"https:\/\/odraniemen.org\/sklep\/?s={search_term_string}"},"query-input":"required name=search_term_string"}],"inLanguage":"pl-PL"},{"@type":"Organization","@id":"https:\/\/odraniemen.org\/sklep\/#organization","name":"Odra Niemen Sklep Charytatywny","url":"https:\/\/odraniemen.org\/sklep\/","logo":{"@type":"ImageObject","inLanguage":"pl-PL","@id":"https:\/\/odraniemen.org\/sklep\/#\/schema\/logo\/image\/","url":"https:\/\/odraniemen.org\/sklep\/wp-content\/uploads\/sites\/8\/2022\/05\/cropped-logo-menu1.png","contentUrl":"https:\/\/odraniemen.org\/sklep\/wp-content\/uploads\/sites\/8\/2022\/05\/cropped-logo-menu1.png","width":324,"height":250,"caption":"Odra Niemen Sklep Charytatywny"},"image":{"@id":"https:\/\/odraniemen.org\/sklep\/#\/schema\/logo\/image\/"}}]}},"_links":{"self":[{"href":"https:\/\/odraniemen.org\/sklep\/wp-json\/wp\/v2\/product\/617"}],"collection":[{"href":"https:\/\/odraniemen.org\/sklep\/wp-json\/wp\/v2\/product"}],"about":[{"href":"https:\/\/odraniemen.org\/sklep\/wp-json\/wp\/v2\/types\/product"}],"replies":[{"embeddable":true,"href":"https:\/\/odraniemen.org\/sklep\/wp-json\/wp\/v2\/comments?post=617"}],"wp:featuredmedia":[{"embeddable":true,"href":"https:\/\/odraniemen.org\/sklep\/wp-json\/wp\/v2\/media\/4531"}],"wp:attachment":[{"href":"https:\/\/odraniemen.org\/sklep\/wp-json\/wp\/v2\/media?parent=617"}],"wp:term":[{"taxonomy":"product_cat","embeddable":true,"href":"https:\/\/odraniemen.org\/sklep\/wp-json\/wp\/v2\/product_cat?post=617"},{"taxonomy":"product_tag","embeddable":true,"href":"https:\/\/odraniemen.org\/sklep\/wp-json\/wp\/v2\/product_tag?post=617"}],"curies":[{"name":"wp","href":"https:\/\/api.w.org\/{rel}","templated":true}]}}