
{"id":6634,"date":"2025-09-19T11:01:36","date_gmt":"2025-09-19T09:01:36","guid":{"rendered":"https:\/\/odraniemen.org\/sklep\/?post_type=product&#038;p=6634"},"modified":"2025-09-19T12:24:04","modified_gmt":"2025-09-19T10:24:04","slug":"zniczipatriotyczny","status":"publish","type":"product","link":"https:\/\/odraniemen.org\/sklep\/produkt\/zniczipatriotyczny\/","title":{"rendered":"Znicz patriotyczny"},"content":{"rendered":"<div class=\"xdj266r x14z9mp xat24cr x1lziwak x1vvkbs x126k92a\">\n<div dir=\"auto\">Z rado\u015bci\u0105 informujemy, \u017ce nawi\u0105zali\u015bmy wsp\u00f3\u0142prac\u0119 z producentem zniczy\u00a0<span class=\"html-span xdj266r x14z9mp xat24cr x1lziwak xexx8yu xyri2b x18d9i69 x1c1uobl x1hl2dhg x16tdsg8 x1vvkbs\"><a class=\"x1i10hfl xjbqb8w x1ejq31n x18oe1m7 x1sy0etr xstzfhl x972fbf x10w94by x1qhh985 x14e42zd x9f619 x1ypdohk xt0psk2 x3ct3a4 xdj266r x14z9mp xat24cr x1lziwak xexx8yu xyri2b x18d9i69 x1c1uobl x16tdsg8 x1hl2dhg xggy1nq x1a2a7pz xkrqix3 x1sur9pj x1fey0fg x1s688f\" role=\"link\" href=\"https:\/\/www.facebook.com\/profile.php?id=61577808329917&amp;__cft__[0]=AZWZpxRQaThKkPMImCqNtsqWr8JMTTQdXOARxKEsLPqJoD3kzY2rJieAPEjI_S-VDYGUzeF3zKSrSZgjfzNNSfIB8BIEsQAG9TZpkr-bgGMOh1WEGHi80OjHtlwHMAJR2_NWxgePJBNnESjW95gh0gp1Qk6PMrDHmp7_Ckx_spcA2A&amp;__tn__=-]K-R\"><span class=\"xt0psk2\"><span class=\"xjp7ctv\">Pami\u0119tamy<\/span><\/span><\/a><\/span>\u00a0M&amp;M Znicz, kt\u00f3ry stworzy\u0142 wyj\u0105tkow\u0105 seri\u0119 patriotycznych zniczy upami\u0119tniaj\u0105cych m.in. Armi\u0119 Krajow\u0105, Powstanie Warszawskie i \u017bo\u0142nierzy Wykl\u0119tych.\u00a0<span class=\"html-span xexx8yu xyri2b x18d9i69 x1c1uobl x1hl2dhg x16tdsg8 x1vvkbs x3nfvp2 x1j61x8r x1fcty0u xdj266r xat24cr xm2jcoa x1mpyi22 xxymvpz xlup9mm x1kky2od\"><img loading=\"lazy\" decoding=\"async\" class=\"xz74otr x15mokao x1ga7v0g x16uus16 xbiv7yw lazyloaded\" src=\"https:\/\/static.xx.fbcdn.net\/images\/emoji.php\/v9\/te0\/1\/16\/1f1f5_1f1f1.png\" alt=\"\ud83c\uddf5\ud83c\uddf1\" width=\"16\" height=\"16\" data-src=\"https:\/\/static.xx.fbcdn.net\/images\/emoji.php\/v9\/te0\/1\/16\/1f1f5_1f1f1.png\" \/><\/span><\/div>\n<\/div>\n<div class=\"x14z9mp xat24cr x1lziwak x1vvkbs xtlvy1s x126k92a\">\n<div dir=\"auto\"><\/div>\n<div dir=\"auto\">Firma przekazuje 25% przychodu ze sprzeda\u017cy tej serii na dzia\u0142ania Stowarzyszenia Odra-Niemen.<\/div>\n<\/div>\n<div class=\"x14z9mp xat24cr x1lziwak x1vvkbs xtlvy1s x126k92a\">\n<div dir=\"auto\">Znicze mo\u017cna:<\/div>\n<div dir=\"auto\"><span class=\"html-span xexx8yu xyri2b x18d9i69 x1c1uobl x1hl2dhg x16tdsg8 x1vvkbs x3nfvp2 x1j61x8r x1fcty0u xdj266r xat24cr xm2jcoa x1mpyi22 xxymvpz xlup9mm x1kky2od\"><img loading=\"lazy\" decoding=\"async\" class=\"xz74otr x15mokao x1ga7v0g x16uus16 xbiv7yw lazyloaded\" src=\"https:\/\/static.xx.fbcdn.net\/images\/emoji.php\/v9\/t7d\/1\/16\/1f56f.png\" alt=\"\ud83d\udd6f\ufe0f\" width=\"16\" height=\"16\" data-src=\"https:\/\/static.xx.fbcdn.net\/images\/emoji.php\/v9\/t7d\/1\/16\/1f56f.png\" \/><\/span>\u00a0kupowa\u0107 tradycyjnie \u2013 jako pi\u0119kny symbol pami\u0119ci,<\/div>\n<div dir=\"auto\"><span class=\"html-span xexx8yu xyri2b x18d9i69 x1c1uobl x1hl2dhg x16tdsg8 x1vvkbs x3nfvp2 x1j61x8r x1fcty0u xdj266r xat24cr xm2jcoa x1mpyi22 xxymvpz xlup9mm x1kky2od\"><img loading=\"lazy\" decoding=\"async\" class=\"xz74otr x15mokao x1ga7v0g x16uus16 xbiv7yw lazyloaded\" src=\"https:\/\/static.xx.fbcdn.net\/images\/emoji.php\/v9\/t9c\/1\/16\/1f9f1.png\" alt=\"\ud83e\uddf1\" width=\"16\" height=\"16\" data-src=\"https:\/\/static.xx.fbcdn.net\/images\/emoji.php\/v9\/t9c\/1\/16\/1f9f1.png\" \/><\/span>\u00a0lub jako cegie\u0142k\u0119 \u2013 w\u00f3wczas znicz zostanie przez firm\u0119 przes\u0142any do nas, a nasi wolontariusze zapal\u0105 go w Waszym imieniu w wybranym Miejscu Pami\u0119ci.<\/div>\n<div dir=\"auto\"><a href=\"https:\/\/pamietamy.org.pl\/pl\/c\/Znicze-charytatywne\/1\">Link do zakupu zniczy &#8211; kliknij<\/a><\/div>\n<\/div>\n<div><\/div>\n","protected":false},"excerpt":{"rendered":"<div class=\"xdj266r x14z9mp xat24cr x1lziwak x1vvkbs x126k92a\">\n<div dir=\"auto\">Znicze patriotyczne upami\u0119tniaj\u0105ce Powstanie Warszawskie, Armi\u0119 Krajow\u0105 i \u017bo\u0142nierzy Wykl\u0119tych. 25% ze sprzeda\u017cy zniczy przekazywane jest na cele spo\u0142eczne Stowarzyszenia Odra-Niemen.<\/div>\n<\/div>\n<div dir=\"auto\"><a href=\"https:\/\/pamietamy.org.pl\/pl\/c\/Znicze-charytatywne\/1\">Zakup znicz &#8211; kliknij<\/a><\/div>\n","protected":false},"featured_media":6636,"comment_status":"open","ping_status":"closed","template":"","meta":{"site-sidebar-layout":"default","site-content-layout":"default","ast-site-content-layout":"default","site-content-style":"default","site-sidebar-style":"default","ast-global-header-display":"","ast-banner-title-visibility":"","ast-main-header-display":"","ast-hfb-above-header-display":"","ast-hfb-below-header-display":"","ast-hfb-mobile-header-display":"","site-post-title":"","ast-breadcrumbs-content":"","ast-featured-img":"","footer-sml-layout":"","theme-transparent-header-meta":"default","adv-header-id-meta":"","stick-header-meta":"","header-above-stick-meta":"","header-main-stick-meta":"","header-below-stick-meta":"","astra-migrate-meta-layouts":"set","ast-page-background-enabled":"default","ast-page-background-meta":{"desktop":{"background-color":"","background-image":"","background-repeat":"repeat","background-position":"center center","background-size":"auto","background-attachment":"scroll","background-type":"","background-media":"","overlay-type":"","overlay-color":"","overlay-gradient":""},"tablet":{"background-color":"","background-image":"","background-repeat":"repeat","background-position":"center center","background-size":"auto","background-attachment":"scroll","background-type":"","background-media":"","overlay-type":"","overlay-color":"","overlay-gradient":""},"mobile":{"background-color":"","background-image":"","background-repeat":"repeat","background-position":"center center","background-size":"auto","background-attachment":"scroll","background-type":"","background-media":"","overlay-type":"","overlay-color":"","overlay-gradient":""}},"ast-content-background-meta":{"desktop":{"background-color":"var(--ast-global-color-5)","background-image":"","background-repeat":"repeat","background-position":"center center","background-size":"auto","background-attachment":"scroll","background-type":"","background-media":"","overlay-type":"","overlay-color":"","overlay-gradient":""},"tablet":{"background-color":"var(--ast-global-color-5)","background-image":"","background-repeat":"repeat","background-position":"center center","background-size":"auto","background-attachment":"scroll","background-type":"","background-media":"","overlay-type":"","overlay-color":"","overlay-gradient":""},"mobile":{"background-color":"var(--ast-global-color-5)","background-image":"","background-repeat":"repeat","background-position":"center center","background-size":"auto","background-attachment":"scroll","background-type":"","background-media":"","overlay-type":"","overlay-color":"","overlay-gradient":""}}},"product_cat":[82,53,16],"product_tag":[],"yoast_head":"<!-- This site is optimized with the Yoast SEO plugin v21.6 - https:\/\/yoast.com\/wordpress\/plugins\/seo\/ -->\n<title>Znicz patriotyczny - Odra Niemen Sklep Charytatywny<\/title>\n<meta name=\"description\" content=\"Znicze patriotyczne upami\u0119tniaj\u0105ce Powstanie Warszawskie, Armi\u0119 Krajow\u0105 i \u017bo\u0142nierzy Wykl\u0119tych. 25% ze sprzeda\u017cy zniczy przekazywane jest na cele spo\u0142eczne.\" \/>\n<meta name=\"robots\" content=\"index, follow, max-snippet:-1, max-image-preview:large, max-video-preview:-1\" \/>\n<link rel=\"canonical\" href=\"https:\/\/odraniemen.org\/sklep\/produkt\/zniczipatriotyczny\/\" \/>\n<meta property=\"og:locale\" content=\"pl_PL\" \/>\n<meta property=\"og:type\" content=\"article\" \/>\n<meta property=\"og:title\" content=\"Znicz patriotyczny - Odra Niemen Sklep Charytatywny\" \/>\n<meta property=\"og:description\" content=\"Znicze patriotyczne upami\u0119tniaj\u0105ce Powstanie Warszawskie, Armi\u0119 Krajow\u0105 i \u017bo\u0142nierzy Wykl\u0119tych. 25% ze sprzeda\u017cy zniczy przekazywane jest na cele spo\u0142eczne.\" \/>\n<meta property=\"og:url\" content=\"https:\/\/odraniemen.org\/sklep\/produkt\/zniczipatriotyczny\/\" \/>\n<meta property=\"og:site_name\" content=\"Odra Niemen Sklep Charytatywny\" \/>\n<meta property=\"article:modified_time\" content=\"2025-09-19T10:24:04+00:00\" \/>\n<meta property=\"og:image\" content=\"https:\/\/odraniemen.org\/sklep\/wp-content\/uploads\/sites\/8\/2025\/09\/Znicz-Polska-Walczaca.jpg\" \/>\n\t<meta property=\"og:image:width\" content=\"591\" \/>\n\t<meta property=\"og:image:height\" content=\"787\" \/>\n\t<meta property=\"og:image:type\" content=\"image\/jpeg\" \/>\n<meta name=\"twitter:card\" content=\"summary_large_image\" \/>\n<meta name=\"twitter:label1\" content=\"Szacowany czas czytania\" \/>\n\t<meta name=\"twitter:data1\" content=\"2 minuty\" \/>\n<script type=\"application\/ld+json\" class=\"yoast-schema-graph\">{\"@context\":\"https:\/\/schema.org\",\"@graph\":[{\"@type\":\"WebPage\",\"@id\":\"https:\/\/odraniemen.org\/sklep\/produkt\/zniczipatriotyczny\/\",\"url\":\"https:\/\/odraniemen.org\/sklep\/produkt\/zniczipatriotyczny\/\",\"name\":\"Znicz patriotyczny - Odra Niemen Sklep Charytatywny\",\"isPartOf\":{\"@id\":\"https:\/\/odraniemen.org\/sklep\/#website\"},\"datePublished\":\"2025-09-19T09:01:36+00:00\",\"dateModified\":\"2025-09-19T10:24:04+00:00\",\"description\":\"Znicze patriotyczne upami\u0119tniaj\u0105ce Powstanie Warszawskie, Armi\u0119 Krajow\u0105 i \u017bo\u0142nierzy Wykl\u0119tych. 25% ze sprzeda\u017cy zniczy przekazywane jest na cele spo\u0142eczne.\",\"breadcrumb\":{\"@id\":\"https:\/\/odraniemen.org\/sklep\/produkt\/zniczipatriotyczny\/#breadcrumb\"},\"inLanguage\":\"pl-PL\",\"potentialAction\":[{\"@type\":\"ReadAction\",\"target\":[\"https:\/\/odraniemen.org\/sklep\/produkt\/zniczipatriotyczny\/\"]}]},{\"@type\":\"BreadcrumbList\",\"@id\":\"https:\/\/odraniemen.org\/sklep\/produkt\/zniczipatriotyczny\/#breadcrumb\",\"itemListElement\":[{\"@type\":\"ListItem\",\"position\":1,\"name\":\"Strona g\u0142\u00f3wna\",\"item\":\"https:\/\/odraniemen.org\/sklep\/\"},{\"@type\":\"ListItem\",\"position\":2,\"name\":\"Sklep\",\"item\":\"https:\/\/odraniemen.org\/sklep\/sklep\/\"},{\"@type\":\"ListItem\",\"position\":3,\"name\":\"Znicz patriotyczny\"}]},{\"@type\":\"WebSite\",\"@id\":\"https:\/\/odraniemen.org\/sklep\/#website\",\"url\":\"https:\/\/odraniemen.org\/sklep\/\",\"name\":\"Odra Niemen Sklep Charytatywny\",\"description\":\"Sklep charytatywny Stowarzyszenia Odra-Niemen\",\"publisher\":{\"@id\":\"https:\/\/odraniemen.org\/sklep\/#organization\"},\"potentialAction\":[{\"@type\":\"SearchAction\",\"target\":{\"@type\":\"EntryPoint\",\"urlTemplate\":\"https:\/\/odraniemen.org\/sklep\/?s={search_term_string}\"},\"query-input\":\"required name=search_term_string\"}],\"inLanguage\":\"pl-PL\"},{\"@type\":\"Organization\",\"@id\":\"https:\/\/odraniemen.org\/sklep\/#organization\",\"name\":\"Odra Niemen Sklep Charytatywny\",\"url\":\"https:\/\/odraniemen.org\/sklep\/\",\"logo\":{\"@type\":\"ImageObject\",\"inLanguage\":\"pl-PL\",\"@id\":\"https:\/\/odraniemen.org\/sklep\/#\/schema\/logo\/image\/\",\"url\":\"https:\/\/odraniemen.org\/sklep\/wp-content\/uploads\/sites\/8\/2022\/05\/cropped-logo-menu1.png\",\"contentUrl\":\"https:\/\/odraniemen.org\/sklep\/wp-content\/uploads\/sites\/8\/2022\/05\/cropped-logo-menu1.png\",\"width\":324,\"height\":250,\"caption\":\"Odra Niemen Sklep Charytatywny\"},\"image\":{\"@id\":\"https:\/\/odraniemen.org\/sklep\/#\/schema\/logo\/image\/\"}}]}<\/script>\n<!-- \/ Yoast SEO plugin. -->","yoast_head_json":{"title":"Znicz patriotyczny - Odra Niemen Sklep Charytatywny","description":"Znicze patriotyczne upami\u0119tniaj\u0105ce Powstanie Warszawskie, Armi\u0119 Krajow\u0105 i \u017bo\u0142nierzy Wykl\u0119tych. 25% ze sprzeda\u017cy zniczy przekazywane jest na cele spo\u0142eczne.","robots":{"index":"index","follow":"follow","max-snippet":"max-snippet:-1","max-image-preview":"max-image-preview:large","max-video-preview":"max-video-preview:-1"},"canonical":"https:\/\/odraniemen.org\/sklep\/produkt\/zniczipatriotyczny\/","og_locale":"pl_PL","og_type":"article","og_title":"Znicz patriotyczny - Odra Niemen Sklep Charytatywny","og_description":"Znicze patriotyczne upami\u0119tniaj\u0105ce Powstanie Warszawskie, Armi\u0119 Krajow\u0105 i \u017bo\u0142nierzy Wykl\u0119tych. 25% ze sprzeda\u017cy zniczy przekazywane jest na cele spo\u0142eczne.","og_url":"https:\/\/odraniemen.org\/sklep\/produkt\/zniczipatriotyczny\/","og_site_name":"Odra Niemen Sklep Charytatywny","article_modified_time":"2025-09-19T10:24:04+00:00","og_image":[{"width":591,"height":787,"url":"https:\/\/odraniemen.org\/sklep\/wp-content\/uploads\/sites\/8\/2025\/09\/Znicz-Polska-Walczaca.jpg","type":"image\/jpeg"}],"twitter_card":"summary_large_image","twitter_misc":{"Szacowany czas czytania":"2 minuty"},"schema":{"@context":"https:\/\/schema.org","@graph":[{"@type":"WebPage","@id":"https:\/\/odraniemen.org\/sklep\/produkt\/zniczipatriotyczny\/","url":"https:\/\/odraniemen.org\/sklep\/produkt\/zniczipatriotyczny\/","name":"Znicz patriotyczny - Odra Niemen Sklep Charytatywny","isPartOf":{"@id":"https:\/\/odraniemen.org\/sklep\/#website"},"datePublished":"2025-09-19T09:01:36+00:00","dateModified":"2025-09-19T10:24:04+00:00","description":"Znicze patriotyczne upami\u0119tniaj\u0105ce Powstanie Warszawskie, Armi\u0119 Krajow\u0105 i \u017bo\u0142nierzy Wykl\u0119tych. 25% ze sprzeda\u017cy zniczy przekazywane jest na cele spo\u0142eczne.","breadcrumb":{"@id":"https:\/\/odraniemen.org\/sklep\/produkt\/zniczipatriotyczny\/#breadcrumb"},"inLanguage":"pl-PL","potentialAction":[{"@type":"ReadAction","target":["https:\/\/odraniemen.org\/sklep\/produkt\/zniczipatriotyczny\/"]}]},{"@type":"BreadcrumbList","@id":"https:\/\/odraniemen.org\/sklep\/produkt\/zniczipatriotyczny\/#breadcrumb","itemListElement":[{"@type":"ListItem","position":1,"name":"Strona g\u0142\u00f3wna","item":"https:\/\/odraniemen.org\/sklep\/"},{"@type":"ListItem","position":2,"name":"Sklep","item":"https:\/\/odraniemen.org\/sklep\/sklep\/"},{"@type":"ListItem","position":3,"name":"Znicz patriotyczny"}]},{"@type":"WebSite","@id":"https:\/\/odraniemen.org\/sklep\/#website","url":"https:\/\/odraniemen.org\/sklep\/","name":"Odra Niemen Sklep Charytatywny","description":"Sklep charytatywny Stowarzyszenia Odra-Niemen","publisher":{"@id":"https:\/\/odraniemen.org\/sklep\/#organization"},"potentialAction":[{"@type":"SearchAction","target":{"@type":"EntryPoint","urlTemplate":"https:\/\/odraniemen.org\/sklep\/?s={search_term_string}"},"query-input":"required name=search_term_string"}],"inLanguage":"pl-PL"},{"@type":"Organization","@id":"https:\/\/odraniemen.org\/sklep\/#organization","name":"Odra Niemen Sklep Charytatywny","url":"https:\/\/odraniemen.org\/sklep\/","logo":{"@type":"ImageObject","inLanguage":"pl-PL","@id":"https:\/\/odraniemen.org\/sklep\/#\/schema\/logo\/image\/","url":"https:\/\/odraniemen.org\/sklep\/wp-content\/uploads\/sites\/8\/2022\/05\/cropped-logo-menu1.png","contentUrl":"https:\/\/odraniemen.org\/sklep\/wp-content\/uploads\/sites\/8\/2022\/05\/cropped-logo-menu1.png","width":324,"height":250,"caption":"Odra Niemen Sklep Charytatywny"},"image":{"@id":"https:\/\/odraniemen.org\/sklep\/#\/schema\/logo\/image\/"}}]}},"_links":{"self":[{"href":"https:\/\/odraniemen.org\/sklep\/wp-json\/wp\/v2\/product\/6634"}],"collection":[{"href":"https:\/\/odraniemen.org\/sklep\/wp-json\/wp\/v2\/product"}],"about":[{"href":"https:\/\/odraniemen.org\/sklep\/wp-json\/wp\/v2\/types\/product"}],"replies":[{"embeddable":true,"href":"https:\/\/odraniemen.org\/sklep\/wp-json\/wp\/v2\/comments?post=6634"}],"wp:featuredmedia":[{"embeddable":true,"href":"https:\/\/odraniemen.org\/sklep\/wp-json\/wp\/v2\/media\/6636"}],"wp:attachment":[{"href":"https:\/\/odraniemen.org\/sklep\/wp-json\/wp\/v2\/media?parent=6634"}],"wp:term":[{"taxonomy":"product_cat","embeddable":true,"href":"https:\/\/odraniemen.org\/sklep\/wp-json\/wp\/v2\/product_cat?post=6634"},{"taxonomy":"product_tag","embeddable":true,"href":"https:\/\/odraniemen.org\/sklep\/wp-json\/wp\/v2\/product_tag?post=6634"}],"curies":[{"name":"wp","href":"https:\/\/api.w.org\/{rel}","templated":true}]}}